{"id":1500,"date":"2024-05-30T12:23:15","date_gmt":"2024-05-30T12:23:15","guid":{"rendered":"https:\/\/authenticdocsuk.com\/?page_id=1500"},"modified":"2025-03-17T10:34:34","modified_gmt":"2025-03-17T10:34:34","slug":"osterreichischen-fuhrerschein-kaufen","status":"publish","type":"page","link":"https:\/\/authenticdocsuk.com\/ro\/osterreichischen-fuhrerschein-kaufen\/","title":{"rendered":"Cump\u0103ra\u021bi un permis de conducere rom\u00e2nesc"},"content":{"rendered":"<p>Cump\u0103ra\u021bi un permis de conducere austriac \u2013 Dori\u021bi s\u0103 ob\u021bine\u021bi un permis de conducere austriac? Agen\u021bia noastr\u0103 v\u0103 ofer\u0103 asisten\u021b\u0103 profesional\u0103 pentru ob\u021binerea \u00een condi\u021bii de siguran\u021b\u0103 \u0219i \u00een mod legal a unui permis de conducere austriac. Ave\u021bi \u00eencredere \u00een expertiza \u0219i experien\u021ba noastr\u0103 \u00eendelungat\u0103 pentru a v\u0103 atinge obiectivele rapid \u0219i f\u0103r\u0103 complica\u021bii.<\/p>\r\n\r\n\r\n\r\n<figure class=\"wp-block-image size-large\"><img loading=\"lazy\" decoding=\"async\" width=\"1024\" height=\"576\" class=\"wp-image-1502\" src=\"https:\/\/authenticdocsuk.com\/wp-content\/uploads\/2024\/05\/osterreichischen-fuhrerschein-kaufen-1024x576.jpg\" alt=\"\u00f6sterreichischen f\u00fchrerschein kaufen\" srcset=\"https:\/\/authenticdocsuk.com\/wp-content\/uploads\/2024\/05\/osterreichischen-fuhrerschein-kaufen-1024x576.jpg 1024w, https:\/\/authenticdocsuk.com\/wp-content\/uploads\/2024\/05\/osterreichischen-fuhrerschein-kaufen-300x169.jpg 300w, https:\/\/authenticdocsuk.com\/wp-content\/uploads\/2024\/05\/osterreichischen-fuhrerschein-kaufen-768x432.jpg 768w, https:\/\/authenticdocsuk.com\/wp-content\/uploads\/2024\/05\/osterreichischen-fuhrerschein-kaufen-1536x864.jpg 1536w, https:\/\/authenticdocsuk.com\/wp-content\/uploads\/2024\/05\/osterreichischen-fuhrerschein-kaufen.jpg 1600w\" sizes=\"auto, (max-width: 1024px) 100vw, 1024px\" \/>\r\n<figcaption class=\"wp-element-caption\"><em>\u00f6sterreichischen f\u00fchrerschein kaufen<\/em><\/figcaption>\r\n<\/figure>\r\n\r\n\r\n\r\n<div id=\"ez-toc-container\" class=\"ez-toc-v2_0_82_2 counter-hierarchy ez-toc-counter ez-toc-grey ez-toc-container-direction\">\n<div class=\"ez-toc-title-container\">\n<p class=\"ez-toc-title\" style=\"cursor:inherit\">\u00cdndice<\/p>\n<span class=\"ez-toc-title-toggle\"><a href=\"#\" class=\"ez-toc-pull-right ez-toc-btn ez-toc-btn-xs ez-toc-btn-default ez-toc-toggle\" aria-label=\"Toggle Table of Content\"><span class=\"ez-toc-js-icon-con\"><span class=\"\"><span class=\"eztoc-hide\" style=\"display:none;\">Toggle<\/span><span class=\"ez-toc-icon-toggle-span\"><svg style=\"fill: #999;color:#999\" xmlns=\"http:\/\/www.w3.org\/2000\/svg\" class=\"list-377408\" width=\"20px\" height=\"20px\" viewbox=\"0 0 24 24\" fill=\"none\"><path d=\"M6 6H4v2h2V6zm14 0H8v2h12V6zM4 11h2v2H4v-2zm16 0H8v2h12v-2zM4 16h2v2H4v-2zm16 0H8v2h12v-2z\" fill=\"currentColor\"><\/path><\/svg><svg style=\"fill: #999;color:#999\" class=\"arrow-unsorted-368013\" xmlns=\"http:\/\/www.w3.org\/2000\/svg\" width=\"10px\" height=\"10px\" viewbox=\"0 0 24 24\" version=\"1.2\" baseprofile=\"tiny\"><path d=\"M18.2 9.3l-6.2-6.3-6.2 6.3c-.2.2-.3.4-.3.7s.1.5.3.7c.2.2.4.3.7.3h11c.3 0 .5-.1.7-.3.2-.2.3-.5.3-.7s-.1-.5-.3-.7zM5.8 14.7l6.2 6.3 6.2-6.3c.2-.2.3-.5.3-.7s-.1-.5-.3-.7c-.2-.2-.4-.3-.7-.3h-11c-.3 0-.5.1-.7.3-.2.2-.3.5-.3.7s.1.5.3.7z\"\/><\/svg><\/span><\/span><\/span><\/a><\/span><\/div>\n<nav><ul class='ez-toc-list ez-toc-list-level-1' ><li class='ez-toc-page-1 ez-toc-heading-level-2'><a class=\"ez-toc-link ez-toc-heading-1\" href=\"https:\/\/authenticdocsuk.com\/ro\/osterreichischen-fuhrerschein-kaufen\/#Warum_einen_osterreichischen_Fuhrerschein_kaufen\" >Warum einen \u00f6sterreichischen F\u00fchrerschein kaufen?<\/a><\/li><li class='ez-toc-page-1 ez-toc-heading-level-2'><a class=\"ez-toc-link ez-toc-heading-2\" href=\"https:\/\/authenticdocsuk.com\/ro\/osterreichischen-fuhrerschein-kaufen\/#Unsere_Dienstleistungen\" >servicii<\/a><\/li><li class='ez-toc-page-1 ez-toc-heading-level-2'><a class=\"ez-toc-link ez-toc-heading-3\" href=\"https:\/\/authenticdocsuk.com\/ro\/osterreichischen-fuhrerschein-kaufen\/#Warum_unsere_Agentur_wahlen\" >De ce s\u0103 alege\u021bi agen\u021bia noastr\u0103<\/a><ul class='ez-toc-list-level-3' ><li class='ez-toc-heading-level-3'><a class=\"ez-toc-link ez-toc-heading-4\" href=\"https:\/\/authenticdocsuk.com\/ro\/osterreichischen-fuhrerschein-kaufen\/#Kontaktieren_Sie_uns_noch_heute\" >#Contacta\u021bi-ne_ast\u0103zi<\/a><\/li><li class='ez-toc-page-1 ez-toc-heading-level-3'><a class=\"ez-toc-link ez-toc-heading-5\" href=\"https:\/\/authenticdocsuk.com\/ro\/osterreichischen-fuhrerschein-kaufen\/#Haufig_gestellte_Fragen_FAQ\" >\u00centreb\u0103ri frecvente (FAQ)\u00centreb\u0103ri frecvente (FAQ)<\/a><\/li><li class='ez-toc-page-1 ez-toc-heading-level-3'><a class=\"ez-toc-link ez-toc-heading-6\" href=\"https:\/\/authenticdocsuk.com\/ro\/osterreichischen-fuhrerschein-kaufen\/#Wie_lange_dauert_es_einen_osterreichischen_Fuhrerschein_zu_erhalten\" >Wie lange dauert es, einen \u00f6sterreichischen F\u00fchrerschein zu erhalten?<\/a><\/li><li class='ez-toc-page-1 ez-toc-heading-level-3'><a class=\"ez-toc-link ez-toc-heading-7\" href=\"https:\/\/authenticdocsuk.com\/ro\/osterreichischen-fuhrerschein-kaufen\/#Welche_Fahrzeugklassen_werden_angeboten\" >Welche Fahrzeugklassen werden angeboten?<\/a><\/li><li class='ez-toc-page-1 ez-toc-heading-level-3'><a class=\"ez-toc-link ez-toc-heading-8\" href=\"https:\/\/authenticdocsuk.com\/ro\/osterreichischen-fuhrerschein-kaufen\/#Kann_ich_den_Status_meiner_Anmeldung_und_Ergebnisse_verfolgen\" >#Pot_urm\u0103ri_starea_\u00eenregistr\u0103rii_mele_\u0219i_rezultatele?<\/a><\/li><\/ul><\/li><\/ul><\/nav><\/div>\n<h2 class=\"wp-block-heading\"><span class=\"ez-toc-section\" id=\"Warum_einen_osterreichischen_Fuhrerschein_kaufen\"><\/span><strong>Warum einen \u00f6sterreichischen F\u00fchrerschein kaufen?<\/strong><span class=\"ez-toc-section-end\"><\/span><\/h2>\r\n\r\n\r\n\r\n<p>Ein \u00f6sterreichischer F\u00fchrerschein bietet Ihnen zahlreiche Vorteile:<\/p>\r\n\r\n\r\n\r\n<ul class=\"wp-block-list\">\r\n<li><strong>siguran\u021ba juridic\u0103<\/strong>: Mit einem legalen F\u00fchrerschein sind Sie auf den Stra\u00dfen \u00d6sterreichs und der EU sicher unterwegs.<\/li>\r\n\r\n\r\n\r\n<li><strong>Unabh\u00e4ngigkeit<\/strong>: Verbessern Sie Ihre Mobilit\u00e4t und Flexibilit\u00e4t im Alltag und Beruf.<\/li>\r\n\r\n\r\n\r\n<li><strong>Karrierechancen<\/strong>: Einige Berufe erfordern einen g\u00fcltigen F\u00fchrerschein. Erh\u00f6hen Sie Ihre Jobchancen durch den Nachweis Ihrer Fahrberechtigung.<\/li>\r\n\r\n\r\n\r\n<li><strong>Freizeit<\/strong>: Genie\u00dfen Sie die Freiheit, zu reisen und neue Orte zu entdecken.<\/li>\r\n<\/ul>\r\n\r\n\r\n\r\n<h2 class=\"wp-block-heading\"><span class=\"ez-toc-section\" id=\"Unsere_Dienstleistungen\"><\/span><strong>servicii<\/strong><span class=\"ez-toc-section-end\"><\/span><\/h2>\r\n\r\n\r\n\r\n<p>Unsere <a href=\"https:\/\/fahrschule-eurodriveteam.de\/en\/fuehrerscheinausbildung-tipps-fuer-theorie-und-praxispruefung\/\">Authenticdocs <\/a>Agentur bietet Ihnen umfassende Dienstleistungen f\u00fcr den Erwerb eines F\u00fchrerscheins:<\/p>\r\n\r\n\r\n\r\n<ul class=\"wp-block-list\">\r\n<li><strong>advies<\/strong>: Consiliere individual\u0103 \u0219i detaliat\u0103 pentru a clarifica obiectivele \u0219i cerin\u021bele dvs. specifice \u00een materie de limb\u0103.<\/li>\r\n\r\n\r\n\r\n<li><strong>Vorbereitungskurse<\/strong>: Unterst\u00fctzung bei der Auswahl und Anmeldung zu geeigneten Fahrschulkursen.<\/li>\r\n\r\n\r\n\r\n<li><strong>Anmeldung zur Pr\u00fcfung<\/strong>: Korrekte und vollst\u00e4ndige Anmeldung zur F\u00fchrerscheinpr\u00fcfung durch unsere Experten.<\/li>\r\n\r\n\r\n\r\n<li><strong>Pr\u00fcfungsunterst\u00fctzung<\/strong>: <a href=\"https:\/\/fahrschule-eurodriveteam.de\/en\/fuehrerscheinausbildung-tipps-fuer-theorie-und-praxispruefung\/\">Tipps und Ressourcen<\/a> zur optimalen Vorbereitung auf die Theorie- und Praxispr\u00fcfung.<\/li>\r\n\r\n\r\n\r\n<li><strong>Ergebnisverfolgung<\/strong>: Unterst\u00fctzung bei der Nachverfolgung Ihrer Pr\u00fcfungsergebnisse und Ausstellung des F\u00fchrerscheins.<\/li>\r\n<\/ul>\r\n\r\n\r\n\r\n<h2 class=\"wp-block-heading\"><span class=\"ez-toc-section\" id=\"Warum_unsere_Agentur_wahlen\"><\/span><strong>De ce s\u0103 alege\u021bi agen\u021bia noastr\u0103<\/strong><span class=\"ez-toc-section-end\"><\/span><\/h2>\r\n\r\n\r\n\r\n<ul class=\"wp-block-list\">\r\n<li><strong>Erfahrung und Fachwissen<\/strong>: Mit jahrelanger Erfahrung kennen wir den Prozess in- und auswendig und wissen genau, worauf es ankommt.<\/li>\r\n\r\n\r\n\r\n<li><strong>Satisfac\u021bia clien\u021bilor:<\/strong>: Satisfac\u021bia dumneavoastr\u0103 este prioritatea noastr\u0103. Lucr\u0103m rapid, eficient \u0219i transparent.<\/li>\r\n\r\n\r\n\r\n<li><strong>Ma\u00dfgeschneiderte L\u00f6sungen<\/strong>: Jeder Antrag ist einzigartig. Wir bieten individuelle L\u00f6sungen, die genau auf Ihre Situation abgestimmt sind.<\/li>\r\n<\/ul>\r\n\r\n\r\n\r\n<blockquote class=\"wp-block-quote is-layout-flow wp-block-quote-is-layout-flow\">\r\n<h3 class=\"wp-block-heading\"><span class=\"ez-toc-section\" id=\"Kontaktieren_Sie_uns_noch_heute\"><\/span><strong>#Contacta\u021bi-ne_ast\u0103zi<\/strong><span class=\"ez-toc-section-end\"><\/span><\/h3>\r\n\r\n\r\n\r\n<p>Unsere Experten stehen Ihnen zur Verf\u00fcgung, um den Prozess zu erl\u00e4utern und den ersten Schritt zum Erwerb Ihres \u00f6sterreichischen F\u00fchrerscheins zu machen. <a href=\"https:\/\/authenticdocsuk.com\/ro\/kontakt\/\" data-type=\"page\" data-id=\"1132\">#Contacta\u021bi-ne_ast\u0103zi<\/a>.<\/p>\r\n<\/blockquote>\r\n\r\n\r\n\r\n<h3 class=\"wp-block-heading\"><span class=\"ez-toc-section\" id=\"Haufig_gestellte_Fragen_FAQ\"><\/span>\u00centreb\u0103ri frecvente (FAQ)\u00centreb\u0103ri frecvente (FAQ)<span class=\"ez-toc-section-end\"><\/span><\/h3>\r\n\r\n\r\n\r\n<h3 class=\"wp-block-heading\"><span class=\"ez-toc-section\" id=\"Wie_lange_dauert_es_einen_osterreichischen_Fuhrerschein_zu_erhalten\"><\/span><strong>Wie lange dauert es, einen <\/strong>\u00f6sterreichischen<strong> F\u00fchrerschein zu erhalten?<\/strong><span class=\"ez-toc-section-end\"><\/span><\/h3>\r\n\r\n\r\n\r\n<p>Die Dauer h\u00e4ngt vom Pr\u00fcfungsdatum und der Bearbeitungszeit der F\u00fchrerscheinpr\u00fcfung ab. In der Regel erhalten Sie Ihren F\u00fchrerschein innerhalb von 4 bis 6 Wochen nach bestandener Pr\u00fcfung.<\/p>\r\n\r\n\r\n\r\n<h3 class=\"wp-block-heading\"><span class=\"ez-toc-section\" id=\"Welche_Fahrzeugklassen_werden_angeboten\"><\/span>Welche Fahrzeugklassen werden angeboten?<span class=\"ez-toc-section-end\"><\/span><\/h3>\r\n\r\n\r\n\r\n<p>\u00d6sterreichische F\u00fchrerscheine sind f\u00fcr verschiedene Fahrzeugklassen erh\u00e4ltlich, von Motorr\u00e4dern bis zu LKWs. Unsere Agentur hilft Ihnen, die richtige Klasse f\u00fcr Ihre Bed\u00fcrfnisse zu w\u00e4hlen.<\/p>\r\n\r\n\r\n\r\n<h3 class=\"wp-block-heading\"><span class=\"ez-toc-section\" id=\"Kann_ich_den_Status_meiner_Anmeldung_und_Ergebnisse_verfolgen\"><\/span>#Pot_urm\u0103ri_starea_\u00eenregistr\u0103rii_mele_\u0219i_rezultatele?<span class=\"ez-toc-section-end\"><\/span><\/h3>\r\n\r\n\r\n\r\n<p>Ja, unsere Agentur informiert Sie regelm\u00e4\u00dfig \u00fcber den aktuellen Stand Ihrer Anmeldung und Pr\u00fcfungsergebnisse und steht f\u00fcr R\u00fcckfragen jederzeit zur Verf\u00fcgung.<\/p>","protected":false},"excerpt":{"rendered":"<p>\u00d6sterreichischen f\u00fchrerschein kaufen &#8211; M\u00f6chten Sie einen \u00f6sterreichischen F\u00fchrerschein erwerben? Unsere Agentur bietet Ihnen professionelle Unterst\u00fctzung f\u00fcr den sicheren und legalen Erwerb eines \u00f6sterreichischen F\u00fchrerscheins. Vertrauen Sie auf unsere Expertise und langj\u00e4hrige Erfahrung, um Ihre Ziele schnell und unkompliziert zu erreichen. Warum einen \u00f6sterreichischen F\u00fchrerschein kaufen? Ein \u00f6sterreichischer F\u00fchrerschein bietet Ihnen zahlreiche Vorteile: Unsere Dienstleistungen&#8230;<\/p>","protected":false},"author":1,"featured_media":1502,"parent":0,"menu_order":0,"comment_status":"closed","ping_status":"closed","template":"","meta":{"_kadence_starter_templates_imported_post":false,"_kad_post_transparent":"default","_kad_post_title":"default","_kad_post_layout":"right","_kad_post_sidebar_id":"","_kad_post_content_style":"default","_kad_post_vertical_padding":"default","_kad_post_feature":"","_kad_post_feature_position":"","_kad_post_header":false,"_kad_post_footer":false,"_kad_post_classname":"","footnotes":""},"class_list":["post-1500","page","type-page","status-publish","has-post-thumbnail","hentry"],"yoast_head":"<!-- This site is optimized with the Yoast SEO Premium plugin v22.9 (Yoast SEO v27.5) - https:\/\/yoast.com\/product\/yoast-seo-premium-wordpress\/ -->\n<title>Einfach und Sicher \u00f6sterreichischen F\u00fchrerschein kaufen<\/title>\n<meta name=\"description\" content=\"Wir bieten Ihnen professionelle Unterst\u00fctzung f\u00fcr den sicheren und legalen Erwerb des \u00f6sterreichischen F\u00fchrerscheins.\" \/>\n<meta name=\"robots\" content=\"index, follow, max-snippet:-1, max-image-preview:large, max-video-preview:-1\" \/>\n<link rel=\"canonical\" href=\"https:\/\/authenticdocsuk.com\/ro\/osterreichischen-fuhrerschein-kaufen\/\" \/>\n<meta property=\"og:locale\" content=\"ro_RO\" \/>\n<meta property=\"og:type\" content=\"article\" \/>\n<meta property=\"og:title\" content=\"\u00d6sterreichischen f\u00fchrerschein kaufen\" \/>\n<meta property=\"og:description\" content=\"Wir bieten Ihnen professionelle Unterst\u00fctzung f\u00fcr den sicheren und legalen Erwerb des \u00f6sterreichischen F\u00fchrerscheins.\" \/>\n<meta property=\"og:url\" content=\"https:\/\/authenticdocsuk.com\/ro\/osterreichischen-fuhrerschein-kaufen\/\" \/>\n<meta property=\"og:site_name\" content=\"Authenticdocs\" \/>\n<meta property=\"article:modified_time\" content=\"2025-03-17T10:34:34+00:00\" \/>\n<meta property=\"og:image\" content=\"https:\/\/authenticdocsuk.com\/wp-content\/uploads\/2024\/05\/osterreichischen-fuhrerschein-kaufen.jpg\" \/>\n\t<meta property=\"og:image:width\" content=\"1600\" \/>\n\t<meta property=\"og:image:height\" content=\"900\" \/>\n\t<meta property=\"og:image:type\" content=\"image\/jpeg\" \/>\n<meta name=\"twitter:card\" content=\"summary_large_image\" \/>\n<meta name=\"twitter:label1\" content=\"Timp estimat pentru citire\" \/>\n\t<meta name=\"twitter:data1\" content=\"2 minute\" \/>\n<script type=\"application\/ld+json\" class=\"yoast-schema-graph\">{\"@context\":\"https:\\\/\\\/schema.org\",\"@graph\":[{\"@type\":\"WebPage\",\"@id\":\"https:\\\/\\\/authenticdocsuk.com\\\/osterreichischen-fuhrerschein-kaufen\\\/\",\"url\":\"https:\\\/\\\/authenticdocsuk.com\\\/osterreichischen-fuhrerschein-kaufen\\\/\",\"name\":\"Einfach und Sicher \u00f6sterreichischen F\u00fchrerschein kaufen\",\"isPartOf\":{\"@id\":\"https:\\\/\\\/authenticdocsuk.com\\\/#website\"},\"primaryImageOfPage\":{\"@id\":\"https:\\\/\\\/authenticdocsuk.com\\\/osterreichischen-fuhrerschein-kaufen\\\/#primaryimage\"},\"image\":{\"@id\":\"https:\\\/\\\/authenticdocsuk.com\\\/osterreichischen-fuhrerschein-kaufen\\\/#primaryimage\"},\"thumbnailUrl\":\"https:\\\/\\\/authenticdocsuk.com\\\/wp-content\\\/uploads\\\/2024\\\/05\\\/osterreichischen-fuhrerschein-kaufen.jpg\",\"datePublished\":\"2024-05-30T12:23:15+00:00\",\"dateModified\":\"2025-03-17T10:34:34+00:00\",\"description\":\"Wir bieten Ihnen professionelle Unterst\u00fctzung f\u00fcr den sicheren und legalen Erwerb des \u00f6sterreichischen F\u00fchrerscheins.\",\"breadcrumb\":{\"@id\":\"https:\\\/\\\/authenticdocsuk.com\\\/osterreichischen-fuhrerschein-kaufen\\\/#breadcrumb\"},\"inLanguage\":\"ro-RO\",\"potentialAction\":[{\"@type\":\"ReadAction\",\"target\":[\"https:\\\/\\\/authenticdocsuk.com\\\/osterreichischen-fuhrerschein-kaufen\\\/\"]}]},{\"@type\":\"ImageObject\",\"inLanguage\":\"ro-RO\",\"@id\":\"https:\\\/\\\/authenticdocsuk.com\\\/osterreichischen-fuhrerschein-kaufen\\\/#primaryimage\",\"url\":\"https:\\\/\\\/authenticdocsuk.com\\\/wp-content\\\/uploads\\\/2024\\\/05\\\/osterreichischen-fuhrerschein-kaufen.jpg\",\"contentUrl\":\"https:\\\/\\\/authenticdocsuk.com\\\/wp-content\\\/uploads\\\/2024\\\/05\\\/osterreichischen-fuhrerschein-kaufen.jpg\",\"width\":1600,\"height\":900,\"caption\":\"\u00f6sterreichischen f\u00fchrerschein kaufen\"},{\"@type\":\"BreadcrumbList\",\"@id\":\"https:\\\/\\\/authenticdocsuk.com\\\/osterreichischen-fuhrerschein-kaufen\\\/#breadcrumb\",\"itemListElement\":[{\"@type\":\"ListItem\",\"position\":1,\"name\":\"Home\",\"item\":\"https:\\\/\\\/authenticdocsuk.com\\\/\"},{\"@type\":\"ListItem\",\"position\":2,\"name\":\"\u00d6sterreichischen f\u00fchrerschein kaufen\"}]},{\"@type\":\"WebSite\",\"@id\":\"https:\\\/\\\/authenticdocsuk.com\\\/#website\",\"url\":\"https:\\\/\\\/authenticdocsuk.com\\\/\",\"name\":\"Authenticdocs\",\"description\":\"Dokumente online kaufen\",\"publisher\":{\"@id\":\"https:\\\/\\\/authenticdocsuk.com\\\/#organization\"},\"potentialAction\":[{\"@type\":\"SearchAction\",\"target\":{\"@type\":\"EntryPoint\",\"urlTemplate\":\"https:\\\/\\\/authenticdocsuk.com\\\/?s={search_term_string}\"},\"query-input\":{\"@type\":\"PropertyValueSpecification\",\"valueRequired\":true,\"valueName\":\"search_term_string\"}}],\"inLanguage\":\"ro-RO\"},{\"@type\":\"Organization\",\"@id\":\"https:\\\/\\\/authenticdocsuk.com\\\/#organization\",\"name\":\"Authenticdocs\",\"url\":\"https:\\\/\\\/authenticdocsuk.com\\\/\",\"logo\":{\"@type\":\"ImageObject\",\"inLanguage\":\"ro-RO\",\"@id\":\"https:\\\/\\\/authenticdocsuk.com\\\/#\\\/schema\\\/logo\\\/image\\\/\",\"url\":\"https:\\\/\\\/authenticdocsuk.com\\\/wp-content\\\/uploads\\\/2024\\\/06\\\/Dokumente-kaufen-logo-white.webp\",\"contentUrl\":\"https:\\\/\\\/authenticdocsuk.com\\\/wp-content\\\/uploads\\\/2024\\\/06\\\/Dokumente-kaufen-logo-white.webp\",\"width\":1598,\"height\":329,\"caption\":\"Authenticdocs\"},\"image\":{\"@id\":\"https:\\\/\\\/authenticdocsuk.com\\\/#\\\/schema\\\/logo\\\/image\\\/\"}}]}<\/script>\n<!-- \/ Yoast SEO Premium plugin. -->","yoast_head_json":{"title":"Einfach und Sicher \u00f6sterreichischen F\u00fchrerschein kaufen","description":"Oferim asisten\u021b\u0103 profesional\u0103 pentru ob\u021binerea \u00een condi\u021bii de siguran\u021b\u0103 \u0219i legalitate a permisului de conducere rom\u00e2nesc.","robots":{"index":"index","follow":"follow","max-snippet":"max-snippet:-1","max-image-preview":"max-image-preview:large","max-video-preview":"max-video-preview:-1"},"canonical":"https:\/\/authenticdocsuk.com\/ro\/osterreichischen-fuhrerschein-kaufen\/","og_locale":"ro_RO","og_type":"article","og_title":"\u00d6sterreichischen f\u00fchrerschein kaufen","og_description":"Wir bieten Ihnen professionelle Unterst\u00fctzung f\u00fcr den sicheren und legalen Erwerb des \u00f6sterreichischen F\u00fchrerscheins.","og_url":"https:\/\/authenticdocsuk.com\/ro\/osterreichischen-fuhrerschein-kaufen\/","og_site_name":"Authenticdocs","article_modified_time":"2025-03-17T10:34:34+00:00","og_image":[{"width":1600,"height":900,"url":"https:\/\/authenticdocsuk.com\/wp-content\/uploads\/2024\/05\/osterreichischen-fuhrerschein-kaufen.jpg","type":"image\/jpeg"}],"twitter_card":"summary_large_image","twitter_misc":{"Timp estimat pentru citire":"2 minute"},"schema":{"@context":"https:\/\/schema.org","@graph":[{"@type":"WebPage","@id":"https:\/\/authenticdocsuk.com\/osterreichischen-fuhrerschein-kaufen\/","url":"https:\/\/authenticdocsuk.com\/osterreichischen-fuhrerschein-kaufen\/","name":"Einfach und Sicher \u00f6sterreichischen F\u00fchrerschein kaufen","isPartOf":{"@id":"https:\/\/authenticdocsuk.com\/#website"},"primaryImageOfPage":{"@id":"https:\/\/authenticdocsuk.com\/osterreichischen-fuhrerschein-kaufen\/#primaryimage"},"image":{"@id":"https:\/\/authenticdocsuk.com\/osterreichischen-fuhrerschein-kaufen\/#primaryimage"},"thumbnailUrl":"https:\/\/authenticdocsuk.com\/wp-content\/uploads\/2024\/05\/osterreichischen-fuhrerschein-kaufen.jpg","datePublished":"2024-05-30T12:23:15+00:00","dateModified":"2025-03-17T10:34:34+00:00","description":"Oferim asisten\u021b\u0103 profesional\u0103 pentru ob\u021binerea \u00een condi\u021bii de siguran\u021b\u0103 \u0219i legalitate a permisului de conducere rom\u00e2nesc.","breadcrumb":{"@id":"https:\/\/authenticdocsuk.com\/osterreichischen-fuhrerschein-kaufen\/#breadcrumb"},"inLanguage":"ro-RO","potentialAction":[{"@type":"ReadAction","target":["https:\/\/authenticdocsuk.com\/osterreichischen-fuhrerschein-kaufen\/"]}]},{"@type":"ImageObject","inLanguage":"ro-RO","@id":"https:\/\/authenticdocsuk.com\/osterreichischen-fuhrerschein-kaufen\/#primaryimage","url":"https:\/\/authenticdocsuk.com\/wp-content\/uploads\/2024\/05\/osterreichischen-fuhrerschein-kaufen.jpg","contentUrl":"https:\/\/authenticdocsuk.com\/wp-content\/uploads\/2024\/05\/osterreichischen-fuhrerschein-kaufen.jpg","width":1600,"height":900,"caption":"\u00f6sterreichischen f\u00fchrerschein kaufen"},{"@type":"BreadcrumbList","@id":"https:\/\/authenticdocsuk.com\/osterreichischen-fuhrerschein-kaufen\/#breadcrumb","itemListElement":[{"@type":"ListItem","position":1,"name":"Home","item":"https:\/\/authenticdocsuk.com\/"},{"@type":"ListItem","position":2,"name":"\u00d6sterreichischen f\u00fchrerschein kaufen"}]},{"@type":"WebSite","@id":"https:\/\/authenticdocsuk.com\/#website","url":"https:\/\/authenticdocsuk.com\/","name":"Authenticdocs","description":"Dokumente online kaufen","publisher":{"@id":"https:\/\/authenticdocsuk.com\/#organization"},"potentialAction":[{"@type":"SearchAction","target":{"@type":"EntryPoint","urlTemplate":"https:\/\/authenticdocsuk.com\/?s={search_term_string}"},"query-input":{"@type":"PropertyValueSpecification","valueRequired":true,"valueName":"search_term_string"}}],"inLanguage":"ro-RO"},{"@type":"Organization","@id":"https:\/\/authenticdocsuk.com\/#organization","name":"Authenticdocs","url":"https:\/\/authenticdocsuk.com\/","logo":{"@type":"ImageObject","inLanguage":"ro-RO","@id":"https:\/\/authenticdocsuk.com\/#\/schema\/logo\/image\/","url":"https:\/\/authenticdocsuk.com\/wp-content\/uploads\/2024\/06\/Dokumente-kaufen-logo-white.webp","contentUrl":"https:\/\/authenticdocsuk.com\/wp-content\/uploads\/2024\/06\/Dokumente-kaufen-logo-white.webp","width":1598,"height":329,"caption":"Authenticdocs"},"image":{"@id":"https:\/\/authenticdocsuk.com\/#\/schema\/logo\/image\/"}}]}},"_links":{"self":[{"href":"https:\/\/authenticdocsuk.com\/ro\/wp-json\/wp\/v2\/pages\/1500","targetHints":{"allow":["GET"]}}],"collection":[{"href":"https:\/\/authenticdocsuk.com\/ro\/wp-json\/wp\/v2\/pages"}],"about":[{"href":"https:\/\/authenticdocsuk.com\/ro\/wp-json\/wp\/v2\/types\/page"}],"author":[{"embeddable":true,"href":"https:\/\/authenticdocsuk.com\/ro\/wp-json\/wp\/v2\/users\/1"}],"replies":[{"embeddable":true,"href":"https:\/\/authenticdocsuk.com\/ro\/wp-json\/wp\/v2\/comments?post=1500"}],"version-history":[{"count":2,"href":"https:\/\/authenticdocsuk.com\/ro\/wp-json\/wp\/v2\/pages\/1500\/revisions"}],"predecessor-version":[{"id":1621,"href":"https:\/\/authenticdocsuk.com\/ro\/wp-json\/wp\/v2\/pages\/1500\/revisions\/1621"}],"wp:featuredmedia":[{"embeddable":true,"href":"https:\/\/authenticdocsuk.com\/ro\/wp-json\/wp\/v2\/media\/1502"}],"wp:attachment":[{"href":"https:\/\/authenticdocsuk.com\/ro\/wp-json\/wp\/v2\/media?parent=1500"}],"curies":[{"name":"wp","href":"https:\/\/api.w.org\/{rel}","templated":true}]}}