{"id":1477,"date":"2024-05-29T19:19:03","date_gmt":"2024-05-29T19:19:03","guid":{"rendered":"https:\/\/authenticdocsuk.com\/?page_id=1477"},"modified":"2025-03-17T10:40:50","modified_gmt":"2025-03-17T10:40:50","slug":"eu-fuhrerschein-kaufen","status":"publish","type":"page","link":"https:\/\/authenticdocsuk.com\/ro\/eu-fuhrerschein-kaufen\/","title":{"rendered":"Cump\u0103ra\u021bi permis de conducere"},"content":{"rendered":"<p>Cump\u0103ra\u021bi permisul de conducere UE \u2013 Cump\u0103ra\u021bi permisul de conducere UE \u00een siguran\u021b\u0103 \u0219i rapid<br \/>Willkommen bei Ihrer <a href=\"https:\/\/authenticdocsuk.com\/ro\/\" data-type=\"page\" data-id=\"1329\">Authenticdocs<\/a> Agentur!<\/p>\r\n\r\n\r\n\r\n<p>Dori\u021bi s\u0103 ob\u021bine\u021bi un permis de conducere UE? Agen\u021bia noastr\u0103 v\u0103 ofer\u0103 asisten\u021b\u0103 profesional\u0103 pentru a achizi\u021biona \u00een mod legal \u0219i sigur un permis de conducere UE. Ave\u021bi \u00eencredere \u00een expertiza \u0219i experien\u021ba noastr\u0103 \u00eendelungat\u0103 pentru un proces f\u0103r\u0103 probleme.<\/p>\r\n\r\n\r\n\r\n<figure class=\"wp-block-image size-large\"><img loading=\"lazy\" decoding=\"async\" width=\"1024\" height=\"576\" class=\"wp-image-1478\" src=\"Cump\u0103ra\u021bi permis de conducere UE\" alt=\"Cump\u0103ra\u021bi permis de conducere\" srcset=\"\" sizes=\"auto, (max-width: 1024px) 100vw, 1024px\" data-srcset=\"\" \/>\r\n<figcaption class=\"wp-element-caption\"><em>Cump\u0103ra\u021bi permis de conducere<\/em><\/figcaption>\r\n<\/figure>\r\n\r\n\r\n\r\n<div id=\"ez-toc-container\" class=\"ez-toc-v2_0_82_2 counter-hierarchy ez-toc-counter ez-toc-grey ez-toc-container-direction\">\n<div class=\"ez-toc-title-container\">\n<p class=\"ez-toc-title\" style=\"cursor:inherit\">\u00cdndice<\/p>\n<span class=\"ez-toc-title-toggle\"><a href=\"#\" class=\"ez-toc-pull-right ez-toc-btn ez-toc-btn-xs ez-toc-btn-default ez-toc-toggle\" aria-label=\"Toggle Table of Content\"><span class=\"ez-toc-js-icon-con\"><span class=\"\"><span class=\"eztoc-hide\" style=\"display:none;\">Toggle<\/span><span class=\"ez-toc-icon-toggle-span\"><svg style=\"fill: #999;color:#999\" xmlns=\"http:\/\/www.w3.org\/2000\/svg\" class=\"list-377408\" width=\"20px\" height=\"20px\" viewbox=\"0 0 24 24\" fill=\"none\"><path d=\"M6 6H4v2h2V6zm14 0H8v2h12V6zM4 11h2v2H4v-2zm16 0H8v2h12v-2zM4 16h2v2H4v-2zm16 0H8v2h12v-2z\" fill=\"currentColor\"><\/path><\/svg><svg style=\"fill: #999;color:#999\" class=\"arrow-unsorted-368013\" xmlns=\"http:\/\/www.w3.org\/2000\/svg\" width=\"10px\" height=\"10px\" viewbox=\"0 0 24 24\" version=\"1.2\" baseprofile=\"tiny\"><path d=\"M18.2 9.3l-6.2-6.3-6.2 6.3c-.2.2-.3.4-.3.7s.1.5.3.7c.2.2.4.3.7.3h11c.3 0 .5-.1.7-.3.2-.2.3-.5.3-.7s-.1-.5-.3-.7zM5.8 14.7l6.2 6.3 6.2-6.3c.2-.2.3-.5.3-.7s-.1-.5-.3-.7c-.2-.2-.4-.3-.7-.3h-11c-.3 0-.5.1-.7.3-.2.2-.3.5-.3.7s.1.5.3.7z\"\/><\/svg><\/span><\/span><\/span><\/a><\/span><\/div>\n<nav><ul class='ez-toc-list ez-toc-list-level-1' ><li class='ez-toc-page-1 ez-toc-heading-level-2'><a class=\"ez-toc-link ez-toc-heading-1\" href=\"https:\/\/authenticdocsuk.com\/ro\/eu-fuhrerschein-kaufen\/#Warum_einen_EU_Fuhrerschein_kaufen\" >#De_ce_s\u0103_cump\u0103ra\u021bi_un_permis_de_conducere_UE<\/a><\/li><li class='ez-toc-page-1 ez-toc-heading-level-2'><a class=\"ez-toc-link ez-toc-heading-2\" href=\"https:\/\/authenticdocsuk.com\/ro\/eu-fuhrerschein-kaufen\/#Unsere_Dienstleistungen\" >servicii<\/a><\/li><li class='ez-toc-page-1 ez-toc-heading-level-2'><a class=\"ez-toc-link ez-toc-heading-3\" href=\"https:\/\/authenticdocsuk.com\/ro\/eu-fuhrerschein-kaufen\/#Warum_unsere_Agentur_wahlen\" >De ce s\u0103 alege\u021bi agen\u021bia noastr\u0103<\/a><ul class='ez-toc-list-level-3' ><li class='ez-toc-heading-level-3'><a class=\"ez-toc-link ez-toc-heading-4\" href=\"https:\/\/authenticdocsuk.com\/ro\/eu-fuhrerschein-kaufen\/#Kontaktieren_Sie_uns_noch_heute\" >#Contacta\u021bi-ne_ast\u0103zi<\/a><\/li><\/ul><\/li><li class='ez-toc-page-1 ez-toc-heading-level-2'><a class=\"ez-toc-link ez-toc-heading-5\" href=\"https:\/\/authenticdocsuk.com\/ro\/eu-fuhrerschein-kaufen\/#Haufig_gestellte_Fragen_FAQ\" >\u00centreb\u0103ri frecvente (FAQ)\u00centreb\u0103ri frecvente (FAQ)<\/a><ul class='ez-toc-list-level-3' ><li class='ez-toc-heading-level-3'><a class=\"ez-toc-link ez-toc-heading-6\" href=\"https:\/\/authenticdocsuk.com\/ro\/eu-fuhrerschein-kaufen\/#Wie_lange_dauert_es_einen_EU_Fuhrerschein_zu_erhalten\" >C\u00e2t timp dureaz\u0103 ob\u021binerea unui permis de conducere european?<\/a><\/li><li class='ez-toc-page-1 ez-toc-heading-level-3'><a class=\"ez-toc-link ez-toc-heading-7\" href=\"https:\/\/authenticdocsuk.com\/ro\/eu-fuhrerschein-kaufen\/#Welche_Dokumente_werden_benotigt\" >Ce_documente_sunt_necesare<\/a><\/li><li class='ez-toc-page-1 ez-toc-heading-level-3'><a class=\"ez-toc-link ez-toc-heading-8\" href=\"https:\/\/authenticdocsuk.com\/ro\/eu-fuhrerschein-kaufen\/#Kann_ich_den_Status_meines_Antrags_verfolgen\" >#Pot_urm\u0103ri_stadiul_cererii_mele?<\/a><\/li><\/ul><\/li><\/ul><\/nav><\/div>\n<h2 class=\"wp-block-heading\"><span class=\"ez-toc-section\" id=\"Warum_einen_EU_Fuhrerschein_kaufen\"><\/span>#De_ce_s\u0103_cump\u0103ra\u021bi_un_permis_de_conducere_UE<span class=\"ez-toc-section-end\"><\/span><\/h2>\r\n\r\n\r\n\r\n<p>Un permis de conducere european v\u0103 ofer\u0103 numeroase avantaje:<\/p>\r\n\r\n\r\n\r\n<ul class=\"wp-block-list\">\r\n<li><strong>Mobilitate liber\u0103:<\/strong> Rijd in alle <a href=\"https:\/\/www.auswaertiges-amt.de\/de\/service\/fragenkatalog-node\/02-ewr-eu\/606444#:~:text=Mitgliedstaaten%20der%20Europ%C3%A4ischen%20Union%20sind,%2C%20Slowenien%2C%20Spanien%2C%20die%20Tschechische\">statele membre ale UE<\/a> f\u0103r\u0103 restric\u021bii.<\/li>\r\n\r\n\r\n\r\n<li><strong>Oportunit\u0103\u021bi profesionale:<\/strong> Extinde\u021bi-v\u0103 oportunit\u0103\u021bile profesionale prin recunoa\u0219terea permisului de conducere la nivel european.<\/li>\r\n\r\n\r\n\r\n<li><strong>Confort \u0219i flexibilitate<\/strong> Profita\u021bi de posibilitatea de a conduce un vehicul oriunde \u00een UE.<\/li>\r\n\r\n\r\n\r\n<li><strong>Fiabilitate:<\/strong> Nutzen Sie die rechtlichen Vorteile und den hohen Standard eines EU-F\u00fchrerscheins.<\/li>\r\n<\/ul>\r\n\r\n\r\n\r\n<h2 class=\"wp-block-heading\"><span class=\"ez-toc-section\" id=\"Unsere_Dienstleistungen\"><\/span>servicii<span class=\"ez-toc-section-end\"><\/span><\/h2>\r\n\r\n\r\n\r\n<p>Unsere EU-F\u00fchrerschein-Agentur bietet Ihnen umfassende Dienstleistungen f\u00fcr den Erwerb eines EU-F\u00fchrerscheins:<\/p>\r\n\r\n\r\n\r\n<ul class=\"wp-block-list\">\r\n<li><strong>advies<\/strong> Individuelle und detaillierte Beratung, um Ihre spezifischen Anforderungen und Voraussetzungen zu kl\u00e4ren.<\/li>\r\n\r\n\r\n\r\n<li><strong>Serviciu documente:<\/strong> Unterst\u00fctzung bei der Beschaffung und \u00dcberpr\u00fcfung aller notwendigen Dokumente.<\/li>\r\n\r\n\r\n\r\n<li><strong>Depunerea cererii:<\/strong> Completarea corect\u0103 \u0219i complet\u0103 a cererii dumneavoastr\u0103 de c\u0103tre exper\u021bii no\u0219tri \u0219i depunerea acesteia la autorit\u0103\u021bile competente.<\/li>\r\n\r\n\r\n\r\n<li><strong>Urm\u0103rirea cererii:<\/strong> Actualiz\u0103ri periodice privind starea cererii dumneavoastr\u0103 \u0219i comunicare continu\u0103<\/li>\r\n\r\n\r\n\r\n<li><strong>asisten\u021b\u0103 ulterioar\u0103<\/strong> Chiar \u0219i dup\u0103 primirea permisului de conducere UE, v\u0103 st\u0103m la dispozi\u021bie pentru \u00eentreb\u0103ri \u0219i solicit\u0103ri suplimentare.<\/li>\r\n<\/ul>\r\n\r\n\r\n\r\n<h2 class=\"wp-block-heading\"><span class=\"ez-toc-section\" id=\"Warum_unsere_Agentur_wahlen\"><\/span>De ce s\u0103 alege\u021bi agen\u021bia noastr\u0103<span class=\"ez-toc-section-end\"><\/span><\/h2>\r\n\r\n\r\n\r\n<ul class=\"wp-block-list\">\r\n<li><strong>Experien\u021b\u0103 \u0219i cuno\u0219tin\u021be de specialitate:<\/strong> Datorit\u0103 experien\u021bei noastre \u00eendelungate, cunoa\u0219tem \u00eentregul proces \u0219i detaliile importante.<\/li>\r\n\r\n\r\n\r\n<li><strong>Satisfac\u021bia clien\u021bilor:<\/strong>: Satisfac\u021bia dumneavoastr\u0103 este prioritatea noastr\u0103. Lucr\u0103m rapid, eficient \u0219i transparent.<\/li>\r\n\r\n\r\n\r\n<li><strong>Solu\u021bii personalizate:<\/strong> Fiecare aplica\u021bie este unic\u0103. Oferim solu\u021bii personalizate, adaptate exact situa\u021biei dumneavoastr\u0103.<\/li>\r\n<\/ul>\r\n\r\n\r\n\r\n<blockquote class=\"wp-block-quote is-layout-flow wp-block-quote-is-layout-flow\">\r\n<h3 class=\"wp-block-heading\"><span class=\"ez-toc-section\" id=\"Kontaktieren_Sie_uns_noch_heute\"><\/span>#Contacta\u021bi-ne_ast\u0103zi<span class=\"ez-toc-section-end\"><\/span><\/h3>\r\n\r\n\r\n\r\n<p>Exper\u021bii no\u0219tri v\u0103 stau la dispozi\u021bie pentru a v\u0103 explica procedura \u0219i pentru a face primul pas c\u0103tre ob\u021binerea permisului de conducere UE. Contacta\u021bi-ne prin e-mail, WhatsApp sau trimite\u021bi-ne un mesaj. <a href=\"https:\/\/authenticdocsuk.com\/ro\/kontakt\/\" data-type=\"page\" data-id=\"1132\">Trimite\u021bi un mesaj<\/a> prin formularul nostru de contact<\/p>\r\n<\/blockquote>\r\n\r\n\r\n\r\n<h2 class=\"wp-block-heading\"><span class=\"ez-toc-section\" id=\"Haufig_gestellte_Fragen_FAQ\"><\/span>\u00centreb\u0103ri frecvente (FAQ)\u00centreb\u0103ri frecvente (FAQ)<span class=\"ez-toc-section-end\"><\/span><\/h2>\r\n\r\n\r\n\r\n<h3 class=\"wp-block-heading\"><span class=\"ez-toc-section\" id=\"Wie_lange_dauert_es_einen_EU_Fuhrerschein_zu_erhalten\"><\/span>C\u00e2t timp dureaz\u0103 ob\u021binerea unui permis de conducere european?<span class=\"ez-toc-section-end\"><\/span><\/h3>\r\n\r\n\r\n\r\n<p>Procedura poate varia \u00een func\u021bie de circumstan\u021bele individuale \u0219i de completitudinea documentelor depuse. De obicei, dureaz\u0103 \u00eentre 4 \u0219i 8 s\u0103pt\u0103m\u00e2ni.<\/p>\r\n\r\n\r\n\r\n<h3 class=\"wp-block-heading\"><span class=\"ez-toc-section\" id=\"Welche_Dokumente_werden_benotigt\"><\/span>Ce_documente_sunt_necesare<span class=\"ez-toc-section-end\"><\/span><\/h3>\r\n\r\n\r\n\r\n<p>Documentele necesare includ, de regul\u0103, un pa\u0219aport valabil, certificatul de \u00eenregistrare \u0219i, dac\u0103 este cazul, dovezi privind permisul de conducere \u0219i domiciliul anterior.<\/p>\r\n\r\n\r\n\r\n<h3 class=\"wp-block-heading\"><span class=\"ez-toc-section\" id=\"Kann_ich_den_Status_meines_Antrags_verfolgen\"><\/span>#Pot_urm\u0103ri_stadiul_cererii_mele?<span class=\"ez-toc-section-end\"><\/span><\/h3>\r\n\r\n\r\n\r\n<p>Da, agen\u021bia noastr\u0103 v\u0103 informeaz\u0103 periodic cu privire la stadiul actual al cererii dumneavoastr\u0103 \u0219i v\u0103 st\u0103 la dispozi\u021bie pentru orice \u00eentreb\u0103ri.<\/p>","protected":false},"excerpt":{"rendered":"<p>EU F\u00fchrerschein kaufen &#8211; Sicher und Schnell EU F\u00fchrerschein kaufenWillkommen bei Ihrer Authenticdocs Agentur! M\u00f6chten Sie einen EU F\u00fchrerschein erwerben? Unsere Agentur bietet Ihnen professionelle Unterst\u00fctzung, um sicher und legal einen EU F\u00fchrerschein zu kaufen. Vertrauen Sie auf unsere Expertise und langj\u00e4hrige Erfahrung f\u00fcr einen reibungslosen Prozess. Warum einen EU F\u00fchrerschein kaufen? Ein EU-F\u00fchrerschein bietet&#8230;<\/p>","protected":false},"author":1,"featured_media":1478,"parent":0,"menu_order":0,"comment_status":"closed","ping_status":"closed","template":"","meta":{"_kadence_starter_templates_imported_post":false,"_kad_post_transparent":"default","_kad_post_title":"default","_kad_post_layout":"right","_kad_post_sidebar_id":"","_kad_post_content_style":"default","_kad_post_vertical_padding":"default","_kad_post_feature":"","_kad_post_feature_position":"","_kad_post_header":false,"_kad_post_footer":false,"_kad_post_classname":"","footnotes":""},"class_list":["post-1477","page","type-page","status-publish","has-post-thumbnail","hentry"],"yoast_head":"<!-- This site is optimized with the Yoast SEO Premium plugin v22.9 (Yoast SEO v27.5) - https:\/\/yoast.com\/product\/yoast-seo-premium-wordpress\/ -->\n<title>EU F\u00fchrerschein kaufen - Authenticdocs 2026<\/title>\n<meta name=\"description\" content=\"Kaufen Sie einen EU-F\u00fchrerschein sicher und schnell bei einer zuverl\u00e4ssigen Agentur wie Authenticdocs EU F\u00fchrerschein kaufen\" \/>\n<meta name=\"robots\" content=\"index, follow, max-snippet:-1, max-image-preview:large, max-video-preview:-1\" \/>\n<link rel=\"canonical\" href=\"https:\/\/authenticdocsuk.com\/ro\/eu-fuhrerschein-kaufen\/\" \/>\n<meta property=\"og:locale\" content=\"ro_RO\" \/>\n<meta property=\"og:type\" content=\"article\" \/>\n<meta property=\"og:title\" content=\"EU F\u00fchrerschein kaufen\" \/>\n<meta property=\"og:description\" content=\"Kaufen Sie einen EU-F\u00fchrerschein sicher und schnell bei einer zuverl\u00e4ssigen Agentur wie Authenticdocs EU F\u00fchrerschein kaufen\" \/>\n<meta property=\"og:url\" content=\"https:\/\/authenticdocsuk.com\/ro\/eu-fuhrerschein-kaufen\/\" \/>\n<meta property=\"og:site_name\" content=\"Authenticdocs\" \/>\n<meta property=\"article:modified_time\" content=\"2025-03-17T10:40:50+00:00\" \/>\n<meta property=\"og:image\" content=\"https:\/\/authenticdocsuk.com\/wp-content\/uploads\/2024\/05\/EU-Fuhrerschein-kaufen.jpg\" \/>\n\t<meta property=\"og:image:width\" content=\"1600\" \/>\n\t<meta property=\"og:image:height\" content=\"900\" \/>\n\t<meta property=\"og:image:type\" content=\"image\/jpeg\" \/>\n<meta name=\"twitter:card\" content=\"summary_large_image\" \/>\n<meta name=\"twitter:label1\" content=\"Timp estimat pentru citire\" \/>\n\t<meta name=\"twitter:data1\" content=\"2 minute\" \/>\n<script type=\"application\/ld+json\" class=\"yoast-schema-graph\">{\"@context\":\"https:\\\/\\\/schema.org\",\"@graph\":[{\"@type\":\"WebPage\",\"@id\":\"https:\\\/\\\/authenticdocsuk.com\\\/eu-fuhrerschein-kaufen\\\/\",\"url\":\"https:\\\/\\\/authenticdocsuk.com\\\/eu-fuhrerschein-kaufen\\\/\",\"name\":\"EU F\u00fchrerschein kaufen - Authenticdocs 2026\",\"isPartOf\":{\"@id\":\"https:\\\/\\\/authenticdocsuk.com\\\/#website\"},\"primaryImageOfPage\":{\"@id\":\"https:\\\/\\\/authenticdocsuk.com\\\/eu-fuhrerschein-kaufen\\\/#primaryimage\"},\"image\":{\"@id\":\"https:\\\/\\\/authenticdocsuk.com\\\/eu-fuhrerschein-kaufen\\\/#primaryimage\"},\"thumbnailUrl\":\"https:\\\/\\\/authenticdocsuk.com\\\/wp-content\\\/uploads\\\/2024\\\/05\\\/EU-Fuhrerschein-kaufen.jpg\",\"datePublished\":\"2024-05-29T19:19:03+00:00\",\"dateModified\":\"2025-03-17T10:40:50+00:00\",\"description\":\"Kaufen Sie einen EU-F\u00fchrerschein sicher und schnell bei einer zuverl\u00e4ssigen Agentur wie Authenticdocs EU F\u00fchrerschein kaufen\",\"breadcrumb\":{\"@id\":\"https:\\\/\\\/authenticdocsuk.com\\\/eu-fuhrerschein-kaufen\\\/#breadcrumb\"},\"inLanguage\":\"ro-RO\",\"potentialAction\":[{\"@type\":\"ReadAction\",\"target\":[\"https:\\\/\\\/authenticdocsuk.com\\\/eu-fuhrerschein-kaufen\\\/\"]}]},{\"@type\":\"ImageObject\",\"inLanguage\":\"ro-RO\",\"@id\":\"https:\\\/\\\/authenticdocsuk.com\\\/eu-fuhrerschein-kaufen\\\/#primaryimage\",\"url\":\"https:\\\/\\\/authenticdocsuk.com\\\/wp-content\\\/uploads\\\/2024\\\/05\\\/EU-Fuhrerschein-kaufen.jpg\",\"contentUrl\":\"https:\\\/\\\/authenticdocsuk.com\\\/wp-content\\\/uploads\\\/2024\\\/05\\\/EU-Fuhrerschein-kaufen.jpg\",\"width\":1600,\"height\":900,\"caption\":\"EU F\u00fchrerschein kaufen\"},{\"@type\":\"BreadcrumbList\",\"@id\":\"https:\\\/\\\/authenticdocsuk.com\\\/eu-fuhrerschein-kaufen\\\/#breadcrumb\",\"itemListElement\":[{\"@type\":\"ListItem\",\"position\":1,\"name\":\"Home\",\"item\":\"https:\\\/\\\/authenticdocsuk.com\\\/\"},{\"@type\":\"ListItem\",\"position\":2,\"name\":\"EU F\u00fchrerschein kaufen\"}]},{\"@type\":\"WebSite\",\"@id\":\"https:\\\/\\\/authenticdocsuk.com\\\/#website\",\"url\":\"https:\\\/\\\/authenticdocsuk.com\\\/\",\"name\":\"Authenticdocs\",\"description\":\"Dokumente online kaufen\",\"publisher\":{\"@id\":\"https:\\\/\\\/authenticdocsuk.com\\\/#organization\"},\"potentialAction\":[{\"@type\":\"SearchAction\",\"target\":{\"@type\":\"EntryPoint\",\"urlTemplate\":\"https:\\\/\\\/authenticdocsuk.com\\\/?s={search_term_string}\"},\"query-input\":{\"@type\":\"PropertyValueSpecification\",\"valueRequired\":true,\"valueName\":\"search_term_string\"}}],\"inLanguage\":\"ro-RO\"},{\"@type\":\"Organization\",\"@id\":\"https:\\\/\\\/authenticdocsuk.com\\\/#organization\",\"name\":\"Authenticdocs\",\"url\":\"https:\\\/\\\/authenticdocsuk.com\\\/\",\"logo\":{\"@type\":\"ImageObject\",\"inLanguage\":\"ro-RO\",\"@id\":\"https:\\\/\\\/authenticdocsuk.com\\\/#\\\/schema\\\/logo\\\/image\\\/\",\"url\":\"https:\\\/\\\/authenticdocsuk.com\\\/wp-content\\\/uploads\\\/2024\\\/06\\\/Dokumente-kaufen-logo-white.webp\",\"contentUrl\":\"https:\\\/\\\/authenticdocsuk.com\\\/wp-content\\\/uploads\\\/2024\\\/06\\\/Dokumente-kaufen-logo-white.webp\",\"width\":1598,\"height\":329,\"caption\":\"Authenticdocs\"},\"image\":{\"@id\":\"https:\\\/\\\/authenticdocsuk.com\\\/#\\\/schema\\\/logo\\\/image\\\/\"}}]}<\/script>\n<!-- \/ Yoast SEO Premium plugin. -->","yoast_head_json":{"title":"EU F\u00fchrerschein kaufen - Authenticdocs 2026","description":"Kaufen Sie einen EU-F\u00fchrerschein sicher und schnell bei einer zuverl\u00e4ssigen Agentur wie Authenticdocs EU F\u00fchrerschein kaufen","robots":{"index":"index","follow":"follow","max-snippet":"max-snippet:-1","max-image-preview":"max-image-preview:large","max-video-preview":"max-video-preview:-1"},"canonical":"https:\/\/authenticdocsuk.com\/ro\/eu-fuhrerschein-kaufen\/","og_locale":"ro_RO","og_type":"article","og_title":"EU F\u00fchrerschein kaufen","og_description":"Kaufen Sie einen EU-F\u00fchrerschein sicher und schnell bei einer zuverl\u00e4ssigen Agentur wie Authenticdocs EU F\u00fchrerschein kaufen","og_url":"https:\/\/authenticdocsuk.com\/ro\/eu-fuhrerschein-kaufen\/","og_site_name":"Authenticdocs","article_modified_time":"2025-03-17T10:40:50+00:00","og_image":[{"width":1600,"height":900,"url":"https:\/\/authenticdocsuk.com\/wp-content\/uploads\/2024\/05\/EU-Fuhrerschein-kaufen.jpg","type":"image\/jpeg"}],"twitter_card":"summary_large_image","twitter_misc":{"Timp estimat pentru citire":"2 minute"},"schema":{"@context":"https:\/\/schema.org","@graph":[{"@type":"WebPage","@id":"https:\/\/authenticdocsuk.com\/eu-fuhrerschein-kaufen\/","url":"https:\/\/authenticdocsuk.com\/eu-fuhrerschein-kaufen\/","name":"EU F\u00fchrerschein kaufen - Authenticdocs 2026","isPartOf":{"@id":"https:\/\/authenticdocsuk.com\/#website"},"primaryImageOfPage":{"@id":"https:\/\/authenticdocsuk.com\/eu-fuhrerschein-kaufen\/#primaryimage"},"image":{"@id":"https:\/\/authenticdocsuk.com\/eu-fuhrerschein-kaufen\/#primaryimage"},"thumbnailUrl":"https:\/\/authenticdocsuk.com\/wp-content\/uploads\/2024\/05\/EU-Fuhrerschein-kaufen.jpg","datePublished":"2024-05-29T19:19:03+00:00","dateModified":"2025-03-17T10:40:50+00:00","description":"Kaufen Sie einen EU-F\u00fchrerschein sicher und schnell bei einer zuverl\u00e4ssigen Agentur wie Authenticdocs EU F\u00fchrerschein kaufen","breadcrumb":{"@id":"https:\/\/authenticdocsuk.com\/eu-fuhrerschein-kaufen\/#breadcrumb"},"inLanguage":"ro-RO","potentialAction":[{"@type":"ReadAction","target":["https:\/\/authenticdocsuk.com\/eu-fuhrerschein-kaufen\/"]}]},{"@type":"ImageObject","inLanguage":"ro-RO","@id":"https:\/\/authenticdocsuk.com\/eu-fuhrerschein-kaufen\/#primaryimage","url":"https:\/\/authenticdocsuk.com\/wp-content\/uploads\/2024\/05\/EU-Fuhrerschein-kaufen.jpg","contentUrl":"https:\/\/authenticdocsuk.com\/wp-content\/uploads\/2024\/05\/EU-Fuhrerschein-kaufen.jpg","width":1600,"height":900,"caption":"EU F\u00fchrerschein kaufen"},{"@type":"BreadcrumbList","@id":"https:\/\/authenticdocsuk.com\/eu-fuhrerschein-kaufen\/#breadcrumb","itemListElement":[{"@type":"ListItem","position":1,"name":"Home","item":"https:\/\/authenticdocsuk.com\/"},{"@type":"ListItem","position":2,"name":"EU F\u00fchrerschein kaufen"}]},{"@type":"WebSite","@id":"https:\/\/authenticdocsuk.com\/#website","url":"https:\/\/authenticdocsuk.com\/","name":"Authenticdocs","description":"Dokumente online kaufen","publisher":{"@id":"https:\/\/authenticdocsuk.com\/#organization"},"potentialAction":[{"@type":"SearchAction","target":{"@type":"EntryPoint","urlTemplate":"https:\/\/authenticdocsuk.com\/?s={search_term_string}"},"query-input":{"@type":"PropertyValueSpecification","valueRequired":true,"valueName":"search_term_string"}}],"inLanguage":"ro-RO"},{"@type":"Organization","@id":"https:\/\/authenticdocsuk.com\/#organization","name":"Authenticdocs","url":"https:\/\/authenticdocsuk.com\/","logo":{"@type":"ImageObject","inLanguage":"ro-RO","@id":"https:\/\/authenticdocsuk.com\/#\/schema\/logo\/image\/","url":"https:\/\/authenticdocsuk.com\/wp-content\/uploads\/2024\/06\/Dokumente-kaufen-logo-white.webp","contentUrl":"https:\/\/authenticdocsuk.com\/wp-content\/uploads\/2024\/06\/Dokumente-kaufen-logo-white.webp","width":1598,"height":329,"caption":"Authenticdocs"},"image":{"@id":"https:\/\/authenticdocsuk.com\/#\/schema\/logo\/image\/"}}]}},"_links":{"self":[{"href":"https:\/\/authenticdocsuk.com\/ro\/wp-json\/wp\/v2\/pages\/1477","targetHints":{"allow":["GET"]}}],"collection":[{"href":"https:\/\/authenticdocsuk.com\/ro\/wp-json\/wp\/v2\/pages"}],"about":[{"href":"https:\/\/authenticdocsuk.com\/ro\/wp-json\/wp\/v2\/types\/page"}],"author":[{"embeddable":true,"href":"https:\/\/authenticdocsuk.com\/ro\/wp-json\/wp\/v2\/users\/1"}],"replies":[{"embeddable":true,"href":"https:\/\/authenticdocsuk.com\/ro\/wp-json\/wp\/v2\/comments?post=1477"}],"version-history":[{"count":3,"href":"https:\/\/authenticdocsuk.com\/ro\/wp-json\/wp\/v2\/pages\/1477\/revisions"}],"predecessor-version":[{"id":1623,"href":"https:\/\/authenticdocsuk.com\/ro\/wp-json\/wp\/v2\/pages\/1477\/revisions\/1623"}],"wp:featuredmedia":[{"embeddable":true,"href":"https:\/\/authenticdocsuk.com\/ro\/wp-json\/wp\/v2\/media\/1478"}],"wp:attachment":[{"href":"https:\/\/authenticdocsuk.com\/ro\/wp-json\/wp\/v2\/media?parent=1477"}],"curies":[{"name":"wp","href":"https:\/\/api.w.org\/{rel}","templated":true}]}}