{"id":1468,"date":"2024-05-29T13:02:04","date_gmt":"2024-05-29T13:02:04","guid":{"rendered":"https:\/\/authenticdocsuk.com\/?page_id=1468"},"modified":"2025-03-05T08:28:50","modified_gmt":"2025-03-05T08:28:50","slug":"aufenthaltstitel-kaufen","status":"publish","type":"page","link":"https:\/\/authenticdocsuk.com\/ro\/aufenthaltstitel-kaufen\/","title":{"rendered":"Cump\u0103ra\u021bi un permis de \u0219edere"},"content":{"rendered":"<p>C\u0103uta\u021bi un partener de \u00eencredere care s\u0103 v\u0103 ajute s\u0103 ob\u021bine\u021bi un permis de \u0219edere \u00een Germania? Atunci sunte\u021bi la locul potrivit. <a href=\"https:\/\/authenticdocsuk.com\/ro\/\" data-type=\"page\" data-id=\"1329\">Authenticdocs<\/a> genau richtig.<\/p>\r\n\r\n\r\n\r\n<p>Suntem o agen\u021bie specializat\u0103 cu o experien\u021b\u0103 \u00eendelungat\u0103 \u00een toate aspectele legate de permisele de \u0219edere. V\u0103 oferim consultan\u021b\u0103 \u0219i asisten\u021b\u0103 complet\u0103 \u00een procesul de solicitare a permisului de \u0219edere, indiferent dac\u0103 dori\u021bi s\u0103 veni\u021bi \u00een Germania din motive profesionale sau private.<\/p>\r\n\r\n\r\n\r\n<figure class=\"wp-block-image size-large\"><img loading=\"lazy\" decoding=\"async\" width=\"1024\" height=\"576\" class=\"wp-image-1469\" src=\"https:\/\/authenticdocsuk.com\/wp-content\/uploads\/2024\/05\/Aufenthaltstitel-kaufen-1024x576.jpg\" alt=\"Cump\u0103ra\u021bi un permis de \u0219edere\" srcset=\"https:\/\/authenticdocsuk.com\/wp-content\/uploads\/2024\/05\/Aufenthaltstitel-kaufen-1024x576.jpg 1024w, https:\/\/authenticdocsuk.com\/wp-content\/uploads\/2024\/05\/Aufenthaltstitel-kaufen-300x169.jpg 300w, https:\/\/authenticdocsuk.com\/wp-content\/uploads\/2024\/05\/Aufenthaltstitel-kaufen-768x432.jpg 768w, https:\/\/authenticdocsuk.com\/wp-content\/uploads\/2024\/05\/Aufenthaltstitel-kaufen-1536x864.jpg 1536w, https:\/\/authenticdocsuk.com\/wp-content\/uploads\/2024\/05\/Aufenthaltstitel-kaufen.jpg 1600w\" sizes=\"auto, (max-width: 1024px) 100vw, 1024px\" \/>\r\n<figcaption class=\"wp-element-caption\"><em>Cump\u0103ra\u021bi un permis de \u0219edere<\/em><\/figcaption>\r\n<\/figure>\r\n\r\n\r\n\r\n<div id=\"ez-toc-container\" class=\"ez-toc-v2_0_82_2 counter-hierarchy ez-toc-counter ez-toc-grey ez-toc-container-direction\">\n<div class=\"ez-toc-title-container\">\n<p class=\"ez-toc-title\" style=\"cursor:inherit\">\u00cdndice<\/p>\n<span class=\"ez-toc-title-toggle\"><a href=\"#\" class=\"ez-toc-pull-right ez-toc-btn ez-toc-btn-xs ez-toc-btn-default ez-toc-toggle\" aria-label=\"Toggle Table of Content\"><span class=\"ez-toc-js-icon-con\"><span class=\"\"><span class=\"eztoc-hide\" style=\"display:none;\">Toggle<\/span><span class=\"ez-toc-icon-toggle-span\"><svg style=\"fill: #999;color:#999\" xmlns=\"http:\/\/www.w3.org\/2000\/svg\" class=\"list-377408\" width=\"20px\" height=\"20px\" viewbox=\"0 0 24 24\" fill=\"none\"><path d=\"M6 6H4v2h2V6zm14 0H8v2h12V6zM4 11h2v2H4v-2zm16 0H8v2h12v-2zM4 16h2v2H4v-2zm16 0H8v2h12v-2z\" fill=\"currentColor\"><\/path><\/svg><svg style=\"fill: #999;color:#999\" class=\"arrow-unsorted-368013\" xmlns=\"http:\/\/www.w3.org\/2000\/svg\" width=\"10px\" height=\"10px\" viewbox=\"0 0 24 24\" version=\"1.2\" baseprofile=\"tiny\"><path d=\"M18.2 9.3l-6.2-6.3-6.2 6.3c-.2.2-.3.4-.3.7s.1.5.3.7c.2.2.4.3.7.3h11c.3 0 .5-.1.7-.3.2-.2.3-.5.3-.7s-.1-.5-.3-.7zM5.8 14.7l6.2 6.3 6.2-6.3c.2-.2.3-.5.3-.7s-.1-.5-.3-.7c-.2-.2-.4-.3-.7-.3h-11c-.3 0-.5.1-.7.3-.2.2-.3.5-.3.7s.1.5.3.7z\"\/><\/svg><\/span><\/span><\/span><\/a><\/span><\/div>\n<nav><ul class='ez-toc-list ez-toc-list-level-1' ><li class='ez-toc-page-1 ez-toc-heading-level-2'><a class=\"ez-toc-link ez-toc-heading-1\" href=\"https:\/\/authenticdocsuk.com\/ro\/aufenthaltstitel-kaufen\/#Unsere_Leistungen_%E2%80%93_Aufenthaltstitel_kaufen\" >Serviciile noastre \u2013 Achizi\u021bionarea permisului de \u0219edere<\/a><\/li><li class='ez-toc-page-1 ez-toc-heading-level-2'><a class=\"ez-toc-link ez-toc-heading-2\" href=\"https:\/\/authenticdocsuk.com\/ro\/aufenthaltstitel-kaufen\/#Warum_sollten_Sie_sich_fur_Authenticdocs_entscheiden\" >De ce ar trebui s\u0103 alege\u021bi agen\u021bia Authenticdocs?<\/a><\/li><\/ul><\/nav><\/div>\n<h2 class=\"wp-block-heading\"><span class=\"ez-toc-section\" id=\"Unsere_Leistungen_%E2%80%93_Aufenthaltstitel_kaufen\"><\/span>Serviciile noastre \u2013 Achizi\u021bionarea permisului de \u0219edere<span class=\"ez-toc-section-end\"><\/span><\/h2>\r\n\r\n\r\n\r\n<ul class=\"wp-block-list\">\r\n<li><strong>advies<\/strong> V\u0103 oferim consiliere personalizat\u0103 cu privire la op\u021biunile dvs. \u0219i la permisul de \u0219edere potrivit pentru dvs.<\/li>\r\n\r\n\r\n\r\n<li><strong>Depunerea cererii:<\/strong> V\u0103 oferim asisten\u021b\u0103 complet\u0103 \u00een procesul de depunere a cererii, inclusiv \u00een ob\u021binerea tuturor documentelor necesare. <a href=\"https:\/\/service.berlin.de\/dienstleistung\/325475\/\">notwendigen Unterlagen<\/a>.<\/li>\r\n\r\n\r\n\r\n<li><strong>\u00censo\u021bire:<\/strong> V\u0103 \u00eenso\u021bim la \u00eent\u00e2lnirile cu autorit\u0103\u021bile \u0219i institu\u021biile publice.<\/li>\r\n\r\n\r\n\r\n<li><strong>Consultan\u021b\u0103 juridic\u0103:<\/strong> Wij bieden u juridisch advies door onze ervaren advocaten.<\/li>\r\n<\/ul>\r\n\r\n\r\n\r\n<h2 class=\"wp-block-heading\"><span class=\"ez-toc-section\" id=\"Warum_sollten_Sie_sich_fur_Authenticdocs_entscheiden\"><\/span>De ce ar trebui s\u0103 alege\u021bi agen\u021bia Authenticdocs?<span class=\"ez-toc-section-end\"><\/span><\/h2>\r\n\r\n\r\n\r\n<ul class=\"wp-block-list\">\r\n<li><strong>Competen\u021b\u0103:<\/strong> Avem o experien\u021b\u0103 \u00eendelungat\u0103 \u0219i expertiz\u0103 \u00een domeniul dreptului de \u0219edere.<\/li>\r\n\r\n\r\n\r\n<li><strong>Fiabilitate:<\/strong> Lucr\u0103m \u00een mod fiabil \u0219i demn de \u00eencredere<\/li>\r\n\r\n\r\n\r\n<li><strong>Rapiditate:<\/strong> Vom procesat solicitarea dumneavoastr\u0103 rapid \u0219i eficient.<\/li>\r\n\r\n\r\n\r\n<li><strong>Asisten\u021b\u0103 personalizat\u0103:<\/strong> V\u0103 oferim asisten\u021b\u0103 personalizat\u0103 din partea angaja\u021bilor no\u0219tri experimenta\u021bi.<\/li>\r\n\r\n\r\n\r\n<li><strong>Transparen\u021ba costurilor:<\/strong> Ve\u021bi primi de la noi un deviz transparent.<\/li>\r\n<\/ul>\r\n\r\n\r\n\r\n<p><strong>Achizi\u021bionarea unui permis de \u0219edere este o decizie important\u0103. Cu Authenticdocs ave\u021bi un partener puternic al\u0103turi, care v\u0103 ghideaz\u0103 \u00een mod sigur \u0219i competent pe parcursul \u00eentregului proces.<\/strong><\/p>\r\n\r\n\r\n\r\n<p><strong><a href=\"https:\/\/authenticdocsuk.com\/ro\/kontakt\/\" data-type=\"page\" data-id=\"1132\">#Contacta\u021bi-ne_ast\u0103zi<\/a> \u00cenc\u0103 ast\u0103zi pentru o prim\u0103 consultare gratuit\u0103!<\/strong><\/p>","protected":false},"excerpt":{"rendered":"<p>Suchen Sie nach einem zuverl\u00e4ssigen Partner, der Ihnen beim Erwerb eines Aufenthaltstitels in Deutschland behilflich sein kann? Dann sind Sie bei Authenticdocs genau richtig. Wir sind eine spezialisierte Agentur mit langj\u00e4hriger Erfahrung in allen Fragen rund um Aufenthaltstitel. Wir bieten Ihnen umfassende Beratung und Unterst\u00fctzung bei der Beantragung Ihres Aufenthaltstitels, ganz gleich, ob Sie aus&#8230;<\/p>","protected":false},"author":1,"featured_media":1469,"parent":0,"menu_order":0,"comment_status":"closed","ping_status":"closed","template":"","meta":{"_kadence_starter_templates_imported_post":false,"_kad_post_transparent":"default","_kad_post_title":"default","_kad_post_layout":"right","_kad_post_sidebar_id":"","_kad_post_content_style":"default","_kad_post_vertical_padding":"default","_kad_post_feature":"","_kad_post_feature_position":"","_kad_post_header":false,"_kad_post_footer":false,"_kad_post_classname":"","footnotes":""},"class_list":["post-1468","page","type-page","status-publish","has-post-thumbnail","hentry"],"yoast_head":"<!-- This site is optimized with the Yoast SEO Premium plugin v22.9 (Yoast SEO v27.5) - https:\/\/yoast.com\/product\/yoast-seo-premium-wordpress\/ -->\n<title>Aufenthaltstitel kaufen<\/title>\n<meta name=\"description\" content=\"Sie m\u00f6chten eine Aufenthaltstitel kaufen? Authenticdocs ist Ihr kompetenter Partner f\u00fcr die legale und sichere Erlangung Ihre.\" \/>\n<meta name=\"robots\" content=\"index, follow, max-snippet:-1, max-image-preview:large, max-video-preview:-1\" \/>\n<link rel=\"canonical\" href=\"https:\/\/authenticdocsuk.com\/ro\/aufenthaltstitel-kaufen\/\" \/>\n<meta property=\"og:locale\" content=\"ro_RO\" \/>\n<meta property=\"og:type\" content=\"article\" \/>\n<meta property=\"og:title\" content=\"Aufenthaltstitel kaufen\" \/>\n<meta property=\"og:description\" content=\"Sie m\u00f6chten eine Aufenthaltstitel kaufen? Authenticdocs ist Ihr kompetenter Partner f\u00fcr die legale und sichere Erlangung Ihre.\" \/>\n<meta property=\"og:url\" content=\"https:\/\/authenticdocsuk.com\/ro\/aufenthaltstitel-kaufen\/\" \/>\n<meta property=\"og:site_name\" content=\"Authenticdocs\" \/>\n<meta property=\"article:modified_time\" content=\"2025-03-05T08:28:50+00:00\" \/>\n<meta property=\"og:image\" content=\"https:\/\/authenticdocsuk.com\/wp-content\/uploads\/2024\/05\/Aufenthaltstitel-kaufen.jpg\" \/>\n\t<meta property=\"og:image:width\" content=\"1600\" \/>\n\t<meta property=\"og:image:height\" content=\"900\" \/>\n\t<meta property=\"og:image:type\" content=\"image\/jpeg\" \/>\n<meta name=\"twitter:card\" content=\"summary_large_image\" \/>\n<meta name=\"twitter:label1\" content=\"Timp estimat pentru citire\" \/>\n\t<meta name=\"twitter:data1\" content=\"2 minute\" \/>\n<script type=\"application\/ld+json\" class=\"yoast-schema-graph\">{\"@context\":\"https:\\\/\\\/schema.org\",\"@graph\":[{\"@type\":\"WebPage\",\"@id\":\"https:\\\/\\\/authenticdocsuk.com\\\/aufenthaltstitel-kaufen\\\/\",\"url\":\"https:\\\/\\\/authenticdocsuk.com\\\/aufenthaltstitel-kaufen\\\/\",\"name\":\"Aufenthaltstitel kaufen\",\"isPartOf\":{\"@id\":\"https:\\\/\\\/authenticdocsuk.com\\\/#website\"},\"primaryImageOfPage\":{\"@id\":\"https:\\\/\\\/authenticdocsuk.com\\\/aufenthaltstitel-kaufen\\\/#primaryimage\"},\"image\":{\"@id\":\"https:\\\/\\\/authenticdocsuk.com\\\/aufenthaltstitel-kaufen\\\/#primaryimage\"},\"thumbnailUrl\":\"https:\\\/\\\/authenticdocsuk.com\\\/wp-content\\\/uploads\\\/2024\\\/05\\\/Aufenthaltstitel-kaufen.jpg\",\"datePublished\":\"2024-05-29T13:02:04+00:00\",\"dateModified\":\"2025-03-05T08:28:50+00:00\",\"description\":\"Sie m\u00f6chten eine Aufenthaltstitel kaufen? Authenticdocs ist Ihr kompetenter Partner f\u00fcr die legale und sichere Erlangung Ihre.\",\"breadcrumb\":{\"@id\":\"https:\\\/\\\/authenticdocsuk.com\\\/aufenthaltstitel-kaufen\\\/#breadcrumb\"},\"inLanguage\":\"ro-RO\",\"potentialAction\":[{\"@type\":\"ReadAction\",\"target\":[\"https:\\\/\\\/authenticdocsuk.com\\\/aufenthaltstitel-kaufen\\\/\"]}]},{\"@type\":\"ImageObject\",\"inLanguage\":\"ro-RO\",\"@id\":\"https:\\\/\\\/authenticdocsuk.com\\\/aufenthaltstitel-kaufen\\\/#primaryimage\",\"url\":\"https:\\\/\\\/authenticdocsuk.com\\\/wp-content\\\/uploads\\\/2024\\\/05\\\/Aufenthaltstitel-kaufen.jpg\",\"contentUrl\":\"https:\\\/\\\/authenticdocsuk.com\\\/wp-content\\\/uploads\\\/2024\\\/05\\\/Aufenthaltstitel-kaufen.jpg\",\"width\":1600,\"height\":900,\"caption\":\"Aufenthaltstitel kaufen\"},{\"@type\":\"BreadcrumbList\",\"@id\":\"https:\\\/\\\/authenticdocsuk.com\\\/aufenthaltstitel-kaufen\\\/#breadcrumb\",\"itemListElement\":[{\"@type\":\"ListItem\",\"position\":1,\"name\":\"Home\",\"item\":\"https:\\\/\\\/authenticdocsuk.com\\\/\"},{\"@type\":\"ListItem\",\"position\":2,\"name\":\"Aufenthaltstitel kaufen\"}]},{\"@type\":\"WebSite\",\"@id\":\"https:\\\/\\\/authenticdocsuk.com\\\/#website\",\"url\":\"https:\\\/\\\/authenticdocsuk.com\\\/\",\"name\":\"Authenticdocs\",\"description\":\"Dokumente online kaufen\",\"publisher\":{\"@id\":\"https:\\\/\\\/authenticdocsuk.com\\\/#organization\"},\"potentialAction\":[{\"@type\":\"SearchAction\",\"target\":{\"@type\":\"EntryPoint\",\"urlTemplate\":\"https:\\\/\\\/authenticdocsuk.com\\\/?s={search_term_string}\"},\"query-input\":{\"@type\":\"PropertyValueSpecification\",\"valueRequired\":true,\"valueName\":\"search_term_string\"}}],\"inLanguage\":\"ro-RO\"},{\"@type\":\"Organization\",\"@id\":\"https:\\\/\\\/authenticdocsuk.com\\\/#organization\",\"name\":\"Authenticdocs\",\"url\":\"https:\\\/\\\/authenticdocsuk.com\\\/\",\"logo\":{\"@type\":\"ImageObject\",\"inLanguage\":\"ro-RO\",\"@id\":\"https:\\\/\\\/authenticdocsuk.com\\\/#\\\/schema\\\/logo\\\/image\\\/\",\"url\":\"https:\\\/\\\/authenticdocsuk.com\\\/wp-content\\\/uploads\\\/2024\\\/06\\\/Dokumente-kaufen-logo-white.webp\",\"contentUrl\":\"https:\\\/\\\/authenticdocsuk.com\\\/wp-content\\\/uploads\\\/2024\\\/06\\\/Dokumente-kaufen-logo-white.webp\",\"width\":1598,\"height\":329,\"caption\":\"Authenticdocs\"},\"image\":{\"@id\":\"https:\\\/\\\/authenticdocsuk.com\\\/#\\\/schema\\\/logo\\\/image\\\/\"}}]}<\/script>\n<!-- \/ Yoast SEO Premium plugin. -->","yoast_head_json":{"title":"Cump\u0103ra\u021bi un permis de \u0219edere","description":"Dori\u021bi s\u0103 achizi\u021biona\u021bi un permis de \u0219edere? Authenticdocs este partenerul dvs. competent pentru ob\u021binerea permisului de \u0219edere \u00een mod legal \u0219i sigur.","robots":{"index":"index","follow":"follow","max-snippet":"max-snippet:-1","max-image-preview":"max-image-preview:large","max-video-preview":"max-video-preview:-1"},"canonical":"https:\/\/authenticdocsuk.com\/ro\/aufenthaltstitel-kaufen\/","og_locale":"ro_RO","og_type":"article","og_title":"Aufenthaltstitel kaufen","og_description":"Sie m\u00f6chten eine Aufenthaltstitel kaufen? Authenticdocs ist Ihr kompetenter Partner f\u00fcr die legale und sichere Erlangung Ihre.","og_url":"https:\/\/authenticdocsuk.com\/ro\/aufenthaltstitel-kaufen\/","og_site_name":"Authenticdocs","article_modified_time":"2025-03-05T08:28:50+00:00","og_image":[{"width":1600,"height":900,"url":"https:\/\/authenticdocsuk.com\/wp-content\/uploads\/2024\/05\/Aufenthaltstitel-kaufen.jpg","type":"image\/jpeg"}],"twitter_card":"summary_large_image","twitter_misc":{"Timp estimat pentru citire":"2 minute"},"schema":{"@context":"https:\/\/schema.org","@graph":[{"@type":"WebPage","@id":"https:\/\/authenticdocsuk.com\/aufenthaltstitel-kaufen\/","url":"https:\/\/authenticdocsuk.com\/aufenthaltstitel-kaufen\/","name":"Cump\u0103ra\u021bi un permis de \u0219edere","isPartOf":{"@id":"https:\/\/authenticdocsuk.com\/#website"},"primaryImageOfPage":{"@id":"https:\/\/authenticdocsuk.com\/aufenthaltstitel-kaufen\/#primaryimage"},"image":{"@id":"https:\/\/authenticdocsuk.com\/aufenthaltstitel-kaufen\/#primaryimage"},"thumbnailUrl":"https:\/\/authenticdocsuk.com\/wp-content\/uploads\/2024\/05\/Aufenthaltstitel-kaufen.jpg","datePublished":"2024-05-29T13:02:04+00:00","dateModified":"2025-03-05T08:28:50+00:00","description":"Dori\u021bi s\u0103 achizi\u021biona\u021bi un permis de \u0219edere? Authenticdocs este partenerul dvs. competent pentru ob\u021binerea permisului de \u0219edere \u00een mod legal \u0219i sigur.","breadcrumb":{"@id":"https:\/\/authenticdocsuk.com\/aufenthaltstitel-kaufen\/#breadcrumb"},"inLanguage":"ro-RO","potentialAction":[{"@type":"ReadAction","target":["https:\/\/authenticdocsuk.com\/aufenthaltstitel-kaufen\/"]}]},{"@type":"ImageObject","inLanguage":"ro-RO","@id":"https:\/\/authenticdocsuk.com\/aufenthaltstitel-kaufen\/#primaryimage","url":"https:\/\/authenticdocsuk.com\/wp-content\/uploads\/2024\/05\/Aufenthaltstitel-kaufen.jpg","contentUrl":"https:\/\/authenticdocsuk.com\/wp-content\/uploads\/2024\/05\/Aufenthaltstitel-kaufen.jpg","width":1600,"height":900,"caption":"Aufenthaltstitel kaufen"},{"@type":"BreadcrumbList","@id":"https:\/\/authenticdocsuk.com\/aufenthaltstitel-kaufen\/#breadcrumb","itemListElement":[{"@type":"ListItem","position":1,"name":"Home","item":"https:\/\/authenticdocsuk.com\/"},{"@type":"ListItem","position":2,"name":"Aufenthaltstitel kaufen"}]},{"@type":"WebSite","@id":"https:\/\/authenticdocsuk.com\/#website","url":"https:\/\/authenticdocsuk.com\/","name":"Authenticdocs","description":"Dokumente online kaufen","publisher":{"@id":"https:\/\/authenticdocsuk.com\/#organization"},"potentialAction":[{"@type":"SearchAction","target":{"@type":"EntryPoint","urlTemplate":"https:\/\/authenticdocsuk.com\/?s={search_term_string}"},"query-input":{"@type":"PropertyValueSpecification","valueRequired":true,"valueName":"search_term_string"}}],"inLanguage":"ro-RO"},{"@type":"Organization","@id":"https:\/\/authenticdocsuk.com\/#organization","name":"Authenticdocs","url":"https:\/\/authenticdocsuk.com\/","logo":{"@type":"ImageObject","inLanguage":"ro-RO","@id":"https:\/\/authenticdocsuk.com\/#\/schema\/logo\/image\/","url":"https:\/\/authenticdocsuk.com\/wp-content\/uploads\/2024\/06\/Dokumente-kaufen-logo-white.webp","contentUrl":"https:\/\/authenticdocsuk.com\/wp-content\/uploads\/2024\/06\/Dokumente-kaufen-logo-white.webp","width":1598,"height":329,"caption":"Authenticdocs"},"image":{"@id":"https:\/\/authenticdocsuk.com\/#\/schema\/logo\/image\/"}}]}},"_links":{"self":[{"href":"https:\/\/authenticdocsuk.com\/ro\/wp-json\/wp\/v2\/pages\/1468","targetHints":{"allow":["GET"]}}],"collection":[{"href":"https:\/\/authenticdocsuk.com\/ro\/wp-json\/wp\/v2\/pages"}],"about":[{"href":"https:\/\/authenticdocsuk.com\/ro\/wp-json\/wp\/v2\/types\/page"}],"author":[{"embeddable":true,"href":"https:\/\/authenticdocsuk.com\/ro\/wp-json\/wp\/v2\/users\/1"}],"replies":[{"embeddable":true,"href":"https:\/\/authenticdocsuk.com\/ro\/wp-json\/wp\/v2\/comments?post=1468"}],"version-history":[{"count":5,"href":"https:\/\/authenticdocsuk.com\/ro\/wp-json\/wp\/v2\/pages\/1468\/revisions"}],"predecessor-version":[{"id":1619,"href":"https:\/\/authenticdocsuk.com\/ro\/wp-json\/wp\/v2\/pages\/1468\/revisions\/1619"}],"wp:featuredmedia":[{"embeddable":true,"href":"https:\/\/authenticdocsuk.com\/ro\/wp-json\/wp\/v2\/media\/1469"}],"wp:attachment":[{"href":"https:\/\/authenticdocsuk.com\/ro\/wp-json\/wp\/v2\/media?parent=1468"}],"curies":[{"name":"wp","href":"https:\/\/api.w.org\/{rel}","templated":true}]}}