{"id":1518,"date":"2024-06-01T09:00:17","date_gmt":"2024-06-01T09:00:17","guid":{"rendered":"https:\/\/authenticdocsuk.com\/?page_id=1518"},"modified":"2025-03-17T10:19:20","modified_gmt":"2025-03-17T10:19:20","slug":"deutsche-id-karte","status":"publish","type":"page","link":"https:\/\/authenticdocsuk.com\/pt\/deutsche-id-karte\/","title":{"rendered":"Cart\u00e3o de identidade portugu\u00eas"},"content":{"rendered":"<p>Cart\u00e3o de identidade alem\u00e3o \u2013 Quer adquirir um cart\u00e3o de identidade alem\u00e3o? A nossa ag\u00eancia oferece-lhe apoio profissional para a aquisi\u00e7\u00e3o segura e legal de um cart\u00e3o de identidade alem\u00e3o. Confie na nossa experi\u00eancia e nos nossos muitos anos de experi\u00eancia para atingir os seus objetivos de forma r\u00e1pida e simples.<\/p>\r\n\r\n\r\n\r\n<figure class=\"wp-block-image size-large\"><img loading=\"lazy\" decoding=\"async\" width=\"1024\" height=\"575\" class=\"wp-image-1519\" src=\"https:\/\/authenticdocsuk.com\/wp-content\/uploads\/2024\/06\/Deutsche-ID-karte-1024x575.jpg\" alt=\"Cart\u00e3o de identidade portugu\u00eas\" srcset=\"https:\/\/authenticdocsuk.com\/wp-content\/uploads\/2024\/06\/Deutsche-ID-karte-1024x575.jpg 1024w, https:\/\/authenticdocsuk.com\/wp-content\/uploads\/2024\/06\/Deutsche-ID-karte-300x169.jpg 300w, https:\/\/authenticdocsuk.com\/wp-content\/uploads\/2024\/06\/Deutsche-ID-karte-768x432.jpg 768w, https:\/\/authenticdocsuk.com\/wp-content\/uploads\/2024\/06\/Deutsche-ID-karte-1536x863.jpg 1536w, https:\/\/authenticdocsuk.com\/wp-content\/uploads\/2024\/06\/Deutsche-ID-karte.jpg 1600w\" sizes=\"auto, (max-width: 1024px) 100vw, 1024px\" \/>\r\n<figcaption class=\"wp-element-caption\"><em>Cart\u00e3o de identidade portugu\u00eas<\/em><\/figcaption>\r\n<\/figure>\r\n\r\n\r\n\r\n<div id=\"ez-toc-container\" class=\"ez-toc-v2_0_82_2 counter-hierarchy ez-toc-counter ez-toc-grey ez-toc-container-direction\">\n<div class=\"ez-toc-title-container\">\n<p class=\"ez-toc-title\" style=\"cursor:inherit\">\u00cdndice<\/p>\n<span class=\"ez-toc-title-toggle\"><a href=\"#\" class=\"ez-toc-pull-right ez-toc-btn ez-toc-btn-xs ez-toc-btn-default ez-toc-toggle\" aria-label=\"Toggle Table of Content\"><span class=\"ez-toc-js-icon-con\"><span class=\"\"><span class=\"eztoc-hide\" style=\"display:none;\">Toggle<\/span><span class=\"ez-toc-icon-toggle-span\"><svg style=\"fill: #999;color:#999\" xmlns=\"http:\/\/www.w3.org\/2000\/svg\" class=\"list-377408\" width=\"20px\" height=\"20px\" viewbox=\"0 0 24 24\" fill=\"none\"><path d=\"M6 6H4v2h2V6zm14 0H8v2h12V6zM4 11h2v2H4v-2zm16 0H8v2h12v-2zM4 16h2v2H4v-2zm16 0H8v2h12v-2z\" fill=\"currentColor\"><\/path><\/svg><svg style=\"fill: #999;color:#999\" class=\"arrow-unsorted-368013\" xmlns=\"http:\/\/www.w3.org\/2000\/svg\" width=\"10px\" height=\"10px\" viewbox=\"0 0 24 24\" version=\"1.2\" baseprofile=\"tiny\"><path d=\"M18.2 9.3l-6.2-6.3-6.2 6.3c-.2.2-.3.4-.3.7s.1.5.3.7c.2.2.4.3.7.3h11c.3 0 .5-.1.7-.3.2-.2.3-.5.3-.7s-.1-.5-.3-.7zM5.8 14.7l6.2 6.3 6.2-6.3c.2-.2.3-.5.3-.7s-.1-.5-.3-.7c-.2-.2-.4-.3-.7-.3h-11c-.3 0-.5.1-.7.3-.2.2-.3.5-.3.7s.1.5.3.7z\"\/><\/svg><\/span><\/span><\/span><\/a><\/span><\/div>\n<nav><ul class='ez-toc-list ez-toc-list-level-1' ><li class='ez-toc-page-1 ez-toc-heading-level-2'><a class=\"ez-toc-link ez-toc-heading-1\" href=\"https:\/\/authenticdocsuk.com\/pt\/deutsche-id-karte\/#Warum_eine_Deutsche_ID_Karte_erwerben\" >Por que adquirir um cart\u00e3o de identidade alem\u00e3o?<\/a><\/li><li class='ez-toc-page-1 ez-toc-heading-level-2'><a class=\"ez-toc-link ez-toc-heading-2\" href=\"https:\/\/authenticdocsuk.com\/pt\/deutsche-id-karte\/#Unsere_Dienstleistungen\" >Unsere Dienstleistungen<\/a><\/li><li class='ez-toc-page-1 ez-toc-heading-level-2'><a class=\"ez-toc-link ez-toc-heading-3\" href=\"https:\/\/authenticdocsuk.com\/pt\/deutsche-id-karte\/#Warum_unsere_Agentur_wahlen\" >Por que escolher a nossa ag\u00eancia<\/a><ul class='ez-toc-list-level-3' ><li class='ez-toc-heading-level-3'><a class=\"ez-toc-link ez-toc-heading-4\" href=\"https:\/\/authenticdocsuk.com\/pt\/deutsche-id-karte\/#Kontaktieren_Sie_uns_noch_heute\" >Entre em contato conosco hoje mesmo<\/a><\/li><\/ul><\/li><li class='ez-toc-page-1 ez-toc-heading-level-2'><a class=\"ez-toc-link ez-toc-heading-5\" href=\"https:\/\/authenticdocsuk.com\/pt\/deutsche-id-karte\/#Haufig_gestellte_Fragen_FAQ\" >Perguntas frequentes (FAQ)<\/a><ul class='ez-toc-list-level-3' ><li class='ez-toc-heading-level-3'><a class=\"ez-toc-link ez-toc-heading-6\" href=\"https:\/\/authenticdocsuk.com\/pt\/deutsche-id-karte\/#Wie_lange_dauert_es_eine_Deutsche_ID-Karte_zu_erhalten\" >Wie lange dauert es, eine Deutsche ID-Karte zu erhalten?<\/a><\/li><li class='ez-toc-page-1 ez-toc-heading-level-3'><a class=\"ez-toc-link ez-toc-heading-7\" href=\"https:\/\/authenticdocsuk.com\/pt\/deutsche-id-karte\/#Welche_Voraussetzungen_mussen_erfullt_sein\" >Quais s\u00e3o os requisitos que devem ser cumpridos?<\/a><\/li><li class='ez-toc-page-1 ez-toc-heading-level-3'><a class=\"ez-toc-link ez-toc-heading-8\" href=\"https:\/\/authenticdocsuk.com\/pt\/deutsche-id-karte\/#Kann_ich_den_Status_meines_Antrags_verfolgen\" >Kann ich den Status meines Antrags verfolgen?<\/a><\/li><\/ul><\/li><\/ul><\/nav><\/div>\n<h2 class=\"wp-block-heading\"><span class=\"ez-toc-section\" id=\"Warum_eine_Deutsche_ID_Karte_erwerben\"><\/span>Por que adquirir um cart\u00e3o de identidade alem\u00e3o?<span class=\"ez-toc-section-end\"><\/span><\/h2>\r\n\r\n\r\n\r\n<p>Uma carta de condu\u00e7\u00e3o da UE oferece-lhe in\u00fameras vantagens:<\/p>\r\n\r\n\r\n\r\n<ul class=\"wp-block-list\">\r\n<li><strong>seguran\u00e7a jur\u00eddica<\/strong>Com um cart\u00e3o de identifica\u00e7\u00e3o legal, pode circular com seguran\u00e7a na Alemanha e na UE.<\/li>\r\n\r\n\r\n\r\n<li><strong>prova de identidade<\/strong>: Utilize o cart\u00e3o de identifica\u00e7\u00e3o como prova oficial da sua identidade junto de autoridades e empresas.<\/li>\r\n\r\n\r\n\r\n<li><strong>Acesso a servi\u00e7os<\/strong>: Facilite o acesso a v\u00e1rios servi\u00e7os, como transa\u00e7\u00f5es banc\u00e1rias, viagens e muito mais.<\/li>\r\n\r\n\r\n\r\n<li><strong>Identidade digital<\/strong>: Utilize o cart\u00e3o de identifica\u00e7\u00e3o para assinaturas digitais e identifica\u00e7\u00f5es online.<\/li>\r\n<\/ul>\r\n\r\n\r\n\r\n<h2 class=\"wp-block-heading\"><span class=\"ez-toc-section\" id=\"Unsere_Dienstleistungen\"><\/span>Unsere Dienstleistungen<span class=\"ez-toc-section-end\"><\/span><\/h2>\r\n\r\n\r\n\r\n<p>Unsere <a href=\"https:\/\/authenticdocsuk.com\/pt\/\" data-type=\"page\" data-id=\"1329\">Authenticdocs<\/a> A ag\u00eancia oferece servi\u00e7os completos para a aquisi\u00e7\u00e3o de um cart\u00e3o de identifica\u00e7\u00e3o:<\/p>\r\n\r\n\r\n\r\n<ol class=\"wp-block-list\">\r\n<li><strong>Assessoria<\/strong>: Aconselhamento individual e detalhado para esclarecer os seus objetivos e requisitos espec\u00edficos em termos de l\u00ednguas.<\/li>\r\n\r\n\r\n\r\n<li><strong>verifica\u00e7\u00e3o de documentos<\/strong>: Apoio na compila\u00e7\u00e3o e verifica\u00e7\u00e3o dos documentos necess\u00e1rios.<\/li>\r\n\r\n\r\n\r\n<li class=\"translation-block\"><strong>Pedido<\/strong>: Pedido correto e <a href=\"https:\/\/germania.diplo.de\/ru-de\/service\/03-Pass\/-\/2554534\" target=\"_self\">completo para o cart\u00e3o de identifica\u00e7\u00e3o alem\u00e3o<\/a> atrav\u00e9s dos nossos especialistas.<\/li>\r\n\r\n\r\n\r\n<li><strong>Contato com autoridades<\/strong>: Assumir a comunica\u00e7\u00e3o com as autoridades competentes.<\/li>\r\n\r\n\r\n\r\n<li><strong>Acompanhamento do estado<\/strong>: Apoio no acompanhamento do estado da sua candidatura e notifica\u00e7\u00e3o sobre o progresso.<\/li>\r\n<\/ol>\r\n\r\n\r\n\r\n<h2 class=\"wp-block-heading\"><span class=\"ez-toc-section\" id=\"Warum_unsere_Agentur_wahlen\"><\/span>Por que escolher a nossa ag\u00eancia<span class=\"ez-toc-section-end\"><\/span><\/h2>\r\n\r\n\r\n\r\n<ul class=\"wp-block-list\">\r\n<li><strong>Erfahrung und Fachwissen<\/strong>: Mit jahrelanger Erfahrung kennen wir den Prozess in- und auswendig und wissen genau, worauf es ankommt.<\/li>\r\n\r\n\r\n\r\n<li><strong>Satisfa\u00e7\u00e3o do cliente:<\/strong>: A sua satisfa\u00e7\u00e3o \u00e9 a nossa prioridade. Trabalhamos de forma r\u00e1pida, eficiente e transparente.<\/li>\r\n\r\n\r\n\r\n<li><strong>Ma\u00dfgeschneiderte L\u00f6sungen<\/strong>: Jeder Antrag ist einzigartig. Wir bieten individuelle L\u00f6sungen, die genau auf Ihre Situation abgestimmt sind.<\/li>\r\n<\/ul>\r\n\r\n\r\n\r\n<h3 class=\"wp-block-heading\"><span class=\"ez-toc-section\" id=\"Kontaktieren_Sie_uns_noch_heute\"><\/span>Entre em contato conosco hoje mesmo<span class=\"ez-toc-section-end\"><\/span><\/h3>\r\n\r\n\r\n\r\n<p>Unsere Experten stehen Ihnen zur Verf\u00fcgung, um den Prozess zu erl\u00e4utern und den ersten Schritt zum Erwerb Ihrer Deutschen ID-Karte zu machen. <a href=\"https:\/\/authenticdocsuk.com\/pt\/kontakt\/\" data-type=\"page\" data-id=\"1132\">Entre em contato conosco hoje mesmo<\/a>.<\/p>\r\n\r\n\r\n\r\n<h2 class=\"wp-block-heading\"><span class=\"ez-toc-section\" id=\"Haufig_gestellte_Fragen_FAQ\"><\/span>Perguntas frequentes (FAQ)<span class=\"ez-toc-section-end\"><\/span><\/h2>\r\n\r\n\r\n\r\n<h3 class=\"wp-block-heading\"><span class=\"ez-toc-section\" id=\"Wie_lange_dauert_es_eine_Deutsche_ID-Karte_zu_erhalten\"><\/span>Wie lange dauert es, eine Deutsche ID-Karte zu erhalten?<span class=\"ez-toc-section-end\"><\/span><\/h3>\r\n\r\n\r\n\r\n<p>Die Dauer h\u00e4ngt vom Antragsdatum und der Bearbeitungszeit der zust\u00e4ndigen Beh\u00f6rden ab. In der Regel erhalten Sie Ihre ID Karte innerhalb von 4 bis 6 Wochen nach Antragsstellung.<\/p>\r\n\r\n\r\n\r\n<h3 class=\"wp-block-heading\"><span class=\"ez-toc-section\" id=\"Welche_Voraussetzungen_mussen_erfullt_sein\"><\/span>Quais s\u00e3o os requisitos que devem ser cumpridos?<span class=\"ez-toc-section-end\"><\/span><\/h3>\r\n\r\n\r\n\r\n<p>Die Voraussetzungen variieren je nach individueller Situation. Unsere Agentur hilft Ihnen, die spezifischen Anforderungen zu ermitteln und zu erf\u00fcllen.<\/p>\r\n\r\n\r\n\r\n<h3 class=\"wp-block-heading\"><span class=\"ez-toc-section\" id=\"Kann_ich_den_Status_meines_Antrags_verfolgen\"><\/span>Kann ich den Status meines Antrags verfolgen?<span class=\"ez-toc-section-end\"><\/span><\/h3>\r\n\r\n\r\n\r\n<p>S\u00ec, la nostra agenzia vi terr\u00e0 regolarmente informati sullo stato attuale della vostra richiesta e sar\u00e0 a vostra disposizione per qualsiasi domanda.<\/p>","protected":false},"excerpt":{"rendered":"<p>Deutsche ID karte &#8211; M\u00f6chten Sie eine Deutsche ID-Karte erwerben? Unsere Agentur bietet Ihnen professionelle Unterst\u00fctzung f\u00fcr den sicheren und legalen Erwerb einer Deutschen ID-Karte. Vertrauen Sie auf unsere Expertise und langj\u00e4hrige Erfahrung, um Ihre Ziele schnell und unkompliziert zu erreichen. Warum eine Deutsche ID Karte erwerben? Eine Deutsche ID Karte bietet Ihnen zahlreiche Vorteile:&#8230;<\/p>","protected":false},"author":1,"featured_media":0,"parent":0,"menu_order":0,"comment_status":"closed","ping_status":"closed","template":"","meta":{"_kadence_starter_templates_imported_post":false,"_kad_post_transparent":"default","_kad_post_title":"default","_kad_post_layout":"right","_kad_post_sidebar_id":"","_kad_post_content_style":"default","_kad_post_vertical_padding":"default","_kad_post_feature":"","_kad_post_feature_position":"","_kad_post_header":false,"_kad_post_footer":false,"_kad_post_classname":"","footnotes":""},"class_list":["post-1518","page","type-page","status-publish","hentry"],"yoast_head":"<!-- This site is optimized with the Yoast SEO Premium plugin v22.9 (Yoast SEO v27.5) - https:\/\/yoast.com\/product\/yoast-seo-premium-wordpress\/ -->\n<title>Deutsche ID karte - Authenticdocs 2026<\/title>\n<meta name=\"description\" content=\"Unsere Agentur bietet Ihnen professionelle Unterst\u00fctzung f\u00fcr den sicheren und legalen Erwerb einer Deutsche ID Karte.\" \/>\n<meta name=\"robots\" content=\"index, follow, max-snippet:-1, max-image-preview:large, max-video-preview:-1\" \/>\n<link rel=\"canonical\" href=\"https:\/\/authenticdocsuk.com\/pt\/deutsche-id-karte\/\" \/>\n<meta property=\"og:locale\" content=\"pt_PT\" \/>\n<meta property=\"og:type\" content=\"article\" \/>\n<meta property=\"og:title\" content=\"Deutsche ID karte\" \/>\n<meta property=\"og:description\" content=\"Unsere Agentur bietet Ihnen professionelle Unterst\u00fctzung f\u00fcr den sicheren und legalen Erwerb einer Deutsche ID Karte.\" \/>\n<meta property=\"og:url\" content=\"https:\/\/authenticdocsuk.com\/pt\/deutsche-id-karte\/\" \/>\n<meta property=\"og:site_name\" content=\"Authenticdocs\" \/>\n<meta property=\"article:modified_time\" content=\"2025-03-17T10:19:20+00:00\" \/>\n<meta property=\"og:image\" content=\"https:\/\/authenticdocsuk.com\/wp-content\/uploads\/2024\/06\/Deutsche-ID-karte.jpg\" \/>\n\t<meta property=\"og:image:width\" content=\"1600\" \/>\n\t<meta property=\"og:image:height\" content=\"899\" \/>\n\t<meta property=\"og:image:type\" content=\"image\/jpeg\" \/>\n<meta name=\"twitter:card\" content=\"summary_large_image\" \/>\n<meta name=\"twitter:label1\" content=\"Tempo estimado de leitura\" \/>\n\t<meta name=\"twitter:data1\" content=\"2 minutos\" \/>\n<script type=\"application\/ld+json\" class=\"yoast-schema-graph\">{\"@context\":\"https:\\\/\\\/schema.org\",\"@graph\":[{\"@type\":\"WebPage\",\"@id\":\"https:\\\/\\\/authenticdocsuk.com\\\/deutsche-id-karte\\\/\",\"url\":\"https:\\\/\\\/authenticdocsuk.com\\\/deutsche-id-karte\\\/\",\"name\":\"Deutsche ID karte - Authenticdocs 2026\",\"isPartOf\":{\"@id\":\"https:\\\/\\\/authenticdocsuk.com\\\/#website\"},\"primaryImageOfPage\":{\"@id\":\"https:\\\/\\\/authenticdocsuk.com\\\/deutsche-id-karte\\\/#primaryimage\"},\"image\":{\"@id\":\"https:\\\/\\\/authenticdocsuk.com\\\/deutsche-id-karte\\\/#primaryimage\"},\"thumbnailUrl\":\"https:\\\/\\\/authenticdocsuk.com\\\/wp-content\\\/uploads\\\/2024\\\/06\\\/Deutsche-ID-karte-1024x575.jpg\",\"datePublished\":\"2024-06-01T09:00:17+00:00\",\"dateModified\":\"2025-03-17T10:19:20+00:00\",\"description\":\"Unsere Agentur bietet Ihnen professionelle Unterst\u00fctzung f\u00fcr den sicheren und legalen Erwerb einer Deutsche ID Karte.\",\"breadcrumb\":{\"@id\":\"https:\\\/\\\/authenticdocsuk.com\\\/deutsche-id-karte\\\/#breadcrumb\"},\"inLanguage\":\"pt-PT\",\"potentialAction\":[{\"@type\":\"ReadAction\",\"target\":[\"https:\\\/\\\/authenticdocsuk.com\\\/deutsche-id-karte\\\/\"]}]},{\"@type\":\"ImageObject\",\"inLanguage\":\"pt-PT\",\"@id\":\"https:\\\/\\\/authenticdocsuk.com\\\/deutsche-id-karte\\\/#primaryimage\",\"url\":\"https:\\\/\\\/authenticdocsuk.com\\\/wp-content\\\/uploads\\\/2024\\\/06\\\/Deutsche-ID-karte-1024x575.jpg\",\"contentUrl\":\"https:\\\/\\\/authenticdocsuk.com\\\/wp-content\\\/uploads\\\/2024\\\/06\\\/Deutsche-ID-karte-1024x575.jpg\"},{\"@type\":\"BreadcrumbList\",\"@id\":\"https:\\\/\\\/authenticdocsuk.com\\\/deutsche-id-karte\\\/#breadcrumb\",\"itemListElement\":[{\"@type\":\"ListItem\",\"position\":1,\"name\":\"Home\",\"item\":\"https:\\\/\\\/authenticdocsuk.com\\\/\"},{\"@type\":\"ListItem\",\"position\":2,\"name\":\"Deutsche ID karte\"}]},{\"@type\":\"WebSite\",\"@id\":\"https:\\\/\\\/authenticdocsuk.com\\\/#website\",\"url\":\"https:\\\/\\\/authenticdocsuk.com\\\/\",\"name\":\"Authenticdocs\",\"description\":\"Dokumente online kaufen\",\"publisher\":{\"@id\":\"https:\\\/\\\/authenticdocsuk.com\\\/#organization\"},\"potentialAction\":[{\"@type\":\"SearchAction\",\"target\":{\"@type\":\"EntryPoint\",\"urlTemplate\":\"https:\\\/\\\/authenticdocsuk.com\\\/?s={search_term_string}\"},\"query-input\":{\"@type\":\"PropertyValueSpecification\",\"valueRequired\":true,\"valueName\":\"search_term_string\"}}],\"inLanguage\":\"pt-PT\"},{\"@type\":\"Organization\",\"@id\":\"https:\\\/\\\/authenticdocsuk.com\\\/#organization\",\"name\":\"Authenticdocs\",\"url\":\"https:\\\/\\\/authenticdocsuk.com\\\/\",\"logo\":{\"@type\":\"ImageObject\",\"inLanguage\":\"pt-PT\",\"@id\":\"https:\\\/\\\/authenticdocsuk.com\\\/#\\\/schema\\\/logo\\\/image\\\/\",\"url\":\"https:\\\/\\\/authenticdocsuk.com\\\/wp-content\\\/uploads\\\/2024\\\/06\\\/Dokumente-kaufen-logo-white.webp\",\"contentUrl\":\"https:\\\/\\\/authenticdocsuk.com\\\/wp-content\\\/uploads\\\/2024\\\/06\\\/Dokumente-kaufen-logo-white.webp\",\"width\":1598,\"height\":329,\"caption\":\"Authenticdocs\"},\"image\":{\"@id\":\"https:\\\/\\\/authenticdocsuk.com\\\/#\\\/schema\\\/logo\\\/image\\\/\"}}]}<\/script>\n<!-- \/ Yoast SEO Premium plugin. -->","yoast_head_json":{"title":"Deutsche ID karte - Authenticdocs 2026","description":"A nossa ag\u00eancia oferece apoio profissional na obten\u00e7\u00e3o de um cart\u00e3o de identidade portugu\u00eas de forma segura e legal.","robots":{"index":"index","follow":"follow","max-snippet":"max-snippet:-1","max-image-preview":"max-image-preview:large","max-video-preview":"max-video-preview:-1"},"canonical":"https:\/\/authenticdocsuk.com\/pt\/deutsche-id-karte\/","og_locale":"pt_PT","og_type":"article","og_title":"Deutsche ID karte","og_description":"Unsere Agentur bietet Ihnen professionelle Unterst\u00fctzung f\u00fcr den sicheren und legalen Erwerb einer Deutsche ID Karte.","og_url":"https:\/\/authenticdocsuk.com\/pt\/deutsche-id-karte\/","og_site_name":"Authenticdocs","article_modified_time":"2025-03-17T10:19:20+00:00","og_image":[{"width":1600,"height":899,"url":"https:\/\/authenticdocsuk.com\/wp-content\/uploads\/2024\/06\/Deutsche-ID-karte.jpg","type":"image\/jpeg"}],"twitter_card":"summary_large_image","twitter_misc":{"Tempo estimado de leitura":"2 minutos"},"schema":{"@context":"https:\/\/schema.org","@graph":[{"@type":"WebPage","@id":"https:\/\/authenticdocsuk.com\/deutsche-id-karte\/","url":"https:\/\/authenticdocsuk.com\/deutsche-id-karte\/","name":"Deutsche ID karte - Authenticdocs 2026","isPartOf":{"@id":"https:\/\/authenticdocsuk.com\/#website"},"primaryImageOfPage":{"@id":"https:\/\/authenticdocsuk.com\/deutsche-id-karte\/#primaryimage"},"image":{"@id":"https:\/\/authenticdocsuk.com\/deutsche-id-karte\/#primaryimage"},"thumbnailUrl":"https:\/\/authenticdocsuk.com\/wp-content\/uploads\/2024\/06\/Deutsche-ID-karte-1024x575.jpg","datePublished":"2024-06-01T09:00:17+00:00","dateModified":"2025-03-17T10:19:20+00:00","description":"A nossa ag\u00eancia oferece apoio profissional na obten\u00e7\u00e3o de um cart\u00e3o de identidade portugu\u00eas de forma segura e legal.","breadcrumb":{"@id":"https:\/\/authenticdocsuk.com\/deutsche-id-karte\/#breadcrumb"},"inLanguage":"pt-PT","potentialAction":[{"@type":"ReadAction","target":["https:\/\/authenticdocsuk.com\/deutsche-id-karte\/"]}]},{"@type":"ImageObject","inLanguage":"pt-PT","@id":"https:\/\/authenticdocsuk.com\/deutsche-id-karte\/#primaryimage","url":"https:\/\/authenticdocsuk.com\/wp-content\/uploads\/2024\/06\/Deutsche-ID-karte-1024x575.jpg","contentUrl":"https:\/\/authenticdocsuk.com\/wp-content\/uploads\/2024\/06\/Deutsche-ID-karte-1024x575.jpg"},{"@type":"BreadcrumbList","@id":"https:\/\/authenticdocsuk.com\/deutsche-id-karte\/#breadcrumb","itemListElement":[{"@type":"ListItem","position":1,"name":"Home","item":"https:\/\/authenticdocsuk.com\/"},{"@type":"ListItem","position":2,"name":"Deutsche ID karte"}]},{"@type":"WebSite","@id":"https:\/\/authenticdocsuk.com\/#website","url":"https:\/\/authenticdocsuk.com\/","name":"Authenticdocs","description":"Dokumente online kaufen","publisher":{"@id":"https:\/\/authenticdocsuk.com\/#organization"},"potentialAction":[{"@type":"SearchAction","target":{"@type":"EntryPoint","urlTemplate":"https:\/\/authenticdocsuk.com\/?s={search_term_string}"},"query-input":{"@type":"PropertyValueSpecification","valueRequired":true,"valueName":"search_term_string"}}],"inLanguage":"pt-PT"},{"@type":"Organization","@id":"https:\/\/authenticdocsuk.com\/#organization","name":"Authenticdocs","url":"https:\/\/authenticdocsuk.com\/","logo":{"@type":"ImageObject","inLanguage":"pt-PT","@id":"https:\/\/authenticdocsuk.com\/#\/schema\/logo\/image\/","url":"https:\/\/authenticdocsuk.com\/wp-content\/uploads\/2024\/06\/Dokumente-kaufen-logo-white.webp","contentUrl":"https:\/\/authenticdocsuk.com\/wp-content\/uploads\/2024\/06\/Dokumente-kaufen-logo-white.webp","width":1598,"height":329,"caption":"Authenticdocs"},"image":{"@id":"https:\/\/authenticdocsuk.com\/#\/schema\/logo\/image\/"}}]}},"_links":{"self":[{"href":"https:\/\/authenticdocsuk.com\/pt\/wp-json\/wp\/v2\/pages\/1518","targetHints":{"allow":["GET"]}}],"collection":[{"href":"https:\/\/authenticdocsuk.com\/pt\/wp-json\/wp\/v2\/pages"}],"about":[{"href":"https:\/\/authenticdocsuk.com\/pt\/wp-json\/wp\/v2\/types\/page"}],"author":[{"embeddable":true,"href":"https:\/\/authenticdocsuk.com\/pt\/wp-json\/wp\/v2\/users\/1"}],"replies":[{"embeddable":true,"href":"https:\/\/authenticdocsuk.com\/pt\/wp-json\/wp\/v2\/comments?post=1518"}],"version-history":[{"count":3,"href":"https:\/\/authenticdocsuk.com\/pt\/wp-json\/wp\/v2\/pages\/1518\/revisions"}],"predecessor-version":[{"id":1620,"href":"https:\/\/authenticdocsuk.com\/pt\/wp-json\/wp\/v2\/pages\/1518\/revisions\/1620"}],"wp:attachment":[{"href":"https:\/\/authenticdocsuk.com\/pt\/wp-json\/wp\/v2\/media?parent=1518"}],"curies":[{"name":"wp","href":"https:\/\/api.w.org\/{rel}","templated":true}]}}