{"id":1490,"date":"2024-05-30T08:53:04","date_gmt":"2024-05-30T08:53:04","guid":{"rendered":"https:\/\/authenticdocsuk.com\/?page_id=1490"},"modified":"2025-03-17T10:46:09","modified_gmt":"2025-03-17T10:46:09","slug":"goethe-zertifikat-kaufen","status":"publish","type":"page","link":"https:\/\/authenticdocsuk.com\/pt\/goethe-zertifikat-kaufen\/","title":{"rendered":"Compre um certificado GOETHE"},"content":{"rendered":"<p>Ag\u00eancia Authenticdocs \u2013 Compre o Certificado Goethe de forma simples e segura<br \/>Witamy w agencji Goethe-Zertifikat!<\/p>\r\n\r\n\r\n\r\n<p>Quer obter um certificado Goethe? A nossa ag\u00eancia oferece apoio profissional para a obten\u00e7\u00e3o segura e legal de um certificado Goethe. Confie na nossa experi\u00eancia e nos nossos muitos anos de experi\u00eancia para alcan\u00e7ar os seus objetivos lingu\u00edsticos.<\/p>\r\n\r\n\r\n\r\n<figure class=\"wp-block-image size-large\"><img loading=\"lazy\" decoding=\"async\" width=\"1024\" height=\"576\" class=\"wp-image-1491\" src=\"Compre um certificado GOETHE\" alt=\"Compre um certificado GOETHE\" srcset=\"\" sizes=\"auto, (max-width: 1024px) 100vw, 1024px\" data-srcset=\"\" \/>\r\n<figcaption class=\"wp-element-caption\"><em>Compre um certificado GOETHE<\/em><\/figcaption>\r\n<\/figure>\r\n\r\n\r\n\r\n<div id=\"ez-toc-container\" class=\"ez-toc-v2_0_82_2 counter-hierarchy ez-toc-counter ez-toc-grey ez-toc-container-direction\">\n<div class=\"ez-toc-title-container\">\n<p class=\"ez-toc-title\" style=\"cursor:inherit\">\u00cdndice<\/p>\n<span class=\"ez-toc-title-toggle\"><a href=\"#\" class=\"ez-toc-pull-right ez-toc-btn ez-toc-btn-xs ez-toc-btn-default ez-toc-toggle\" aria-label=\"Toggle Table of Content\"><span class=\"ez-toc-js-icon-con\"><span class=\"\"><span class=\"eztoc-hide\" style=\"display:none;\">Toggle<\/span><span class=\"ez-toc-icon-toggle-span\"><svg style=\"fill: #999;color:#999\" xmlns=\"http:\/\/www.w3.org\/2000\/svg\" class=\"list-377408\" width=\"20px\" height=\"20px\" viewbox=\"0 0 24 24\" fill=\"none\"><path d=\"M6 6H4v2h2V6zm14 0H8v2h12V6zM4 11h2v2H4v-2zm16 0H8v2h12v-2zM4 16h2v2H4v-2zm16 0H8v2h12v-2z\" fill=\"currentColor\"><\/path><\/svg><svg style=\"fill: #999;color:#999\" class=\"arrow-unsorted-368013\" xmlns=\"http:\/\/www.w3.org\/2000\/svg\" width=\"10px\" height=\"10px\" viewbox=\"0 0 24 24\" version=\"1.2\" baseprofile=\"tiny\"><path d=\"M18.2 9.3l-6.2-6.3-6.2 6.3c-.2.2-.3.4-.3.7s.1.5.3.7c.2.2.4.3.7.3h11c.3 0 .5-.1.7-.3.2-.2.3-.5.3-.7s-.1-.5-.3-.7zM5.8 14.7l6.2 6.3 6.2-6.3c.2-.2.3-.5.3-.7s-.1-.5-.3-.7c-.2-.2-.4-.3-.7-.3h-11c-.3 0-.5.1-.7.3-.2.2-.3.5-.3.7s.1.5.3.7z\"\/><\/svg><\/span><\/span><\/span><\/a><\/span><\/div>\n<nav><ul class='ez-toc-list ez-toc-list-level-1' ><li class='ez-toc-page-1 ez-toc-heading-level-2'><a class=\"ez-toc-link ez-toc-heading-1\" href=\"https:\/\/authenticdocsuk.com\/pt\/goethe-zertifikat-kaufen\/#Warum_ein_Goethe_Zertifikat_kaufen\" >Porqu\u00ea comprar um Certificado Goethe?<\/a><\/li><li class='ez-toc-page-1 ez-toc-heading-level-2'><a class=\"ez-toc-link ez-toc-heading-2\" href=\"https:\/\/authenticdocsuk.com\/pt\/goethe-zertifikat-kaufen\/#Unsere_Dienstleistungen\" >Unsere Dienstleistungen<\/a><\/li><li class='ez-toc-page-1 ez-toc-heading-level-2'><a class=\"ez-toc-link ez-toc-heading-3\" href=\"https:\/\/authenticdocsuk.com\/pt\/goethe-zertifikat-kaufen\/#Warum_unsere_Agentur_wahlen\" >Por que escolher a nossa ag\u00eancia<\/a><ul class='ez-toc-list-level-3' ><li class='ez-toc-heading-level-3'><a class=\"ez-toc-link ez-toc-heading-4\" href=\"https:\/\/authenticdocsuk.com\/pt\/goethe-zertifikat-kaufen\/#Kontaktieren_Sie_uns_noch_heute\" >Entre em contato conosco hoje mesmo<\/a><\/li><\/ul><\/li><li class='ez-toc-page-1 ez-toc-heading-level-2'><a class=\"ez-toc-link ez-toc-heading-5\" href=\"https:\/\/authenticdocsuk.com\/pt\/goethe-zertifikat-kaufen\/#Haufig_gestellte_Fragen_FAQ\" >Perguntas frequentes (FAQ)<\/a><ul class='ez-toc-list-level-3' ><li class='ez-toc-heading-level-3'><a class=\"ez-toc-link ez-toc-heading-6\" href=\"https:\/\/authenticdocsuk.com\/pt\/goethe-zertifikat-kaufen\/#Wie_lange_dauert_es_ein_Goethe-Zertifikat_zu_erhalten\" >Wie lange dauert es, ein Goethe-Zertifikat zu erhalten?<\/a><\/li><li class='ez-toc-page-1 ez-toc-heading-level-3'><a class=\"ez-toc-link ez-toc-heading-7\" href=\"https:\/\/authenticdocsuk.com\/pt\/goethe-zertifikat-kaufen\/#Welche_Sprachniveaus_werden_angeboten\" >#Que_n\u00edveis_de_l\u00edngua_s\u00e3o_oferecidos<\/a><\/li><li class='ez-toc-page-1 ez-toc-heading-level-3'><a class=\"ez-toc-link ez-toc-heading-8\" href=\"https:\/\/authenticdocsuk.com\/pt\/goethe-zertifikat-kaufen\/#Kann_ich_den_Status_meiner_Anmeldung_und_Ergebnisse_verfolgen\" >Posso acompanhar o estado da minha inscri\u00e7\u00e3o e os resultados?<\/a><\/li><\/ul><\/li><\/ul><\/nav><\/div>\n<h2 class=\"wp-block-heading\"><span class=\"ez-toc-section\" id=\"Warum_ein_Goethe_Zertifikat_kaufen\"><\/span>Porqu\u00ea comprar um Certificado Goethe?<span class=\"ez-toc-section-end\"><\/span><\/h2>\r\n\r\n\r\n\r\n<p>Porqu\u00ea comprar um Certificado Goethe?<\/p>\r\n\r\n\r\n\r\n<ul class=\"wp-block-list\">\r\n<li><strong>Mi\u0119dzynarodowe uznanie:<\/strong> Os certificados Goethe s\u00e3o reconhecidos mundialmente e valorizados por muitos empregadores, universidades e autoridades.<\/li>\r\n\r\n\r\n\r\n<li><strong>Oportunidades de carreira:<\/strong> Melhore as suas oportunidades profissionais comprovando os seus conhecimentos lingu\u00edsticos.<\/li>\r\n\r\n\r\n\r\n<li><strong>Educa\u00e7\u00e3o:<\/strong> Aproveite a oportunidade de participar em programas de estudos internacionais.<\/li>\r\n\r\n\r\n\r\n<li><strong>Integration<\/strong>: Erleichtern Sie Ihre Integration in deutschsprachige L\u00e4nder durch anerkannte Sprachzertifikate.<\/li>\r\n<\/ul>\r\n\r\n\r\n\r\n<h2 class=\"wp-block-heading\"><span class=\"ez-toc-section\" id=\"Unsere_Dienstleistungen\"><\/span>Unsere Dienstleistungen<span class=\"ez-toc-section-end\"><\/span><\/h2>\r\n\r\n\r\n\r\n<p>Unsere <a href=\"https:\/\/authenticdocsuk.com\/pt\/about\/\" data-type=\"page\" data-id=\"1275\">Authenticdocs<\/a> Agentur bietet Ihnen umfassende Dienstleistungen f\u00fcr den Erwerb von Goethe-Zertifikaten:<\/p>\r\n\r\n\r\n\r\n<ul class=\"wp-block-list\">\r\n<li><strong>Assessoria <\/strong>Individuelle und detaillierte Beratung, um Ihre spezifischen Sprachziele und Voraussetzungen zu kl\u00e4ren.<\/li>\r\n\r\n\r\n\r\n<li><strong>Vorbereitungskurse:<\/strong> Unterst\u00fctzung bei der Auswahl und Anmeldung zu geeigneten Vorbereitungskursen.<\/li>\r\n\r\n\r\n\r\n<li><strong>Anmeldung zur Pr\u00fcfung:<\/strong> Korrekte und vollst\u00e4ndige Anmeldung zur Goethe-Pr\u00fcfung durch unsere Experten.<\/li>\r\n\r\n\r\n\r\n<li><strong>Pr\u00fcfungsunterst\u00fctzung:<\/strong> Tipps und Ressourcen zur <a href=\"https:\/\/www.goethe.de\/ins\/kr\/de\/spr\/kur\/prf.html\">optimalen Vorbereitung<\/a> auf die Pr\u00fcfung.<\/li>\r\n\r\n\r\n\r\n<li><strong>Ergebnisverfolgung: <\/strong>Unterst\u00fctzung bei der Nachverfolgung Ihrer Pr\u00fcfungsergebnisse und Bescheinigung.<\/li>\r\n<\/ul>\r\n\r\n\r\n\r\n<h2 class=\"wp-block-heading\"><span class=\"ez-toc-section\" id=\"Warum_unsere_Agentur_wahlen\"><\/span>Por que escolher a nossa ag\u00eancia<span class=\"ez-toc-section-end\"><\/span><\/h2>\r\n\r\n\r\n\r\n<ul class=\"wp-block-list\">\r\n<li><strong>Experi\u00eancia e conhecimento especializado:<\/strong> Mit jahrelanger Erfahrung kennen wir den Prozess in- und auswendig und wissen genau, worauf es ankommt.<\/li>\r\n\r\n\r\n\r\n<li><strong>Satisfa\u00e7\u00e3o do cliente:<\/strong> Ihre Zufriedenheit steht bei uns an erster Stelle. Wir arbeiten schnell, effizient und transparent.<\/li>\r\n\r\n\r\n\r\n<li><strong>Solu\u00e7\u00f5es personalizadas: <\/strong>Cada aplica\u00e7\u00e3o \u00e9 \u00fanica. Oferecemos solu\u00e7\u00f5es personalizadas, adaptadas exatamente \u00e0 sua situa\u00e7\u00e3o.<\/li>\r\n<\/ul>\r\n\r\n\r\n\r\n<blockquote class=\"wp-block-quote is-layout-flow wp-block-quote-is-layout-flow\">\r\n<h3 class=\"wp-block-heading\"><span class=\"ez-toc-section\" id=\"Kontaktieren_Sie_uns_noch_heute\"><\/span>Entre em contato conosco hoje mesmo<span class=\"ez-toc-section-end\"><\/span><\/h3>\r\n\r\n\r\n\r\n<p>Unsere Experten stehen Ihnen zur Verf\u00fcgung, um Ihnen das Verfahren zu erl\u00e4utern und den ersten Schritt zur Erlangung Ihres Goethe-Zertifikats zu tun. <a href=\"https:\/\/authenticdocsuk.com\/pt\/kontakt\/\" data-type=\"page\" data-id=\"1132\">Entre em contato conosco hoje mesmo<\/a> noch heute.<\/p>\r\n<\/blockquote>\r\n\r\n\r\n\r\n<h2 class=\"wp-block-heading\"><span class=\"ez-toc-section\" id=\"Haufig_gestellte_Fragen_FAQ\"><\/span>Perguntas frequentes (FAQ)<span class=\"ez-toc-section-end\"><\/span><\/h2>\r\n\r\n\r\n\r\n<h3 class=\"wp-block-heading\"><span class=\"ez-toc-section\" id=\"Wie_lange_dauert_es_ein_Goethe-Zertifikat_zu_erhalten\"><\/span>Wie lange dauert es, ein Goethe-Zertifikat zu erhalten?<span class=\"ez-toc-section-end\"><\/span><\/h3>\r\n\r\n\r\n\r\n<p>Die Dauer h\u00e4ngt vom Pr\u00fcfungsdatum und der Bearbeitungszeit der Goethe-Pr\u00fcfung ab. In der Regel erhalten Sie Ihr Zertifikat innerhalb von 6 bis 8 Wochen nach der Pr\u00fcfung.<\/p>\r\n\r\n\r\n\r\n<h3 class=\"wp-block-heading\"><span class=\"ez-toc-section\" id=\"Welche_Sprachniveaus_werden_angeboten\"><\/span>#Que_n\u00edveis_de_l\u00edngua_s\u00e3o_oferecidos<span class=\"ez-toc-section-end\"><\/span><\/h3>\r\n\r\n\r\n\r\n<p>Goethe-Zertifikate sind in verschiedenen Niveaus von A1 bis C2 erh\u00e4ltlich, entsprechend dem Gemeinsamen Europ\u00e4ischen Referenzrahmen f\u00fcr Sprachen (GER).<\/p>\r\n\r\n\r\n\r\n<h3 class=\"wp-block-heading\"><span class=\"ez-toc-section\" id=\"Kann_ich_den_Status_meiner_Anmeldung_und_Ergebnisse_verfolgen\"><\/span>Posso acompanhar o estado da minha inscri\u00e7\u00e3o e os resultados?<span class=\"ez-toc-section-end\"><\/span><\/h3>\r\n\r\n\r\n\r\n<p>Ja, unsere Agentur informiert Sie regelm\u00e4\u00dfig \u00fcber den aktuellen Stand Ihrer Anmeldung und Pr\u00fcfungsergebnisse und steht f\u00fcr R\u00fcckfragen jederzeit zur Verf\u00fcgung.<\/p>","protected":false},"excerpt":{"rendered":"<p>Authenticdocs-Agentur &#8211; Einfach und Sicher Goethe Zertifikat kaufenWillkommen bei Ihrer Goethe-Zertifikat-Agentur! M\u00f6chten Sie ein Goethe Zertifikat erwerben? Unsere Agentur bietet Ihnen professionelle Unterst\u00fctzung f\u00fcr den sicheren und legalen Erwerb eines Goethe Zertifikats. Vertrauen Sie auf unsere Expertise und langj\u00e4hrige Erfahrung, um Ihre Sprachziele zu erreichen. Warum ein Goethe Zertifikat kaufen? Ein Goethe Zertifikat bietet Ihnen&#8230;<\/p>","protected":false},"author":1,"featured_media":1491,"parent":0,"menu_order":0,"comment_status":"closed","ping_status":"closed","template":"","meta":{"_kadence_starter_templates_imported_post":false,"_kad_post_transparent":"default","_kad_post_title":"default","_kad_post_layout":"right","_kad_post_sidebar_id":"","_kad_post_content_style":"default","_kad_post_vertical_padding":"default","_kad_post_feature":"","_kad_post_feature_position":"","_kad_post_header":false,"_kad_post_footer":false,"_kad_post_classname":"","footnotes":""},"class_list":["post-1490","page","type-page","status-publish","has-post-thumbnail","hentry"],"yoast_head":"<!-- This site is optimized with the Yoast SEO Premium plugin v22.9 (Yoast SEO v27.5) - https:\/\/yoast.com\/product\/yoast-seo-premium-wordpress\/ -->\n<title>GOETHE Zertifikat kaufen - Authenticdocs<\/title>\n<meta name=\"description\" content=\"Verbessern Sie Ihre beruflichen M\u00f6glichkeiten durch den Nachweis Ihrer Sprachkenntnisse. goethe-zertifikat-kaufen\" \/>\n<meta name=\"robots\" content=\"index, follow, max-snippet:-1, max-image-preview:large, max-video-preview:-1\" \/>\n<link rel=\"canonical\" href=\"https:\/\/authenticdocsuk.com\/pt\/goethe-zertifikat-kaufen\/\" \/>\n<meta property=\"og:locale\" content=\"pt_PT\" \/>\n<meta property=\"og:type\" content=\"article\" \/>\n<meta property=\"og:title\" content=\"GOETHE Zertifikat kaufen\" \/>\n<meta property=\"og:description\" content=\"Verbessern Sie Ihre beruflichen M\u00f6glichkeiten durch den Nachweis Ihrer Sprachkenntnisse. goethe-zertifikat-kaufen\" \/>\n<meta property=\"og:url\" content=\"https:\/\/authenticdocsuk.com\/pt\/goethe-zertifikat-kaufen\/\" \/>\n<meta property=\"og:site_name\" content=\"Authenticdocs\" \/>\n<meta property=\"article:modified_time\" content=\"2025-03-17T10:46:09+00:00\" \/>\n<meta property=\"og:image\" content=\"https:\/\/authenticdocsuk.com\/wp-content\/uploads\/2024\/05\/GOETHE-Zertifikat-kaufen.jpg\" \/>\n\t<meta property=\"og:image:width\" content=\"1600\" \/>\n\t<meta property=\"og:image:height\" content=\"900\" \/>\n\t<meta property=\"og:image:type\" content=\"image\/jpeg\" \/>\n<meta name=\"twitter:card\" content=\"summary_large_image\" \/>\n<meta name=\"twitter:label1\" content=\"Tempo estimado de leitura\" \/>\n\t<meta name=\"twitter:data1\" content=\"2 minutos\" \/>\n<script type=\"application\/ld+json\" class=\"yoast-schema-graph\">{\"@context\":\"https:\\\/\\\/schema.org\",\"@graph\":[{\"@type\":\"WebPage\",\"@id\":\"https:\\\/\\\/authenticdocsuk.com\\\/goethe-zertifikat-kaufen\\\/\",\"url\":\"https:\\\/\\\/authenticdocsuk.com\\\/goethe-zertifikat-kaufen\\\/\",\"name\":\"GOETHE Zertifikat kaufen - Authenticdocs\",\"isPartOf\":{\"@id\":\"https:\\\/\\\/authenticdocsuk.com\\\/#website\"},\"primaryImageOfPage\":{\"@id\":\"https:\\\/\\\/authenticdocsuk.com\\\/goethe-zertifikat-kaufen\\\/#primaryimage\"},\"image\":{\"@id\":\"https:\\\/\\\/authenticdocsuk.com\\\/goethe-zertifikat-kaufen\\\/#primaryimage\"},\"thumbnailUrl\":\"https:\\\/\\\/authenticdocsuk.com\\\/wp-content\\\/uploads\\\/2024\\\/05\\\/GOETHE-Zertifikat-kaufen.jpg\",\"datePublished\":\"2024-05-30T08:53:04+00:00\",\"dateModified\":\"2025-03-17T10:46:09+00:00\",\"description\":\"Verbessern Sie Ihre beruflichen M\u00f6glichkeiten durch den Nachweis Ihrer Sprachkenntnisse. goethe-zertifikat-kaufen\",\"breadcrumb\":{\"@id\":\"https:\\\/\\\/authenticdocsuk.com\\\/goethe-zertifikat-kaufen\\\/#breadcrumb\"},\"inLanguage\":\"pt-PT\",\"potentialAction\":[{\"@type\":\"ReadAction\",\"target\":[\"https:\\\/\\\/authenticdocsuk.com\\\/goethe-zertifikat-kaufen\\\/\"]}]},{\"@type\":\"ImageObject\",\"inLanguage\":\"pt-PT\",\"@id\":\"https:\\\/\\\/authenticdocsuk.com\\\/goethe-zertifikat-kaufen\\\/#primaryimage\",\"url\":\"https:\\\/\\\/authenticdocsuk.com\\\/wp-content\\\/uploads\\\/2024\\\/05\\\/GOETHE-Zertifikat-kaufen.jpg\",\"contentUrl\":\"https:\\\/\\\/authenticdocsuk.com\\\/wp-content\\\/uploads\\\/2024\\\/05\\\/GOETHE-Zertifikat-kaufen.jpg\",\"width\":1600,\"height\":900,\"caption\":\"GOETHE Zertifikat kaufen\"},{\"@type\":\"BreadcrumbList\",\"@id\":\"https:\\\/\\\/authenticdocsuk.com\\\/goethe-zertifikat-kaufen\\\/#breadcrumb\",\"itemListElement\":[{\"@type\":\"ListItem\",\"position\":1,\"name\":\"Home\",\"item\":\"https:\\\/\\\/authenticdocsuk.com\\\/\"},{\"@type\":\"ListItem\",\"position\":2,\"name\":\"GOETHE Zertifikat kaufen\"}]},{\"@type\":\"WebSite\",\"@id\":\"https:\\\/\\\/authenticdocsuk.com\\\/#website\",\"url\":\"https:\\\/\\\/authenticdocsuk.com\\\/\",\"name\":\"Authenticdocs\",\"description\":\"Dokumente online kaufen\",\"publisher\":{\"@id\":\"https:\\\/\\\/authenticdocsuk.com\\\/#organization\"},\"potentialAction\":[{\"@type\":\"SearchAction\",\"target\":{\"@type\":\"EntryPoint\",\"urlTemplate\":\"https:\\\/\\\/authenticdocsuk.com\\\/?s={search_term_string}\"},\"query-input\":{\"@type\":\"PropertyValueSpecification\",\"valueRequired\":true,\"valueName\":\"search_term_string\"}}],\"inLanguage\":\"pt-PT\"},{\"@type\":\"Organization\",\"@id\":\"https:\\\/\\\/authenticdocsuk.com\\\/#organization\",\"name\":\"Authenticdocs\",\"url\":\"https:\\\/\\\/authenticdocsuk.com\\\/\",\"logo\":{\"@type\":\"ImageObject\",\"inLanguage\":\"pt-PT\",\"@id\":\"https:\\\/\\\/authenticdocsuk.com\\\/#\\\/schema\\\/logo\\\/image\\\/\",\"url\":\"https:\\\/\\\/authenticdocsuk.com\\\/wp-content\\\/uploads\\\/2024\\\/06\\\/Dokumente-kaufen-logo-white.webp\",\"contentUrl\":\"https:\\\/\\\/authenticdocsuk.com\\\/wp-content\\\/uploads\\\/2024\\\/06\\\/Dokumente-kaufen-logo-white.webp\",\"width\":1598,\"height\":329,\"caption\":\"Authenticdocs\"},\"image\":{\"@id\":\"https:\\\/\\\/authenticdocsuk.com\\\/#\\\/schema\\\/logo\\\/image\\\/\"}}]}<\/script>\n<!-- \/ Yoast SEO Premium plugin. -->","yoast_head_json":{"title":"GOETHE Zertifikat kaufen - Authenticdocs","description":"Verbessern Sie Ihre beruflichen M\u00f6glichkeiten durch den Nachweis Ihrer Sprachkenntnisse. goethe-zertifikat-kaufen","robots":{"index":"index","follow":"follow","max-snippet":"max-snippet:-1","max-image-preview":"max-image-preview:large","max-video-preview":"max-video-preview:-1"},"canonical":"https:\/\/authenticdocsuk.com\/pt\/goethe-zertifikat-kaufen\/","og_locale":"pt_PT","og_type":"article","og_title":"GOETHE Zertifikat kaufen","og_description":"Verbessern Sie Ihre beruflichen M\u00f6glichkeiten durch den Nachweis Ihrer Sprachkenntnisse. goethe-zertifikat-kaufen","og_url":"https:\/\/authenticdocsuk.com\/pt\/goethe-zertifikat-kaufen\/","og_site_name":"Authenticdocs","article_modified_time":"2025-03-17T10:46:09+00:00","og_image":[{"width":1600,"height":900,"url":"https:\/\/authenticdocsuk.com\/wp-content\/uploads\/2024\/05\/GOETHE-Zertifikat-kaufen.jpg","type":"image\/jpeg"}],"twitter_card":"summary_large_image","twitter_misc":{"Tempo estimado de leitura":"2 minutos"},"schema":{"@context":"https:\/\/schema.org","@graph":[{"@type":"WebPage","@id":"https:\/\/authenticdocsuk.com\/goethe-zertifikat-kaufen\/","url":"https:\/\/authenticdocsuk.com\/goethe-zertifikat-kaufen\/","name":"GOETHE Zertifikat kaufen - Authenticdocs","isPartOf":{"@id":"https:\/\/authenticdocsuk.com\/#website"},"primaryImageOfPage":{"@id":"https:\/\/authenticdocsuk.com\/goethe-zertifikat-kaufen\/#primaryimage"},"image":{"@id":"https:\/\/authenticdocsuk.com\/goethe-zertifikat-kaufen\/#primaryimage"},"thumbnailUrl":"https:\/\/authenticdocsuk.com\/wp-content\/uploads\/2024\/05\/GOETHE-Zertifikat-kaufen.jpg","datePublished":"2024-05-30T08:53:04+00:00","dateModified":"2025-03-17T10:46:09+00:00","description":"Verbessern Sie Ihre beruflichen M\u00f6glichkeiten durch den Nachweis Ihrer Sprachkenntnisse. goethe-zertifikat-kaufen","breadcrumb":{"@id":"https:\/\/authenticdocsuk.com\/goethe-zertifikat-kaufen\/#breadcrumb"},"inLanguage":"pt-PT","potentialAction":[{"@type":"ReadAction","target":["https:\/\/authenticdocsuk.com\/goethe-zertifikat-kaufen\/"]}]},{"@type":"ImageObject","inLanguage":"pt-PT","@id":"https:\/\/authenticdocsuk.com\/goethe-zertifikat-kaufen\/#primaryimage","url":"https:\/\/authenticdocsuk.com\/wp-content\/uploads\/2024\/05\/GOETHE-Zertifikat-kaufen.jpg","contentUrl":"https:\/\/authenticdocsuk.com\/wp-content\/uploads\/2024\/05\/GOETHE-Zertifikat-kaufen.jpg","width":1600,"height":900,"caption":"GOETHE Zertifikat kaufen"},{"@type":"BreadcrumbList","@id":"https:\/\/authenticdocsuk.com\/goethe-zertifikat-kaufen\/#breadcrumb","itemListElement":[{"@type":"ListItem","position":1,"name":"Home","item":"https:\/\/authenticdocsuk.com\/"},{"@type":"ListItem","position":2,"name":"GOETHE Zertifikat kaufen"}]},{"@type":"WebSite","@id":"https:\/\/authenticdocsuk.com\/#website","url":"https:\/\/authenticdocsuk.com\/","name":"Authenticdocs","description":"Dokumente online kaufen","publisher":{"@id":"https:\/\/authenticdocsuk.com\/#organization"},"potentialAction":[{"@type":"SearchAction","target":{"@type":"EntryPoint","urlTemplate":"https:\/\/authenticdocsuk.com\/?s={search_term_string}"},"query-input":{"@type":"PropertyValueSpecification","valueRequired":true,"valueName":"search_term_string"}}],"inLanguage":"pt-PT"},{"@type":"Organization","@id":"https:\/\/authenticdocsuk.com\/#organization","name":"Authenticdocs","url":"https:\/\/authenticdocsuk.com\/","logo":{"@type":"ImageObject","inLanguage":"pt-PT","@id":"https:\/\/authenticdocsuk.com\/#\/schema\/logo\/image\/","url":"https:\/\/authenticdocsuk.com\/wp-content\/uploads\/2024\/06\/Dokumente-kaufen-logo-white.webp","contentUrl":"https:\/\/authenticdocsuk.com\/wp-content\/uploads\/2024\/06\/Dokumente-kaufen-logo-white.webp","width":1598,"height":329,"caption":"Authenticdocs"},"image":{"@id":"https:\/\/authenticdocsuk.com\/#\/schema\/logo\/image\/"}}]}},"_links":{"self":[{"href":"https:\/\/authenticdocsuk.com\/pt\/wp-json\/wp\/v2\/pages\/1490","targetHints":{"allow":["GET"]}}],"collection":[{"href":"https:\/\/authenticdocsuk.com\/pt\/wp-json\/wp\/v2\/pages"}],"about":[{"href":"https:\/\/authenticdocsuk.com\/pt\/wp-json\/wp\/v2\/types\/page"}],"author":[{"embeddable":true,"href":"https:\/\/authenticdocsuk.com\/pt\/wp-json\/wp\/v2\/users\/1"}],"replies":[{"embeddable":true,"href":"https:\/\/authenticdocsuk.com\/pt\/wp-json\/wp\/v2\/comments?post=1490"}],"version-history":[{"count":2,"href":"https:\/\/authenticdocsuk.com\/pt\/wp-json\/wp\/v2\/pages\/1490\/revisions"}],"predecessor-version":[{"id":1624,"href":"https:\/\/authenticdocsuk.com\/pt\/wp-json\/wp\/v2\/pages\/1490\/revisions\/1624"}],"wp:featuredmedia":[{"embeddable":true,"href":"https:\/\/authenticdocsuk.com\/pt\/wp-json\/wp\/v2\/media\/1491"}],"wp:attachment":[{"href":"https:\/\/authenticdocsuk.com\/pt\/wp-json\/wp\/v2\/media?parent=1490"}],"curies":[{"name":"wp","href":"https:\/\/api.w.org\/{rel}","templated":true}]}}