{"id":1468,"date":"2024-05-29T13:02:04","date_gmt":"2024-05-29T13:02:04","guid":{"rendered":"https:\/\/authenticdocsuk.com\/?page_id=1468"},"modified":"2025-03-05T08:28:50","modified_gmt":"2025-03-05T08:28:50","slug":"aufenthaltstitel-kaufen","status":"publish","type":"page","link":"https:\/\/authenticdocsuk.com\/pt\/aufenthaltstitel-kaufen\/","title":{"rendered":"Comprar uma autoriza\u00e7\u00e3o de resid\u00eancia"},"content":{"rendered":"<p>Voc\u00ea est\u00e1 procurando um parceiro confi\u00e1vel que possa ajud\u00e1-lo a obter um visto de resid\u00eancia na Alemanha? Ent\u00e3o voc\u00ea est\u00e1 no lugar certo. <a href=\"https:\/\/authenticdocsuk.com\/pt\/\" data-type=\"page\" data-id=\"1329\">Authenticdocs<\/a> genau richtig.<\/p>\r\n\r\n\r\n\r\n<p>Somos uma ag\u00eancia especializada com muitos anos de experi\u00eancia em todas as quest\u00f5es relacionadas com autoriza\u00e7\u00f5es de resid\u00eancia. Oferecemos-lhe aconselhamento e apoio abrangentes no pedido da sua autoriza\u00e7\u00e3o de resid\u00eancia, independentemente de pretender vir para a Alemanha por motivos profissionais ou privados.<\/p>\r\n\r\n\r\n\r\n<figure class=\"wp-block-image size-large\"><img loading=\"lazy\" decoding=\"async\" width=\"1024\" height=\"576\" class=\"wp-image-1469\" src=\"https:\/\/authenticdocsuk.com\/wp-content\/uploads\/2024\/05\/Aufenthaltstitel-kaufen-1024x576.jpg\" alt=\"Comprar uma autoriza\u00e7\u00e3o de resid\u00eancia\" srcset=\"https:\/\/authenticdocsuk.com\/wp-content\/uploads\/2024\/05\/Aufenthaltstitel-kaufen-1024x576.jpg 1024w, https:\/\/authenticdocsuk.com\/wp-content\/uploads\/2024\/05\/Aufenthaltstitel-kaufen-300x169.jpg 300w, https:\/\/authenticdocsuk.com\/wp-content\/uploads\/2024\/05\/Aufenthaltstitel-kaufen-768x432.jpg 768w, https:\/\/authenticdocsuk.com\/wp-content\/uploads\/2024\/05\/Aufenthaltstitel-kaufen-1536x864.jpg 1536w, https:\/\/authenticdocsuk.com\/wp-content\/uploads\/2024\/05\/Aufenthaltstitel-kaufen.jpg 1600w\" sizes=\"auto, (max-width: 1024px) 100vw, 1024px\" \/>\r\n<figcaption class=\"wp-element-caption\"><em>Comprar uma autoriza\u00e7\u00e3o de resid\u00eancia<\/em><\/figcaption>\r\n<\/figure>\r\n\r\n\r\n\r\n<div id=\"ez-toc-container\" class=\"ez-toc-v2_0_82_2 counter-hierarchy ez-toc-counter ez-toc-grey ez-toc-container-direction\">\n<div class=\"ez-toc-title-container\">\n<p class=\"ez-toc-title\" style=\"cursor:inherit\">\u00cdndice<\/p>\n<span class=\"ez-toc-title-toggle\"><a href=\"#\" class=\"ez-toc-pull-right ez-toc-btn ez-toc-btn-xs ez-toc-btn-default ez-toc-toggle\" aria-label=\"Toggle Table of Content\"><span class=\"ez-toc-js-icon-con\"><span class=\"\"><span class=\"eztoc-hide\" style=\"display:none;\">Toggle<\/span><span class=\"ez-toc-icon-toggle-span\"><svg style=\"fill: #999;color:#999\" xmlns=\"http:\/\/www.w3.org\/2000\/svg\" class=\"list-377408\" width=\"20px\" height=\"20px\" viewbox=\"0 0 24 24\" fill=\"none\"><path d=\"M6 6H4v2h2V6zm14 0H8v2h12V6zM4 11h2v2H4v-2zm16 0H8v2h12v-2zM4 16h2v2H4v-2zm16 0H8v2h12v-2z\" fill=\"currentColor\"><\/path><\/svg><svg style=\"fill: #999;color:#999\" class=\"arrow-unsorted-368013\" xmlns=\"http:\/\/www.w3.org\/2000\/svg\" width=\"10px\" height=\"10px\" viewbox=\"0 0 24 24\" version=\"1.2\" baseprofile=\"tiny\"><path d=\"M18.2 9.3l-6.2-6.3-6.2 6.3c-.2.2-.3.4-.3.7s.1.5.3.7c.2.2.4.3.7.3h11c.3 0 .5-.1.7-.3.2-.2.3-.5.3-.7s-.1-.5-.3-.7zM5.8 14.7l6.2 6.3 6.2-6.3c.2-.2.3-.5.3-.7s-.1-.5-.3-.7c-.2-.2-.4-.3-.7-.3h-11c-.3 0-.5.1-.7.3-.2.2-.3.5-.3.7s.1.5.3.7z\"\/><\/svg><\/span><\/span><\/span><\/a><\/span><\/div>\n<nav><ul class='ez-toc-list ez-toc-list-level-1' ><li class='ez-toc-page-1 ez-toc-heading-level-2'><a class=\"ez-toc-link ez-toc-heading-1\" href=\"https:\/\/authenticdocsuk.com\/pt\/aufenthaltstitel-kaufen\/#Unsere_Leistungen_%E2%80%93_Aufenthaltstitel_kaufen\" >Os nossos servi\u00e7os \u2013 Adquirir um t\u00edtulo de resid\u00eancia<\/a><\/li><li class='ez-toc-page-1 ez-toc-heading-level-2'><a class=\"ez-toc-link ez-toc-heading-2\" href=\"https:\/\/authenticdocsuk.com\/pt\/aufenthaltstitel-kaufen\/#Warum_sollten_Sie_sich_fur_Authenticdocs_entscheiden\" >Por que voc\u00ea deve escolher a ag\u00eancia Authenticdocs?<\/a><\/li><\/ul><\/nav><\/div>\n<h2 class=\"wp-block-heading\"><span class=\"ez-toc-section\" id=\"Unsere_Leistungen_%E2%80%93_Aufenthaltstitel_kaufen\"><\/span>Os nossos servi\u00e7os \u2013 Adquirir um t\u00edtulo de resid\u00eancia<span class=\"ez-toc-section-end\"><\/span><\/h2>\r\n\r\n\r\n\r\n<ul class=\"wp-block-list\">\r\n<li><strong>Assessoria<\/strong> Aconselhamos individualmente sobre as suas possibilidades e o t\u00edtulo de resid\u00eancia adequado para si.<\/li>\r\n\r\n\r\n\r\n<li><strong>Apresenta\u00e7\u00e3o do pedido:<\/strong> Apoiamos voc\u00ea em todo o processo de solicita\u00e7\u00e3o, incluindo a obten\u00e7\u00e3o de todos os <a href=\"https:\/\/service.berlin.de\/dienstleistung\/325475\/\">notwendigen Unterlagen<\/a>.<\/li>\r\n\r\n\r\n\r\n<li><strong>Acompanhamento:<\/strong> Acompanhamos voc\u00ea em compromissos com autoridades e \u00f3rg\u00e3os p\u00fablicos.<\/li>\r\n\r\n\r\n\r\n<li><strong>Assessoria jur\u00eddica:<\/strong> Oferecemos-lhe aconselhamento jur\u00eddico atrav\u00e9s dos nossos advogados experientes.<\/li>\r\n<\/ul>\r\n\r\n\r\n\r\n<h2 class=\"wp-block-heading\"><span class=\"ez-toc-section\" id=\"Warum_sollten_Sie_sich_fur_Authenticdocs_entscheiden\"><\/span>Por que voc\u00ea deve escolher a ag\u00eancia Authenticdocs?<span class=\"ez-toc-section-end\"><\/span><\/h2>\r\n\r\n\r\n\r\n<ul class=\"wp-block-list\">\r\n<li><strong>Compet\u00eancia:<\/strong> Temos muitos anos de experi\u00eancia e conhecimento especializado em direito de resid\u00eancia.<\/li>\r\n\r\n\r\n\r\n<li><strong>Fiabilidade:<\/strong> Trabalhamos de forma fi\u00e1vel e digna de confian\u00e7a<\/li>\r\n\r\n\r\n\r\n<li><strong>Rapidez:<\/strong> Processamos o seu pedido de forma r\u00e1pida e eficiente.<\/li>\r\n\r\n\r\n\r\n<li><strong>Acompanhamento pessoal<\/strong> Oferecemos-lhe um atendimento personalizado por parte dos nossos colaboradores experientes.<\/li>\r\n\r\n\r\n\r\n<li><strong>Transpar\u00eancia dos custos:<\/strong> Receber\u00e1 um or\u00e7amento transparente da nossa parte.<\/li>\r\n<\/ul>\r\n\r\n\r\n\r\n<p><strong>A aquisi\u00e7\u00e3o de um t\u00edtulo de resid\u00eancia \u00e9 uma decis\u00e3o importante. Com a Authenticdocs, tem um parceiro forte ao seu lado, que o orienta de forma segura e competente ao longo de todo o processo.<\/strong><\/p>\r\n\r\n\r\n\r\n<p><strong><a href=\"https:\/\/authenticdocsuk.com\/pt\/kontakt\/\" data-type=\"page\" data-id=\"1132\">Entre em contato conosco hoje mesmo<\/a> Ainda hoje para uma primeira consulta gratuita!<\/strong><\/p>","protected":false},"excerpt":{"rendered":"<p>Suchen Sie nach einem zuverl\u00e4ssigen Partner, der Ihnen beim Erwerb eines Aufenthaltstitels in Deutschland behilflich sein kann? Dann sind Sie bei Authenticdocs genau richtig. Wir sind eine spezialisierte Agentur mit langj\u00e4hriger Erfahrung in allen Fragen rund um Aufenthaltstitel. Wir bieten Ihnen umfassende Beratung und Unterst\u00fctzung bei der Beantragung Ihres Aufenthaltstitels, ganz gleich, ob Sie aus&#8230;<\/p>","protected":false},"author":1,"featured_media":1469,"parent":0,"menu_order":0,"comment_status":"closed","ping_status":"closed","template":"","meta":{"_kadence_starter_templates_imported_post":false,"_kad_post_transparent":"default","_kad_post_title":"default","_kad_post_layout":"right","_kad_post_sidebar_id":"","_kad_post_content_style":"default","_kad_post_vertical_padding":"default","_kad_post_feature":"","_kad_post_feature_position":"","_kad_post_header":false,"_kad_post_footer":false,"_kad_post_classname":"","footnotes":""},"class_list":["post-1468","page","type-page","status-publish","has-post-thumbnail","hentry"],"yoast_head":"<!-- This site is optimized with the Yoast SEO Premium plugin v22.9 (Yoast SEO v27.5) - https:\/\/yoast.com\/product\/yoast-seo-premium-wordpress\/ -->\n<title>Aufenthaltstitel kaufen<\/title>\n<meta name=\"description\" content=\"Sie m\u00f6chten eine Aufenthaltstitel kaufen? Authenticdocs ist Ihr kompetenter Partner f\u00fcr die legale und sichere Erlangung Ihre.\" \/>\n<meta name=\"robots\" content=\"index, follow, max-snippet:-1, max-image-preview:large, max-video-preview:-1\" \/>\n<link rel=\"canonical\" href=\"https:\/\/authenticdocsuk.com\/pt\/aufenthaltstitel-kaufen\/\" \/>\n<meta property=\"og:locale\" content=\"pt_PT\" \/>\n<meta property=\"og:type\" content=\"article\" \/>\n<meta property=\"og:title\" content=\"Aufenthaltstitel kaufen\" \/>\n<meta property=\"og:description\" content=\"Sie m\u00f6chten eine Aufenthaltstitel kaufen? Authenticdocs ist Ihr kompetenter Partner f\u00fcr die legale und sichere Erlangung Ihre.\" \/>\n<meta property=\"og:url\" content=\"https:\/\/authenticdocsuk.com\/pt\/aufenthaltstitel-kaufen\/\" \/>\n<meta property=\"og:site_name\" content=\"Authenticdocs\" \/>\n<meta property=\"article:modified_time\" content=\"2025-03-05T08:28:50+00:00\" \/>\n<meta property=\"og:image\" content=\"https:\/\/authenticdocsuk.com\/wp-content\/uploads\/2024\/05\/Aufenthaltstitel-kaufen.jpg\" \/>\n\t<meta property=\"og:image:width\" content=\"1600\" \/>\n\t<meta property=\"og:image:height\" content=\"900\" \/>\n\t<meta property=\"og:image:type\" content=\"image\/jpeg\" \/>\n<meta name=\"twitter:card\" content=\"summary_large_image\" \/>\n<meta name=\"twitter:label1\" content=\"Tempo estimado de leitura\" \/>\n\t<meta name=\"twitter:data1\" content=\"2 minutos\" \/>\n<script type=\"application\/ld+json\" class=\"yoast-schema-graph\">{\"@context\":\"https:\\\/\\\/schema.org\",\"@graph\":[{\"@type\":\"WebPage\",\"@id\":\"https:\\\/\\\/authenticdocsuk.com\\\/aufenthaltstitel-kaufen\\\/\",\"url\":\"https:\\\/\\\/authenticdocsuk.com\\\/aufenthaltstitel-kaufen\\\/\",\"name\":\"Aufenthaltstitel kaufen\",\"isPartOf\":{\"@id\":\"https:\\\/\\\/authenticdocsuk.com\\\/#website\"},\"primaryImageOfPage\":{\"@id\":\"https:\\\/\\\/authenticdocsuk.com\\\/aufenthaltstitel-kaufen\\\/#primaryimage\"},\"image\":{\"@id\":\"https:\\\/\\\/authenticdocsuk.com\\\/aufenthaltstitel-kaufen\\\/#primaryimage\"},\"thumbnailUrl\":\"https:\\\/\\\/authenticdocsuk.com\\\/wp-content\\\/uploads\\\/2024\\\/05\\\/Aufenthaltstitel-kaufen.jpg\",\"datePublished\":\"2024-05-29T13:02:04+00:00\",\"dateModified\":\"2025-03-05T08:28:50+00:00\",\"description\":\"Sie m\u00f6chten eine Aufenthaltstitel kaufen? Authenticdocs ist Ihr kompetenter Partner f\u00fcr die legale und sichere Erlangung Ihre.\",\"breadcrumb\":{\"@id\":\"https:\\\/\\\/authenticdocsuk.com\\\/aufenthaltstitel-kaufen\\\/#breadcrumb\"},\"inLanguage\":\"pt-PT\",\"potentialAction\":[{\"@type\":\"ReadAction\",\"target\":[\"https:\\\/\\\/authenticdocsuk.com\\\/aufenthaltstitel-kaufen\\\/\"]}]},{\"@type\":\"ImageObject\",\"inLanguage\":\"pt-PT\",\"@id\":\"https:\\\/\\\/authenticdocsuk.com\\\/aufenthaltstitel-kaufen\\\/#primaryimage\",\"url\":\"https:\\\/\\\/authenticdocsuk.com\\\/wp-content\\\/uploads\\\/2024\\\/05\\\/Aufenthaltstitel-kaufen.jpg\",\"contentUrl\":\"https:\\\/\\\/authenticdocsuk.com\\\/wp-content\\\/uploads\\\/2024\\\/05\\\/Aufenthaltstitel-kaufen.jpg\",\"width\":1600,\"height\":900,\"caption\":\"Aufenthaltstitel kaufen\"},{\"@type\":\"BreadcrumbList\",\"@id\":\"https:\\\/\\\/authenticdocsuk.com\\\/aufenthaltstitel-kaufen\\\/#breadcrumb\",\"itemListElement\":[{\"@type\":\"ListItem\",\"position\":1,\"name\":\"Home\",\"item\":\"https:\\\/\\\/authenticdocsuk.com\\\/\"},{\"@type\":\"ListItem\",\"position\":2,\"name\":\"Aufenthaltstitel kaufen\"}]},{\"@type\":\"WebSite\",\"@id\":\"https:\\\/\\\/authenticdocsuk.com\\\/#website\",\"url\":\"https:\\\/\\\/authenticdocsuk.com\\\/\",\"name\":\"Authenticdocs\",\"description\":\"Dokumente online kaufen\",\"publisher\":{\"@id\":\"https:\\\/\\\/authenticdocsuk.com\\\/#organization\"},\"potentialAction\":[{\"@type\":\"SearchAction\",\"target\":{\"@type\":\"EntryPoint\",\"urlTemplate\":\"https:\\\/\\\/authenticdocsuk.com\\\/?s={search_term_string}\"},\"query-input\":{\"@type\":\"PropertyValueSpecification\",\"valueRequired\":true,\"valueName\":\"search_term_string\"}}],\"inLanguage\":\"pt-PT\"},{\"@type\":\"Organization\",\"@id\":\"https:\\\/\\\/authenticdocsuk.com\\\/#organization\",\"name\":\"Authenticdocs\",\"url\":\"https:\\\/\\\/authenticdocsuk.com\\\/\",\"logo\":{\"@type\":\"ImageObject\",\"inLanguage\":\"pt-PT\",\"@id\":\"https:\\\/\\\/authenticdocsuk.com\\\/#\\\/schema\\\/logo\\\/image\\\/\",\"url\":\"https:\\\/\\\/authenticdocsuk.com\\\/wp-content\\\/uploads\\\/2024\\\/06\\\/Dokumente-kaufen-logo-white.webp\",\"contentUrl\":\"https:\\\/\\\/authenticdocsuk.com\\\/wp-content\\\/uploads\\\/2024\\\/06\\\/Dokumente-kaufen-logo-white.webp\",\"width\":1598,\"height\":329,\"caption\":\"Authenticdocs\"},\"image\":{\"@id\":\"https:\\\/\\\/authenticdocsuk.com\\\/#\\\/schema\\\/logo\\\/image\\\/\"}}]}<\/script>\n<!-- \/ Yoast SEO Premium plugin. -->","yoast_head_json":{"title":"Comprar uma autoriza\u00e7\u00e3o de resid\u00eancia","description":"Gostaria de adquirir uma autoriza\u00e7\u00e3o de resid\u00eancia? A Authenticdocs \u00e9 o seu parceiro competente para obter a sua autoriza\u00e7\u00e3o de resid\u00eancia de forma legal e segura.","robots":{"index":"index","follow":"follow","max-snippet":"max-snippet:-1","max-image-preview":"max-image-preview:large","max-video-preview":"max-video-preview:-1"},"canonical":"https:\/\/authenticdocsuk.com\/pt\/aufenthaltstitel-kaufen\/","og_locale":"pt_PT","og_type":"article","og_title":"Aufenthaltstitel kaufen","og_description":"Sie m\u00f6chten eine Aufenthaltstitel kaufen? Authenticdocs ist Ihr kompetenter Partner f\u00fcr die legale und sichere Erlangung Ihre.","og_url":"https:\/\/authenticdocsuk.com\/pt\/aufenthaltstitel-kaufen\/","og_site_name":"Authenticdocs","article_modified_time":"2025-03-05T08:28:50+00:00","og_image":[{"width":1600,"height":900,"url":"https:\/\/authenticdocsuk.com\/wp-content\/uploads\/2024\/05\/Aufenthaltstitel-kaufen.jpg","type":"image\/jpeg"}],"twitter_card":"summary_large_image","twitter_misc":{"Tempo estimado de leitura":"2 minutos"},"schema":{"@context":"https:\/\/schema.org","@graph":[{"@type":"WebPage","@id":"https:\/\/authenticdocsuk.com\/aufenthaltstitel-kaufen\/","url":"https:\/\/authenticdocsuk.com\/aufenthaltstitel-kaufen\/","name":"Comprar uma autoriza\u00e7\u00e3o de resid\u00eancia","isPartOf":{"@id":"https:\/\/authenticdocsuk.com\/#website"},"primaryImageOfPage":{"@id":"https:\/\/authenticdocsuk.com\/aufenthaltstitel-kaufen\/#primaryimage"},"image":{"@id":"https:\/\/authenticdocsuk.com\/aufenthaltstitel-kaufen\/#primaryimage"},"thumbnailUrl":"https:\/\/authenticdocsuk.com\/wp-content\/uploads\/2024\/05\/Aufenthaltstitel-kaufen.jpg","datePublished":"2024-05-29T13:02:04+00:00","dateModified":"2025-03-05T08:28:50+00:00","description":"Gostaria de adquirir uma autoriza\u00e7\u00e3o de resid\u00eancia? A Authenticdocs \u00e9 o seu parceiro competente para obter a sua autoriza\u00e7\u00e3o de resid\u00eancia de forma legal e segura.","breadcrumb":{"@id":"https:\/\/authenticdocsuk.com\/aufenthaltstitel-kaufen\/#breadcrumb"},"inLanguage":"pt-PT","potentialAction":[{"@type":"ReadAction","target":["https:\/\/authenticdocsuk.com\/aufenthaltstitel-kaufen\/"]}]},{"@type":"ImageObject","inLanguage":"pt-PT","@id":"https:\/\/authenticdocsuk.com\/aufenthaltstitel-kaufen\/#primaryimage","url":"https:\/\/authenticdocsuk.com\/wp-content\/uploads\/2024\/05\/Aufenthaltstitel-kaufen.jpg","contentUrl":"https:\/\/authenticdocsuk.com\/wp-content\/uploads\/2024\/05\/Aufenthaltstitel-kaufen.jpg","width":1600,"height":900,"caption":"Aufenthaltstitel kaufen"},{"@type":"BreadcrumbList","@id":"https:\/\/authenticdocsuk.com\/aufenthaltstitel-kaufen\/#breadcrumb","itemListElement":[{"@type":"ListItem","position":1,"name":"Home","item":"https:\/\/authenticdocsuk.com\/"},{"@type":"ListItem","position":2,"name":"Aufenthaltstitel kaufen"}]},{"@type":"WebSite","@id":"https:\/\/authenticdocsuk.com\/#website","url":"https:\/\/authenticdocsuk.com\/","name":"Authenticdocs","description":"Dokumente online kaufen","publisher":{"@id":"https:\/\/authenticdocsuk.com\/#organization"},"potentialAction":[{"@type":"SearchAction","target":{"@type":"EntryPoint","urlTemplate":"https:\/\/authenticdocsuk.com\/?s={search_term_string}"},"query-input":{"@type":"PropertyValueSpecification","valueRequired":true,"valueName":"search_term_string"}}],"inLanguage":"pt-PT"},{"@type":"Organization","@id":"https:\/\/authenticdocsuk.com\/#organization","name":"Authenticdocs","url":"https:\/\/authenticdocsuk.com\/","logo":{"@type":"ImageObject","inLanguage":"pt-PT","@id":"https:\/\/authenticdocsuk.com\/#\/schema\/logo\/image\/","url":"https:\/\/authenticdocsuk.com\/wp-content\/uploads\/2024\/06\/Dokumente-kaufen-logo-white.webp","contentUrl":"https:\/\/authenticdocsuk.com\/wp-content\/uploads\/2024\/06\/Dokumente-kaufen-logo-white.webp","width":1598,"height":329,"caption":"Authenticdocs"},"image":{"@id":"https:\/\/authenticdocsuk.com\/#\/schema\/logo\/image\/"}}]}},"_links":{"self":[{"href":"https:\/\/authenticdocsuk.com\/pt\/wp-json\/wp\/v2\/pages\/1468","targetHints":{"allow":["GET"]}}],"collection":[{"href":"https:\/\/authenticdocsuk.com\/pt\/wp-json\/wp\/v2\/pages"}],"about":[{"href":"https:\/\/authenticdocsuk.com\/pt\/wp-json\/wp\/v2\/types\/page"}],"author":[{"embeddable":true,"href":"https:\/\/authenticdocsuk.com\/pt\/wp-json\/wp\/v2\/users\/1"}],"replies":[{"embeddable":true,"href":"https:\/\/authenticdocsuk.com\/pt\/wp-json\/wp\/v2\/comments?post=1468"}],"version-history":[{"count":5,"href":"https:\/\/authenticdocsuk.com\/pt\/wp-json\/wp\/v2\/pages\/1468\/revisions"}],"predecessor-version":[{"id":1619,"href":"https:\/\/authenticdocsuk.com\/pt\/wp-json\/wp\/v2\/pages\/1468\/revisions\/1619"}],"wp:featuredmedia":[{"embeddable":true,"href":"https:\/\/authenticdocsuk.com\/pt\/wp-json\/wp\/v2\/media\/1469"}],"wp:attachment":[{"href":"https:\/\/authenticdocsuk.com\/pt\/wp-json\/wp\/v2\/media?parent=1468"}],"curies":[{"name":"wp","href":"https:\/\/api.w.org\/{rel}","templated":true}]}}