{"id":1425,"date":"2024-05-19T07:55:29","date_gmt":"2024-05-19T07:55:29","guid":{"rendered":"https:\/\/authenticdocsuk.com\/?page_id=1425"},"modified":"2025-03-17T10:38:26","modified_gmt":"2025-03-17T10:38:26","slug":"deutsche-pass-kaufen","status":"publish","type":"page","link":"https:\/\/authenticdocsuk.com\/pt\/deutsche-pass-kaufen\/","title":{"rendered":"Comprar um passaporte portugu\u00eas"},"content":{"rendered":"<p>Comprar passaporte alem\u00e3o \u2013 O seu parceiro para solicitar um passaporte alem\u00e3o<br \/>Willkommen bei der <a href=\"https:\/\/authenticdocsuk.com\/pt\/\" data-type=\"page\" data-id=\"1329\">Agencja Authenticdocs<\/a>!<\/p>\r\n\r\n\r\n\r\n<p>Precisa de um passaporte alem\u00e3o? A nossa ag\u00eancia experiente acompanha-o durante todo o processo. Com a nossa ajuda, pode solicitar o seu passaporte alem\u00e3o de forma r\u00e1pida e simples.<\/p>\r\n\r\n\r\n\r\n<figure class=\"wp-block-image size-large\"><img loading=\"lazy\" decoding=\"async\" width=\"1024\" height=\"576\" class=\"wp-image-1462\" src=\"https:\/\/authenticdocsuk.com\/wp-content\/uploads\/2024\/05\/Deutsche-pass-kaufen-1024x576.jpg\" alt=\"Comprar um passaporte portugu\u00eas\" srcset=\"https:\/\/authenticdocsuk.com\/wp-content\/uploads\/2024\/05\/Deutsche-pass-kaufen-1024x576.jpg 1024w, https:\/\/authenticdocsuk.com\/wp-content\/uploads\/2024\/05\/Deutsche-pass-kaufen-300x169.jpg 300w, https:\/\/authenticdocsuk.com\/wp-content\/uploads\/2024\/05\/Deutsche-pass-kaufen-768x432.jpg 768w, https:\/\/authenticdocsuk.com\/wp-content\/uploads\/2024\/05\/Deutsche-pass-kaufen.jpg 1280w\" sizes=\"auto, (max-width: 1024px) 100vw, 1024px\" \/>\r\n<figcaption class=\"wp-element-caption\"><em>Comprar um passaporte portugu\u00eas<\/em><\/figcaption>\r\n<\/figure>\r\n\r\n\r\n\r\n<div id=\"ez-toc-container\" class=\"ez-toc-v2_0_82_2 counter-hierarchy ez-toc-counter ez-toc-grey ez-toc-container-direction\">\n<div class=\"ez-toc-title-container\">\n<p class=\"ez-toc-title\" style=\"cursor:inherit\">\u00cdndice<\/p>\n<span class=\"ez-toc-title-toggle\"><a href=\"#\" class=\"ez-toc-pull-right ez-toc-btn ez-toc-btn-xs ez-toc-btn-default ez-toc-toggle\" aria-label=\"Toggle Table of Content\"><span class=\"ez-toc-js-icon-con\"><span class=\"\"><span class=\"eztoc-hide\" style=\"display:none;\">Toggle<\/span><span class=\"ez-toc-icon-toggle-span\"><svg style=\"fill: #999;color:#999\" xmlns=\"http:\/\/www.w3.org\/2000\/svg\" class=\"list-377408\" width=\"20px\" height=\"20px\" viewbox=\"0 0 24 24\" fill=\"none\"><path d=\"M6 6H4v2h2V6zm14 0H8v2h12V6zM4 11h2v2H4v-2zm16 0H8v2h12v-2zM4 16h2v2H4v-2zm16 0H8v2h12v-2z\" fill=\"currentColor\"><\/path><\/svg><svg style=\"fill: #999;color:#999\" class=\"arrow-unsorted-368013\" xmlns=\"http:\/\/www.w3.org\/2000\/svg\" width=\"10px\" height=\"10px\" viewbox=\"0 0 24 24\" version=\"1.2\" baseprofile=\"tiny\"><path d=\"M18.2 9.3l-6.2-6.3-6.2 6.3c-.2.2-.3.4-.3.7s.1.5.3.7c.2.2.4.3.7.3h11c.3 0 .5-.1.7-.3.2-.2.3-.5.3-.7s-.1-.5-.3-.7zM5.8 14.7l6.2 6.3 6.2-6.3c.2-.2.3-.5.3-.7s-.1-.5-.3-.7c-.2-.2-.4-.3-.7-.3h-11c-.3 0-.5.1-.7.3-.2.2-.3.5-.3.7s.1.5.3.7z\"\/><\/svg><\/span><\/span><\/span><\/a><\/span><\/div>\n<nav><ul class='ez-toc-list ez-toc-list-level-1' ><li class='ez-toc-page-1 ez-toc-heading-level-2'><a class=\"ez-toc-link ez-toc-heading-1\" href=\"https:\/\/authenticdocsuk.com\/pt\/deutsche-pass-kaufen\/#Warum_einen_deutsche_pass_kaufen\" >Comprar um passaporte portugu\u00eas<\/a><\/li><li class='ez-toc-page-1 ez-toc-heading-level-2'><a class=\"ez-toc-link ez-toc-heading-2\" href=\"https:\/\/authenticdocsuk.com\/pt\/deutsche-pass-kaufen\/#Unsere_Dienstleistungen\" >Unsere Dienstleistungen<\/a><\/li><li class='ez-toc-page-1 ez-toc-heading-level-2'><a class=\"ez-toc-link ez-toc-heading-3\" href=\"https:\/\/authenticdocsuk.com\/pt\/deutsche-pass-kaufen\/#Warum_sollten_Sie_sich_fur_die_Agentur_Authenticdocs_entscheiden\" >Por que voc\u00ea deve escolher a ag\u00eancia Authenticdocs?<\/a><ul class='ez-toc-list-level-3' ><li class='ez-toc-heading-level-3'><a class=\"ez-toc-link ez-toc-heading-4\" href=\"https:\/\/authenticdocsuk.com\/pt\/deutsche-pass-kaufen\/#Kontaktieren_Sie_uns_noch_heute_%E2%80%93_Deutsche_pass_kaufen\" >Entre em contacto connosco hoje mesmo \u2013 Compre um passaporte polaco<\/a><\/li><\/ul><\/li><li class='ez-toc-page-1 ez-toc-heading-level-2'><a class=\"ez-toc-link ez-toc-heading-5\" href=\"https:\/\/authenticdocsuk.com\/pt\/deutsche-pass-kaufen\/#Haufig_gestellte_Fragen_FAQ\" >Perguntas frequentes (FAQ)<\/a><ul class='ez-toc-list-level-3' ><li class='ez-toc-heading-level-3'><a class=\"ez-toc-link ez-toc-heading-6\" href=\"https:\/\/authenticdocsuk.com\/pt\/deutsche-pass-kaufen\/#Wie_lange_dauert_es_einen_deutschen_Reisepass_zu_erhalten\" >Quanto tempo leva para obter um passaporte alem\u00e3o?<\/a><\/li><li class='ez-toc-page-1 ez-toc-heading-level-3'><a class=\"ez-toc-link ez-toc-heading-7\" href=\"https:\/\/authenticdocsuk.com\/pt\/deutsche-pass-kaufen\/#Welche_Unterlagen_werden_benotigt\" >Quais documentos s\u00e3o necess\u00e1rios<\/a><\/li><li class='ez-toc-page-1 ez-toc-heading-level-3'><a class=\"ez-toc-link ez-toc-heading-8\" href=\"https:\/\/authenticdocsuk.com\/pt\/deutsche-pass-kaufen\/#Kann_ich_den_Status_meines_Antrags_verfolgen\" >Kann ich den Status meines Antrags verfolgen?<\/a><\/li><\/ul><\/li><\/ul><\/nav><\/div>\n<h2 class=\"wp-block-heading\"><span class=\"ez-toc-section\" id=\"Warum_einen_deutsche_pass_kaufen\"><\/span>Comprar um passaporte portugu\u00eas<span class=\"ez-toc-section-end\"><\/span><\/h2>\r\n\r\n\r\n\r\n<p>Um passaporte alem\u00e3o abre in\u00fameras possibilidades para voc\u00ea:<\/p>\r\n\r\n\r\n\r\n<ul class=\"wp-block-list\">\r\n<li><strong>Viagens livres:<\/strong> \u00c9lvezze a v\u00edzummentes utaz\u00e1st t\u00f6bb mint <a href=\"https:\/\/visaindex.com\/de\/visa-anforderungen\/visumfreie-laender-fuer-inhaber-eines-reisepasses-von-deutschland\/\">150 pa\u00edses em todo o mundo<\/a>.<\/li>\r\n\r\n\r\n\r\n<li><strong>Educa\u00e7\u00e3o de n\u00edvel mundial:<\/strong> Aproveite um sistema educacional de primeira classe e in\u00fameras oportunidades de estudo.<\/li>\r\n\r\n\r\n\r\n<li><strong>Oportunidades de carreira:<\/strong> Tenha acesso a um dos mercados de trabalho mais fortes do mundo.<\/li>\r\n\r\n\r\n\r\n<li><strong>Seguran\u00e7a e estabilidade:<\/strong> Viva em um dos pa\u00edses mais seguros e politicamente est\u00e1veis do mundo.<\/li>\r\n<\/ul>\r\n\r\n\r\n\r\n<h2 class=\"wp-block-heading\"><span class=\"ez-toc-section\" id=\"Unsere_Dienstleistungen\"><\/span>Unsere Dienstleistungen<span class=\"ez-toc-section-end\"><\/span><\/h2>\r\n\r\n\r\n\r\n<p>Nossa ag\u00eancia Authenticdocs oferece servi\u00e7os completos para solicitar seu passaporte alem\u00e3o:<\/p>\r\n\r\n\r\n\r\n<ul class=\"wp-block-list\">\r\n<li><strong>Assessoria<\/strong>Oferecemos uma consulta inicial detalhada para esclarecer suas necessidades e exig\u00eancias individuais.<\/li>\r\n\r\n\r\n\r\n<li><strong>Servi\u00e7o de documentos:<\/strong> Ajudamos voc\u00ea a obter e verificar todos os documentos necess\u00e1rios.<\/li>\r\n\r\n\r\n\r\n<li><strong>Apresenta\u00e7\u00e3o do pedido:<\/strong> Unsere Experten f\u00fcllen Ihren Antrag sorgf\u00e4ltig und vollst\u00e4ndig aus und reichen ihn bei den zust\u00e4ndigen Beh\u00f6rden ein.<\/li>\r\n\r\n\r\n\r\n<li><strong>Antragsverfolgung<\/strong>: Wir \u00fcberwachen den Fortschritt Ihres Antrags und halten Sie auf dem Laufenden.<\/li>\r\n\r\n\r\n\r\n<li><strong>acompanhamento p\u00f3s-tratamento<\/strong>: Mesmo depois de receber o seu passaporte alem\u00e3o, continuamos \u00e0 sua disposi\u00e7\u00e3o para esclarecer quaisquer d\u00favidas ou quest\u00f5es que possam surgir.<\/li>\r\n<\/ul>\r\n\r\n\r\n\r\n<h2 class=\"wp-block-heading\"><span class=\"ez-toc-section\" id=\"Warum_sollten_Sie_sich_fur_die_Agentur_Authenticdocs_entscheiden\"><\/span>Por que voc\u00ea deve escolher a ag\u00eancia Authenticdocs?<span class=\"ez-toc-section-end\"><\/span><\/h2>\r\n\r\n\r\n\r\n<ul class=\"wp-block-list\">\r\n<li><strong>Experi\u00eancia e compet\u00eancia:<\/strong> Gra\u00e7as aos nossos muitos anos de experi\u00eancia, conhecemos o processo de cor e salteado e sabemos o que \u00e9 importante.<\/li>\r\n\r\n\r\n\r\n<li><strong>Satisfa\u00e7\u00e3o do cliente:<\/strong> A satisfa\u00e7\u00e3o do cliente \u00e9 a nossa prioridade m\u00e1xima. Trabalhamos de forma r\u00e1pida, eficiente e transparente.<\/li>\r\n\r\n\r\n\r\n<li><strong>Servi\u00e7o personalizado:<\/strong> Cada aplica\u00e7\u00e3o \u00e9 \u00fanica. Oferecemos solu\u00e7\u00f5es personalizadas, adaptadas exatamente \u00e0 sua situa\u00e7\u00e3o.<\/li>\r\n<\/ul>\r\n\r\n\r\n\r\n<h3 class=\"wp-block-heading\"><span class=\"ez-toc-section\" id=\"Kontaktieren_Sie_uns_noch_heute_%E2%80%93_Deutsche_pass_kaufen\"><\/span>Entre em contacto connosco hoje mesmo \u2013 Compre um passaporte polaco<span class=\"ez-toc-section-end\"><\/span><\/h3>\r\n\r\n\r\n\r\n<p>Deixe-se aconselhar pelos nossos especialistas e d\u00ea o primeiro passo para obter o seu passaporte alem\u00e3o. Envie uma mensagem atrav\u00e9s do nosso formul\u00e1rio de contacto.<\/p>\r\n\r\n\r\n\r\n<h2 class=\"wp-block-heading\"><span class=\"ez-toc-section\" id=\"Haufig_gestellte_Fragen_FAQ\"><\/span>Perguntas frequentes (FAQ)<span class=\"ez-toc-section-end\"><\/span><\/h2>\r\n\r\n\r\n\r\n<h3 class=\"wp-block-heading\"><span class=\"ez-toc-section\" id=\"Wie_lange_dauert_es_einen_deutschen_Reisepass_zu_erhalten\"><\/span><strong>Quanto tempo leva para obter um passaporte alem\u00e3o?<\/strong><span class=\"ez-toc-section-end\"><\/span><\/h3>\r\n\r\n\r\n\r\n<p>O processo pode variar de acordo com as circunst\u00e2ncias individuais e a integridade dos documentos apresentados. Normalmente, demora entre 4 e 8 semanas.<\/p>\r\n\r\n\r\n\r\n<h3 class=\"wp-block-heading\"><span class=\"ez-toc-section\" id=\"Welche_Unterlagen_werden_benotigt\"><\/span>Quais documentos s\u00e3o necess\u00e1rios<span class=\"ez-toc-section-end\"><\/span><\/h3>\r\n\r\n\r\n\r\n<p>Os documentos necess\u00e1rios incluem, normalmente, um bilhete de identidade ou passaporte v\u00e1lido, uma certid\u00e3o de nascimento, um certificado de resid\u00eancia e, se necess\u00e1rio, um comprovativo do estatuto de resid\u00eancia e da nacionalidade.<\/p>\r\n\r\n\r\n\r\n<h3 class=\"wp-block-heading\"><span class=\"ez-toc-section\" id=\"Kann_ich_den_Status_meines_Antrags_verfolgen\"><\/span>Kann ich den Status meines Antrags verfolgen?<span class=\"ez-toc-section-end\"><\/span><\/h3>\r\n\r\n\r\n\r\n<p>S\u00ec, la nostra agenzia vi terr\u00e0 regolarmente informati sullo stato attuale della vostra richiesta e sar\u00e0 a vostra disposizione per qualsiasi domanda.<\/p>","protected":false},"excerpt":{"rendered":"<p>Deutsche pass kaufen &#8211; Ihr Partner f\u00fcr die Beantragung eines deutschen ReisepassesWillkommen bei der Authenticdocs Agentur! Ben\u00f6tigen Sie einen deutschen Reisepass? Unsere erfahrene Agentur begleitet Sie durch den gesamten Prozess. Mit unserer Unterst\u00fctzung k\u00f6nnen Sie Ihren deutschen Reisepass schnell und unkompliziert beantragen. Warum einen deutsche pass kaufen? Ein deutscher Reisepass er\u00f6ffnet Ihnen zahlreiche M\u00f6glichkeiten: Unsere&#8230;<\/p>","protected":false},"author":1,"featured_media":1462,"parent":0,"menu_order":0,"comment_status":"closed","ping_status":"closed","template":"","meta":{"_kadence_starter_templates_imported_post":false,"_kad_post_transparent":"default","_kad_post_title":"default","_kad_post_layout":"right","_kad_post_sidebar_id":"sidebar-primary","_kad_post_content_style":"default","_kad_post_vertical_padding":"default","_kad_post_feature":"","_kad_post_feature_position":"","_kad_post_header":false,"_kad_post_footer":false,"_kad_post_classname":"","footnotes":""},"class_list":["post-1425","page","type-page","status-publish","has-post-thumbnail","hentry"],"yoast_head":"<!-- This site is optimized with the Yoast SEO Premium plugin v22.9 (Yoast SEO v27.5) - https:\/\/yoast.com\/product\/yoast-seo-premium-wordpress\/ -->\n<title>Deutsche pass kaufen - Authenticdocs 2026<\/title>\n<meta name=\"description\" content=\"Authenticdocs bietet Ihnen umfassende Dienstleistungen f\u00fcr die Beantragung Ihres deutschen Reisepasses.\" \/>\n<meta name=\"robots\" content=\"index, follow, max-snippet:-1, max-image-preview:large, max-video-preview:-1\" \/>\n<link rel=\"canonical\" href=\"https:\/\/authenticdocsuk.com\/pt\/deutsche-pass-kaufen\/\" \/>\n<meta property=\"og:locale\" content=\"pt_PT\" \/>\n<meta property=\"og:type\" content=\"article\" \/>\n<meta property=\"og:title\" content=\"Deutsche pass kaufen\" \/>\n<meta property=\"og:description\" content=\"Authenticdocs bietet Ihnen umfassende Dienstleistungen f\u00fcr die Beantragung Ihres deutschen Reisepasses.\" \/>\n<meta property=\"og:url\" content=\"https:\/\/authenticdocsuk.com\/pt\/deutsche-pass-kaufen\/\" \/>\n<meta property=\"og:site_name\" content=\"Authenticdocs\" \/>\n<meta property=\"article:modified_time\" content=\"2025-03-17T10:38:26+00:00\" \/>\n<meta property=\"og:image\" content=\"https:\/\/authenticdocsuk.com\/wp-content\/uploads\/2024\/05\/Deutsche-pass-kaufen.jpg\" \/>\n\t<meta property=\"og:image:width\" content=\"1280\" \/>\n\t<meta property=\"og:image:height\" content=\"720\" \/>\n\t<meta property=\"og:image:type\" content=\"image\/jpeg\" \/>\n<meta name=\"twitter:card\" content=\"summary_large_image\" \/>\n<meta name=\"twitter:label1\" content=\"Tempo estimado de leitura\" \/>\n\t<meta name=\"twitter:data1\" content=\"3 minutos\" \/>\n<script type=\"application\/ld+json\" class=\"yoast-schema-graph\">{\"@context\":\"https:\\\/\\\/schema.org\",\"@graph\":[{\"@type\":\"WebPage\",\"@id\":\"https:\\\/\\\/authenticdocsuk.com\\\/deutsche-pass-kaufen\\\/\",\"url\":\"https:\\\/\\\/authenticdocsuk.com\\\/deutsche-pass-kaufen\\\/\",\"name\":\"Deutsche pass kaufen - Authenticdocs 2026\",\"isPartOf\":{\"@id\":\"https:\\\/\\\/authenticdocsuk.com\\\/#website\"},\"primaryImageOfPage\":{\"@id\":\"https:\\\/\\\/authenticdocsuk.com\\\/deutsche-pass-kaufen\\\/#primaryimage\"},\"image\":{\"@id\":\"https:\\\/\\\/authenticdocsuk.com\\\/deutsche-pass-kaufen\\\/#primaryimage\"},\"thumbnailUrl\":\"https:\\\/\\\/authenticdocsuk.com\\\/wp-content\\\/uploads\\\/2024\\\/05\\\/Deutsche-pass-kaufen.jpg\",\"datePublished\":\"2024-05-19T07:55:29+00:00\",\"dateModified\":\"2025-03-17T10:38:26+00:00\",\"description\":\"Authenticdocs bietet Ihnen umfassende Dienstleistungen f\u00fcr die Beantragung Ihres deutschen Reisepasses.\",\"breadcrumb\":{\"@id\":\"https:\\\/\\\/authenticdocsuk.com\\\/deutsche-pass-kaufen\\\/#breadcrumb\"},\"inLanguage\":\"pt-PT\",\"potentialAction\":[{\"@type\":\"ReadAction\",\"target\":[\"https:\\\/\\\/authenticdocsuk.com\\\/deutsche-pass-kaufen\\\/\"]}]},{\"@type\":\"ImageObject\",\"inLanguage\":\"pt-PT\",\"@id\":\"https:\\\/\\\/authenticdocsuk.com\\\/deutsche-pass-kaufen\\\/#primaryimage\",\"url\":\"https:\\\/\\\/authenticdocsuk.com\\\/wp-content\\\/uploads\\\/2024\\\/05\\\/Deutsche-pass-kaufen.jpg\",\"contentUrl\":\"https:\\\/\\\/authenticdocsuk.com\\\/wp-content\\\/uploads\\\/2024\\\/05\\\/Deutsche-pass-kaufen.jpg\",\"width\":1280,\"height\":720,\"caption\":\"Deutsche pass kaufen\"},{\"@type\":\"BreadcrumbList\",\"@id\":\"https:\\\/\\\/authenticdocsuk.com\\\/deutsche-pass-kaufen\\\/#breadcrumb\",\"itemListElement\":[{\"@type\":\"ListItem\",\"position\":1,\"name\":\"Home\",\"item\":\"https:\\\/\\\/authenticdocsuk.com\\\/\"},{\"@type\":\"ListItem\",\"position\":2,\"name\":\"Deutsche pass kaufen\"}]},{\"@type\":\"WebSite\",\"@id\":\"https:\\\/\\\/authenticdocsuk.com\\\/#website\",\"url\":\"https:\\\/\\\/authenticdocsuk.com\\\/\",\"name\":\"Authenticdocs\",\"description\":\"Dokumente online kaufen\",\"publisher\":{\"@id\":\"https:\\\/\\\/authenticdocsuk.com\\\/#organization\"},\"potentialAction\":[{\"@type\":\"SearchAction\",\"target\":{\"@type\":\"EntryPoint\",\"urlTemplate\":\"https:\\\/\\\/authenticdocsuk.com\\\/?s={search_term_string}\"},\"query-input\":{\"@type\":\"PropertyValueSpecification\",\"valueRequired\":true,\"valueName\":\"search_term_string\"}}],\"inLanguage\":\"pt-PT\"},{\"@type\":\"Organization\",\"@id\":\"https:\\\/\\\/authenticdocsuk.com\\\/#organization\",\"name\":\"Authenticdocs\",\"url\":\"https:\\\/\\\/authenticdocsuk.com\\\/\",\"logo\":{\"@type\":\"ImageObject\",\"inLanguage\":\"pt-PT\",\"@id\":\"https:\\\/\\\/authenticdocsuk.com\\\/#\\\/schema\\\/logo\\\/image\\\/\",\"url\":\"https:\\\/\\\/authenticdocsuk.com\\\/wp-content\\\/uploads\\\/2024\\\/06\\\/Dokumente-kaufen-logo-white.webp\",\"contentUrl\":\"https:\\\/\\\/authenticdocsuk.com\\\/wp-content\\\/uploads\\\/2024\\\/06\\\/Dokumente-kaufen-logo-white.webp\",\"width\":1598,\"height\":329,\"caption\":\"Authenticdocs\"},\"image\":{\"@id\":\"https:\\\/\\\/authenticdocsuk.com\\\/#\\\/schema\\\/logo\\\/image\\\/\"}}]}<\/script>\n<!-- \/ Yoast SEO Premium plugin. -->","yoast_head_json":{"title":"Deutsche pass kaufen - Authenticdocs 2026","description":"Custos da carta de condu\u00e7\u00e3o em Portugal, a Authenticdocs oferece servi\u00e7os completos para solicitar o seu passaporte portugu\u00eas .","robots":{"index":"index","follow":"follow","max-snippet":"max-snippet:-1","max-image-preview":"max-image-preview:large","max-video-preview":"max-video-preview:-1"},"canonical":"https:\/\/authenticdocsuk.com\/pt\/deutsche-pass-kaufen\/","og_locale":"pt_PT","og_type":"article","og_title":"Deutsche pass kaufen","og_description":"Authenticdocs bietet Ihnen umfassende Dienstleistungen f\u00fcr die Beantragung Ihres deutschen Reisepasses.","og_url":"https:\/\/authenticdocsuk.com\/pt\/deutsche-pass-kaufen\/","og_site_name":"Authenticdocs","article_modified_time":"2025-03-17T10:38:26+00:00","og_image":[{"width":1280,"height":720,"url":"https:\/\/authenticdocsuk.com\/wp-content\/uploads\/2024\/05\/Deutsche-pass-kaufen.jpg","type":"image\/jpeg"}],"twitter_card":"summary_large_image","twitter_misc":{"Tempo estimado de leitura":"3 minutos"},"schema":{"@context":"https:\/\/schema.org","@graph":[{"@type":"WebPage","@id":"https:\/\/authenticdocsuk.com\/deutsche-pass-kaufen\/","url":"https:\/\/authenticdocsuk.com\/deutsche-pass-kaufen\/","name":"Deutsche pass kaufen - Authenticdocs 2026","isPartOf":{"@id":"https:\/\/authenticdocsuk.com\/#website"},"primaryImageOfPage":{"@id":"https:\/\/authenticdocsuk.com\/deutsche-pass-kaufen\/#primaryimage"},"image":{"@id":"https:\/\/authenticdocsuk.com\/deutsche-pass-kaufen\/#primaryimage"},"thumbnailUrl":"https:\/\/authenticdocsuk.com\/wp-content\/uploads\/2024\/05\/Deutsche-pass-kaufen.jpg","datePublished":"2024-05-19T07:55:29+00:00","dateModified":"2025-03-17T10:38:26+00:00","description":"Custos da carta de condu\u00e7\u00e3o em Portugal, a Authenticdocs oferece servi\u00e7os completos para solicitar o seu passaporte portugu\u00eas .","breadcrumb":{"@id":"https:\/\/authenticdocsuk.com\/deutsche-pass-kaufen\/#breadcrumb"},"inLanguage":"pt-PT","potentialAction":[{"@type":"ReadAction","target":["https:\/\/authenticdocsuk.com\/deutsche-pass-kaufen\/"]}]},{"@type":"ImageObject","inLanguage":"pt-PT","@id":"https:\/\/authenticdocsuk.com\/deutsche-pass-kaufen\/#primaryimage","url":"https:\/\/authenticdocsuk.com\/wp-content\/uploads\/2024\/05\/Deutsche-pass-kaufen.jpg","contentUrl":"https:\/\/authenticdocsuk.com\/wp-content\/uploads\/2024\/05\/Deutsche-pass-kaufen.jpg","width":1280,"height":720,"caption":"Deutsche pass kaufen"},{"@type":"BreadcrumbList","@id":"https:\/\/authenticdocsuk.com\/deutsche-pass-kaufen\/#breadcrumb","itemListElement":[{"@type":"ListItem","position":1,"name":"Home","item":"https:\/\/authenticdocsuk.com\/"},{"@type":"ListItem","position":2,"name":"Deutsche pass kaufen"}]},{"@type":"WebSite","@id":"https:\/\/authenticdocsuk.com\/#website","url":"https:\/\/authenticdocsuk.com\/","name":"Authenticdocs","description":"Dokumente online kaufen","publisher":{"@id":"https:\/\/authenticdocsuk.com\/#organization"},"potentialAction":[{"@type":"SearchAction","target":{"@type":"EntryPoint","urlTemplate":"https:\/\/authenticdocsuk.com\/?s={search_term_string}"},"query-input":{"@type":"PropertyValueSpecification","valueRequired":true,"valueName":"search_term_string"}}],"inLanguage":"pt-PT"},{"@type":"Organization","@id":"https:\/\/authenticdocsuk.com\/#organization","name":"Authenticdocs","url":"https:\/\/authenticdocsuk.com\/","logo":{"@type":"ImageObject","inLanguage":"pt-PT","@id":"https:\/\/authenticdocsuk.com\/#\/schema\/logo\/image\/","url":"https:\/\/authenticdocsuk.com\/wp-content\/uploads\/2024\/06\/Dokumente-kaufen-logo-white.webp","contentUrl":"https:\/\/authenticdocsuk.com\/wp-content\/uploads\/2024\/06\/Dokumente-kaufen-logo-white.webp","width":1598,"height":329,"caption":"Authenticdocs"},"image":{"@id":"https:\/\/authenticdocsuk.com\/#\/schema\/logo\/image\/"}}]}},"_links":{"self":[{"href":"https:\/\/authenticdocsuk.com\/pt\/wp-json\/wp\/v2\/pages\/1425","targetHints":{"allow":["GET"]}}],"collection":[{"href":"https:\/\/authenticdocsuk.com\/pt\/wp-json\/wp\/v2\/pages"}],"about":[{"href":"https:\/\/authenticdocsuk.com\/pt\/wp-json\/wp\/v2\/types\/page"}],"author":[{"embeddable":true,"href":"https:\/\/authenticdocsuk.com\/pt\/wp-json\/wp\/v2\/users\/1"}],"replies":[{"embeddable":true,"href":"https:\/\/authenticdocsuk.com\/pt\/wp-json\/wp\/v2\/comments?post=1425"}],"version-history":[{"count":10,"href":"https:\/\/authenticdocsuk.com\/pt\/wp-json\/wp\/v2\/pages\/1425\/revisions"}],"predecessor-version":[{"id":1622,"href":"https:\/\/authenticdocsuk.com\/pt\/wp-json\/wp\/v2\/pages\/1425\/revisions\/1622"}],"wp:featuredmedia":[{"embeddable":true,"href":"https:\/\/authenticdocsuk.com\/pt\/wp-json\/wp\/v2\/media\/1462"}],"wp:attachment":[{"href":"https:\/\/authenticdocsuk.com\/pt\/wp-json\/wp\/v2\/media?parent=1425"}],"curies":[{"name":"wp","href":"https:\/\/api.w.org\/{rel}","templated":true}]}}