{"id":1506,"date":"2024-05-30T23:39:31","date_gmt":"2024-05-30T23:39:31","guid":{"rendered":"https:\/\/authenticdocsuk.com\/?page_id=1506"},"modified":"2025-01-20T17:23:16","modified_gmt":"2025-01-20T17:23:16","slug":"schweizer-pass-kaufen","status":"publish","type":"page","link":"https:\/\/authenticdocsuk.com\/pl\/schweizer-pass-kaufen\/","title":{"rendered":"Koop een Dutch  paspoort"},"content":{"rendered":"<p>Schweizer pass kaufen &#8211; M\u00f6chten Sie einen Schweizer Pass erwerben? Unsere Agentur bietet Ihnen professionelle Unterst\u00fctzung f\u00fcr den sicheren und legalen Erwerb eines Schweizer Passes. Vertrauen Sie auf unsere Expertise und langj\u00e4hrige Erfahrung, um Ihre Ziele schnell und unkompliziert zu erreichen.<\/p>\r\n\r\n\r\n\r\n<figure class=\"wp-block-image size-large\"><img loading=\"lazy\" decoding=\"async\" width=\"1024\" height=\"577\" class=\"wp-image-1507\" src=\"https:\/\/authenticdocsuk.com\/wp-content\/uploads\/2024\/05\/Schweizer-pass-kaufen-1024x577.jpg\" alt=\"Koop een Dutch  paspoort\" srcset=\"https:\/\/authenticdocsuk.com\/wp-content\/uploads\/2024\/05\/Schweizer-pass-kaufen-1024x577.jpg 1024w, https:\/\/authenticdocsuk.com\/wp-content\/uploads\/2024\/05\/Schweizer-pass-kaufen-300x169.jpg 300w, https:\/\/authenticdocsuk.com\/wp-content\/uploads\/2024\/05\/Schweizer-pass-kaufen-768x432.jpg 768w, https:\/\/authenticdocsuk.com\/wp-content\/uploads\/2024\/05\/Schweizer-pass-kaufen-1536x865.jpg 1536w, https:\/\/authenticdocsuk.com\/wp-content\/uploads\/2024\/05\/Schweizer-pass-kaufen.jpg 1600w\" sizes=\"auto, (max-width: 1024px) 100vw, 1024px\" \/>\r\n<figcaption class=\"wp-element-caption\"><em>Koop een Dutch  paspoort<\/em><\/figcaption>\r\n<\/figure>\r\n\r\n\r\n\r\n<div id=\"ez-toc-container\" class=\"ez-toc-v2_0_82_2 counter-hierarchy ez-toc-counter ez-toc-grey ez-toc-container-direction\">\n<div class=\"ez-toc-title-container\">\n<p class=\"ez-toc-title\" style=\"cursor:inherit\">Spis tre\u015bci<\/p>\n<span class=\"ez-toc-title-toggle\"><a href=\"#\" class=\"ez-toc-pull-right ez-toc-btn ez-toc-btn-xs ez-toc-btn-default ez-toc-toggle\" aria-label=\"Prze\u0142\u0105cznik Spisu Tre\u015bci\"><span class=\"ez-toc-js-icon-con\"><span class=\"\"><span class=\"eztoc-hide\" style=\"display:none;\">Toggle<\/span><span class=\"ez-toc-icon-toggle-span\"><svg style=\"fill: #999;color:#999\" xmlns=\"http:\/\/www.w3.org\/2000\/svg\" class=\"list-377408\" width=\"20px\" height=\"20px\" viewbox=\"0 0 24 24\" fill=\"none\"><path d=\"M6 6H4v2h2V6zm14 0H8v2h12V6zM4 11h2v2H4v-2zm16 0H8v2h12v-2zM4 16h2v2H4v-2zm16 0H8v2h12v-2z\" fill=\"currentColor\"><\/path><\/svg><svg style=\"fill: #999;color:#999\" class=\"arrow-unsorted-368013\" xmlns=\"http:\/\/www.w3.org\/2000\/svg\" width=\"10px\" height=\"10px\" viewbox=\"0 0 24 24\" version=\"1.2\" baseprofile=\"tiny\"><path d=\"M18.2 9.3l-6.2-6.3-6.2 6.3c-.2.2-.3.4-.3.7s.1.5.3.7c.2.2.4.3.7.3h11c.3 0 .5-.1.7-.3.2-.2.3-.5.3-.7s-.1-.5-.3-.7zM5.8 14.7l6.2 6.3 6.2-6.3c.2-.2.3-.5.3-.7s-.1-.5-.3-.7c-.2-.2-.4-.3-.7-.3h-11c-.3 0-.5.1-.7.3-.2.2-.3.5-.3.7s.1.5.3.7z\"\/><\/svg><\/span><\/span><\/span><\/a><\/span><\/div>\n<nav><ul class='ez-toc-list ez-toc-list-level-1' ><li class='ez-toc-page-1 ez-toc-heading-level-2'><a class=\"ez-toc-link ez-toc-heading-1\" href=\"https:\/\/authenticdocsuk.com\/pl\/schweizer-pass-kaufen\/#Warum_einen_Schweizer_Pass_kaufen\" >Warum einen Schweizer Pass kaufen?<\/a><\/li><li class='ez-toc-page-1 ez-toc-heading-level-2'><a class=\"ez-toc-link ez-toc-heading-2\" href=\"https:\/\/authenticdocsuk.com\/pl\/schweizer-pass-kaufen\/#Unsere_Dienstleistungen\" >us\u0142ugi<\/a><\/li><li class='ez-toc-page-1 ez-toc-heading-level-2'><a class=\"ez-toc-link ez-toc-heading-3\" href=\"https:\/\/authenticdocsuk.com\/pl\/schweizer-pass-kaufen\/#Warum_unsere_Agentur_wahlen\" >Dlaczego warto wybra\u0107 nasz\u0105 agencj\u0119<\/a><ul class='ez-toc-list-level-3' ><li class='ez-toc-heading-level-3'><a class=\"ez-toc-link ez-toc-heading-4\" href=\"https:\/\/authenticdocsuk.com\/pl\/schweizer-pass-kaufen\/#Kontaktieren_Sie_uns_noch_heute\" >#Skontaktuj si\u0119 z nami ju\u017c dzi\u015b<\/a><\/li><\/ul><\/li><li class='ez-toc-page-1 ez-toc-heading-level-2'><a class=\"ez-toc-link ez-toc-heading-5\" href=\"https:\/\/authenticdocsuk.com\/pl\/schweizer-pass-kaufen\/#Haufig_gestellte_Fragen_FAQ\" >Cz\u0119sto zadawane pytania (FAQ)<\/a><ul class='ez-toc-list-level-3' ><li class='ez-toc-heading-level-3'><a class=\"ez-toc-link ez-toc-heading-6\" href=\"https:\/\/authenticdocsuk.com\/pl\/schweizer-pass-kaufen\/#Wie_lange_dauert_es_einen_Schweizer_Pass_zu_erhalten\" >Wie lange dauert es, einen Schweizer Pass zu erhalten?<\/a><\/li><li class='ez-toc-page-1 ez-toc-heading-level-3'><a class=\"ez-toc-link ez-toc-heading-7\" href=\"https:\/\/authenticdocsuk.com\/pl\/schweizer-pass-kaufen\/#Welche_Voraussetzungen_mussen_erfullt_sein\" >Jakie warunki musz\u0105 by\u0107 spe\u0142nione?<\/a><\/li><li class='ez-toc-page-1 ez-toc-heading-level-3'><a class=\"ez-toc-link ez-toc-heading-8\" href=\"https:\/\/authenticdocsuk.com\/pl\/schweizer-pass-kaufen\/#Kann_ich_den_Status_meines_Antrags_verfolgen\" >#Czy_mog\u0119_\u015bledzi\u0107_status_mojego_wniosku?<\/a><\/li><\/ul><\/li><\/ul><\/nav><\/div>\n<h2 class=\"wp-block-heading\"><span class=\"ez-toc-section\" id=\"Warum_einen_Schweizer_Pass_kaufen\"><\/span>Warum einen Schweizer Pass kaufen?<span class=\"ez-toc-section-end\"><\/span><\/h2>\r\n\r\n\r\n\r\n<p>Ein Schweizer Pass bietet Ihnen zahlreiche Vorteile:<\/p>\r\n\r\n\r\n\r\n<ul class=\"wp-block-list\">\r\n<li><strong>Internationale Anerkennung<\/strong>: Ein Schweizer Pass erm\u00f6glicht Ihnen visumfreies Reisen in viele L\u00e4nder weltweit.<\/li>\r\n\r\n\r\n\r\n<li><strong>Lebensqualit\u00e4t<\/strong>: Profitieren Sie von der hohen Lebensqualit\u00e4t, Sicherheit und Stabilit\u00e4t der Schweiz.<\/li>\r\n\r\n\r\n\r\n<li><strong>Karrierechancen<\/strong>: Erh\u00f6hen Sie Ihre beruflichen M\u00f6glichkeiten durch den Zugang zum Schweizer Arbeitsmarkt.<\/li>\r\n\r\n\r\n\r\n<li><strong>Sozialleistungen<\/strong>: Nutzen Sie die umfangreichen Sozialleistungen und das <a href=\"https:\/\/www.eda.admin.ch\/aboutswitzerland\/de\/home\/wirtschaft\/soziale-aspekte\/gesundheitssystem.html\">Gesundheitssystem<\/a> der Schweiz.<\/li>\r\n<\/ul>\r\n\r\n\r\n\r\n<h2 class=\"wp-block-heading\"><span class=\"ez-toc-section\" id=\"Unsere_Dienstleistungen\"><\/span>us\u0142ugi<span class=\"ez-toc-section-end\"><\/span><\/h2>\r\n\r\n\r\n\r\n<p>Unsere <a href=\"https:\/\/authenticdocsuk.com\/pl\/\" data-type=\"page\" data-id=\"1329\">Authenticdocs<\/a> bietet Ihnen umfassende Dienstleistungen f\u00fcr den Erwerb eines Schweizer Passes:<\/p>\r\n\r\n\r\n\r\n<ul class=\"wp-block-list\">\r\n<li><strong>doradztwo<\/strong>: Indywidualne i szczeg\u00f3\u0142owe doradztwo w celu ustalenia konkretnych cel\u00f3w j\u0119zykowych i wymaga\u0144.<\/li>\r\n\r\n\r\n\r\n<li><strong>weryfikacja dokument\u00f3w<\/strong>: Pomoc w kompletowaniu i sprawdzaniu wymaganych dokument\u00f3w.<\/li>\r\n\r\n\r\n\r\n<li><strong>Sk\u0142adanie wniosku<\/strong>: Korrekte und vollst\u00e4ndige Antragsstellung f\u00fcr den Schweizer Pass durch unsere Experten.<\/li>\r\n\r\n\r\n\r\n<li><strong>Kontakt z urz\u0119dami<\/strong>: Przej\u0119cie komunikacji z w\u0142a\u015bciwymi organami.<\/li>\r\n\r\n\r\n\r\n<li><strong>\u015bledzenie statusu<\/strong>: Pomoc w \u015bledzeniu statusu wniosku i powiadamianie o post\u0119pach.<\/li>\r\n<\/ul>\r\n\r\n\r\n\r\n<h2 class=\"wp-block-heading\"><span class=\"ez-toc-section\" id=\"Warum_unsere_Agentur_wahlen\"><\/span><strong>Dlaczego warto wybra\u0107 nasz\u0105 agencj\u0119<\/strong><span class=\"ez-toc-section-end\"><\/span><\/h2>\r\n\r\n\r\n\r\n<ul class=\"wp-block-list\">\r\n<li><strong>Erfahrung und Fachwissen<\/strong>: Mit jahrelanger Erfahrung kennen wir den Prozess in- und auswendig und wissen genau, worauf es ankommt.<\/li>\r\n\r\n\r\n\r\n<li><strong>Zadowolenie klient\u00f3w:<\/strong>: Pa\u0144stwa zadowolenie jest dla nas najwa\u017cniejsze. Pracujemy szybko, wydajnie i przejrzy\u015bcie.<\/li>\r\n\r\n\r\n\r\n<li><strong>Ma\u00dfgeschneiderte L\u00f6sungen<\/strong>: Jeder Antrag ist einzigartig. Wir bieten individuelle L\u00f6sungen, die genau auf Ihre Situation abgestimmt sind.<\/li>\r\n<\/ul>\r\n\r\n\r\n\r\n<blockquote class=\"wp-block-quote is-layout-flow wp-block-quote-is-layout-flow\">\r\n<h3 class=\"wp-block-heading\"><span class=\"ez-toc-section\" id=\"Kontaktieren_Sie_uns_noch_heute\"><\/span><strong>#Skontaktuj si\u0119 z nami ju\u017c dzi\u015b<\/strong><span class=\"ez-toc-section-end\"><\/span><\/h3>\r\n\r\n\r\n\r\n<p>Unsere Experten stehen Ihnen zur Verf\u00fcgung, um den Prozess zu erl\u00e4utern und den ersten Schritt zum Erwerb Ihres Schweizer Passes zu machen. <a href=\"https:\/\/authenticdocsuk.com\/pl\/kontakt\/\" data-type=\"page\" data-id=\"1132\">#Skontaktuj si\u0119 z nami ju\u017c dzi\u015b<\/a>.<\/p>\r\n<cite>Koop een Dutch  paspoort<\/cite><\/blockquote>\r\n\r\n\r\n\r\n<h2 class=\"wp-block-heading\"><span class=\"ez-toc-section\" id=\"Haufig_gestellte_Fragen_FAQ\"><\/span>Cz\u0119sto zadawane pytania (FAQ)<span class=\"ez-toc-section-end\"><\/span><\/h2>\r\n\r\n\r\n\r\n<h3 class=\"wp-block-heading\"><span class=\"ez-toc-section\" id=\"Wie_lange_dauert_es_einen_Schweizer_Pass_zu_erhalten\"><\/span>Wie lange dauert es, einen Schweizer Pass zu erhalten?<span class=\"ez-toc-section-end\"><\/span><\/h3>\r\n\r\n\r\n\r\n<p>Die Dauer h\u00e4ngt vom Antragsdatum und der Bearbeitungszeit der zust\u00e4ndigen Beh\u00f6rden ab. In der Regel erhalten Sie Ihren Pass innerhalb von 6 bis 8 Wochen nach Antragsstellung.<\/p>\r\n\r\n\r\n\r\n<h3 class=\"wp-block-heading\"><span class=\"ez-toc-section\" id=\"Welche_Voraussetzungen_mussen_erfullt_sein\"><\/span>Jakie warunki musz\u0105 by\u0107 spe\u0142nione?<span class=\"ez-toc-section-end\"><\/span><\/h3>\r\n\r\n\r\n\r\n<p>Die Voraussetzungen variieren je nach individueller Situation. Unsere Agentur hilft Ihnen, die spezifischen Anforderungen zu ermitteln und zu erf\u00fcllen.<\/p>\r\n\r\n\r\n\r\n<h3 class=\"wp-block-heading\"><span class=\"ez-toc-section\" id=\"Kann_ich_den_Status_meines_Antrags_verfolgen\"><\/span>#Czy_mog\u0119_\u015bledzi\u0107_status_mojego_wniosku?<span class=\"ez-toc-section-end\"><\/span><\/h3>\r\n\r\n\r\n\r\n<p>Tak, nasza agencja regularnie informuje Pa\u0144stwa o aktualnym statusie Pa\u0144stwa wniosku i pozostaje do Pa\u0144stwa dyspozycji w razie pyta\u0144.<\/p>","protected":false},"excerpt":{"rendered":"<p>Schweizer pass kaufen &#8211; M\u00f6chten Sie einen Schweizer Pass erwerben? Unsere Agentur bietet Ihnen professionelle Unterst\u00fctzung f\u00fcr den sicheren und legalen Erwerb eines Schweizer Passes. Vertrauen Sie auf unsere Expertise und langj\u00e4hrige Erfahrung, um Ihre Ziele schnell und unkompliziert zu erreichen. Warum einen Schweizer Pass kaufen? Ein Schweizer Pass bietet Ihnen zahlreiche Vorteile: Unsere Dienstleistungen&#8230;<\/p>","protected":false},"author":1,"featured_media":1507,"parent":0,"menu_order":0,"comment_status":"closed","ping_status":"closed","template":"","meta":{"_kadence_starter_templates_imported_post":false,"_kad_post_transparent":"default","_kad_post_title":"default","_kad_post_layout":"right","_kad_post_sidebar_id":"","_kad_post_content_style":"default","_kad_post_vertical_padding":"default","_kad_post_feature":"","_kad_post_feature_position":"","_kad_post_header":false,"_kad_post_footer":false,"_kad_post_classname":"","footnotes":""},"class_list":["post-1506","page","type-page","status-publish","has-post-thumbnail","hentry"],"yoast_head":"<!-- This site is optimized with the Yoast SEO Premium plugin v22.9 (Yoast SEO v27.4) - https:\/\/yoast.com\/product\/yoast-seo-premium-wordpress\/ -->\n<title>Kaufen Sie Einen Schweizer Pass Online Bei Authenticdocsuk<\/title>\n<meta name=\"description\" content=\"Kaufen Sie einen Schweizer Pass online bei Authenticdocsuk Ihre vertrauensw\u00fcrdige Quelle f\u00fcr authentische, sichere Passdokumente.\" \/>\n<meta name=\"robots\" content=\"index, follow, max-snippet:-1, max-image-preview:large, max-video-preview:-1\" \/>\n<link rel=\"canonical\" href=\"https:\/\/authenticdocsuk.com\/pl\/schweizer-pass-kaufen\/\" \/>\n<meta property=\"og:locale\" content=\"pl_PL\" \/>\n<meta property=\"og:type\" content=\"article\" \/>\n<meta property=\"og:title\" content=\"Schweizer pass kaufen\" \/>\n<meta property=\"og:description\" content=\"Kaufen Sie einen Schweizer Pass online bei Authenticdocsuk Ihre vertrauensw\u00fcrdige Quelle f\u00fcr authentische, sichere Passdokumente.\" \/>\n<meta property=\"og:url\" content=\"https:\/\/authenticdocsuk.com\/pl\/schweizer-pass-kaufen\/\" \/>\n<meta property=\"og:site_name\" content=\"Authenticdocs\" \/>\n<meta property=\"article:modified_time\" content=\"2025-01-20T17:23:16+00:00\" \/>\n<meta property=\"og:image\" content=\"https:\/\/authenticdocsuk.com\/wp-content\/uploads\/2024\/05\/Schweizer-pass-kaufen.jpg\" \/>\n\t<meta property=\"og:image:width\" content=\"1600\" \/>\n\t<meta property=\"og:image:height\" content=\"901\" \/>\n\t<meta property=\"og:image:type\" content=\"image\/jpeg\" \/>\n<meta name=\"twitter:card\" content=\"summary_large_image\" \/>\n<meta name=\"twitter:label1\" content=\"Szacowany czas czytania\" \/>\n\t<meta name=\"twitter:data1\" content=\"2 minuty\" \/>\n<script type=\"application\/ld+json\" class=\"yoast-schema-graph\">{\"@context\":\"https:\\\/\\\/schema.org\",\"@graph\":[{\"@type\":\"WebPage\",\"@id\":\"https:\\\/\\\/authenticdocsuk.com\\\/schweizer-pass-kaufen\\\/\",\"url\":\"https:\\\/\\\/authenticdocsuk.com\\\/schweizer-pass-kaufen\\\/\",\"name\":\"Kaufen Sie Einen Schweizer Pass Online Bei Authenticdocsuk\",\"isPartOf\":{\"@id\":\"https:\\\/\\\/authenticdocsuk.com\\\/#website\"},\"primaryImageOfPage\":{\"@id\":\"https:\\\/\\\/authenticdocsuk.com\\\/schweizer-pass-kaufen\\\/#primaryimage\"},\"image\":{\"@id\":\"https:\\\/\\\/authenticdocsuk.com\\\/schweizer-pass-kaufen\\\/#primaryimage\"},\"thumbnailUrl\":\"https:\\\/\\\/authenticdocsuk.com\\\/wp-content\\\/uploads\\\/2024\\\/05\\\/Schweizer-pass-kaufen.jpg\",\"datePublished\":\"2024-05-30T23:39:31+00:00\",\"dateModified\":\"2025-01-20T17:23:16+00:00\",\"description\":\"Kaufen Sie einen Schweizer Pass online bei Authenticdocsuk Ihre vertrauensw\u00fcrdige Quelle f\u00fcr authentische, sichere Passdokumente.\",\"breadcrumb\":{\"@id\":\"https:\\\/\\\/authenticdocsuk.com\\\/schweizer-pass-kaufen\\\/#breadcrumb\"},\"inLanguage\":\"pl-PL\",\"potentialAction\":[{\"@type\":\"ReadAction\",\"target\":[\"https:\\\/\\\/authenticdocsuk.com\\\/schweizer-pass-kaufen\\\/\"]}]},{\"@type\":\"ImageObject\",\"inLanguage\":\"pl-PL\",\"@id\":\"https:\\\/\\\/authenticdocsuk.com\\\/schweizer-pass-kaufen\\\/#primaryimage\",\"url\":\"https:\\\/\\\/authenticdocsuk.com\\\/wp-content\\\/uploads\\\/2024\\\/05\\\/Schweizer-pass-kaufen.jpg\",\"contentUrl\":\"https:\\\/\\\/authenticdocsuk.com\\\/wp-content\\\/uploads\\\/2024\\\/05\\\/Schweizer-pass-kaufen.jpg\",\"width\":1600,\"height\":901,\"caption\":\"Schweizer pass kaufen\"},{\"@type\":\"BreadcrumbList\",\"@id\":\"https:\\\/\\\/authenticdocsuk.com\\\/schweizer-pass-kaufen\\\/#breadcrumb\",\"itemListElement\":[{\"@type\":\"ListItem\",\"position\":1,\"name\":\"Home\",\"item\":\"https:\\\/\\\/authenticdocsuk.com\\\/\"},{\"@type\":\"ListItem\",\"position\":2,\"name\":\"Schweizer pass kaufen\"}]},{\"@type\":\"WebSite\",\"@id\":\"https:\\\/\\\/authenticdocsuk.com\\\/#website\",\"url\":\"https:\\\/\\\/authenticdocsuk.com\\\/\",\"name\":\"Authenticdocs\",\"description\":\"Dokumente online kaufen\",\"publisher\":{\"@id\":\"https:\\\/\\\/authenticdocsuk.com\\\/#organization\"},\"potentialAction\":[{\"@type\":\"SearchAction\",\"target\":{\"@type\":\"EntryPoint\",\"urlTemplate\":\"https:\\\/\\\/authenticdocsuk.com\\\/?s={search_term_string}\"},\"query-input\":{\"@type\":\"PropertyValueSpecification\",\"valueRequired\":true,\"valueName\":\"search_term_string\"}}],\"inLanguage\":\"pl-PL\"},{\"@type\":\"Organization\",\"@id\":\"https:\\\/\\\/authenticdocsuk.com\\\/#organization\",\"name\":\"Authenticdocs\",\"url\":\"https:\\\/\\\/authenticdocsuk.com\\\/\",\"logo\":{\"@type\":\"ImageObject\",\"inLanguage\":\"pl-PL\",\"@id\":\"https:\\\/\\\/authenticdocsuk.com\\\/#\\\/schema\\\/logo\\\/image\\\/\",\"url\":\"https:\\\/\\\/authenticdocsuk.com\\\/wp-content\\\/uploads\\\/2024\\\/06\\\/Dokumente-kaufen-logo-white.webp\",\"contentUrl\":\"https:\\\/\\\/authenticdocsuk.com\\\/wp-content\\\/uploads\\\/2024\\\/06\\\/Dokumente-kaufen-logo-white.webp\",\"width\":1598,\"height\":329,\"caption\":\"Authenticdocs\"},\"image\":{\"@id\":\"https:\\\/\\\/authenticdocsuk.com\\\/#\\\/schema\\\/logo\\\/image\\\/\"}}]}<\/script>\n<!-- \/ Yoast SEO Premium plugin. -->","yoast_head_json":{"title":"Kaufen Sie Einen Schweizer Pass Online Bei Authenticdocsuk","description":"Kaufen Sie einen Schweizer Pass online bei Authenticdocsuk Ihre vertrauensw\u00fcrdige Quelle f\u00fcr authentische, sichere Passdokumente.","robots":{"index":"index","follow":"follow","max-snippet":"max-snippet:-1","max-image-preview":"max-image-preview:large","max-video-preview":"max-video-preview:-1"},"canonical":"https:\/\/authenticdocsuk.com\/pl\/schweizer-pass-kaufen\/","og_locale":"pl_PL","og_type":"article","og_title":"Schweizer pass kaufen","og_description":"Kaufen Sie einen Schweizer Pass online bei Authenticdocsuk Ihre vertrauensw\u00fcrdige Quelle f\u00fcr authentische, sichere Passdokumente.","og_url":"https:\/\/authenticdocsuk.com\/pl\/schweizer-pass-kaufen\/","og_site_name":"Authenticdocs","article_modified_time":"2025-01-20T17:23:16+00:00","og_image":[{"width":1600,"height":901,"url":"https:\/\/authenticdocsuk.com\/wp-content\/uploads\/2024\/05\/Schweizer-pass-kaufen.jpg","type":"image\/jpeg"}],"twitter_card":"summary_large_image","twitter_misc":{"Szacowany czas czytania":"2 minuty"},"schema":{"@context":"https:\/\/schema.org","@graph":[{"@type":"WebPage","@id":"https:\/\/authenticdocsuk.com\/schweizer-pass-kaufen\/","url":"https:\/\/authenticdocsuk.com\/schweizer-pass-kaufen\/","name":"Kaufen Sie Einen Schweizer Pass Online Bei Authenticdocsuk","isPartOf":{"@id":"https:\/\/authenticdocsuk.com\/#website"},"primaryImageOfPage":{"@id":"https:\/\/authenticdocsuk.com\/schweizer-pass-kaufen\/#primaryimage"},"image":{"@id":"https:\/\/authenticdocsuk.com\/schweizer-pass-kaufen\/#primaryimage"},"thumbnailUrl":"https:\/\/authenticdocsuk.com\/wp-content\/uploads\/2024\/05\/Schweizer-pass-kaufen.jpg","datePublished":"2024-05-30T23:39:31+00:00","dateModified":"2025-01-20T17:23:16+00:00","description":"Kaufen Sie einen Schweizer Pass online bei Authenticdocsuk Ihre vertrauensw\u00fcrdige Quelle f\u00fcr authentische, sichere Passdokumente.","breadcrumb":{"@id":"https:\/\/authenticdocsuk.com\/schweizer-pass-kaufen\/#breadcrumb"},"inLanguage":"pl-PL","potentialAction":[{"@type":"ReadAction","target":["https:\/\/authenticdocsuk.com\/schweizer-pass-kaufen\/"]}]},{"@type":"ImageObject","inLanguage":"pl-PL","@id":"https:\/\/authenticdocsuk.com\/schweizer-pass-kaufen\/#primaryimage","url":"https:\/\/authenticdocsuk.com\/wp-content\/uploads\/2024\/05\/Schweizer-pass-kaufen.jpg","contentUrl":"https:\/\/authenticdocsuk.com\/wp-content\/uploads\/2024\/05\/Schweizer-pass-kaufen.jpg","width":1600,"height":901,"caption":"Schweizer pass kaufen"},{"@type":"BreadcrumbList","@id":"https:\/\/authenticdocsuk.com\/schweizer-pass-kaufen\/#breadcrumb","itemListElement":[{"@type":"ListItem","position":1,"name":"Home","item":"https:\/\/authenticdocsuk.com\/"},{"@type":"ListItem","position":2,"name":"Schweizer pass kaufen"}]},{"@type":"WebSite","@id":"https:\/\/authenticdocsuk.com\/#website","url":"https:\/\/authenticdocsuk.com\/","name":"Authenticdocs","description":"Dokumente online kaufen","publisher":{"@id":"https:\/\/authenticdocsuk.com\/#organization"},"potentialAction":[{"@type":"SearchAction","target":{"@type":"EntryPoint","urlTemplate":"https:\/\/authenticdocsuk.com\/?s={search_term_string}"},"query-input":{"@type":"PropertyValueSpecification","valueRequired":true,"valueName":"search_term_string"}}],"inLanguage":"pl-PL"},{"@type":"Organization","@id":"https:\/\/authenticdocsuk.com\/#organization","name":"Authenticdocs","url":"https:\/\/authenticdocsuk.com\/","logo":{"@type":"ImageObject","inLanguage":"pl-PL","@id":"https:\/\/authenticdocsuk.com\/#\/schema\/logo\/image\/","url":"https:\/\/authenticdocsuk.com\/wp-content\/uploads\/2024\/06\/Dokumente-kaufen-logo-white.webp","contentUrl":"https:\/\/authenticdocsuk.com\/wp-content\/uploads\/2024\/06\/Dokumente-kaufen-logo-white.webp","width":1598,"height":329,"caption":"Authenticdocs"},"image":{"@id":"https:\/\/authenticdocsuk.com\/#\/schema\/logo\/image\/"}}]}},"_links":{"self":[{"href":"https:\/\/authenticdocsuk.com\/pl\/wp-json\/wp\/v2\/pages\/1506","targetHints":{"allow":["GET"]}}],"collection":[{"href":"https:\/\/authenticdocsuk.com\/pl\/wp-json\/wp\/v2\/pages"}],"about":[{"href":"https:\/\/authenticdocsuk.com\/pl\/wp-json\/wp\/v2\/types\/page"}],"author":[{"embeddable":true,"href":"https:\/\/authenticdocsuk.com\/pl\/wp-json\/wp\/v2\/users\/1"}],"replies":[{"embeddable":true,"href":"https:\/\/authenticdocsuk.com\/pl\/wp-json\/wp\/v2\/comments?post=1506"}],"version-history":[{"count":4,"href":"https:\/\/authenticdocsuk.com\/pl\/wp-json\/wp\/v2\/pages\/1506\/revisions"}],"predecessor-version":[{"id":1615,"href":"https:\/\/authenticdocsuk.com\/pl\/wp-json\/wp\/v2\/pages\/1506\/revisions\/1615"}],"wp:featuredmedia":[{"embeddable":true,"href":"https:\/\/authenticdocsuk.com\/pl\/wp-json\/wp\/v2\/media\/1507"}],"wp:attachment":[{"href":"https:\/\/authenticdocsuk.com\/pl\/wp-json\/wp\/v2\/media?parent=1506"}],"curies":[{"name":"wp","href":"https:\/\/api.w.org\/{rel}","templated":true}]}}