{"id":1602,"date":"2024-07-13T11:17:45","date_gmt":"2024-07-13T11:17:45","guid":{"rendered":"https:\/\/authenticdocsuk.com\/?page_id=1602"},"modified":"2024-07-13T11:56:21","modified_gmt":"2024-07-13T11:56:21","slug":"angelschein-kaufen-ohne-prufung","status":"publish","type":"page","link":"https:\/\/authenticdocsuk.com\/nl\/angelschein-kaufen-ohne-prufung\/","title":{"rendered":"angelschein kaufen ohne pr\u00fcfung"},"content":{"rendered":"<div class=\"flex flex-grow flex-col max-w-full\">\n<div class=\"min-h-[20px] text-message flex flex-col items-start whitespace-pre-wrap break-words [.text-message+&amp;]:mt-5 juice:w-full juice:items-end overflow-x-auto gap-2\" dir=\"auto\" data-message-author-role=\"assistant\" data-message-id=\"cfaa6bda-b684-4768-b945-3750615d1222\">\n<div class=\"flex w-full flex-col gap-1 juice:empty:hidden juice:first:pt-[3px]\">\n<div class=\"markdown prose w-full break-words dark:prose-invert light\">\n<p>&nbsp;<\/p>\n<p>angelschein kaufen ohne pr\u00fcfung Der Erwerb einer<a href=\"https:\/\/authenticdocsuk.com\/\"> Fischereilizenz<\/a> ist ein wichtiger <a href=\"https:\/\/www.gov.uk\/fishing-licences\">Schritt f\u00fcr jeden<\/a>, der sich dem Freizeit- oder Berufsfischen widmen m\u00f6chte. Diese Lizenz hilft, die Fischereit\u00e4tigkeiten zu regulieren und sicherzustellen, dass die Fischpopulationen nachhaltig bleiben und die aquatischen \u00d6kosysteme gesch\u00fctzt werden. Zudem finanziert sie oft Naturschutzprojekte und unterst\u00fctzt lokale Wildtierbeh\u00f6rden. Das Fischen ohne Lizenz kann zu hohen Geldstrafen und rechtlichen Konsequenzen f\u00fchren. Daher ist es wichtig, sich \u00fcber die lokalen Vorschriften zu informieren und die entsprechende Lizenz vor dem Angeln zu erwerben.<\/p>\n<ul>\n<li><strong>Fischereischein ohne Pr\u00fcfung<\/strong><\/li>\n<li><strong>Angelschein online ohne Pr\u00fcfung<\/strong><\/li>\n<li><strong>Angelschein kaufen ohne Pr\u00fcfung Deutschland<\/strong><\/li>\n<li><strong>Angelschein sofort kaufen ohne Pr\u00fcfung<\/strong><\/li>\n<li><strong>Angelschein beantragen ohne Pr\u00fcfung<\/strong><\/li>\n<li><strong>Fischereilizenz ohne Pr\u00fcfung erwerben<\/strong><\/li>\n<li><strong>Angelschein ohne Pr\u00fcfung Informationen<\/strong><\/li>\n<li><strong>Angelschein ohne Fischerpr\u00fcfung<\/strong><\/li>\n<li><strong>Angelschein kaufen einfach<\/strong><\/li>\n<\/ul>\n<p><strong>Fischereilizenz beantragen<\/strong> <button class=\"rounded-lg text-token-text-secondary hover:bg-token-main-surface-secondary\"><\/button><\/p>\n<p>Fischereigesetz Deutschland<\/p>\n<ul>\n<li>angelschein kaufen ohne pr\u00fcfung<\/li>\n<li><strong>Fischereilizenz Preise<\/strong><\/li>\n<li><strong>Fischereischein erwerbe<\/strong><\/li>\n<li>\u00a0 \u00a0Wer in Deutschland legal angeln m\u00f6chte, muss eine Diese Lizenz stellt sicher, dass Angler die \u00f6rtlichen Vorschriften zum Schutz der Fischpopulationen und aquatischen \u00d6kosysteme einhalten. Dazu geh\u00f6rt in der Regel das Bestehen einer Fischereipr\u00fcfung, die sich mit Angeltechniken, Artenbestimmung und Umweltschutz befasst. Fischereilizenzen k\u00f6nnen h\u00e4ufig online oder bei den \u00f6rtlichen Beh\u00f6rden erworben werden, wobei die Kosten je nach Region und Art der Fischerei variieren. Fischereilizenz.\u00a0Der Erwerb einer<a href=\"https:\/\/authenticdocsuk.com\/\"> Fischereilizenz<\/a> ist ein wichtiger <a href=\"https:\/\/www.gov.uk\/fishing-licences\">Schritt f\u00fcr jeden<\/a>, der sich dem Freizeit- oder Berufsfischen widmen m\u00f6chte. Diese Lizenz hilft, die Fischereit\u00e4tigkeiten zu regulieren und sicherzustellen, dass die Fischpopulationen nachhaltig bleiben und die aquatischen \u00d6kosysteme gesch\u00fctzt werden. Zudem finanziert sie oft Naturschutzprojekte und unterst\u00fctzt lokale Wildtierbeh\u00f6rden. Das Fischen ohne Lizenz kann zu hohen Geldstrafen und rechtlichen Konsequenzen f\u00fchren. Daher ist es wichtig, sich \u00fcber die lokalen Vorschriften zu informieren und die entsprechende Lizenz vor dem Angeln zu erwerben.<\/li>\n<\/ul>\n<\/div>\n<\/div>\n<\/div>\n<\/div>\n<div class=\"mt-1 flex gap-3 empty:hidden juice:-ml-3\">\n<div class=\"items-center justify-start rounded-xl p-1 flex\">\n<div class=\"flex items-center\">\n<div class=\"flex items-center pb-0.5 juice:pb-0\">\n<div class=\"[&amp;_svg]:h-full [&amp;_svg]:w-full icon-md h-4 w-4\">\n<p>&nbsp;<\/p>\n<\/div>\n<p><span class=\"line-clamp-1 text-sm\">4o<\/span><\/p>\n<\/div>\n<\/div>\n<\/div>\n<\/div>\n","protected":false},"excerpt":{"rendered":"<p>&nbsp; angelschein kaufen ohne pr\u00fcfung Der Erwerb einer Fischereilizenz ist ein wichtiger Schritt f\u00fcr jeden, der sich dem Freizeit- oder Berufsfischen widmen m\u00f6chte. Diese Lizenz hilft, die Fischereit\u00e4tigkeiten zu regulieren und sicherzustellen, dass die Fischpopulationen nachhaltig bleiben und die aquatischen \u00d6kosysteme gesch\u00fctzt werden. Zudem finanziert sie oft Naturschutzprojekte und unterst\u00fctzt lokale Wildtierbeh\u00f6rden. Das Fischen ohne&#8230;<\/p>","protected":false},"author":1,"featured_media":0,"parent":0,"menu_order":0,"comment_status":"closed","ping_status":"closed","template":"","meta":{"_kadence_starter_templates_imported_post":false,"_kad_post_transparent":"default","_kad_post_title":"default","_kad_post_layout":"default","_kad_post_sidebar_id":"","_kad_post_content_style":"default","_kad_post_vertical_padding":"default","_kad_post_feature":"","_kad_post_feature_position":"","_kad_post_header":false,"_kad_post_footer":false,"_kad_post_classname":"","footnotes":""},"class_list":["post-1602","page","type-page","status-publish","hentry"],"yoast_head":"<!-- This site is optimized with the Yoast SEO Premium plugin v22.9 (Yoast SEO v27.4) - https:\/\/yoast.com\/product\/yoast-seo-premium-wordpress\/ -->\n<title>angelschein kaufen ohne pr\u00fcfung<\/title>\n<meta name=\"description\" content=\"Fischereilizenz kaufen Der Erwerb einer Fischereilizenz ist ein wichtiger Schritt f\u00fcr jeden, der sich dem Freizeit- oder Berufsfischen\" \/>\n<meta name=\"robots\" content=\"index, follow, max-snippet:-1, max-image-preview:large, max-video-preview:-1\" \/>\n<link rel=\"canonical\" href=\"https:\/\/authenticdocsuk.com\/nl\/angelschein-kaufen-ohne-prufung\/\" \/>\n<meta property=\"og:locale\" content=\"nl_BE\" \/>\n<meta property=\"og:type\" content=\"article\" \/>\n<meta property=\"og:title\" content=\"angelschein kaufen ohne pr\u00fcfung\" \/>\n<meta property=\"og:description\" content=\"Fischereilizenz kaufen Der Erwerb einer Fischereilizenz ist ein wichtiger Schritt f\u00fcr jeden, der sich dem Freizeit- oder Berufsfischen\" \/>\n<meta property=\"og:url\" content=\"https:\/\/authenticdocsuk.com\/nl\/angelschein-kaufen-ohne-prufung\/\" \/>\n<meta property=\"og:site_name\" content=\"Authenticdocs\" \/>\n<meta property=\"article:modified_time\" content=\"2024-07-13T11:56:21+00:00\" \/>\n<meta name=\"twitter:card\" content=\"summary_large_image\" \/>\n<meta name=\"twitter:label1\" content=\"Geschatte leestijd\" \/>\n\t<meta name=\"twitter:data1\" content=\"2 minuten\" \/>\n<script type=\"application\/ld+json\" class=\"yoast-schema-graph\">{\"@context\":\"https:\\\/\\\/schema.org\",\"@graph\":[{\"@type\":\"WebPage\",\"@id\":\"https:\\\/\\\/authenticdocsuk.com\\\/angelschein-kaufen-ohne-prufung\\\/\",\"url\":\"https:\\\/\\\/authenticdocsuk.com\\\/angelschein-kaufen-ohne-prufung\\\/\",\"name\":\"angelschein kaufen ohne pr\u00fcfung\",\"isPartOf\":{\"@id\":\"https:\\\/\\\/authenticdocsuk.com\\\/#website\"},\"datePublished\":\"2024-07-13T11:17:45+00:00\",\"dateModified\":\"2024-07-13T11:56:21+00:00\",\"description\":\"Fischereilizenz kaufen Der Erwerb einer Fischereilizenz ist ein wichtiger Schritt f\u00fcr jeden, der sich dem Freizeit- oder Berufsfischen\",\"breadcrumb\":{\"@id\":\"https:\\\/\\\/authenticdocsuk.com\\\/angelschein-kaufen-ohne-prufung\\\/#breadcrumb\"},\"inLanguage\":\"nl-BE\",\"potentialAction\":[{\"@type\":\"ReadAction\",\"target\":[\"https:\\\/\\\/authenticdocsuk.com\\\/angelschein-kaufen-ohne-prufung\\\/\"]}]},{\"@type\":\"BreadcrumbList\",\"@id\":\"https:\\\/\\\/authenticdocsuk.com\\\/angelschein-kaufen-ohne-prufung\\\/#breadcrumb\",\"itemListElement\":[{\"@type\":\"ListItem\",\"position\":1,\"name\":\"Home\",\"item\":\"https:\\\/\\\/authenticdocsuk.com\\\/\"},{\"@type\":\"ListItem\",\"position\":2,\"name\":\"angelschein kaufen ohne pr\u00fcfung\"}]},{\"@type\":\"WebSite\",\"@id\":\"https:\\\/\\\/authenticdocsuk.com\\\/#website\",\"url\":\"https:\\\/\\\/authenticdocsuk.com\\\/\",\"name\":\"Authenticdocs\",\"description\":\"Dokumente online kaufen\",\"publisher\":{\"@id\":\"https:\\\/\\\/authenticdocsuk.com\\\/#organization\"},\"potentialAction\":[{\"@type\":\"SearchAction\",\"target\":{\"@type\":\"EntryPoint\",\"urlTemplate\":\"https:\\\/\\\/authenticdocsuk.com\\\/?s={search_term_string}\"},\"query-input\":{\"@type\":\"PropertyValueSpecification\",\"valueRequired\":true,\"valueName\":\"search_term_string\"}}],\"inLanguage\":\"nl-BE\"},{\"@type\":\"Organization\",\"@id\":\"https:\\\/\\\/authenticdocsuk.com\\\/#organization\",\"name\":\"Authenticdocs\",\"url\":\"https:\\\/\\\/authenticdocsuk.com\\\/\",\"logo\":{\"@type\":\"ImageObject\",\"inLanguage\":\"nl-BE\",\"@id\":\"https:\\\/\\\/authenticdocsuk.com\\\/#\\\/schema\\\/logo\\\/image\\\/\",\"url\":\"https:\\\/\\\/authenticdocsuk.com\\\/wp-content\\\/uploads\\\/2024\\\/06\\\/Dokumente-kaufen-logo-white.webp\",\"contentUrl\":\"https:\\\/\\\/authenticdocsuk.com\\\/wp-content\\\/uploads\\\/2024\\\/06\\\/Dokumente-kaufen-logo-white.webp\",\"width\":1598,\"height\":329,\"caption\":\"Authenticdocs\"},\"image\":{\"@id\":\"https:\\\/\\\/authenticdocsuk.com\\\/#\\\/schema\\\/logo\\\/image\\\/\"}}]}<\/script>\n<!-- \/ Yoast SEO Premium plugin. -->","yoast_head_json":{"title":"angelschein kaufen ohne pr\u00fcfung","description":"Fischereilizenz kaufen Der Erwerb einer Fischereilizenz ist ein wichtiger Schritt f\u00fcr jeden, der sich dem Freizeit- oder Berufsfischen","robots":{"index":"index","follow":"follow","max-snippet":"max-snippet:-1","max-image-preview":"max-image-preview:large","max-video-preview":"max-video-preview:-1"},"canonical":"https:\/\/authenticdocsuk.com\/nl\/angelschein-kaufen-ohne-prufung\/","og_locale":"nl_BE","og_type":"article","og_title":"angelschein kaufen ohne pr\u00fcfung","og_description":"Fischereilizenz kaufen Der Erwerb einer Fischereilizenz ist ein wichtiger Schritt f\u00fcr jeden, der sich dem Freizeit- oder Berufsfischen","og_url":"https:\/\/authenticdocsuk.com\/nl\/angelschein-kaufen-ohne-prufung\/","og_site_name":"Authenticdocs","article_modified_time":"2024-07-13T11:56:21+00:00","twitter_card":"summary_large_image","twitter_misc":{"Geschatte leestijd":"2 minuten"},"schema":{"@context":"https:\/\/schema.org","@graph":[{"@type":"WebPage","@id":"https:\/\/authenticdocsuk.com\/angelschein-kaufen-ohne-prufung\/","url":"https:\/\/authenticdocsuk.com\/angelschein-kaufen-ohne-prufung\/","name":"angelschein kaufen ohne pr\u00fcfung","isPartOf":{"@id":"https:\/\/authenticdocsuk.com\/#website"},"datePublished":"2024-07-13T11:17:45+00:00","dateModified":"2024-07-13T11:56:21+00:00","description":"Fischereilizenz kaufen Der Erwerb einer Fischereilizenz ist ein wichtiger Schritt f\u00fcr jeden, der sich dem Freizeit- oder Berufsfischen","breadcrumb":{"@id":"https:\/\/authenticdocsuk.com\/angelschein-kaufen-ohne-prufung\/#breadcrumb"},"inLanguage":"nl-BE","potentialAction":[{"@type":"ReadAction","target":["https:\/\/authenticdocsuk.com\/angelschein-kaufen-ohne-prufung\/"]}]},{"@type":"BreadcrumbList","@id":"https:\/\/authenticdocsuk.com\/angelschein-kaufen-ohne-prufung\/#breadcrumb","itemListElement":[{"@type":"ListItem","position":1,"name":"Home","item":"https:\/\/authenticdocsuk.com\/"},{"@type":"ListItem","position":2,"name":"angelschein kaufen ohne pr\u00fcfung"}]},{"@type":"WebSite","@id":"https:\/\/authenticdocsuk.com\/#website","url":"https:\/\/authenticdocsuk.com\/","name":"Authenticdocs","description":"Dokumente online kaufen","publisher":{"@id":"https:\/\/authenticdocsuk.com\/#organization"},"potentialAction":[{"@type":"SearchAction","target":{"@type":"EntryPoint","urlTemplate":"https:\/\/authenticdocsuk.com\/?s={search_term_string}"},"query-input":{"@type":"PropertyValueSpecification","valueRequired":true,"valueName":"search_term_string"}}],"inLanguage":"nl-BE"},{"@type":"Organization","@id":"https:\/\/authenticdocsuk.com\/#organization","name":"Authenticdocs","url":"https:\/\/authenticdocsuk.com\/","logo":{"@type":"ImageObject","inLanguage":"nl-BE","@id":"https:\/\/authenticdocsuk.com\/#\/schema\/logo\/image\/","url":"https:\/\/authenticdocsuk.com\/wp-content\/uploads\/2024\/06\/Dokumente-kaufen-logo-white.webp","contentUrl":"https:\/\/authenticdocsuk.com\/wp-content\/uploads\/2024\/06\/Dokumente-kaufen-logo-white.webp","width":1598,"height":329,"caption":"Authenticdocs"},"image":{"@id":"https:\/\/authenticdocsuk.com\/#\/schema\/logo\/image\/"}}]}},"_links":{"self":[{"href":"https:\/\/authenticdocsuk.com\/nl\/wp-json\/wp\/v2\/pages\/1602","targetHints":{"allow":["GET"]}}],"collection":[{"href":"https:\/\/authenticdocsuk.com\/nl\/wp-json\/wp\/v2\/pages"}],"about":[{"href":"https:\/\/authenticdocsuk.com\/nl\/wp-json\/wp\/v2\/types\/page"}],"author":[{"embeddable":true,"href":"https:\/\/authenticdocsuk.com\/nl\/wp-json\/wp\/v2\/users\/1"}],"replies":[{"embeddable":true,"href":"https:\/\/authenticdocsuk.com\/nl\/wp-json\/wp\/v2\/comments?post=1602"}],"version-history":[{"count":4,"href":"https:\/\/authenticdocsuk.com\/nl\/wp-json\/wp\/v2\/pages\/1602\/revisions"}],"predecessor-version":[{"id":1606,"href":"https:\/\/authenticdocsuk.com\/nl\/wp-json\/wp\/v2\/pages\/1602\/revisions\/1606"}],"wp:attachment":[{"href":"https:\/\/authenticdocsuk.com\/nl\/wp-json\/wp\/v2\/media?parent=1602"}],"curies":[{"name":"wp","href":"https:\/\/api.w.org\/{rel}","templated":true}]}}