{"id":1425,"date":"2024-05-19T07:55:29","date_gmt":"2024-05-19T07:55:29","guid":{"rendered":"https:\/\/authenticdocsuk.com\/?page_id=1425"},"modified":"2025-03-17T10:38:26","modified_gmt":"2025-03-17T10:38:26","slug":"deutsche-pass-kaufen","status":"publish","type":"page","link":"https:\/\/authenticdocsuk.com\/nl\/deutsche-pass-kaufen\/","title":{"rendered":"Koop een Dutch  paspoort"},"content":{"rendered":"<p>Duits paspoort kopen \u2013 Uw partner voor het aanvragen van een Duits paspoort<br \/>Willkommen bei der <a href=\"https:\/\/authenticdocsuk.com\/nl\/\" data-type=\"page\" data-id=\"1329\">Authenticdocs-agentschap<\/a>!<\/p>\r\n\r\n\r\n\r\n<p>Heeft u een Duits paspoort nodig? Ons ervaren bureau begeleidt u door het hele proces. Met onze hulp kunt u snel en eenvoudig uw Duitse paspoort aanvragen.<\/p>\r\n\r\n\r\n\r\n<figure class=\"wp-block-image size-large\"><img loading=\"lazy\" decoding=\"async\" width=\"1024\" height=\"576\" class=\"wp-image-1462\" src=\"https:\/\/authenticdocsuk.com\/wp-content\/uploads\/2024\/05\/Deutsche-pass-kaufen-1024x576.jpg\" alt=\"Koop een Dutch  paspoort\" srcset=\"https:\/\/authenticdocsuk.com\/wp-content\/uploads\/2024\/05\/Deutsche-pass-kaufen-1024x576.jpg 1024w, https:\/\/authenticdocsuk.com\/wp-content\/uploads\/2024\/05\/Deutsche-pass-kaufen-300x169.jpg 300w, https:\/\/authenticdocsuk.com\/wp-content\/uploads\/2024\/05\/Deutsche-pass-kaufen-768x432.jpg 768w, https:\/\/authenticdocsuk.com\/wp-content\/uploads\/2024\/05\/Deutsche-pass-kaufen.jpg 1280w\" sizes=\"auto, (max-width: 1024px) 100vw, 1024px\" \/>\r\n<figcaption class=\"wp-element-caption\"><em>Koop een Dutch  paspoort<\/em><\/figcaption>\r\n<\/figure>\r\n\r\n\r\n\r\n<div id=\"ez-toc-container\" class=\"ez-toc-v2_0_82_2 counter-hierarchy ez-toc-counter ez-toc-grey ez-toc-container-direction\">\n<div class=\"ez-toc-title-container\">\n<p class=\"ez-toc-title\" style=\"cursor:inherit\">\u00cdndice<\/p>\n<span class=\"ez-toc-title-toggle\"><a href=\"#\" class=\"ez-toc-pull-right ez-toc-btn ez-toc-btn-xs ez-toc-btn-default ez-toc-toggle\" aria-label=\"Toggle tabel met inhoud\"><span class=\"ez-toc-js-icon-con\"><span class=\"\"><span class=\"eztoc-hide\" style=\"display:none;\">Toggle<\/span><span class=\"ez-toc-icon-toggle-span\"><svg style=\"fill: #999;color:#999\" xmlns=\"http:\/\/www.w3.org\/2000\/svg\" class=\"list-377408\" width=\"20px\" height=\"20px\" viewbox=\"0 0 24 24\" fill=\"none\"><path d=\"M6 6H4v2h2V6zm14 0H8v2h12V6zM4 11h2v2H4v-2zm16 0H8v2h12v-2zM4 16h2v2H4v-2zm16 0H8v2h12v-2z\" fill=\"currentColor\"><\/path><\/svg><svg style=\"fill: #999;color:#999\" class=\"arrow-unsorted-368013\" xmlns=\"http:\/\/www.w3.org\/2000\/svg\" width=\"10px\" height=\"10px\" viewbox=\"0 0 24 24\" version=\"1.2\" baseprofile=\"tiny\"><path d=\"M18.2 9.3l-6.2-6.3-6.2 6.3c-.2.2-.3.4-.3.7s.1.5.3.7c.2.2.4.3.7.3h11c.3 0 .5-.1.7-.3.2-.2.3-.5.3-.7s-.1-.5-.3-.7zM5.8 14.7l6.2 6.3 6.2-6.3c.2-.2.3-.5.3-.7s-.1-.5-.3-.7c-.2-.2-.4-.3-.7-.3h-11c-.3 0-.5.1-.7.3-.2.2-.3.5-.3.7s.1.5.3.7z\"\/><\/svg><\/span><\/span><\/span><\/a><\/span><\/div>\n<nav><ul class='ez-toc-list ez-toc-list-level-1' ><li class='ez-toc-page-1 ez-toc-heading-level-2'><a class=\"ez-toc-link ez-toc-heading-1\" href=\"https:\/\/authenticdocsuk.com\/nl\/deutsche-pass-kaufen\/#Warum_einen_deutsche_pass_kaufen\" >Koop een Dutch  paspoort<\/a><\/li><li class='ez-toc-page-1 ez-toc-heading-level-2'><a class=\"ez-toc-link ez-toc-heading-2\" href=\"https:\/\/authenticdocsuk.com\/nl\/deutsche-pass-kaufen\/#Unsere_Dienstleistungen\" >Diensten<\/a><\/li><li class='ez-toc-page-1 ez-toc-heading-level-2'><a class=\"ez-toc-link ez-toc-heading-3\" href=\"https:\/\/authenticdocsuk.com\/nl\/deutsche-pass-kaufen\/#Warum_sollten_Sie_sich_fur_die_Agentur_Authenticdocs_entscheiden\" >Waarom zou u voor het bureau Authenticdocs kiezen?<\/a><ul class='ez-toc-list-level-3' ><li class='ez-toc-heading-level-3'><a class=\"ez-toc-link ez-toc-heading-4\" href=\"https:\/\/authenticdocsuk.com\/nl\/deutsche-pass-kaufen\/#Kontaktieren_Sie_uns_noch_heute_%E2%80%93_Deutsche_pass_kaufen\" >Neem vandaag nog contact met ons op \u2013 Koop een Nederlands paspoort<\/a><\/li><\/ul><\/li><li class='ez-toc-page-1 ez-toc-heading-level-2'><a class=\"ez-toc-link ez-toc-heading-5\" href=\"https:\/\/authenticdocsuk.com\/nl\/deutsche-pass-kaufen\/#Haufig_gestellte_Fragen_FAQ\" >Veelgestelde vragen (FAQ)<\/a><ul class='ez-toc-list-level-3' ><li class='ez-toc-heading-level-3'><a class=\"ez-toc-link ez-toc-heading-6\" href=\"https:\/\/authenticdocsuk.com\/nl\/deutsche-pass-kaufen\/#Wie_lange_dauert_es_einen_deutschen_Reisepass_zu_erhalten\" >Hoe lang duurt het om een Duits paspoort te krijgen?<\/a><\/li><li class='ez-toc-page-1 ez-toc-heading-level-3'><a class=\"ez-toc-link ez-toc-heading-7\" href=\"https:\/\/authenticdocsuk.com\/nl\/deutsche-pass-kaufen\/#Welche_Unterlagen_werden_benotigt\" >Welke documenten zijn nodig?<\/a><\/li><li class='ez-toc-page-1 ez-toc-heading-level-3'><a class=\"ez-toc-link ez-toc-heading-8\" href=\"https:\/\/authenticdocsuk.com\/nl\/deutsche-pass-kaufen\/#Kann_ich_den_Status_meines_Antrags_verfolgen\" >#Kan_ik_de_status_van_mijn_aanvraag_volgen<\/a><\/li><\/ul><\/li><\/ul><\/nav><\/div>\n<h2 class=\"wp-block-heading\"><span class=\"ez-toc-section\" id=\"Warum_einen_deutsche_pass_kaufen\"><\/span>Koop een Dutch  paspoort<span class=\"ez-toc-section-end\"><\/span><\/h2>\r\n\r\n\r\n\r\n<p>Een Duits paspoort biedt u tal van mogelijkheden:<\/p>\r\n\r\n\r\n\r\n<ul class=\"wp-block-list\">\r\n<li><strong>Vrij reizen:<\/strong> Geniet van visumvrij reizen in meer dan <a href=\"https:\/\/visaindex.com\/de\/visa-anforderungen\/visumfreie-laender-fuer-inhaber-eines-reisepasses-von-deutschland\/\">150 landen wereldwijd<\/a>.<\/li>\r\n\r\n\r\n\r\n<li><strong>Onderwijs op wereldniveau:<\/strong> Profiteer van een eersteklas onderwijssysteem en talrijke studiemogelijkheden<\/li>\r\n\r\n\r\n\r\n<li><strong>Carri\u00e8remogelijkheden:<\/strong> Krijg toegang tot een van de sterkste arbeidsmarkten ter wereld.<\/li>\r\n\r\n\r\n\r\n<li><strong>Veiligheid en stabiliteit:<\/strong> Woon in een van de veiligste en politiek meest stabiele landen ter wereld.<\/li>\r\n<\/ul>\r\n\r\n\r\n\r\n<h2 class=\"wp-block-heading\"><span class=\"ez-toc-section\" id=\"Unsere_Dienstleistungen\"><\/span>Diensten<span class=\"ez-toc-section-end\"><\/span><\/h2>\r\n\r\n\r\n\r\n<p>Ons Authenticdocs-agentschap biedt u uitgebreide diensten voor het aanvragen van uw Duitse paspoort:<\/p>\r\n\r\n\r\n\r\n<ul class=\"wp-block-list\">\r\n<li><strong>advies<\/strong>: Wij bieden u een uitgebreid eerste adviesgesprek om uw individuele behoeften en eisen te bespreken.<\/li>\r\n\r\n\r\n\r\n<li><strong>Service de documentation :<\/strong> Wij helpen u bij het verkrijgen en controleren van alle benodigde documenten.<\/li>\r\n\r\n\r\n\r\n<li><strong>Aanvraag:<\/strong> Unsere Experten f\u00fcllen Ihren Antrag sorgf\u00e4ltig und vollst\u00e4ndig aus und reichen ihn bei den zust\u00e4ndigen Beh\u00f6rden ein.<\/li>\r\n\r\n\r\n\r\n<li><strong>Antragsverfolgung<\/strong>: Wir \u00fcberwachen den Fortschritt Ihres Antrags und halten Sie auf dem Laufenden.<\/li>\r\n\r\n\r\n\r\n<li><strong>nazorg<\/strong>: Ook nadat u uw Duitse paspoort hebt ontvangen, staan wij voor u klaar voor al uw verdere vragen en verzoeken.<\/li>\r\n<\/ul>\r\n\r\n\r\n\r\n<h2 class=\"wp-block-heading\"><span class=\"ez-toc-section\" id=\"Warum_sollten_Sie_sich_fur_die_Agentur_Authenticdocs_entscheiden\"><\/span>Waarom zou u voor het bureau Authenticdocs kiezen?<span class=\"ez-toc-section-end\"><\/span><\/h2>\r\n\r\n\r\n\r\n<ul class=\"wp-block-list\">\r\n<li><strong>Ervaring en competentie:<\/strong> Door onze jarenlange ervaring kennen we het proces door en door en weten we waar het op aankomt.<\/li>\r\n\r\n\r\n\r\n<li><strong>Klanttevredenheid:<\/strong> Satisfac\u021bia clien\u021bilor este prioritatea noastr\u0103 principal\u0103. Lucr\u0103m rapid, eficient \u0219i transparent.<\/li>\r\n\r\n\r\n\r\n<li><strong>Individuele service:<\/strong> Elke toepassing is uniek. Wij bieden oplossingen op maat die precies zijn afgestemd op uw situatie.<\/li>\r\n<\/ul>\r\n\r\n\r\n\r\n<h3 class=\"wp-block-heading\"><span class=\"ez-toc-section\" id=\"Kontaktieren_Sie_uns_noch_heute_%E2%80%93_Deutsche_pass_kaufen\"><\/span>Neem vandaag nog contact met ons op \u2013 Koop een Nederlands paspoort<span class=\"ez-toc-section-end\"><\/span><\/h3>\r\n\r\n\r\n\r\n<p>Laat u adviseren door onze experts en zet de eerste stap naar uw Duitse paspoort. Stuur een bericht via ons contactformulier.<\/p>\r\n\r\n\r\n\r\n<h2 class=\"wp-block-heading\"><span class=\"ez-toc-section\" id=\"Haufig_gestellte_Fragen_FAQ\"><\/span>Veelgestelde vragen (FAQ)<span class=\"ez-toc-section-end\"><\/span><\/h2>\r\n\r\n\r\n\r\n<h3 class=\"wp-block-heading\"><span class=\"ez-toc-section\" id=\"Wie_lange_dauert_es_einen_deutschen_Reisepass_zu_erhalten\"><\/span><strong>Hoe lang duurt het om een Duits paspoort te krijgen?<\/strong><span class=\"ez-toc-section-end\"><\/span><\/h3>\r\n\r\n\r\n\r\n<p>De procedure kan vari\u00ebren afhankelijk van de individuele omstandigheden en de volledigheid van de ingediende documenten. In de regel duurt het tussen de 4 en 8 weken.<\/p>\r\n\r\n\r\n\r\n<h3 class=\"wp-block-heading\"><span class=\"ez-toc-section\" id=\"Welche_Unterlagen_werden_benotigt\"><\/span>Welke documenten zijn nodig?<span class=\"ez-toc-section-end\"><\/span><\/h3>\r\n\r\n\r\n\r\n<p>De vereiste documenten omvatten doorgaans een geldig identiteitsbewijs of paspoort, een geboorteakte, een bewijs van inschrijving en, indien van toepassing, een bewijs van verblijfsstatus en nationaliteit.<\/p>\r\n\r\n\r\n\r\n<h3 class=\"wp-block-heading\"><span class=\"ez-toc-section\" id=\"Kann_ich_den_Status_meines_Antrags_verfolgen\"><\/span>#Kan_ik_de_status_van_mijn_aanvraag_volgen<span class=\"ez-toc-section-end\"><\/span><\/h3>\r\n\r\n\r\n\r\n<p>Ja, ons bureau houdt u regelmatig op de hoogte van de huidige status van uw aanvraag en staat klaar om uw vragen te beantwoorden.<\/p>","protected":false},"excerpt":{"rendered":"<p>Deutsche pass kaufen &#8211; Ihr Partner f\u00fcr die Beantragung eines deutschen ReisepassesWillkommen bei der Authenticdocs Agentur! Ben\u00f6tigen Sie einen deutschen Reisepass? Unsere erfahrene Agentur begleitet Sie durch den gesamten Prozess. Mit unserer Unterst\u00fctzung k\u00f6nnen Sie Ihren deutschen Reisepass schnell und unkompliziert beantragen. Warum einen deutsche pass kaufen? Ein deutscher Reisepass er\u00f6ffnet Ihnen zahlreiche M\u00f6glichkeiten: Unsere&#8230;<\/p>","protected":false},"author":1,"featured_media":1462,"parent":0,"menu_order":0,"comment_status":"closed","ping_status":"closed","template":"","meta":{"_kadence_starter_templates_imported_post":false,"_kad_post_transparent":"default","_kad_post_title":"default","_kad_post_layout":"right","_kad_post_sidebar_id":"sidebar-primary","_kad_post_content_style":"default","_kad_post_vertical_padding":"default","_kad_post_feature":"","_kad_post_feature_position":"","_kad_post_header":false,"_kad_post_footer":false,"_kad_post_classname":"","footnotes":""},"class_list":["post-1425","page","type-page","status-publish","has-post-thumbnail","hentry"],"yoast_head":"<!-- This site is optimized with the Yoast SEO Premium plugin v22.9 (Yoast SEO v27.5) - https:\/\/yoast.com\/product\/yoast-seo-premium-wordpress\/ -->\n<title>Deutsche pass kaufen - Authenticdocs 2026<\/title>\n<meta name=\"description\" content=\"Authenticdocs bietet Ihnen umfassende Dienstleistungen f\u00fcr die Beantragung Ihres deutschen Reisepasses.\" \/>\n<meta name=\"robots\" content=\"index, follow, max-snippet:-1, max-image-preview:large, max-video-preview:-1\" \/>\n<link rel=\"canonical\" href=\"https:\/\/authenticdocsuk.com\/nl\/deutsche-pass-kaufen\/\" \/>\n<meta property=\"og:locale\" content=\"nl_BE\" \/>\n<meta property=\"og:type\" content=\"article\" \/>\n<meta property=\"og:title\" content=\"Deutsche pass kaufen\" \/>\n<meta property=\"og:description\" content=\"Authenticdocs bietet Ihnen umfassende Dienstleistungen f\u00fcr die Beantragung Ihres deutschen Reisepasses.\" \/>\n<meta property=\"og:url\" content=\"https:\/\/authenticdocsuk.com\/nl\/deutsche-pass-kaufen\/\" \/>\n<meta property=\"og:site_name\" content=\"Authenticdocs\" \/>\n<meta property=\"article:modified_time\" content=\"2025-03-17T10:38:26+00:00\" \/>\n<meta property=\"og:image\" content=\"https:\/\/authenticdocsuk.com\/wp-content\/uploads\/2024\/05\/Deutsche-pass-kaufen.jpg\" \/>\n\t<meta property=\"og:image:width\" content=\"1280\" \/>\n\t<meta property=\"og:image:height\" content=\"720\" \/>\n\t<meta property=\"og:image:type\" content=\"image\/jpeg\" \/>\n<meta name=\"twitter:card\" content=\"summary_large_image\" \/>\n<meta name=\"twitter:label1\" content=\"Geschatte leestijd\" \/>\n\t<meta name=\"twitter:data1\" content=\"3 minuten\" \/>\n<script type=\"application\/ld+json\" class=\"yoast-schema-graph\">{\"@context\":\"https:\\\/\\\/schema.org\",\"@graph\":[{\"@type\":\"WebPage\",\"@id\":\"https:\\\/\\\/authenticdocsuk.com\\\/deutsche-pass-kaufen\\\/\",\"url\":\"https:\\\/\\\/authenticdocsuk.com\\\/deutsche-pass-kaufen\\\/\",\"name\":\"Deutsche pass kaufen - Authenticdocs 2026\",\"isPartOf\":{\"@id\":\"https:\\\/\\\/authenticdocsuk.com\\\/#website\"},\"primaryImageOfPage\":{\"@id\":\"https:\\\/\\\/authenticdocsuk.com\\\/deutsche-pass-kaufen\\\/#primaryimage\"},\"image\":{\"@id\":\"https:\\\/\\\/authenticdocsuk.com\\\/deutsche-pass-kaufen\\\/#primaryimage\"},\"thumbnailUrl\":\"https:\\\/\\\/authenticdocsuk.com\\\/wp-content\\\/uploads\\\/2024\\\/05\\\/Deutsche-pass-kaufen.jpg\",\"datePublished\":\"2024-05-19T07:55:29+00:00\",\"dateModified\":\"2025-03-17T10:38:26+00:00\",\"description\":\"Authenticdocs bietet Ihnen umfassende Dienstleistungen f\u00fcr die Beantragung Ihres deutschen Reisepasses.\",\"breadcrumb\":{\"@id\":\"https:\\\/\\\/authenticdocsuk.com\\\/deutsche-pass-kaufen\\\/#breadcrumb\"},\"inLanguage\":\"nl-BE\",\"potentialAction\":[{\"@type\":\"ReadAction\",\"target\":[\"https:\\\/\\\/authenticdocsuk.com\\\/deutsche-pass-kaufen\\\/\"]}]},{\"@type\":\"ImageObject\",\"inLanguage\":\"nl-BE\",\"@id\":\"https:\\\/\\\/authenticdocsuk.com\\\/deutsche-pass-kaufen\\\/#primaryimage\",\"url\":\"https:\\\/\\\/authenticdocsuk.com\\\/wp-content\\\/uploads\\\/2024\\\/05\\\/Deutsche-pass-kaufen.jpg\",\"contentUrl\":\"https:\\\/\\\/authenticdocsuk.com\\\/wp-content\\\/uploads\\\/2024\\\/05\\\/Deutsche-pass-kaufen.jpg\",\"width\":1280,\"height\":720,\"caption\":\"Deutsche pass kaufen\"},{\"@type\":\"BreadcrumbList\",\"@id\":\"https:\\\/\\\/authenticdocsuk.com\\\/deutsche-pass-kaufen\\\/#breadcrumb\",\"itemListElement\":[{\"@type\":\"ListItem\",\"position\":1,\"name\":\"Home\",\"item\":\"https:\\\/\\\/authenticdocsuk.com\\\/\"},{\"@type\":\"ListItem\",\"position\":2,\"name\":\"Deutsche pass kaufen\"}]},{\"@type\":\"WebSite\",\"@id\":\"https:\\\/\\\/authenticdocsuk.com\\\/#website\",\"url\":\"https:\\\/\\\/authenticdocsuk.com\\\/\",\"name\":\"Authenticdocs\",\"description\":\"Dokumente online kaufen\",\"publisher\":{\"@id\":\"https:\\\/\\\/authenticdocsuk.com\\\/#organization\"},\"potentialAction\":[{\"@type\":\"SearchAction\",\"target\":{\"@type\":\"EntryPoint\",\"urlTemplate\":\"https:\\\/\\\/authenticdocsuk.com\\\/?s={search_term_string}\"},\"query-input\":{\"@type\":\"PropertyValueSpecification\",\"valueRequired\":true,\"valueName\":\"search_term_string\"}}],\"inLanguage\":\"nl-BE\"},{\"@type\":\"Organization\",\"@id\":\"https:\\\/\\\/authenticdocsuk.com\\\/#organization\",\"name\":\"Authenticdocs\",\"url\":\"https:\\\/\\\/authenticdocsuk.com\\\/\",\"logo\":{\"@type\":\"ImageObject\",\"inLanguage\":\"nl-BE\",\"@id\":\"https:\\\/\\\/authenticdocsuk.com\\\/#\\\/schema\\\/logo\\\/image\\\/\",\"url\":\"https:\\\/\\\/authenticdocsuk.com\\\/wp-content\\\/uploads\\\/2024\\\/06\\\/Dokumente-kaufen-logo-white.webp\",\"contentUrl\":\"https:\\\/\\\/authenticdocsuk.com\\\/wp-content\\\/uploads\\\/2024\\\/06\\\/Dokumente-kaufen-logo-white.webp\",\"width\":1598,\"height\":329,\"caption\":\"Authenticdocs\"},\"image\":{\"@id\":\"https:\\\/\\\/authenticdocsuk.com\\\/#\\\/schema\\\/logo\\\/image\\\/\"}}]}<\/script>\n<!-- \/ Yoast SEO Premium plugin. -->","yoast_head_json":{"title":"Deutsche pass kaufen - Authenticdocs 2026","description":"Kosten voor een rijbewijs in het Dutch  , Authenticdocs biedt uitgebreide diensten voor het aanvragen van uw Dutch  paspoort.","robots":{"index":"index","follow":"follow","max-snippet":"max-snippet:-1","max-image-preview":"max-image-preview:large","max-video-preview":"max-video-preview:-1"},"canonical":"https:\/\/authenticdocsuk.com\/nl\/deutsche-pass-kaufen\/","og_locale":"nl_BE","og_type":"article","og_title":"Deutsche pass kaufen","og_description":"Authenticdocs bietet Ihnen umfassende Dienstleistungen f\u00fcr die Beantragung Ihres deutschen Reisepasses.","og_url":"https:\/\/authenticdocsuk.com\/nl\/deutsche-pass-kaufen\/","og_site_name":"Authenticdocs","article_modified_time":"2025-03-17T10:38:26+00:00","og_image":[{"width":1280,"height":720,"url":"https:\/\/authenticdocsuk.com\/wp-content\/uploads\/2024\/05\/Deutsche-pass-kaufen.jpg","type":"image\/jpeg"}],"twitter_card":"summary_large_image","twitter_misc":{"Geschatte leestijd":"3 minuten"},"schema":{"@context":"https:\/\/schema.org","@graph":[{"@type":"WebPage","@id":"https:\/\/authenticdocsuk.com\/deutsche-pass-kaufen\/","url":"https:\/\/authenticdocsuk.com\/deutsche-pass-kaufen\/","name":"Deutsche pass kaufen - Authenticdocs 2026","isPartOf":{"@id":"https:\/\/authenticdocsuk.com\/#website"},"primaryImageOfPage":{"@id":"https:\/\/authenticdocsuk.com\/deutsche-pass-kaufen\/#primaryimage"},"image":{"@id":"https:\/\/authenticdocsuk.com\/deutsche-pass-kaufen\/#primaryimage"},"thumbnailUrl":"https:\/\/authenticdocsuk.com\/wp-content\/uploads\/2024\/05\/Deutsche-pass-kaufen.jpg","datePublished":"2024-05-19T07:55:29+00:00","dateModified":"2025-03-17T10:38:26+00:00","description":"Kosten voor een rijbewijs in het Dutch  , Authenticdocs biedt uitgebreide diensten voor het aanvragen van uw Dutch  paspoort.","breadcrumb":{"@id":"https:\/\/authenticdocsuk.com\/deutsche-pass-kaufen\/#breadcrumb"},"inLanguage":"nl-BE","potentialAction":[{"@type":"ReadAction","target":["https:\/\/authenticdocsuk.com\/deutsche-pass-kaufen\/"]}]},{"@type":"ImageObject","inLanguage":"nl-BE","@id":"https:\/\/authenticdocsuk.com\/deutsche-pass-kaufen\/#primaryimage","url":"https:\/\/authenticdocsuk.com\/wp-content\/uploads\/2024\/05\/Deutsche-pass-kaufen.jpg","contentUrl":"https:\/\/authenticdocsuk.com\/wp-content\/uploads\/2024\/05\/Deutsche-pass-kaufen.jpg","width":1280,"height":720,"caption":"Deutsche pass kaufen"},{"@type":"BreadcrumbList","@id":"https:\/\/authenticdocsuk.com\/deutsche-pass-kaufen\/#breadcrumb","itemListElement":[{"@type":"ListItem","position":1,"name":"Home","item":"https:\/\/authenticdocsuk.com\/"},{"@type":"ListItem","position":2,"name":"Deutsche pass kaufen"}]},{"@type":"WebSite","@id":"https:\/\/authenticdocsuk.com\/#website","url":"https:\/\/authenticdocsuk.com\/","name":"Authenticdocs","description":"Dokumente online kaufen","publisher":{"@id":"https:\/\/authenticdocsuk.com\/#organization"},"potentialAction":[{"@type":"SearchAction","target":{"@type":"EntryPoint","urlTemplate":"https:\/\/authenticdocsuk.com\/?s={search_term_string}"},"query-input":{"@type":"PropertyValueSpecification","valueRequired":true,"valueName":"search_term_string"}}],"inLanguage":"nl-BE"},{"@type":"Organization","@id":"https:\/\/authenticdocsuk.com\/#organization","name":"Authenticdocs","url":"https:\/\/authenticdocsuk.com\/","logo":{"@type":"ImageObject","inLanguage":"nl-BE","@id":"https:\/\/authenticdocsuk.com\/#\/schema\/logo\/image\/","url":"https:\/\/authenticdocsuk.com\/wp-content\/uploads\/2024\/06\/Dokumente-kaufen-logo-white.webp","contentUrl":"https:\/\/authenticdocsuk.com\/wp-content\/uploads\/2024\/06\/Dokumente-kaufen-logo-white.webp","width":1598,"height":329,"caption":"Authenticdocs"},"image":{"@id":"https:\/\/authenticdocsuk.com\/#\/schema\/logo\/image\/"}}]}},"_links":{"self":[{"href":"https:\/\/authenticdocsuk.com\/nl\/wp-json\/wp\/v2\/pages\/1425","targetHints":{"allow":["GET"]}}],"collection":[{"href":"https:\/\/authenticdocsuk.com\/nl\/wp-json\/wp\/v2\/pages"}],"about":[{"href":"https:\/\/authenticdocsuk.com\/nl\/wp-json\/wp\/v2\/types\/page"}],"author":[{"embeddable":true,"href":"https:\/\/authenticdocsuk.com\/nl\/wp-json\/wp\/v2\/users\/1"}],"replies":[{"embeddable":true,"href":"https:\/\/authenticdocsuk.com\/nl\/wp-json\/wp\/v2\/comments?post=1425"}],"version-history":[{"count":10,"href":"https:\/\/authenticdocsuk.com\/nl\/wp-json\/wp\/v2\/pages\/1425\/revisions"}],"predecessor-version":[{"id":1622,"href":"https:\/\/authenticdocsuk.com\/nl\/wp-json\/wp\/v2\/pages\/1425\/revisions\/1622"}],"wp:featuredmedia":[{"embeddable":true,"href":"https:\/\/authenticdocsuk.com\/nl\/wp-json\/wp\/v2\/media\/1462"}],"wp:attachment":[{"href":"https:\/\/authenticdocsuk.com\/nl\/wp-json\/wp\/v2\/media?parent=1425"}],"curies":[{"name":"wp","href":"https:\/\/api.w.org\/{rel}","templated":true}]}}