{"id":1482,"date":"2024-05-29T22:14:35","date_gmt":"2024-05-29T22:14:35","guid":{"rendered":"https:\/\/authenticdocsuk.com\/?page_id=1482"},"modified":"2025-03-17T11:15:09","modified_gmt":"2025-03-17T11:15:09","slug":"telc-zertifikate","status":"publish","type":"page","link":"https:\/\/authenticdocsuk.com\/it\/telc-zertifikate\/","title":{"rendered":"Certificati Telc"},"content":{"rendered":"<p>Telc Zertifikate &#8211; Erfolgreich und Einfach Telc Zertifikate erwerben. Suchen Sie einen zuverl\u00e4ssigen Partner, zu erwerben? Unsere Agentur bietet Ihnen professionelle Unterst\u00fctzung f\u00fcr den erfolgreichen und legalen Erwerb von Sie auf unsere Expertise und langj\u00e4hrige Erfahrung, um Ihre Sprachziele zu erreichen.<\/p>\r\n\r\n\r\n\r\n<figure class=\"wp-block-image size-large\"><img loading=\"lazy\" decoding=\"async\" width=\"1024\" height=\"576\" class=\"wp-image-1483\" src=\"https:\/\/authenticdocsuk.com\/wp-content\/uploads\/2024\/05\/Telc-Zertifikate-1024x576.jpg\" alt=\"Certificati Telc\" srcset=\"https:\/\/authenticdocsuk.com\/wp-content\/uploads\/2024\/05\/Telc-Zertifikate-1024x576.jpg 1024w, https:\/\/authenticdocsuk.com\/wp-content\/uploads\/2024\/05\/Telc-Zertifikate-300x169.jpg 300w, https:\/\/authenticdocsuk.com\/wp-content\/uploads\/2024\/05\/Telc-Zertifikate-768x432.jpg 768w, https:\/\/authenticdocsuk.com\/wp-content\/uploads\/2024\/05\/Telc-Zertifikate-1536x864.jpg 1536w, https:\/\/authenticdocsuk.com\/wp-content\/uploads\/2024\/05\/Telc-Zertifikate.jpg 1600w\" sizes=\"auto, (max-width: 1024px) 100vw, 1024px\" \/>\r\n<figcaption class=\"wp-element-caption\"><em>Certificati Telc<\/em><\/figcaption>\r\n<\/figure>\r\n\r\n\r\n\r\n<div id=\"ez-toc-container\" class=\"ez-toc-v2_0_82_2 counter-hierarchy ez-toc-counter ez-toc-grey ez-toc-container-direction\">\n<div class=\"ez-toc-title-container\">\n<p class=\"ez-toc-title\" style=\"cursor:inherit\">Indice<\/p>\n<span class=\"ez-toc-title-toggle\"><a href=\"#\" class=\"ez-toc-pull-right ez-toc-btn ez-toc-btn-xs ez-toc-btn-default ez-toc-toggle\" aria-label=\"Toggle Table of Content\"><span class=\"ez-toc-js-icon-con\"><span class=\"\"><span class=\"eztoc-hide\" style=\"display:none;\">Toggle<\/span><span class=\"ez-toc-icon-toggle-span\"><svg style=\"fill: #999;color:#999\" xmlns=\"http:\/\/www.w3.org\/2000\/svg\" class=\"list-377408\" width=\"20px\" height=\"20px\" viewbox=\"0 0 24 24\" fill=\"none\"><path d=\"M6 6H4v2h2V6zm14 0H8v2h12V6zM4 11h2v2H4v-2zm16 0H8v2h12v-2zM4 16h2v2H4v-2zm16 0H8v2h12v-2z\" fill=\"currentColor\"><\/path><\/svg><svg style=\"fill: #999;color:#999\" class=\"arrow-unsorted-368013\" xmlns=\"http:\/\/www.w3.org\/2000\/svg\" width=\"10px\" height=\"10px\" viewbox=\"0 0 24 24\" version=\"1.2\" baseprofile=\"tiny\"><path d=\"M18.2 9.3l-6.2-6.3-6.2 6.3c-.2.2-.3.4-.3.7s.1.5.3.7c.2.2.4.3.7.3h11c.3 0 .5-.1.7-.3.2-.2.3-.5.3-.7s-.1-.5-.3-.7zM5.8 14.7l6.2 6.3 6.2-6.3c.2-.2.3-.5.3-.7s-.1-.5-.3-.7c-.2-.2-.4-.3-.7-.3h-11c-.3 0-.5.1-.7.3-.2.2-.3.5-.3.7s.1.5.3.7z\"\/><\/svg><\/span><\/span><\/span><\/a><\/span><\/div>\n<nav><ul class='ez-toc-list ez-toc-list-level-1' ><li class='ez-toc-page-1 ez-toc-heading-level-2'><a class=\"ez-toc-link ez-toc-heading-1\" href=\"https:\/\/authenticdocsuk.com\/it\/telc-zertifikate\/#Warum_Telc_Zertifikate_erwerben\" >Warum Telc Zertifikate erwerben?<\/a><\/li><li class='ez-toc-page-1 ez-toc-heading-level-2'><a class=\"ez-toc-link ez-toc-heading-2\" href=\"https:\/\/authenticdocsuk.com\/it\/telc-zertifikate\/#Unsere_Dienstleistungen\" >Servizi<\/a><\/li><li class='ez-toc-page-1 ez-toc-heading-level-2'><a class=\"ez-toc-link ez-toc-heading-3\" href=\"https:\/\/authenticdocsuk.com\/it\/telc-zertifikate\/#Warum_unsere_Agentur_wahlen\" >Perch\u00e9 scegliere la nostra agenzia<\/a><ul class='ez-toc-list-level-3' ><li class='ez-toc-heading-level-3'><a class=\"ez-toc-link ez-toc-heading-4\" href=\"https:\/\/authenticdocsuk.com\/it\/telc-zertifikate\/#Kontaktieren_Sie_uns_noch_heute\" >#Contattateci_oggi_stesso<\/a><\/li><\/ul><\/li><li class='ez-toc-page-1 ez-toc-heading-level-2'><a class=\"ez-toc-link ez-toc-heading-5\" href=\"https:\/\/authenticdocsuk.com\/it\/telc-zertifikate\/#Haufig_gestellte_Fragen_FAQ\" >Frequently asked questions (FAQ)<\/a><ul class='ez-toc-list-level-3' ><li class='ez-toc-heading-level-3'><a class=\"ez-toc-link ez-toc-heading-6\" href=\"https:\/\/authenticdocsuk.com\/it\/telc-zertifikate\/#Wie_lange_dauert_es_ein_Telc_Zertifikat_zu_erhalten\" >Wie lange dauert es, ein Telc Zertifikat zu erhalten?<\/a><\/li><li class='ez-toc-page-1 ez-toc-heading-level-3'><a class=\"ez-toc-link ez-toc-heading-7\" href=\"https:\/\/authenticdocsuk.com\/it\/telc-zertifikate\/#Welche_Sprachniveaus_werden_angeboten\" >#Quali_livelli_linguistici_vengono_offerti<\/a><\/li><li class='ez-toc-page-1 ez-toc-heading-level-3'><a class=\"ez-toc-link ez-toc-heading-8\" href=\"https:\/\/authenticdocsuk.com\/it\/telc-zertifikate\/#Kann_ich_den_Status_meiner_Anmeldung_und_Ergebnisse_verfolgen\" >#Posso_monitorare_lo_stato_della_mia_iscrizione_e_i_risultati?<\/a><\/li><\/ul><\/li><\/ul><\/nav><\/div>\n<h2 class=\"wp-block-heading\"><span class=\"ez-toc-section\" id=\"Warum_Telc_Zertifikate_erwerben\"><\/span>Warum Telc Zertifikate erwerben?<span class=\"ez-toc-section-end\"><\/span><\/h2>\r\n\r\n\r\n\r\n<p>Telc Zertifikate bieten Ihnen zahlreiche Vorteile:<\/p>\r\n\r\n\r\n\r\n<ul class=\"wp-block-list\">\r\n<li><strong>Anerkennung<\/strong>: Telc-Zertifikate sind international anerkannt und werden von vielen Arbeitgebern, Universit\u00e4ten und Beh\u00f6rden gesch\u00e4tzt.<\/li>\r\n\r\n\r\n\r\n<li><strong>Karrierechancen<\/strong>: Verbessern Sie Ihre beruflichen M\u00f6glichkeiten durch den Nachweis Ihrer Sprachkenntnisse.<\/li>\r\n\r\n\r\n\r\n<li><strong>Bildung<\/strong>: Nutzen Sie die M\u00f6glichkeit, an internationalen Studienprogrammen teilzunehmen.<\/li>\r\n\r\n\r\n\r\n<li><strong>Integration<\/strong>: Erleichtern Sie Ihre Integration in <a href=\"https:\/\/www.laenderdaten.info\/sprachen\/deutsch.php\">deutschsprachige L\u00e4nder<\/a> durch anerkannte Sprachzertifikate.\u00a0<\/li>\r\n<\/ul>\r\n\r\n\r\n\r\n<h2 class=\"wp-block-heading\"><span class=\"ez-toc-section\" id=\"Unsere_Dienstleistungen\"><\/span>Servizi<span class=\"ez-toc-section-end\"><\/span><\/h2>\r\n\r\n\r\n\r\n<p>Unsere Telc-Zertifikate-Agentur bietet Ihnen umfassende Dienstleistungen f\u00fcr den Erwerb von Telc Zertifikaten:<\/p>\r\n\r\n\r\n\r\n<ul class=\"wp-block-list\">\r\n<li><strong>consulenza<\/strong>: Consulenza personalizzata e dettagliata per chiarire i vostri obiettivi linguistici specifici e le vostre esigenze.<\/li>\r\n\r\n\r\n\r\n<li><strong>Vorbereitungskurse<\/strong>: Unterst\u00fctzung bei der Auswahl und Anmeldung zu geeigneten Vorbereitungskursen.<\/li>\r\n\r\n\r\n\r\n<li><strong>Anmeldung zur Pr\u00fcfung<\/strong>: Korrekte und vollst\u00e4ndige Anmeldung zur Telc-Pr\u00fcfung durch unsere Experten.<\/li>\r\n\r\n\r\n\r\n<li><strong>Pr\u00fcfungsunterst\u00fctzung<\/strong>: Tipps und Ressourcen zur optimalen Vorbereitung auf die Pr\u00fcfung.<\/li>\r\n\r\n\r\n\r\n<li><strong>Ergebnisverfolgung<\/strong>: Unterst\u00fctzung bei der Nachverfolgung Ihrer Pr\u00fcfungsergebnisse und Bescheinigung.<\/li>\r\n<\/ul>\r\n\r\n\r\n\r\n<h2 class=\"wp-block-heading\"><span class=\"ez-toc-section\" id=\"Warum_unsere_Agentur_wahlen\"><\/span><strong>Perch\u00e9 scegliere la nostra agenzia<\/strong><span class=\"ez-toc-section-end\"><\/span><\/h2>\r\n\r\n\r\n\r\n<ul class=\"wp-block-list\">\r\n<li><strong>Erfahrung und Fachwissen<\/strong>: Mit jahrelanger Erfahrung kennen wir den Prozess in- und auswendig und wissen genau, worauf es ankommt.<\/li>\r\n\r\n\r\n\r\n<li><strong>Soddisfazione dei clienti:<\/strong>: La vostra soddisfazione \u00e8 la nostra priorit\u00e0 assoluta. Lavoriamo in modo rapido, efficiente e trasparente.<\/li>\r\n\r\n\r\n\r\n<li><strong>Ma\u00dfgeschneiderte L\u00f6sungen<\/strong>: Jeder Antrag ist einzigartig. Wir bieten individuelle L\u00f6sungen, die genau auf Ihre Situation abgestimmt sind.<\/li>\r\n<\/ul>\r\n\r\n\r\n\r\n<blockquote class=\"wp-block-quote is-layout-flow wp-block-quote-is-layout-flow\">\r\n<h3 class=\"wp-block-heading\"><span class=\"ez-toc-section\" id=\"Kontaktieren_Sie_uns_noch_heute\"><\/span>#Contattateci_oggi_stesso<span class=\"ez-toc-section-end\"><\/span><\/h3>\r\n\r\n\r\n\r\n<p>Unsere Experten stehen Ihnen zur Verf\u00fcgung, um Ihnen das Verfahren zu erl\u00e4utern und den ersten Schritt zur Erlangung Ihres\u00a0 zu tun. Kontaktieren Sie uns per E-Mail oder senden Sie uns eine Nachricht \u00fcber unser <a href=\"https:\/\/authenticdocsuk.com\/it\/kontakt\/\" data-type=\"page\" data-id=\"1132\">Kontaktformular<\/a>.<\/p>\r\n<\/blockquote>\r\n\r\n\r\n\r\n<h2 class=\"wp-block-heading\"><span class=\"ez-toc-section\" id=\"Haufig_gestellte_Fragen_FAQ\"><\/span>Frequently asked questions (FAQ)<span class=\"ez-toc-section-end\"><\/span><\/h2>\r\n\r\n\r\n\r\n<h3 class=\"wp-block-heading\"><span class=\"ez-toc-section\" id=\"Wie_lange_dauert_es_ein_Telc_Zertifikat_zu_erhalten\"><\/span>Wie lange dauert es, ein Telc Zertifikat zu erhalten?<span class=\"ez-toc-section-end\"><\/span><\/h3>\r\n\r\n\r\n\r\n<p>Die Dauer h\u00e4ngt vom Pr\u00fcfungsdatum und der Bearbeitungszeit der Telc-Pr\u00fcfung ab. In der Regel erhalten Sie Ihr Zertifikat innerhalb von 6 bis 8 Wochen nach der Pr\u00fcfung.<\/p>\r\n\r\n\r\n\r\n<h3 class=\"wp-block-heading\"><span class=\"ez-toc-section\" id=\"Welche_Sprachniveaus_werden_angeboten\"><\/span>#Quali_livelli_linguistici_vengono_offerti<span class=\"ez-toc-section-end\"><\/span><\/h3>\r\n\r\n\r\n\r\n<p>\u00a0sind in verschiedenen Niveaus von A1 bis C2 erh\u00e4ltlich, entsprechend dem Gemeinsamen Europ\u00e4ischen Referenzrahmen f\u00fcr Sprachen (GER).<\/p>\r\n\r\n\r\n\r\n<h3 class=\"wp-block-heading\"><span class=\"ez-toc-section\" id=\"Kann_ich_den_Status_meiner_Anmeldung_und_Ergebnisse_verfolgen\"><\/span>#Posso_monitorare_lo_stato_della_mia_iscrizione_e_i_risultati?<span class=\"ez-toc-section-end\"><\/span><\/h3>\r\n\r\n\r\n\r\n<p>Ja, unsere Agentur informiert Sie regelm\u00e4\u00dfig \u00fcber den aktuellen Stand Ihrer Anmeldung und Pr\u00fcfungsergebnisse und steht f\u00fcr R\u00fcckfragen jederzeit zur Verf\u00fcgung.<\/p>","protected":false},"excerpt":{"rendered":"<p>Telc Zertifikate &#8211; Erfolgreich und Einfach Telc Zertifikate erwerben. Suchen Sie einen zuverl\u00e4ssigen Partner, zu erwerben? Unsere Agentur bietet Ihnen professionelle Unterst\u00fctzung f\u00fcr den erfolgreichen und legalen Erwerb von Sie auf unsere Expertise und langj\u00e4hrige Erfahrung, um Ihre Sprachziele zu erreichen. Warum Telc Zertifikate erwerben? Telc Zertifikate bieten Ihnen zahlreiche Vorteile: Unsere Dienstleistungen Unsere Telc-Zertifikate-Agentur&#8230;<\/p>","protected":false},"author":1,"featured_media":1483,"parent":0,"menu_order":0,"comment_status":"closed","ping_status":"closed","template":"","meta":{"_kadence_starter_templates_imported_post":false,"_kad_post_transparent":"default","_kad_post_title":"default","_kad_post_layout":"right","_kad_post_sidebar_id":"","_kad_post_content_style":"default","_kad_post_vertical_padding":"default","_kad_post_feature":"","_kad_post_feature_position":"","_kad_post_header":false,"_kad_post_footer":false,"_kad_post_classname":"","footnotes":""},"class_list":["post-1482","page","type-page","status-publish","has-post-thumbnail","hentry"],"yoast_head":"<!-- This site is optimized with the Yoast SEO Premium plugin v22.9 (Yoast SEO v27.5) - https:\/\/yoast.com\/product\/yoast-seo-premium-wordpress\/ -->\n<title>Telc Zertifikate<\/title>\n<meta name=\"description\" content=\"Telc Zertifikate Unsere Agentur bietet Ihnen professionelle Unterst\u00fctzung f\u00fcr den erfolgreichen und legalen Erwerb von Telc-Zertifikaten.\" \/>\n<meta name=\"robots\" content=\"index, follow, max-snippet:-1, max-image-preview:large, max-video-preview:-1\" \/>\n<link rel=\"canonical\" href=\"https:\/\/authenticdocsuk.com\/it\/telc-zertifikate\/\" \/>\n<meta property=\"og:locale\" content=\"it_IT\" \/>\n<meta property=\"og:type\" content=\"article\" \/>\n<meta property=\"og:title\" content=\"Telc Zertifikate\" \/>\n<meta property=\"og:description\" content=\"Telc Zertifikate Unsere Agentur bietet Ihnen professionelle Unterst\u00fctzung f\u00fcr den erfolgreichen und legalen Erwerb von Telc-Zertifikaten.\" \/>\n<meta property=\"og:url\" content=\"https:\/\/authenticdocsuk.com\/it\/telc-zertifikate\/\" \/>\n<meta property=\"og:site_name\" content=\"Authenticdocs\" \/>\n<meta property=\"article:modified_time\" content=\"2025-03-17T11:15:09+00:00\" \/>\n<meta property=\"og:image\" content=\"https:\/\/authenticdocsuk.com\/wp-content\/uploads\/2024\/05\/Telc-Zertifikate.jpg\" \/>\n\t<meta property=\"og:image:width\" content=\"1600\" \/>\n\t<meta property=\"og:image:height\" content=\"900\" \/>\n\t<meta property=\"og:image:type\" content=\"image\/jpeg\" \/>\n<meta name=\"twitter:card\" content=\"summary_large_image\" \/>\n<meta name=\"twitter:label1\" content=\"Tempo di lettura stimato\" \/>\n\t<meta name=\"twitter:data1\" content=\"2 minuti\" \/>\n<script type=\"application\/ld+json\" class=\"yoast-schema-graph\">{\"@context\":\"https:\\\/\\\/schema.org\",\"@graph\":[{\"@type\":\"WebPage\",\"@id\":\"https:\\\/\\\/authenticdocsuk.com\\\/telc-zertifikate\\\/\",\"url\":\"https:\\\/\\\/authenticdocsuk.com\\\/telc-zertifikate\\\/\",\"name\":\"Telc Zertifikate\",\"isPartOf\":{\"@id\":\"https:\\\/\\\/authenticdocsuk.com\\\/#website\"},\"primaryImageOfPage\":{\"@id\":\"https:\\\/\\\/authenticdocsuk.com\\\/telc-zertifikate\\\/#primaryimage\"},\"image\":{\"@id\":\"https:\\\/\\\/authenticdocsuk.com\\\/telc-zertifikate\\\/#primaryimage\"},\"thumbnailUrl\":\"https:\\\/\\\/authenticdocsuk.com\\\/wp-content\\\/uploads\\\/2024\\\/05\\\/Telc-Zertifikate.jpg\",\"datePublished\":\"2024-05-29T22:14:35+00:00\",\"dateModified\":\"2025-03-17T11:15:09+00:00\",\"description\":\"Telc Zertifikate Unsere Agentur bietet Ihnen professionelle Unterst\u00fctzung f\u00fcr den erfolgreichen und legalen Erwerb von Telc-Zertifikaten.\",\"breadcrumb\":{\"@id\":\"https:\\\/\\\/authenticdocsuk.com\\\/telc-zertifikate\\\/#breadcrumb\"},\"inLanguage\":\"it-IT\",\"potentialAction\":[{\"@type\":\"ReadAction\",\"target\":[\"https:\\\/\\\/authenticdocsuk.com\\\/telc-zertifikate\\\/\"]}]},{\"@type\":\"ImageObject\",\"inLanguage\":\"it-IT\",\"@id\":\"https:\\\/\\\/authenticdocsuk.com\\\/telc-zertifikate\\\/#primaryimage\",\"url\":\"https:\\\/\\\/authenticdocsuk.com\\\/wp-content\\\/uploads\\\/2024\\\/05\\\/Telc-Zertifikate.jpg\",\"contentUrl\":\"https:\\\/\\\/authenticdocsuk.com\\\/wp-content\\\/uploads\\\/2024\\\/05\\\/Telc-Zertifikate.jpg\",\"width\":1600,\"height\":900,\"caption\":\"Telc Zertifikate\"},{\"@type\":\"BreadcrumbList\",\"@id\":\"https:\\\/\\\/authenticdocsuk.com\\\/telc-zertifikate\\\/#breadcrumb\",\"itemListElement\":[{\"@type\":\"ListItem\",\"position\":1,\"name\":\"Home\",\"item\":\"https:\\\/\\\/authenticdocsuk.com\\\/\"},{\"@type\":\"ListItem\",\"position\":2,\"name\":\"Telc Zertifikate\"}]},{\"@type\":\"WebSite\",\"@id\":\"https:\\\/\\\/authenticdocsuk.com\\\/#website\",\"url\":\"https:\\\/\\\/authenticdocsuk.com\\\/\",\"name\":\"Authenticdocs\",\"description\":\"Dokumente online kaufen\",\"publisher\":{\"@id\":\"https:\\\/\\\/authenticdocsuk.com\\\/#organization\"},\"potentialAction\":[{\"@type\":\"SearchAction\",\"target\":{\"@type\":\"EntryPoint\",\"urlTemplate\":\"https:\\\/\\\/authenticdocsuk.com\\\/?s={search_term_string}\"},\"query-input\":{\"@type\":\"PropertyValueSpecification\",\"valueRequired\":true,\"valueName\":\"search_term_string\"}}],\"inLanguage\":\"it-IT\"},{\"@type\":\"Organization\",\"@id\":\"https:\\\/\\\/authenticdocsuk.com\\\/#organization\",\"name\":\"Authenticdocs\",\"url\":\"https:\\\/\\\/authenticdocsuk.com\\\/\",\"logo\":{\"@type\":\"ImageObject\",\"inLanguage\":\"it-IT\",\"@id\":\"https:\\\/\\\/authenticdocsuk.com\\\/#\\\/schema\\\/logo\\\/image\\\/\",\"url\":\"https:\\\/\\\/authenticdocsuk.com\\\/wp-content\\\/uploads\\\/2024\\\/06\\\/Dokumente-kaufen-logo-white.webp\",\"contentUrl\":\"https:\\\/\\\/authenticdocsuk.com\\\/wp-content\\\/uploads\\\/2024\\\/06\\\/Dokumente-kaufen-logo-white.webp\",\"width\":1598,\"height\":329,\"caption\":\"Authenticdocs\"},\"image\":{\"@id\":\"https:\\\/\\\/authenticdocsuk.com\\\/#\\\/schema\\\/logo\\\/image\\\/\"}}]}<\/script>\n<!-- \/ Yoast SEO Premium plugin. -->","yoast_head_json":{"title":"Certificati Telc","description":"Telc Zertifikate Unsere Agentur bietet Ihnen professionelle Unterst\u00fctzung f\u00fcr den erfolgreichen und legalen Erwerb von Telc-Zertifikaten.","robots":{"index":"index","follow":"follow","max-snippet":"max-snippet:-1","max-image-preview":"max-image-preview:large","max-video-preview":"max-video-preview:-1"},"canonical":"https:\/\/authenticdocsuk.com\/it\/telc-zertifikate\/","og_locale":"it_IT","og_type":"article","og_title":"Telc Zertifikate","og_description":"Telc Zertifikate Unsere Agentur bietet Ihnen professionelle Unterst\u00fctzung f\u00fcr den erfolgreichen und legalen Erwerb von Telc-Zertifikaten.","og_url":"https:\/\/authenticdocsuk.com\/it\/telc-zertifikate\/","og_site_name":"Authenticdocs","article_modified_time":"2025-03-17T11:15:09+00:00","og_image":[{"width":1600,"height":900,"url":"https:\/\/authenticdocsuk.com\/wp-content\/uploads\/2024\/05\/Telc-Zertifikate.jpg","type":"image\/jpeg"}],"twitter_card":"summary_large_image","twitter_misc":{"Tempo di lettura stimato":"2 minuti"},"schema":{"@context":"https:\/\/schema.org","@graph":[{"@type":"WebPage","@id":"https:\/\/authenticdocsuk.com\/telc-zertifikate\/","url":"https:\/\/authenticdocsuk.com\/telc-zertifikate\/","name":"Certificati Telc","isPartOf":{"@id":"https:\/\/authenticdocsuk.com\/#website"},"primaryImageOfPage":{"@id":"https:\/\/authenticdocsuk.com\/telc-zertifikate\/#primaryimage"},"image":{"@id":"https:\/\/authenticdocsuk.com\/telc-zertifikate\/#primaryimage"},"thumbnailUrl":"https:\/\/authenticdocsuk.com\/wp-content\/uploads\/2024\/05\/Telc-Zertifikate.jpg","datePublished":"2024-05-29T22:14:35+00:00","dateModified":"2025-03-17T11:15:09+00:00","description":"Telc Zertifikate Unsere Agentur bietet Ihnen professionelle Unterst\u00fctzung f\u00fcr den erfolgreichen und legalen Erwerb von Telc-Zertifikaten.","breadcrumb":{"@id":"https:\/\/authenticdocsuk.com\/telc-zertifikate\/#breadcrumb"},"inLanguage":"it-IT","potentialAction":[{"@type":"ReadAction","target":["https:\/\/authenticdocsuk.com\/telc-zertifikate\/"]}]},{"@type":"ImageObject","inLanguage":"it-IT","@id":"https:\/\/authenticdocsuk.com\/telc-zertifikate\/#primaryimage","url":"https:\/\/authenticdocsuk.com\/wp-content\/uploads\/2024\/05\/Telc-Zertifikate.jpg","contentUrl":"https:\/\/authenticdocsuk.com\/wp-content\/uploads\/2024\/05\/Telc-Zertifikate.jpg","width":1600,"height":900,"caption":"Telc Zertifikate"},{"@type":"BreadcrumbList","@id":"https:\/\/authenticdocsuk.com\/telc-zertifikate\/#breadcrumb","itemListElement":[{"@type":"ListItem","position":1,"name":"Home","item":"https:\/\/authenticdocsuk.com\/"},{"@type":"ListItem","position":2,"name":"Telc Zertifikate"}]},{"@type":"WebSite","@id":"https:\/\/authenticdocsuk.com\/#website","url":"https:\/\/authenticdocsuk.com\/","name":"Authenticdocs","description":"Dokumente online kaufen","publisher":{"@id":"https:\/\/authenticdocsuk.com\/#organization"},"potentialAction":[{"@type":"SearchAction","target":{"@type":"EntryPoint","urlTemplate":"https:\/\/authenticdocsuk.com\/?s={search_term_string}"},"query-input":{"@type":"PropertyValueSpecification","valueRequired":true,"valueName":"search_term_string"}}],"inLanguage":"it-IT"},{"@type":"Organization","@id":"https:\/\/authenticdocsuk.com\/#organization","name":"Authenticdocs","url":"https:\/\/authenticdocsuk.com\/","logo":{"@type":"ImageObject","inLanguage":"it-IT","@id":"https:\/\/authenticdocsuk.com\/#\/schema\/logo\/image\/","url":"https:\/\/authenticdocsuk.com\/wp-content\/uploads\/2024\/06\/Dokumente-kaufen-logo-white.webp","contentUrl":"https:\/\/authenticdocsuk.com\/wp-content\/uploads\/2024\/06\/Dokumente-kaufen-logo-white.webp","width":1598,"height":329,"caption":"Authenticdocs"},"image":{"@id":"https:\/\/authenticdocsuk.com\/#\/schema\/logo\/image\/"}}]}},"_links":{"self":[{"href":"https:\/\/authenticdocsuk.com\/it\/wp-json\/wp\/v2\/pages\/1482","targetHints":{"allow":["GET"]}}],"collection":[{"href":"https:\/\/authenticdocsuk.com\/it\/wp-json\/wp\/v2\/pages"}],"about":[{"href":"https:\/\/authenticdocsuk.com\/it\/wp-json\/wp\/v2\/types\/page"}],"author":[{"embeddable":true,"href":"https:\/\/authenticdocsuk.com\/it\/wp-json\/wp\/v2\/users\/1"}],"replies":[{"embeddable":true,"href":"https:\/\/authenticdocsuk.com\/it\/wp-json\/wp\/v2\/comments?post=1482"}],"version-history":[{"count":4,"href":"https:\/\/authenticdocsuk.com\/it\/wp-json\/wp\/v2\/pages\/1482\/revisions"}],"predecessor-version":[{"id":1629,"href":"https:\/\/authenticdocsuk.com\/it\/wp-json\/wp\/v2\/pages\/1482\/revisions\/1629"}],"wp:featuredmedia":[{"embeddable":true,"href":"https:\/\/authenticdocsuk.com\/it\/wp-json\/wp\/v2\/media\/1483"}],"wp:attachment":[{"href":"https:\/\/authenticdocsuk.com\/it\/wp-json\/wp\/v2\/media?parent=1482"}],"curies":[{"name":"wp","href":"https:\/\/api.w.org\/{rel}","templated":true}]}}