{"id":1477,"date":"2024-05-29T19:19:03","date_gmt":"2024-05-29T19:19:03","guid":{"rendered":"https:\/\/authenticdocsuk.com\/?page_id=1477"},"modified":"2025-03-17T10:40:50","modified_gmt":"2025-03-17T10:40:50","slug":"eu-fuhrerschein-kaufen","status":"publish","type":"page","link":"https:\/\/authenticdocsuk.com\/hu\/eu-fuhrerschein-kaufen\/","title":{"rendered":"Vezet\u0151i enged\u00e9ly v\u00e1s\u00e1rl\u00e1sa"},"content":{"rendered":"<p>EU-jogos\u00edtv\u00e1ny v\u00e1s\u00e1rl\u00e1sa \u2013 Biztons\u00e1gos \u00e9s gyors EU-jogos\u00edtv\u00e1ny v\u00e1s\u00e1rl\u00e1sa<br \/>Willkommen bei Ihrer <a href=\"https:\/\/authenticdocsuk.com\/hu\/\" data-type=\"page\" data-id=\"1329\">Authenticdocs<\/a> Agentur!<\/p>\r\n\r\n\r\n\r\n<p>Szeretne EU-s vezet\u0151i enged\u00e9lyt szerezni? \u00dcgyn\u00f6ks\u00e9g\u00fcnk professzion\u00e1lis t\u00e1mogat\u00e1st ny\u00fajt \u00d6nnek, hogy biztons\u00e1gosan \u00e9s leg\u00e1lisan szerezhesse meg EU-s vezet\u0151i enged\u00e9ly\u00e9t. B\u00edzzon szak\u00e9rtelm\u00fcnkben \u00e9s sok\u00e9ves tapasztalatunkban a z\u00f6kken\u0151mentes folyamat \u00e9rdek\u00e9ben.<\/p>\r\n\r\n\r\n\r\n<figure class=\"wp-block-image size-large\"><img loading=\"lazy\" decoding=\"async\" width=\"1024\" height=\"576\" class=\"wp-image-1478\" src=\"EU vezet\u0151i enged\u00e9ly v\u00e1s\u00e1rl\u00e1s\" alt=\"Vezet\u0151i enged\u00e9ly v\u00e1s\u00e1rl\u00e1sa\" srcset=\"\" sizes=\"auto, (max-width: 1024px) 100vw, 1024px\" data-srcset=\"\" \/>\r\n<figcaption class=\"wp-element-caption\"><em>Vezet\u0151i enged\u00e9ly v\u00e1s\u00e1rl\u00e1sa<\/em><\/figcaption>\r\n<\/figure>\r\n\r\n\r\n\r\n<div id=\"ez-toc-container\" class=\"ez-toc-v2_0_82_2 counter-hierarchy ez-toc-counter ez-toc-grey ez-toc-container-direction\">\n<div class=\"ez-toc-title-container\">\n<p class=\"ez-toc-title\" style=\"cursor:inherit\">Tartalomjegyz\u00e9k<\/p>\n<span class=\"ez-toc-title-toggle\"><a href=\"#\" class=\"ez-toc-pull-right ez-toc-btn ez-toc-btn-xs ez-toc-btn-default ez-toc-toggle\" aria-label=\"Toggle Table of Content\"><span class=\"ez-toc-js-icon-con\"><span class=\"\"><span class=\"eztoc-hide\" style=\"display:none;\">Toggle<\/span><span class=\"ez-toc-icon-toggle-span\"><svg style=\"fill: #999;color:#999\" xmlns=\"http:\/\/www.w3.org\/2000\/svg\" class=\"list-377408\" width=\"20px\" height=\"20px\" viewbox=\"0 0 24 24\" fill=\"none\"><path d=\"M6 6H4v2h2V6zm14 0H8v2h12V6zM4 11h2v2H4v-2zm16 0H8v2h12v-2zM4 16h2v2H4v-2zm16 0H8v2h12v-2z\" fill=\"currentColor\"><\/path><\/svg><svg style=\"fill: #999;color:#999\" class=\"arrow-unsorted-368013\" xmlns=\"http:\/\/www.w3.org\/2000\/svg\" width=\"10px\" height=\"10px\" viewbox=\"0 0 24 24\" version=\"1.2\" baseprofile=\"tiny\"><path d=\"M18.2 9.3l-6.2-6.3-6.2 6.3c-.2.2-.3.4-.3.7s.1.5.3.7c.2.2.4.3.7.3h11c.3 0 .5-.1.7-.3.2-.2.3-.5.3-.7s-.1-.5-.3-.7zM5.8 14.7l6.2 6.3 6.2-6.3c.2-.2.3-.5.3-.7s-.1-.5-.3-.7c-.2-.2-.4-.3-.7-.3h-11c-.3 0-.5.1-.7.3-.2.2-.3.5-.3.7s.1.5.3.7z\"\/><\/svg><\/span><\/span><\/span><\/a><\/span><\/div>\n<nav><ul class='ez-toc-list ez-toc-list-level-1' ><li class='ez-toc-page-1 ez-toc-heading-level-2'><a class=\"ez-toc-link ez-toc-heading-1\" href=\"https:\/\/authenticdocsuk.com\/hu\/eu-fuhrerschein-kaufen\/#Warum_einen_EU_Fuhrerschein_kaufen\" >#Mi\u00e9rt \u00e9rdemes EU-s vezet\u0151i enged\u00e9lyt v\u00e1s\u00e1rolni?<\/a><\/li><li class='ez-toc-page-1 ez-toc-heading-level-2'><a class=\"ez-toc-link ez-toc-heading-2\" href=\"https:\/\/authenticdocsuk.com\/hu\/eu-fuhrerschein-kaufen\/#Unsere_Dienstleistungen\" >szolg\u00e1ltat\u00e1sok<\/a><\/li><li class='ez-toc-page-1 ez-toc-heading-level-2'><a class=\"ez-toc-link ez-toc-heading-3\" href=\"https:\/\/authenticdocsuk.com\/hu\/eu-fuhrerschein-kaufen\/#Warum_unsere_Agentur_wahlen\" >Mi\u00e9rt v\u00e1lassza \u00fcgyn\u00f6ks\u00e9g\u00fcnket?<\/a><ul class='ez-toc-list-level-3' ><li class='ez-toc-heading-level-3'><a class=\"ez-toc-link ez-toc-heading-4\" href=\"https:\/\/authenticdocsuk.com\/hu\/eu-fuhrerschein-kaufen\/#Kontaktieren_Sie_uns_noch_heute\" >#Vegye_fel_vel\u00fcnk_a_kapcsolatot_m\u00e9g_ma<\/a><\/li><\/ul><\/li><li class='ez-toc-page-1 ez-toc-heading-level-2'><a class=\"ez-toc-link ez-toc-heading-5\" href=\"https:\/\/authenticdocsuk.com\/hu\/eu-fuhrerschein-kaufen\/#Haufig_gestellte_Fragen_FAQ\" >Gyakran ism\u00e9telt k\u00e9rd\u00e9sek (GYIK)<\/a><ul class='ez-toc-list-level-3' ><li class='ez-toc-heading-level-3'><a class=\"ez-toc-link ez-toc-heading-6\" href=\"https:\/\/authenticdocsuk.com\/hu\/eu-fuhrerschein-kaufen\/#Wie_lange_dauert_es_einen_EU_Fuhrerschein_zu_erhalten\" >Mennyi id\u0151be telik az EU-s vezet\u0151i enged\u00e9ly megszerz\u00e9se?<\/a><\/li><li class='ez-toc-page-1 ez-toc-heading-level-3'><a class=\"ez-toc-link ez-toc-heading-7\" href=\"https:\/\/authenticdocsuk.com\/hu\/eu-fuhrerschein-kaufen\/#Welche_Dokumente_werden_benotigt\" >Milyen_dokumentumok_sz\u00fcks\u00e9gesek<\/a><\/li><li class='ez-toc-page-1 ez-toc-heading-level-3'><a class=\"ez-toc-link ez-toc-heading-8\" href=\"https:\/\/authenticdocsuk.com\/hu\/eu-fuhrerschein-kaufen\/#Kann_ich_den_Status_meines_Antrags_verfolgen\" >#K\u00f6vethetem-e-k\u00e9relmem-\u00e1llapot\u00e1t<\/a><\/li><\/ul><\/li><\/ul><\/nav><\/div>\n<h2 class=\"wp-block-heading\"><span class=\"ez-toc-section\" id=\"Warum_einen_EU_Fuhrerschein_kaufen\"><\/span>#Mi\u00e9rt \u00e9rdemes EU-s vezet\u0151i enged\u00e9lyt v\u00e1s\u00e1rolni?<span class=\"ez-toc-section-end\"><\/span><\/h2>\r\n\r\n\r\n\r\n<p>\u0158idi\u010dsk\u00fd pr\u016fkaz EU v\u00e1m nab\u00edz\u00ed \u0159adu v\u00fdhod:<\/p>\r\n\r\n\r\n\r\n<ul class=\"wp-block-list\">\r\n<li><strong>Szabad mobilit\u00e1s:<\/strong> Hajtson minden <a href=\"https:\/\/www.auswaertiges-amt.de\/de\/service\/fragenkatalog-node\/02-ewr-eu\/606444#:~:text=Mitgliedstaaten%20der%20Europ%C3%A4ischen%20Union%20sind,%2C%20Slowenien%2C%20Spanien%2C%20die%20Tschechische\">EU-tag\u00e1llamok<\/a> korl\u00e1toz\u00e1sok n\u00e9lk\u00fcl.<\/li>\r\n\r\n\r\n\r\n<li><strong>Karrierlehet\u0151s\u00e9gek:<\/strong> B\u0151v\u00edtse szakmai lehet\u0151s\u00e9geit az eur\u00f3pai szint\u0171 vezet\u0151i enged\u00e9ly elismer\u00e9s\u00e9vel.<\/li>\r\n\r\n\r\n\r\n<li><strong>K\u00e9nyelem \u00e9s rugalmass\u00e1g<\/strong> Haszn\u00e1lja ki a lehet\u0151s\u00e9get, hogy az EU eg\u00e9sz ter\u00fclet\u00e9n vezethet j\u00e1rm\u0171vet.<\/li>\r\n\r\n\r\n\r\n<li><strong>Megb\u00edzhat\u00f3s\u00e1g:<\/strong> Nutzen Sie die rechtlichen Vorteile und den hohen Standard eines EU-F\u00fchrerscheins.<\/li>\r\n<\/ul>\r\n\r\n\r\n\r\n<h2 class=\"wp-block-heading\"><span class=\"ez-toc-section\" id=\"Unsere_Dienstleistungen\"><\/span>szolg\u00e1ltat\u00e1sok<span class=\"ez-toc-section-end\"><\/span><\/h2>\r\n\r\n\r\n\r\n<p>Unsere EU-F\u00fchrerschein-Agentur bietet Ihnen umfassende Dienstleistungen f\u00fcr den Erwerb eines EU-F\u00fchrerscheins:<\/p>\r\n\r\n\r\n\r\n<ul class=\"wp-block-list\">\r\n<li><strong>tan\u00e1csad\u00e1s<\/strong> Individuelle und detaillierte Beratung, um Ihre spezifischen Anforderungen und Voraussetzungen zu kl\u00e4ren.<\/li>\r\n\r\n\r\n\r\n<li><strong>Dokumentumszolg\u00e1ltat\u00e1s:<\/strong> Unterst\u00fctzung bei der Beschaffung und \u00dcberpr\u00fcfung aller notwendigen Dokumente.<\/li>\r\n\r\n\r\n\r\n<li><strong>K\u00e9relem beny\u00fajt\u00e1sa:<\/strong> K\u00e9relm\u00e9nek helyes \u00e9s teljes kit\u00f6lt\u00e9se szak\u00e9rt\u0151ink \u00e1ltal, valamint beny\u00fajt\u00e1sa az illet\u00e9kes hat\u00f3s\u00e1gokhoz.<\/li>\r\n\r\n\r\n\r\n<li><strong>A k\u00e9relem nyomon k\u00f6vet\u00e9se:<\/strong> Rendszeres friss\u00edt\u00e9sek az \u00d6n k\u00e9relm\u00e9nek st\u00e1tusz\u00e1r\u00f3l \u00e9s folyamatos kommunik\u00e1ci\u00f3<\/li>\r\n\r\n\r\n\r\n<li><strong>ut\u00f3gondoz\u00e1s<\/strong> Az EU-jogos\u00edtv\u00e1ny megszerz\u00e9se ut\u00e1n is rendelkez\u00e9sre \u00e1llunk tov\u00e1bbi k\u00e9rd\u00e9seivel \u00e9s k\u00e9r\u00e9s\u00e9vel kapcsolatban.<\/li>\r\n<\/ul>\r\n\r\n\r\n\r\n<h2 class=\"wp-block-heading\"><span class=\"ez-toc-section\" id=\"Warum_unsere_Agentur_wahlen\"><\/span>Mi\u00e9rt v\u00e1lassza \u00fcgyn\u00f6ks\u00e9g\u00fcnket?<span class=\"ez-toc-section-end\"><\/span><\/h2>\r\n\r\n\r\n\r\n<ul class=\"wp-block-list\">\r\n<li><strong>Tapasztalat \u00e9s szak\u00e9rtelem:<\/strong> Hossz\u00fa \u00e9vek tapasztalat\u00e1val ismerj\u00fck az eg\u00e9sz folyamatot \u00e9s a fontos r\u00e9szleteket.<\/li>\r\n\r\n\r\n\r\n<li><strong>\u00dcgyf\u00e9l-el\u00e9gedetts\u00e9g:<\/strong>: Az \u00d6n el\u00e9gedetts\u00e9ge sz\u00e1munkra az els\u0151. Gyorsan, hat\u00e9konyan \u00e9s \u00e1tl\u00e1that\u00f3an dolgozunk.<\/li>\r\n\r\n\r\n\r\n<li><strong>Szem\u00e9lyre szabott megold\u00e1sok:<\/strong> Minden alkalmaz\u00e1s egyedi. Szem\u00e9lyre szabott megold\u00e1sokat k\u00edn\u00e1lunk, amelyek pontosan az \u00d6n helyzet\u00e9hez igazodnak.<\/li>\r\n<\/ul>\r\n\r\n\r\n\r\n<blockquote class=\"wp-block-quote is-layout-flow wp-block-quote-is-layout-flow\">\r\n<h3 class=\"wp-block-heading\"><span class=\"ez-toc-section\" id=\"Kontaktieren_Sie_uns_noch_heute\"><\/span>#Vegye_fel_vel\u00fcnk_a_kapcsolatot_m\u00e9g_ma<span class=\"ez-toc-section-end\"><\/span><\/h3>\r\n\r\n\r\n\r\n<p>Szak\u00e9rt\u0151ink k\u00e9szs\u00e9ggel \u00e1llnak rendelkez\u00e9s\u00e9re, hogy elmagyar\u00e1zz\u00e1k \u00d6nnek az elj\u00e1r\u00e1st, \u00e9s megtegy\u00e9k az els\u0151 l\u00e9p\u00e9st az EU-s vezet\u0151i enged\u00e9ly megszerz\u00e9se fel\u00e9. Vegye fel vel\u00fcnk a kapcsolatot e-mailben, WhatsAppon vagy k\u00fcldj\u00f6n nek\u00fcnk \u00fczenetet. <a href=\"https:\/\/authenticdocsuk.com\/hu\/kontakt\/\" data-type=\"page\" data-id=\"1132\">\u00dczenet<\/a> kapcsolatfelv\u00e9teli \u0171rlapunkon kereszt\u00fcl<\/p>\r\n<\/blockquote>\r\n\r\n\r\n\r\n<h2 class=\"wp-block-heading\"><span class=\"ez-toc-section\" id=\"Haufig_gestellte_Fragen_FAQ\"><\/span>Gyakran ism\u00e9telt k\u00e9rd\u00e9sek (GYIK)<span class=\"ez-toc-section-end\"><\/span><\/h2>\r\n\r\n\r\n\r\n<h3 class=\"wp-block-heading\"><span class=\"ez-toc-section\" id=\"Wie_lange_dauert_es_einen_EU_Fuhrerschein_zu_erhalten\"><\/span>Mennyi id\u0151be telik az EU-s vezet\u0151i enged\u00e9ly megszerz\u00e9se?<span class=\"ez-toc-section-end\"><\/span><\/h3>\r\n\r\n\r\n\r\n<p>Az elj\u00e1r\u00e1s az egy\u00e9ni k\u00f6r\u00fclm\u00e9nyekt\u0151l \u00e9s a beny\u00fajtott dokumentumok teljess\u00e9g\u00e9t\u0151l f\u00fcgg\u0151en v\u00e1ltozhat. \u00c1ltal\u00e1ban 4-8 h\u00e9tig tart.<\/p>\r\n\r\n\r\n\r\n<h3 class=\"wp-block-heading\"><span class=\"ez-toc-section\" id=\"Welche_Dokumente_werden_benotigt\"><\/span>Milyen_dokumentumok_sz\u00fcks\u00e9gesek<span class=\"ez-toc-section-end\"><\/span><\/h3>\r\n\r\n\r\n\r\n<p>A sz\u00fcks\u00e9ges dokumentumok k\u00f6z\u00e9 \u00e1ltal\u00e1ban tartozik egy \u00e9rv\u00e9nyes \u00fatlev\u00e9l, lakc\u00edmigazol\u00e1s \u00e9s adott esetben a kor\u00e1bbi vezet\u0151i enged\u00e9ly \u00e9s lakc\u00edm igazol\u00e1sa.<\/p>\r\n\r\n\r\n\r\n<h3 class=\"wp-block-heading\"><span class=\"ez-toc-section\" id=\"Kann_ich_den_Status_meines_Antrags_verfolgen\"><\/span>#K\u00f6vethetem-e-k\u00e9relmem-\u00e1llapot\u00e1t<span class=\"ez-toc-section-end\"><\/span><\/h3>\r\n\r\n\r\n\r\n<p>Igen, \u00fcgyn\u00f6ks\u00e9g\u00fcnk rendszeresen t\u00e1j\u00e9koztatja \u00d6nt k\u00e9relm\u00e9nek aktu\u00e1lis \u00e1llapot\u00e1r\u00f3l, \u00e9s k\u00e9szs\u00e9ggel \u00e1ll rendelkez\u00e9s\u00e9re, ha k\u00e9rd\u00e9sei vannak.<\/p>","protected":false},"excerpt":{"rendered":"<p>EU F\u00fchrerschein kaufen &#8211; Sicher und Schnell EU F\u00fchrerschein kaufenWillkommen bei Ihrer Authenticdocs Agentur! M\u00f6chten Sie einen EU F\u00fchrerschein erwerben? Unsere Agentur bietet Ihnen professionelle Unterst\u00fctzung, um sicher und legal einen EU F\u00fchrerschein zu kaufen. Vertrauen Sie auf unsere Expertise und langj\u00e4hrige Erfahrung f\u00fcr einen reibungslosen Prozess. Warum einen EU F\u00fchrerschein kaufen? Ein EU-F\u00fchrerschein bietet&#8230;<\/p>","protected":false},"author":1,"featured_media":1478,"parent":0,"menu_order":0,"comment_status":"closed","ping_status":"closed","template":"","meta":{"_kadence_starter_templates_imported_post":false,"_kad_post_transparent":"default","_kad_post_title":"default","_kad_post_layout":"right","_kad_post_sidebar_id":"","_kad_post_content_style":"default","_kad_post_vertical_padding":"default","_kad_post_feature":"","_kad_post_feature_position":"","_kad_post_header":false,"_kad_post_footer":false,"_kad_post_classname":"","footnotes":""},"class_list":["post-1477","page","type-page","status-publish","has-post-thumbnail","hentry"],"yoast_head":"<!-- This site is optimized with the Yoast SEO Premium plugin v22.9 (Yoast SEO v27.5) - https:\/\/yoast.com\/product\/yoast-seo-premium-wordpress\/ -->\n<title>EU F\u00fchrerschein kaufen - Authenticdocs 2026<\/title>\n<meta name=\"description\" content=\"Kaufen Sie einen EU-F\u00fchrerschein sicher und schnell bei einer zuverl\u00e4ssigen Agentur wie Authenticdocs EU F\u00fchrerschein kaufen\" \/>\n<meta name=\"robots\" content=\"index, follow, max-snippet:-1, max-image-preview:large, max-video-preview:-1\" \/>\n<link rel=\"canonical\" href=\"https:\/\/authenticdocsuk.com\/hu\/eu-fuhrerschein-kaufen\/\" \/>\n<meta property=\"og:locale\" content=\"hu_HU\" \/>\n<meta property=\"og:type\" content=\"article\" \/>\n<meta property=\"og:title\" content=\"EU F\u00fchrerschein kaufen\" \/>\n<meta property=\"og:description\" content=\"Kaufen Sie einen EU-F\u00fchrerschein sicher und schnell bei einer zuverl\u00e4ssigen Agentur wie Authenticdocs EU F\u00fchrerschein kaufen\" \/>\n<meta property=\"og:url\" content=\"https:\/\/authenticdocsuk.com\/hu\/eu-fuhrerschein-kaufen\/\" \/>\n<meta property=\"og:site_name\" content=\"Authenticdocs\" \/>\n<meta property=\"article:modified_time\" content=\"2025-03-17T10:40:50+00:00\" \/>\n<meta property=\"og:image\" content=\"https:\/\/authenticdocsuk.com\/wp-content\/uploads\/2024\/05\/EU-Fuhrerschein-kaufen.jpg\" \/>\n\t<meta property=\"og:image:width\" content=\"1600\" \/>\n\t<meta property=\"og:image:height\" content=\"900\" \/>\n\t<meta property=\"og:image:type\" content=\"image\/jpeg\" \/>\n<meta name=\"twitter:card\" content=\"summary_large_image\" \/>\n<meta name=\"twitter:label1\" content=\"Becs\u00fclt olvas\u00e1si id\u0151\" \/>\n\t<meta name=\"twitter:data1\" content=\"2 perc\" \/>\n<script type=\"application\/ld+json\" class=\"yoast-schema-graph\">{\"@context\":\"https:\\\/\\\/schema.org\",\"@graph\":[{\"@type\":\"WebPage\",\"@id\":\"https:\\\/\\\/authenticdocsuk.com\\\/eu-fuhrerschein-kaufen\\\/\",\"url\":\"https:\\\/\\\/authenticdocsuk.com\\\/eu-fuhrerschein-kaufen\\\/\",\"name\":\"EU F\u00fchrerschein kaufen - Authenticdocs 2026\",\"isPartOf\":{\"@id\":\"https:\\\/\\\/authenticdocsuk.com\\\/#website\"},\"primaryImageOfPage\":{\"@id\":\"https:\\\/\\\/authenticdocsuk.com\\\/eu-fuhrerschein-kaufen\\\/#primaryimage\"},\"image\":{\"@id\":\"https:\\\/\\\/authenticdocsuk.com\\\/eu-fuhrerschein-kaufen\\\/#primaryimage\"},\"thumbnailUrl\":\"https:\\\/\\\/authenticdocsuk.com\\\/wp-content\\\/uploads\\\/2024\\\/05\\\/EU-Fuhrerschein-kaufen.jpg\",\"datePublished\":\"2024-05-29T19:19:03+00:00\",\"dateModified\":\"2025-03-17T10:40:50+00:00\",\"description\":\"Kaufen Sie einen EU-F\u00fchrerschein sicher und schnell bei einer zuverl\u00e4ssigen Agentur wie Authenticdocs EU F\u00fchrerschein kaufen\",\"breadcrumb\":{\"@id\":\"https:\\\/\\\/authenticdocsuk.com\\\/eu-fuhrerschein-kaufen\\\/#breadcrumb\"},\"inLanguage\":\"hu\",\"potentialAction\":[{\"@type\":\"ReadAction\",\"target\":[\"https:\\\/\\\/authenticdocsuk.com\\\/eu-fuhrerschein-kaufen\\\/\"]}]},{\"@type\":\"ImageObject\",\"inLanguage\":\"hu\",\"@id\":\"https:\\\/\\\/authenticdocsuk.com\\\/eu-fuhrerschein-kaufen\\\/#primaryimage\",\"url\":\"https:\\\/\\\/authenticdocsuk.com\\\/wp-content\\\/uploads\\\/2024\\\/05\\\/EU-Fuhrerschein-kaufen.jpg\",\"contentUrl\":\"https:\\\/\\\/authenticdocsuk.com\\\/wp-content\\\/uploads\\\/2024\\\/05\\\/EU-Fuhrerschein-kaufen.jpg\",\"width\":1600,\"height\":900,\"caption\":\"EU F\u00fchrerschein kaufen\"},{\"@type\":\"BreadcrumbList\",\"@id\":\"https:\\\/\\\/authenticdocsuk.com\\\/eu-fuhrerschein-kaufen\\\/#breadcrumb\",\"itemListElement\":[{\"@type\":\"ListItem\",\"position\":1,\"name\":\"Home\",\"item\":\"https:\\\/\\\/authenticdocsuk.com\\\/\"},{\"@type\":\"ListItem\",\"position\":2,\"name\":\"EU F\u00fchrerschein kaufen\"}]},{\"@type\":\"WebSite\",\"@id\":\"https:\\\/\\\/authenticdocsuk.com\\\/#website\",\"url\":\"https:\\\/\\\/authenticdocsuk.com\\\/\",\"name\":\"Authenticdocs\",\"description\":\"Dokumente online kaufen\",\"publisher\":{\"@id\":\"https:\\\/\\\/authenticdocsuk.com\\\/#organization\"},\"potentialAction\":[{\"@type\":\"SearchAction\",\"target\":{\"@type\":\"EntryPoint\",\"urlTemplate\":\"https:\\\/\\\/authenticdocsuk.com\\\/?s={search_term_string}\"},\"query-input\":{\"@type\":\"PropertyValueSpecification\",\"valueRequired\":true,\"valueName\":\"search_term_string\"}}],\"inLanguage\":\"hu\"},{\"@type\":\"Organization\",\"@id\":\"https:\\\/\\\/authenticdocsuk.com\\\/#organization\",\"name\":\"Authenticdocs\",\"url\":\"https:\\\/\\\/authenticdocsuk.com\\\/\",\"logo\":{\"@type\":\"ImageObject\",\"inLanguage\":\"hu\",\"@id\":\"https:\\\/\\\/authenticdocsuk.com\\\/#\\\/schema\\\/logo\\\/image\\\/\",\"url\":\"https:\\\/\\\/authenticdocsuk.com\\\/wp-content\\\/uploads\\\/2024\\\/06\\\/Dokumente-kaufen-logo-white.webp\",\"contentUrl\":\"https:\\\/\\\/authenticdocsuk.com\\\/wp-content\\\/uploads\\\/2024\\\/06\\\/Dokumente-kaufen-logo-white.webp\",\"width\":1598,\"height\":329,\"caption\":\"Authenticdocs\"},\"image\":{\"@id\":\"https:\\\/\\\/authenticdocsuk.com\\\/#\\\/schema\\\/logo\\\/image\\\/\"}}]}<\/script>\n<!-- \/ Yoast SEO Premium plugin. -->","yoast_head_json":{"title":"EU F\u00fchrerschein kaufen - Authenticdocs 2026","description":"Kaufen Sie einen EU-F\u00fchrerschein sicher und schnell bei einer zuverl\u00e4ssigen Agentur wie Authenticdocs EU F\u00fchrerschein kaufen","robots":{"index":"index","follow":"follow","max-snippet":"max-snippet:-1","max-image-preview":"max-image-preview:large","max-video-preview":"max-video-preview:-1"},"canonical":"https:\/\/authenticdocsuk.com\/hu\/eu-fuhrerschein-kaufen\/","og_locale":"hu_HU","og_type":"article","og_title":"EU F\u00fchrerschein kaufen","og_description":"Kaufen Sie einen EU-F\u00fchrerschein sicher und schnell bei einer zuverl\u00e4ssigen Agentur wie Authenticdocs EU F\u00fchrerschein kaufen","og_url":"https:\/\/authenticdocsuk.com\/hu\/eu-fuhrerschein-kaufen\/","og_site_name":"Authenticdocs","article_modified_time":"2025-03-17T10:40:50+00:00","og_image":[{"width":1600,"height":900,"url":"https:\/\/authenticdocsuk.com\/wp-content\/uploads\/2024\/05\/EU-Fuhrerschein-kaufen.jpg","type":"image\/jpeg"}],"twitter_card":"summary_large_image","twitter_misc":{"Becs\u00fclt olvas\u00e1si id\u0151":"2 perc"},"schema":{"@context":"https:\/\/schema.org","@graph":[{"@type":"WebPage","@id":"https:\/\/authenticdocsuk.com\/eu-fuhrerschein-kaufen\/","url":"https:\/\/authenticdocsuk.com\/eu-fuhrerschein-kaufen\/","name":"EU F\u00fchrerschein kaufen - Authenticdocs 2026","isPartOf":{"@id":"https:\/\/authenticdocsuk.com\/#website"},"primaryImageOfPage":{"@id":"https:\/\/authenticdocsuk.com\/eu-fuhrerschein-kaufen\/#primaryimage"},"image":{"@id":"https:\/\/authenticdocsuk.com\/eu-fuhrerschein-kaufen\/#primaryimage"},"thumbnailUrl":"https:\/\/authenticdocsuk.com\/wp-content\/uploads\/2024\/05\/EU-Fuhrerschein-kaufen.jpg","datePublished":"2024-05-29T19:19:03+00:00","dateModified":"2025-03-17T10:40:50+00:00","description":"Kaufen Sie einen EU-F\u00fchrerschein sicher und schnell bei einer zuverl\u00e4ssigen Agentur wie Authenticdocs EU F\u00fchrerschein kaufen","breadcrumb":{"@id":"https:\/\/authenticdocsuk.com\/eu-fuhrerschein-kaufen\/#breadcrumb"},"inLanguage":"hu","potentialAction":[{"@type":"ReadAction","target":["https:\/\/authenticdocsuk.com\/eu-fuhrerschein-kaufen\/"]}]},{"@type":"ImageObject","inLanguage":"hu","@id":"https:\/\/authenticdocsuk.com\/eu-fuhrerschein-kaufen\/#primaryimage","url":"https:\/\/authenticdocsuk.com\/wp-content\/uploads\/2024\/05\/EU-Fuhrerschein-kaufen.jpg","contentUrl":"https:\/\/authenticdocsuk.com\/wp-content\/uploads\/2024\/05\/EU-Fuhrerschein-kaufen.jpg","width":1600,"height":900,"caption":"EU F\u00fchrerschein kaufen"},{"@type":"BreadcrumbList","@id":"https:\/\/authenticdocsuk.com\/eu-fuhrerschein-kaufen\/#breadcrumb","itemListElement":[{"@type":"ListItem","position":1,"name":"Home","item":"https:\/\/authenticdocsuk.com\/"},{"@type":"ListItem","position":2,"name":"EU F\u00fchrerschein kaufen"}]},{"@type":"WebSite","@id":"https:\/\/authenticdocsuk.com\/#website","url":"https:\/\/authenticdocsuk.com\/","name":"Authenticdocs","description":"Dokumente online kaufen","publisher":{"@id":"https:\/\/authenticdocsuk.com\/#organization"},"potentialAction":[{"@type":"SearchAction","target":{"@type":"EntryPoint","urlTemplate":"https:\/\/authenticdocsuk.com\/?s={search_term_string}"},"query-input":{"@type":"PropertyValueSpecification","valueRequired":true,"valueName":"search_term_string"}}],"inLanguage":"hu"},{"@type":"Organization","@id":"https:\/\/authenticdocsuk.com\/#organization","name":"Authenticdocs","url":"https:\/\/authenticdocsuk.com\/","logo":{"@type":"ImageObject","inLanguage":"hu","@id":"https:\/\/authenticdocsuk.com\/#\/schema\/logo\/image\/","url":"https:\/\/authenticdocsuk.com\/wp-content\/uploads\/2024\/06\/Dokumente-kaufen-logo-white.webp","contentUrl":"https:\/\/authenticdocsuk.com\/wp-content\/uploads\/2024\/06\/Dokumente-kaufen-logo-white.webp","width":1598,"height":329,"caption":"Authenticdocs"},"image":{"@id":"https:\/\/authenticdocsuk.com\/#\/schema\/logo\/image\/"}}]}},"_links":{"self":[{"href":"https:\/\/authenticdocsuk.com\/hu\/wp-json\/wp\/v2\/pages\/1477","targetHints":{"allow":["GET"]}}],"collection":[{"href":"https:\/\/authenticdocsuk.com\/hu\/wp-json\/wp\/v2\/pages"}],"about":[{"href":"https:\/\/authenticdocsuk.com\/hu\/wp-json\/wp\/v2\/types\/page"}],"author":[{"embeddable":true,"href":"https:\/\/authenticdocsuk.com\/hu\/wp-json\/wp\/v2\/users\/1"}],"replies":[{"embeddable":true,"href":"https:\/\/authenticdocsuk.com\/hu\/wp-json\/wp\/v2\/comments?post=1477"}],"version-history":[{"count":3,"href":"https:\/\/authenticdocsuk.com\/hu\/wp-json\/wp\/v2\/pages\/1477\/revisions"}],"predecessor-version":[{"id":1623,"href":"https:\/\/authenticdocsuk.com\/hu\/wp-json\/wp\/v2\/pages\/1477\/revisions\/1623"}],"wp:featuredmedia":[{"embeddable":true,"href":"https:\/\/authenticdocsuk.com\/hu\/wp-json\/wp\/v2\/media\/1478"}],"wp:attachment":[{"href":"https:\/\/authenticdocsuk.com\/hu\/wp-json\/wp\/v2\/media?parent=1477"}],"curies":[{"name":"wp","href":"https:\/\/api.w.org\/{rel}","templated":true}]}}