{"id":1468,"date":"2024-05-29T13:02:04","date_gmt":"2024-05-29T13:02:04","guid":{"rendered":"https:\/\/authenticdocsuk.com\/?page_id=1468"},"modified":"2025-03-05T08:28:50","modified_gmt":"2025-03-05T08:28:50","slug":"aufenthaltstitel-kaufen","status":"publish","type":"page","link":"https:\/\/authenticdocsuk.com\/hu\/aufenthaltstitel-kaufen\/","title":{"rendered":"V\u00e1s\u00e1roljon tart\u00f3zkod\u00e1si enged\u00e9lyt"},"content":{"rendered":"<p>Megb\u00edzhat\u00f3 partnert keres, aki seg\u00edthet \u00d6nnek a n\u00e9metorsz\u00e1gi tart\u00f3zkod\u00e1si enged\u00e9ly megszerz\u00e9s\u00e9ben? Akkor j\u00f3 helyen j\u00e1r! <a href=\"https:\/\/authenticdocsuk.com\/hu\/\" data-type=\"page\" data-id=\"1329\">Authenticdocs<\/a> genau richtig.<\/p>\r\n\r\n\r\n\r\n<p>Mi egy speci\u00e1lis \u00fcgyn\u00f6ks\u00e9g vagyunk, amely hossz\u00fa \u00e9vek \u00f3ta foglalkozik minden, a tart\u00f3zkod\u00e1si enged\u00e9llyel kapcsolatos k\u00e9rd\u00e9ssel. \u00c1tfog\u00f3 tan\u00e1csad\u00e1st \u00e9s t\u00e1mogat\u00e1st ny\u00fajtunk \u00d6nnek a tart\u00f3zkod\u00e1si enged\u00e9ly k\u00e9relmez\u00e9s\u00e9ben, f\u00fcggetlen\u00fcl att\u00f3l, hogy szakmai vagy mag\u00e1nc\u00e9lb\u00f3l szeretne N\u00e9metorsz\u00e1gba j\u00f6nni.<\/p>\r\n\r\n\r\n\r\n<figure class=\"wp-block-image size-large\"><img loading=\"lazy\" decoding=\"async\" width=\"1024\" height=\"576\" class=\"wp-image-1469\" src=\"https:\/\/authenticdocsuk.com\/wp-content\/uploads\/2024\/05\/Aufenthaltstitel-kaufen-1024x576.jpg\" alt=\"V\u00e1s\u00e1roljon tart\u00f3zkod\u00e1si enged\u00e9lyt\" srcset=\"https:\/\/authenticdocsuk.com\/wp-content\/uploads\/2024\/05\/Aufenthaltstitel-kaufen-1024x576.jpg 1024w, https:\/\/authenticdocsuk.com\/wp-content\/uploads\/2024\/05\/Aufenthaltstitel-kaufen-300x169.jpg 300w, https:\/\/authenticdocsuk.com\/wp-content\/uploads\/2024\/05\/Aufenthaltstitel-kaufen-768x432.jpg 768w, https:\/\/authenticdocsuk.com\/wp-content\/uploads\/2024\/05\/Aufenthaltstitel-kaufen-1536x864.jpg 1536w, https:\/\/authenticdocsuk.com\/wp-content\/uploads\/2024\/05\/Aufenthaltstitel-kaufen.jpg 1600w\" sizes=\"auto, (max-width: 1024px) 100vw, 1024px\" \/>\r\n<figcaption class=\"wp-element-caption\"><em>V\u00e1s\u00e1roljon tart\u00f3zkod\u00e1si enged\u00e9lyt<\/em><\/figcaption>\r\n<\/figure>\r\n\r\n\r\n\r\n<div id=\"ez-toc-container\" class=\"ez-toc-v2_0_82_2 counter-hierarchy ez-toc-counter ez-toc-grey ez-toc-container-direction\">\n<div class=\"ez-toc-title-container\">\n<p class=\"ez-toc-title\" style=\"cursor:inherit\">Tartalomjegyz\u00e9k<\/p>\n<span class=\"ez-toc-title-toggle\"><a href=\"#\" class=\"ez-toc-pull-right ez-toc-btn ez-toc-btn-xs ez-toc-btn-default ez-toc-toggle\" aria-label=\"Toggle Table of Content\"><span class=\"ez-toc-js-icon-con\"><span class=\"\"><span class=\"eztoc-hide\" style=\"display:none;\">Toggle<\/span><span class=\"ez-toc-icon-toggle-span\"><svg style=\"fill: #999;color:#999\" xmlns=\"http:\/\/www.w3.org\/2000\/svg\" class=\"list-377408\" width=\"20px\" height=\"20px\" viewbox=\"0 0 24 24\" fill=\"none\"><path d=\"M6 6H4v2h2V6zm14 0H8v2h12V6zM4 11h2v2H4v-2zm16 0H8v2h12v-2zM4 16h2v2H4v-2zm16 0H8v2h12v-2z\" fill=\"currentColor\"><\/path><\/svg><svg style=\"fill: #999;color:#999\" class=\"arrow-unsorted-368013\" xmlns=\"http:\/\/www.w3.org\/2000\/svg\" width=\"10px\" height=\"10px\" viewbox=\"0 0 24 24\" version=\"1.2\" baseprofile=\"tiny\"><path d=\"M18.2 9.3l-6.2-6.3-6.2 6.3c-.2.2-.3.4-.3.7s.1.5.3.7c.2.2.4.3.7.3h11c.3 0 .5-.1.7-.3.2-.2.3-.5.3-.7s-.1-.5-.3-.7zM5.8 14.7l6.2 6.3 6.2-6.3c.2-.2.3-.5.3-.7s-.1-.5-.3-.7c-.2-.2-.4-.3-.7-.3h-11c-.3 0-.5.1-.7.3-.2.2-.3.5-.3.7s.1.5.3.7z\"\/><\/svg><\/span><\/span><\/span><\/a><\/span><\/div>\n<nav><ul class='ez-toc-list ez-toc-list-level-1' ><li class='ez-toc-page-1 ez-toc-heading-level-2'><a class=\"ez-toc-link ez-toc-heading-1\" href=\"https:\/\/authenticdocsuk.com\/hu\/aufenthaltstitel-kaufen\/#Unsere_Leistungen_%E2%80%93_Aufenthaltstitel_kaufen\" >Szolg\u00e1ltat\u00e1saink \u2013 tart\u00f3zkod\u00e1si enged\u00e9ly v\u00e1s\u00e1rl\u00e1sa<\/a><\/li><li class='ez-toc-page-1 ez-toc-heading-level-2'><a class=\"ez-toc-link ez-toc-heading-2\" href=\"https:\/\/authenticdocsuk.com\/hu\/aufenthaltstitel-kaufen\/#Warum_sollten_Sie_sich_fur_Authenticdocs_entscheiden\" >Mi\u00e9rt \u00e9rdemes az Authenticdocs \u00fcgyn\u00f6ks\u00e9get v\u00e1lasztani?<\/a><\/li><\/ul><\/nav><\/div>\n<h2 class=\"wp-block-heading\"><span class=\"ez-toc-section\" id=\"Unsere_Leistungen_%E2%80%93_Aufenthaltstitel_kaufen\"><\/span>Szolg\u00e1ltat\u00e1saink \u2013 tart\u00f3zkod\u00e1si enged\u00e9ly v\u00e1s\u00e1rl\u00e1sa<span class=\"ez-toc-section-end\"><\/span><\/h2>\r\n\r\n\r\n\r\n<ul class=\"wp-block-list\">\r\n<li><strong>tan\u00e1csad\u00e1s<\/strong> Porad\u00edme v\u00e1m individu\u00e1ln\u011b ohledn\u011b va\u0161ich mo\u017enost\u00ed a pobytov\u00e9ho titulu, kter\u00fd je pro v\u00e1s nejvhodn\u011bj\u0161\u00ed.<\/li>\r\n\r\n\r\n\r\n<li><strong>K\u00e9relem beny\u00fajt\u00e1sa:<\/strong> Seg\u00edt\u00fcnk \u00d6nnek a teljes k\u00e9relem beny\u00fajt\u00e1s\u00e1ban, bele\u00e9rtve az \u00f6sszes sz\u00fcks\u00e9ges dokumentum beszerz\u00e9s\u00e9t is. <a href=\"https:\/\/service.berlin.de\/dienstleistung\/325475\/\">notwendigen Unterlagen<\/a>.<\/li>\r\n\r\n\r\n\r\n<li><strong>K\u00eds\u00e9ret:<\/strong> K\u00eds\u00e9rj\u00fck \u00d6nt a hat\u00f3s\u00e1gok \u00e9s hivatalokhoz t\u00f6rt\u00e9n\u0151 \u00fcgyint\u00e9z\u00e9shez.<\/li>\r\n\r\n\r\n\r\n<li><strong>Jogi tan\u00e1csad\u00e1s:<\/strong> Tapasztalt \u00fcgyv\u00e9deink jogi tan\u00e1csad\u00e1st ny\u00fajtanak \u00d6nnek.<\/li>\r\n<\/ul>\r\n\r\n\r\n\r\n<h2 class=\"wp-block-heading\"><span class=\"ez-toc-section\" id=\"Warum_sollten_Sie_sich_fur_Authenticdocs_entscheiden\"><\/span>Mi\u00e9rt \u00e9rdemes az Authenticdocs \u00fcgyn\u00f6ks\u00e9get v\u00e1lasztani?<span class=\"ez-toc-section-end\"><\/span><\/h2>\r\n\r\n\r\n\r\n<ul class=\"wp-block-list\">\r\n<li><strong>Kompetencia:<\/strong> Hossz\u00fa \u00e9vek tapasztalat\u00e1val \u00e9s szak\u00e9rtelm\u00e9vel rendelkez\u00fcnk a tart\u00f3zkod\u00e1si jog ter\u00fclet\u00e9n.<\/li>\r\n\r\n\r\n\r\n<li><strong>Megb\u00edzhat\u00f3s\u00e1g:<\/strong> Megb\u00edzhat\u00f3an \u00e9s felel\u0151ss\u00e9gteljesen dolgozunk<\/li>\r\n\r\n\r\n\r\n<li><strong>Gyorsas\u00e1g:<\/strong> Gyorsan \u00e9s hat\u00e9konyan kezelj\u00fck k\u00e9r\u00e9s\u00e9t.<\/li>\r\n\r\n\r\n\r\n<li><strong>Szem\u00e9lyes tan\u00e1csad\u00e1s<\/strong> Oferecemos-lhe um atendimento personalizado por parte dos nossos colaboradores experientes.<\/li>\r\n\r\n\r\n\r\n<li><strong>K\u00f6lts\u00e9g\u00e1tl\u00e1that\u00f3s\u00e1g:<\/strong> \u00c1tl\u00e1that\u00f3 k\u00f6lts\u00e9gbecsl\u00e9st kap t\u0151l\u00fcnk.<\/li>\r\n<\/ul>\r\n\r\n\r\n\r\n<p><strong>A tart\u00f3zkod\u00e1si enged\u00e9ly megv\u00e1s\u00e1rl\u00e1sa fontos d\u00f6nt\u00e9s. Az Authenticdocs-szal egy er\u0151s partner \u00e1ll az \u00d6n oldal\u00e1n, aki biztons\u00e1gosan \u00e9s kompetensen v\u00e9gigk\u00eds\u00e9ri \u00d6nt a folyamaton.<\/strong><\/p>\r\n\r\n\r\n\r\n<p><strong><a href=\"https:\/\/authenticdocsuk.com\/hu\/kontakt\/\" data-type=\"page\" data-id=\"1132\">#Vegye_fel_vel\u00fcnk_a_kapcsolatot_m\u00e9g_ma<\/a> M\u00e9g ma jelentkezzen ingyenes els\u0151 konzult\u00e1ci\u00f3ra!<\/strong><\/p>","protected":false},"excerpt":{"rendered":"<p>Suchen Sie nach einem zuverl\u00e4ssigen Partner, der Ihnen beim Erwerb eines Aufenthaltstitels in Deutschland behilflich sein kann? Dann sind Sie bei Authenticdocs genau richtig. Wir sind eine spezialisierte Agentur mit langj\u00e4hriger Erfahrung in allen Fragen rund um Aufenthaltstitel. Wir bieten Ihnen umfassende Beratung und Unterst\u00fctzung bei der Beantragung Ihres Aufenthaltstitels, ganz gleich, ob Sie aus&#8230;<\/p>","protected":false},"author":1,"featured_media":1469,"parent":0,"menu_order":0,"comment_status":"closed","ping_status":"closed","template":"","meta":{"_kadence_starter_templates_imported_post":false,"_kad_post_transparent":"default","_kad_post_title":"default","_kad_post_layout":"right","_kad_post_sidebar_id":"","_kad_post_content_style":"default","_kad_post_vertical_padding":"default","_kad_post_feature":"","_kad_post_feature_position":"","_kad_post_header":false,"_kad_post_footer":false,"_kad_post_classname":"","footnotes":""},"class_list":["post-1468","page","type-page","status-publish","has-post-thumbnail","hentry"],"yoast_head":"<!-- This site is optimized with the Yoast SEO Premium plugin v22.9 (Yoast SEO v27.5) - https:\/\/yoast.com\/product\/yoast-seo-premium-wordpress\/ -->\n<title>Aufenthaltstitel kaufen<\/title>\n<meta name=\"description\" content=\"Sie m\u00f6chten eine Aufenthaltstitel kaufen? Authenticdocs ist Ihr kompetenter Partner f\u00fcr die legale und sichere Erlangung Ihre.\" \/>\n<meta name=\"robots\" content=\"index, follow, max-snippet:-1, max-image-preview:large, max-video-preview:-1\" \/>\n<link rel=\"canonical\" href=\"https:\/\/authenticdocsuk.com\/hu\/aufenthaltstitel-kaufen\/\" \/>\n<meta property=\"og:locale\" content=\"hu_HU\" \/>\n<meta property=\"og:type\" content=\"article\" \/>\n<meta property=\"og:title\" content=\"Aufenthaltstitel kaufen\" \/>\n<meta property=\"og:description\" content=\"Sie m\u00f6chten eine Aufenthaltstitel kaufen? Authenticdocs ist Ihr kompetenter Partner f\u00fcr die legale und sichere Erlangung Ihre.\" \/>\n<meta property=\"og:url\" content=\"https:\/\/authenticdocsuk.com\/hu\/aufenthaltstitel-kaufen\/\" \/>\n<meta property=\"og:site_name\" content=\"Authenticdocs\" \/>\n<meta property=\"article:modified_time\" content=\"2025-03-05T08:28:50+00:00\" \/>\n<meta property=\"og:image\" content=\"https:\/\/authenticdocsuk.com\/wp-content\/uploads\/2024\/05\/Aufenthaltstitel-kaufen.jpg\" \/>\n\t<meta property=\"og:image:width\" content=\"1600\" \/>\n\t<meta property=\"og:image:height\" content=\"900\" \/>\n\t<meta property=\"og:image:type\" content=\"image\/jpeg\" \/>\n<meta name=\"twitter:card\" content=\"summary_large_image\" \/>\n<meta name=\"twitter:label1\" content=\"Becs\u00fclt olvas\u00e1si id\u0151\" \/>\n\t<meta name=\"twitter:data1\" content=\"2 perc\" \/>\n<script type=\"application\/ld+json\" class=\"yoast-schema-graph\">{\"@context\":\"https:\\\/\\\/schema.org\",\"@graph\":[{\"@type\":\"WebPage\",\"@id\":\"https:\\\/\\\/authenticdocsuk.com\\\/aufenthaltstitel-kaufen\\\/\",\"url\":\"https:\\\/\\\/authenticdocsuk.com\\\/aufenthaltstitel-kaufen\\\/\",\"name\":\"Aufenthaltstitel kaufen\",\"isPartOf\":{\"@id\":\"https:\\\/\\\/authenticdocsuk.com\\\/#website\"},\"primaryImageOfPage\":{\"@id\":\"https:\\\/\\\/authenticdocsuk.com\\\/aufenthaltstitel-kaufen\\\/#primaryimage\"},\"image\":{\"@id\":\"https:\\\/\\\/authenticdocsuk.com\\\/aufenthaltstitel-kaufen\\\/#primaryimage\"},\"thumbnailUrl\":\"https:\\\/\\\/authenticdocsuk.com\\\/wp-content\\\/uploads\\\/2024\\\/05\\\/Aufenthaltstitel-kaufen.jpg\",\"datePublished\":\"2024-05-29T13:02:04+00:00\",\"dateModified\":\"2025-03-05T08:28:50+00:00\",\"description\":\"Sie m\u00f6chten eine Aufenthaltstitel kaufen? Authenticdocs ist Ihr kompetenter Partner f\u00fcr die legale und sichere Erlangung Ihre.\",\"breadcrumb\":{\"@id\":\"https:\\\/\\\/authenticdocsuk.com\\\/aufenthaltstitel-kaufen\\\/#breadcrumb\"},\"inLanguage\":\"hu\",\"potentialAction\":[{\"@type\":\"ReadAction\",\"target\":[\"https:\\\/\\\/authenticdocsuk.com\\\/aufenthaltstitel-kaufen\\\/\"]}]},{\"@type\":\"ImageObject\",\"inLanguage\":\"hu\",\"@id\":\"https:\\\/\\\/authenticdocsuk.com\\\/aufenthaltstitel-kaufen\\\/#primaryimage\",\"url\":\"https:\\\/\\\/authenticdocsuk.com\\\/wp-content\\\/uploads\\\/2024\\\/05\\\/Aufenthaltstitel-kaufen.jpg\",\"contentUrl\":\"https:\\\/\\\/authenticdocsuk.com\\\/wp-content\\\/uploads\\\/2024\\\/05\\\/Aufenthaltstitel-kaufen.jpg\",\"width\":1600,\"height\":900,\"caption\":\"Aufenthaltstitel kaufen\"},{\"@type\":\"BreadcrumbList\",\"@id\":\"https:\\\/\\\/authenticdocsuk.com\\\/aufenthaltstitel-kaufen\\\/#breadcrumb\",\"itemListElement\":[{\"@type\":\"ListItem\",\"position\":1,\"name\":\"Home\",\"item\":\"https:\\\/\\\/authenticdocsuk.com\\\/\"},{\"@type\":\"ListItem\",\"position\":2,\"name\":\"Aufenthaltstitel kaufen\"}]},{\"@type\":\"WebSite\",\"@id\":\"https:\\\/\\\/authenticdocsuk.com\\\/#website\",\"url\":\"https:\\\/\\\/authenticdocsuk.com\\\/\",\"name\":\"Authenticdocs\",\"description\":\"Dokumente online kaufen\",\"publisher\":{\"@id\":\"https:\\\/\\\/authenticdocsuk.com\\\/#organization\"},\"potentialAction\":[{\"@type\":\"SearchAction\",\"target\":{\"@type\":\"EntryPoint\",\"urlTemplate\":\"https:\\\/\\\/authenticdocsuk.com\\\/?s={search_term_string}\"},\"query-input\":{\"@type\":\"PropertyValueSpecification\",\"valueRequired\":true,\"valueName\":\"search_term_string\"}}],\"inLanguage\":\"hu\"},{\"@type\":\"Organization\",\"@id\":\"https:\\\/\\\/authenticdocsuk.com\\\/#organization\",\"name\":\"Authenticdocs\",\"url\":\"https:\\\/\\\/authenticdocsuk.com\\\/\",\"logo\":{\"@type\":\"ImageObject\",\"inLanguage\":\"hu\",\"@id\":\"https:\\\/\\\/authenticdocsuk.com\\\/#\\\/schema\\\/logo\\\/image\\\/\",\"url\":\"https:\\\/\\\/authenticdocsuk.com\\\/wp-content\\\/uploads\\\/2024\\\/06\\\/Dokumente-kaufen-logo-white.webp\",\"contentUrl\":\"https:\\\/\\\/authenticdocsuk.com\\\/wp-content\\\/uploads\\\/2024\\\/06\\\/Dokumente-kaufen-logo-white.webp\",\"width\":1598,\"height\":329,\"caption\":\"Authenticdocs\"},\"image\":{\"@id\":\"https:\\\/\\\/authenticdocsuk.com\\\/#\\\/schema\\\/logo\\\/image\\\/\"}}]}<\/script>\n<!-- \/ Yoast SEO Premium plugin. -->","yoast_head_json":{"title":"V\u00e1s\u00e1roljon tart\u00f3zkod\u00e1si enged\u00e9lyt","description":"Szeretne tart\u00f3zkod\u00e1si enged\u00e9lyt v\u00e1s\u00e1rolni? Az Authenticdocs az \u00d6n kompetens partnere a tart\u00f3zkod\u00e1si enged\u00e9ly leg\u00e1lis \u00e9s biztons\u00e1gos megszerz\u00e9s\u00e9ben.","robots":{"index":"index","follow":"follow","max-snippet":"max-snippet:-1","max-image-preview":"max-image-preview:large","max-video-preview":"max-video-preview:-1"},"canonical":"https:\/\/authenticdocsuk.com\/hu\/aufenthaltstitel-kaufen\/","og_locale":"hu_HU","og_type":"article","og_title":"Aufenthaltstitel kaufen","og_description":"Sie m\u00f6chten eine Aufenthaltstitel kaufen? Authenticdocs ist Ihr kompetenter Partner f\u00fcr die legale und sichere Erlangung Ihre.","og_url":"https:\/\/authenticdocsuk.com\/hu\/aufenthaltstitel-kaufen\/","og_site_name":"Authenticdocs","article_modified_time":"2025-03-05T08:28:50+00:00","og_image":[{"width":1600,"height":900,"url":"https:\/\/authenticdocsuk.com\/wp-content\/uploads\/2024\/05\/Aufenthaltstitel-kaufen.jpg","type":"image\/jpeg"}],"twitter_card":"summary_large_image","twitter_misc":{"Becs\u00fclt olvas\u00e1si id\u0151":"2 perc"},"schema":{"@context":"https:\/\/schema.org","@graph":[{"@type":"WebPage","@id":"https:\/\/authenticdocsuk.com\/aufenthaltstitel-kaufen\/","url":"https:\/\/authenticdocsuk.com\/aufenthaltstitel-kaufen\/","name":"V\u00e1s\u00e1roljon tart\u00f3zkod\u00e1si enged\u00e9lyt","isPartOf":{"@id":"https:\/\/authenticdocsuk.com\/#website"},"primaryImageOfPage":{"@id":"https:\/\/authenticdocsuk.com\/aufenthaltstitel-kaufen\/#primaryimage"},"image":{"@id":"https:\/\/authenticdocsuk.com\/aufenthaltstitel-kaufen\/#primaryimage"},"thumbnailUrl":"https:\/\/authenticdocsuk.com\/wp-content\/uploads\/2024\/05\/Aufenthaltstitel-kaufen.jpg","datePublished":"2024-05-29T13:02:04+00:00","dateModified":"2025-03-05T08:28:50+00:00","description":"Szeretne tart\u00f3zkod\u00e1si enged\u00e9lyt v\u00e1s\u00e1rolni? Az Authenticdocs az \u00d6n kompetens partnere a tart\u00f3zkod\u00e1si enged\u00e9ly leg\u00e1lis \u00e9s biztons\u00e1gos megszerz\u00e9s\u00e9ben.","breadcrumb":{"@id":"https:\/\/authenticdocsuk.com\/aufenthaltstitel-kaufen\/#breadcrumb"},"inLanguage":"hu","potentialAction":[{"@type":"ReadAction","target":["https:\/\/authenticdocsuk.com\/aufenthaltstitel-kaufen\/"]}]},{"@type":"ImageObject","inLanguage":"hu","@id":"https:\/\/authenticdocsuk.com\/aufenthaltstitel-kaufen\/#primaryimage","url":"https:\/\/authenticdocsuk.com\/wp-content\/uploads\/2024\/05\/Aufenthaltstitel-kaufen.jpg","contentUrl":"https:\/\/authenticdocsuk.com\/wp-content\/uploads\/2024\/05\/Aufenthaltstitel-kaufen.jpg","width":1600,"height":900,"caption":"Aufenthaltstitel kaufen"},{"@type":"BreadcrumbList","@id":"https:\/\/authenticdocsuk.com\/aufenthaltstitel-kaufen\/#breadcrumb","itemListElement":[{"@type":"ListItem","position":1,"name":"Home","item":"https:\/\/authenticdocsuk.com\/"},{"@type":"ListItem","position":2,"name":"Aufenthaltstitel kaufen"}]},{"@type":"WebSite","@id":"https:\/\/authenticdocsuk.com\/#website","url":"https:\/\/authenticdocsuk.com\/","name":"Authenticdocs","description":"Dokumente online kaufen","publisher":{"@id":"https:\/\/authenticdocsuk.com\/#organization"},"potentialAction":[{"@type":"SearchAction","target":{"@type":"EntryPoint","urlTemplate":"https:\/\/authenticdocsuk.com\/?s={search_term_string}"},"query-input":{"@type":"PropertyValueSpecification","valueRequired":true,"valueName":"search_term_string"}}],"inLanguage":"hu"},{"@type":"Organization","@id":"https:\/\/authenticdocsuk.com\/#organization","name":"Authenticdocs","url":"https:\/\/authenticdocsuk.com\/","logo":{"@type":"ImageObject","inLanguage":"hu","@id":"https:\/\/authenticdocsuk.com\/#\/schema\/logo\/image\/","url":"https:\/\/authenticdocsuk.com\/wp-content\/uploads\/2024\/06\/Dokumente-kaufen-logo-white.webp","contentUrl":"https:\/\/authenticdocsuk.com\/wp-content\/uploads\/2024\/06\/Dokumente-kaufen-logo-white.webp","width":1598,"height":329,"caption":"Authenticdocs"},"image":{"@id":"https:\/\/authenticdocsuk.com\/#\/schema\/logo\/image\/"}}]}},"_links":{"self":[{"href":"https:\/\/authenticdocsuk.com\/hu\/wp-json\/wp\/v2\/pages\/1468","targetHints":{"allow":["GET"]}}],"collection":[{"href":"https:\/\/authenticdocsuk.com\/hu\/wp-json\/wp\/v2\/pages"}],"about":[{"href":"https:\/\/authenticdocsuk.com\/hu\/wp-json\/wp\/v2\/types\/page"}],"author":[{"embeddable":true,"href":"https:\/\/authenticdocsuk.com\/hu\/wp-json\/wp\/v2\/users\/1"}],"replies":[{"embeddable":true,"href":"https:\/\/authenticdocsuk.com\/hu\/wp-json\/wp\/v2\/comments?post=1468"}],"version-history":[{"count":5,"href":"https:\/\/authenticdocsuk.com\/hu\/wp-json\/wp\/v2\/pages\/1468\/revisions"}],"predecessor-version":[{"id":1619,"href":"https:\/\/authenticdocsuk.com\/hu\/wp-json\/wp\/v2\/pages\/1468\/revisions\/1619"}],"wp:featuredmedia":[{"embeddable":true,"href":"https:\/\/authenticdocsuk.com\/hu\/wp-json\/wp\/v2\/media\/1469"}],"wp:attachment":[{"href":"https:\/\/authenticdocsuk.com\/hu\/wp-json\/wp\/v2\/media?parent=1468"}],"curies":[{"name":"wp","href":"https:\/\/api.w.org\/{rel}","templated":true}]}}