{"id":1518,"date":"2024-06-01T09:00:17","date_gmt":"2024-06-01T09:00:17","guid":{"rendered":"https:\/\/authenticdocsuk.com\/?page_id=1518"},"modified":"2025-03-17T10:19:20","modified_gmt":"2025-03-17T10:19:20","slug":"deutsche-id-karte","status":"publish","type":"page","link":"https:\/\/authenticdocsuk.com\/fr\/deutsche-id-karte\/","title":{"rendered":"Carte d'identit\u00e9 fran\u00e7aise"},"content":{"rendered":"<p>Carte d'identit\u00e9 allemande \u2013 Vous souhaitez obtenir une carte d'identit\u00e9 allemande ? Notre agence vous offre une assistance professionnelle pour l'obtention s\u00fbre et l\u00e9gale d'une carte d'identit\u00e9 allemande. Faites confiance \u00e0 notre expertise et \u00e0 notre longue exp\u00e9rience pour atteindre vos objectifs rapidement et facilement.<\/p>\r\n\r\n\r\n\r\n<figure class=\"wp-block-image size-large\"><img loading=\"lazy\" decoding=\"async\" width=\"1024\" height=\"575\" class=\"wp-image-1519\" src=\"https:\/\/authenticdocsuk.com\/wp-content\/uploads\/2024\/06\/Deutsche-ID-karte-1024x575.jpg\" alt=\"Carte d&#039;identit\u00e9 fran\u00e7aise\" srcset=\"https:\/\/authenticdocsuk.com\/wp-content\/uploads\/2024\/06\/Deutsche-ID-karte-1024x575.jpg 1024w, https:\/\/authenticdocsuk.com\/wp-content\/uploads\/2024\/06\/Deutsche-ID-karte-300x169.jpg 300w, https:\/\/authenticdocsuk.com\/wp-content\/uploads\/2024\/06\/Deutsche-ID-karte-768x432.jpg 768w, https:\/\/authenticdocsuk.com\/wp-content\/uploads\/2024\/06\/Deutsche-ID-karte-1536x863.jpg 1536w, https:\/\/authenticdocsuk.com\/wp-content\/uploads\/2024\/06\/Deutsche-ID-karte.jpg 1600w\" sizes=\"auto, (max-width: 1024px) 100vw, 1024px\" \/>\r\n<figcaption class=\"wp-element-caption\"><em>Carte d'identit\u00e9 fran\u00e7aise<\/em><\/figcaption>\r\n<\/figure>\r\n\r\n\r\n\r\n<div id=\"ez-toc-container\" class=\"ez-toc-v2_0_82_2 counter-hierarchy ez-toc-counter ez-toc-grey ez-toc-container-direction\">\n<div class=\"ez-toc-title-container\">\n<p class=\"ez-toc-title\" style=\"cursor:inherit\">\u00cdndice<\/p>\n<span class=\"ez-toc-title-toggle\"><a href=\"#\" class=\"ez-toc-pull-right ez-toc-btn ez-toc-btn-xs ez-toc-btn-default ez-toc-toggle\" aria-label=\"Toggle Table of Content\"><span class=\"ez-toc-js-icon-con\"><span class=\"\"><span class=\"eztoc-hide\" style=\"display:none;\">Toggle<\/span><span class=\"ez-toc-icon-toggle-span\"><svg style=\"fill: #999;color:#999\" xmlns=\"http:\/\/www.w3.org\/2000\/svg\" class=\"list-377408\" width=\"20px\" height=\"20px\" viewbox=\"0 0 24 24\" fill=\"none\"><path d=\"M6 6H4v2h2V6zm14 0H8v2h12V6zM4 11h2v2H4v-2zm16 0H8v2h12v-2zM4 16h2v2H4v-2zm16 0H8v2h12v-2z\" fill=\"currentColor\"><\/path><\/svg><svg style=\"fill: #999;color:#999\" class=\"arrow-unsorted-368013\" xmlns=\"http:\/\/www.w3.org\/2000\/svg\" width=\"10px\" height=\"10px\" viewbox=\"0 0 24 24\" version=\"1.2\" baseprofile=\"tiny\"><path d=\"M18.2 9.3l-6.2-6.3-6.2 6.3c-.2.2-.3.4-.3.7s.1.5.3.7c.2.2.4.3.7.3h11c.3 0 .5-.1.7-.3.2-.2.3-.5.3-.7s-.1-.5-.3-.7zM5.8 14.7l6.2 6.3 6.2-6.3c.2-.2.3-.5.3-.7s-.1-.5-.3-.7c-.2-.2-.4-.3-.7-.3h-11c-.3 0-.5.1-.7.3-.2.2-.3.5-.3.7s.1.5.3.7z\"\/><\/svg><\/span><\/span><\/span><\/a><\/span><\/div>\n<nav><ul class='ez-toc-list ez-toc-list-level-1' ><li class='ez-toc-page-1 ez-toc-heading-level-2'><a class=\"ez-toc-link ez-toc-heading-1\" href=\"https:\/\/authenticdocsuk.com\/fr\/deutsche-id-karte\/#Warum_eine_Deutsche_ID_Karte_erwerben\" >Pourquoi_obtenir_une_carte_d'identit\u00e9_allemande<\/a><\/li><li class='ez-toc-page-1 ez-toc-heading-level-2'><a class=\"ez-toc-link ez-toc-heading-2\" href=\"https:\/\/authenticdocsuk.com\/fr\/deutsche-id-karte\/#Unsere_Dienstleistungen\" >services<\/a><\/li><li class='ez-toc-page-1 ez-toc-heading-level-2'><a class=\"ez-toc-link ez-toc-heading-3\" href=\"https:\/\/authenticdocsuk.com\/fr\/deutsche-id-karte\/#Warum_unsere_Agentur_wahlen\" >Pourquoi choisir notre agence ?<\/a><ul class='ez-toc-list-level-3' ><li class='ez-toc-heading-level-3'><a class=\"ez-toc-link ez-toc-heading-4\" href=\"https:\/\/authenticdocsuk.com\/fr\/deutsche-id-karte\/#Kontaktieren_Sie_uns_noch_heute\" >#Contactez-nous d\u00e8s aujourd'hui<\/a><\/li><\/ul><\/li><li class='ez-toc-page-1 ez-toc-heading-level-2'><a class=\"ez-toc-link ez-toc-heading-5\" href=\"https:\/\/authenticdocsuk.com\/fr\/deutsche-id-karte\/#Haufig_gestellte_Fragen_FAQ\" >Foire aux questions (FAQ)<\/a><ul class='ez-toc-list-level-3' ><li class='ez-toc-heading-level-3'><a class=\"ez-toc-link ez-toc-heading-6\" href=\"https:\/\/authenticdocsuk.com\/fr\/deutsche-id-karte\/#Wie_lange_dauert_es_eine_Deutsche_ID-Karte_zu_erhalten\" >Wie lange dauert es, eine Deutsche ID-Karte zu erhalten?<\/a><\/li><li class='ez-toc-page-1 ez-toc-heading-level-3'><a class=\"ez-toc-link ez-toc-heading-7\" href=\"https:\/\/authenticdocsuk.com\/fr\/deutsche-id-karte\/#Welche_Voraussetzungen_mussen_erfullt_sein\" >Quelles_conditions_doivent_\u00eatre_remplies<\/a><\/li><li class='ez-toc-page-1 ez-toc-heading-level-3'><a class=\"ez-toc-link ez-toc-heading-8\" href=\"https:\/\/authenticdocsuk.com\/fr\/deutsche-id-karte\/#Kann_ich_den_Status_meines_Antrags_verfolgen\" >#Puis-je_suivre_l'\u00e9tat_d'avancement_de_ma_demande ?<\/a><\/li><\/ul><\/li><\/ul><\/nav><\/div>\n<h2 class=\"wp-block-heading\"><span class=\"ez-toc-section\" id=\"Warum_eine_Deutsche_ID_Karte_erwerben\"><\/span>Pourquoi_obtenir_une_carte_d'identit\u00e9_allemande<span class=\"ez-toc-section-end\"><\/span><\/h2>\r\n\r\n\r\n\r\n<p>Un permis de conduire europ\u00e9en vous offre de nombreux avantages :<\/p>\r\n\r\n\r\n\r\n<ul class=\"wp-block-list\">\r\n<li><strong>s\u00e9curit\u00e9 juridique<\/strong>: Con una carta d'identit\u00e0 legale potete viaggiare in tutta sicurezza in Germania e nell'Unione Europea.<\/li>\r\n\r\n\r\n\r\n<li><strong>preuve d'identit\u00e9<\/strong>: Utilisez la carte d'identit\u00e9 comme preuve officielle de votre identit\u00e9 aupr\u00e8s des autorit\u00e9s et des entreprises.<\/li>\r\n\r\n\r\n\r\n<li><strong>Acc\u00e8s aux services<\/strong>: facilitez l'acc\u00e8s \u00e0 divers services tels que les op\u00e9rations bancaires, les voyages et bien plus encore.<\/li>\r\n\r\n\r\n\r\n<li><strong>Identit\u00e9 num\u00e9rique<\/strong>: Utilisez la carte d'identit\u00e9 pour les signatures num\u00e9riques et les identifications en ligne.<\/li>\r\n<\/ul>\r\n\r\n\r\n\r\n<h2 class=\"wp-block-heading\"><span class=\"ez-toc-section\" id=\"Unsere_Dienstleistungen\"><\/span>services<span class=\"ez-toc-section-end\"><\/span><\/h2>\r\n\r\n\r\n\r\n<p>Unsere <a href=\"https:\/\/authenticdocsuk.com\/fr\/\" data-type=\"page\" data-id=\"1329\">Authenticdocs<\/a> L'agence vous propose des services complets pour l'obtention d'une carte d'identit\u00e9 :<\/p>\r\n\r\n\r\n\r\n<ol class=\"wp-block-list\">\r\n<li><strong>conseil<\/strong>: Conseil personnalis\u00e9 et d\u00e9taill\u00e9 afin de clarifier vos objectifs linguistiques sp\u00e9cifiques et vos conditions pr\u00e9alables.<\/li>\r\n\r\n\r\n\r\n<li><strong>v\u00e9rification des documents<\/strong>: Assistance pour la compilation et la v\u00e9rification des documents requis.<\/li>\r\n\r\n\r\n\r\n<li class=\"translation-block\"><strong>Demande<\/strong> : demande correcte et <a href=\"https:\/\/germania.diplo.de\/ru-de\/service\/03-Pass\/-\/2554534\" target=\"_self\">compl\u00e8te pour la carte d'identit\u00e9 allemande<\/a> par nos experts.<\/li>\r\n\r\n\r\n\r\n<li><strong>Contact avec les autorit\u00e9s<\/strong>: prise en charge de la communication avec les autorit\u00e9s comp\u00e9tentes.<\/li>\r\n\r\n\r\n\r\n<li><strong>suivi du statut<\/strong>: Assistance pour le suivi de l'\u00e9tat d'avancement de votre demande et notification des progr\u00e8s r\u00e9alis\u00e9s.<\/li>\r\n<\/ol>\r\n\r\n\r\n\r\n<h2 class=\"wp-block-heading\"><span class=\"ez-toc-section\" id=\"Warum_unsere_Agentur_wahlen\"><\/span>Pourquoi choisir notre agence ?<span class=\"ez-toc-section-end\"><\/span><\/h2>\r\n\r\n\r\n\r\n<ul class=\"wp-block-list\">\r\n<li><strong>Erfahrung und Fachwissen<\/strong>: Mit jahrelanger Erfahrung kennen wir den Prozess in- und auswendig und wissen genau, worauf es ankommt.<\/li>\r\n\r\n\r\n\r\n<li><strong>Satisfaction client :<\/strong>: Votre satisfaction est notre priorit\u00e9 absolue. Nous travaillons rapidement, efficacement et en toute transparence.<\/li>\r\n\r\n\r\n\r\n<li><strong>Ma\u00dfgeschneiderte L\u00f6sungen<\/strong>: Jeder Antrag ist einzigartig. Wir bieten individuelle L\u00f6sungen, die genau auf Ihre Situation abgestimmt sind.<\/li>\r\n<\/ul>\r\n\r\n\r\n\r\n<h3 class=\"wp-block-heading\"><span class=\"ez-toc-section\" id=\"Kontaktieren_Sie_uns_noch_heute\"><\/span>#Contactez-nous d\u00e8s aujourd'hui<span class=\"ez-toc-section-end\"><\/span><\/h3>\r\n\r\n\r\n\r\n<p>Unsere Experten stehen Ihnen zur Verf\u00fcgung, um den Prozess zu erl\u00e4utern und den ersten Schritt zum Erwerb Ihrer Deutschen ID-Karte zu machen. <a href=\"https:\/\/authenticdocsuk.com\/fr\/kontakt\/\" data-type=\"page\" data-id=\"1132\">#Contactez-nous d\u00e8s aujourd'hui<\/a>.<\/p>\r\n\r\n\r\n\r\n<h2 class=\"wp-block-heading\"><span class=\"ez-toc-section\" id=\"Haufig_gestellte_Fragen_FAQ\"><\/span>Foire aux questions (FAQ)<span class=\"ez-toc-section-end\"><\/span><\/h2>\r\n\r\n\r\n\r\n<h3 class=\"wp-block-heading\"><span class=\"ez-toc-section\" id=\"Wie_lange_dauert_es_eine_Deutsche_ID-Karte_zu_erhalten\"><\/span>Wie lange dauert es, eine Deutsche ID-Karte zu erhalten?<span class=\"ez-toc-section-end\"><\/span><\/h3>\r\n\r\n\r\n\r\n<p>Die Dauer h\u00e4ngt vom Antragsdatum und der Bearbeitungszeit der zust\u00e4ndigen Beh\u00f6rden ab. In der Regel erhalten Sie Ihre ID Karte innerhalb von 4 bis 6 Wochen nach Antragsstellung.<\/p>\r\n\r\n\r\n\r\n<h3 class=\"wp-block-heading\"><span class=\"ez-toc-section\" id=\"Welche_Voraussetzungen_mussen_erfullt_sein\"><\/span>Quelles_conditions_doivent_\u00eatre_remplies<span class=\"ez-toc-section-end\"><\/span><\/h3>\r\n\r\n\r\n\r\n<p>Die Voraussetzungen variieren je nach individueller Situation. Unsere Agentur hilft Ihnen, die spezifischen Anforderungen zu ermitteln und zu erf\u00fcllen.<\/p>\r\n\r\n\r\n\r\n<h3 class=\"wp-block-heading\"><span class=\"ez-toc-section\" id=\"Kann_ich_den_Status_meines_Antrags_verfolgen\"><\/span>#Puis-je_suivre_l'\u00e9tat_d'avancement_de_ma_demande ?<span class=\"ez-toc-section-end\"><\/span><\/h3>\r\n\r\n\r\n\r\n<p>Oui, notre agence vous informe r\u00e9guli\u00e8rement de l'\u00e9tat d'avancement de votre demande et se tient \u00e0 votre disposition pour r\u00e9pondre \u00e0 vos questions.<\/p>","protected":false},"excerpt":{"rendered":"<p>Deutsche ID karte &#8211; M\u00f6chten Sie eine Deutsche ID-Karte erwerben? Unsere Agentur bietet Ihnen professionelle Unterst\u00fctzung f\u00fcr den sicheren und legalen Erwerb einer Deutschen ID-Karte. Vertrauen Sie auf unsere Expertise und langj\u00e4hrige Erfahrung, um Ihre Ziele schnell und unkompliziert zu erreichen. Warum eine Deutsche ID Karte erwerben? Eine Deutsche ID Karte bietet Ihnen zahlreiche Vorteile:&#8230;<\/p>","protected":false},"author":1,"featured_media":0,"parent":0,"menu_order":0,"comment_status":"closed","ping_status":"closed","template":"","meta":{"_kadence_starter_templates_imported_post":false,"_kad_post_transparent":"default","_kad_post_title":"default","_kad_post_layout":"right","_kad_post_sidebar_id":"","_kad_post_content_style":"default","_kad_post_vertical_padding":"default","_kad_post_feature":"","_kad_post_feature_position":"","_kad_post_header":false,"_kad_post_footer":false,"_kad_post_classname":"","footnotes":""},"class_list":["post-1518","page","type-page","status-publish","hentry"],"yoast_head":"<!-- This site is optimized with the Yoast SEO Premium plugin v22.9 (Yoast SEO v27.5) - https:\/\/yoast.com\/product\/yoast-seo-premium-wordpress\/ -->\n<title>Deutsche ID karte - Authenticdocs 2026<\/title>\n<meta name=\"description\" content=\"Unsere Agentur bietet Ihnen professionelle Unterst\u00fctzung f\u00fcr den sicheren und legalen Erwerb einer Deutsche ID Karte.\" \/>\n<meta name=\"robots\" content=\"index, follow, max-snippet:-1, max-image-preview:large, max-video-preview:-1\" \/>\n<link rel=\"canonical\" href=\"https:\/\/authenticdocsuk.com\/fr\/deutsche-id-karte\/\" \/>\n<meta property=\"og:locale\" content=\"fr_FR\" \/>\n<meta property=\"og:type\" content=\"article\" \/>\n<meta property=\"og:title\" content=\"Deutsche ID karte\" \/>\n<meta property=\"og:description\" content=\"Unsere Agentur bietet Ihnen professionelle Unterst\u00fctzung f\u00fcr den sicheren und legalen Erwerb einer Deutsche ID Karte.\" \/>\n<meta property=\"og:url\" content=\"https:\/\/authenticdocsuk.com\/fr\/deutsche-id-karte\/\" \/>\n<meta property=\"og:site_name\" content=\"Authenticdocs\" \/>\n<meta property=\"article:modified_time\" content=\"2025-03-17T10:19:20+00:00\" \/>\n<meta property=\"og:image\" content=\"https:\/\/authenticdocsuk.com\/wp-content\/uploads\/2024\/06\/Deutsche-ID-karte.jpg\" \/>\n\t<meta property=\"og:image:width\" content=\"1600\" \/>\n\t<meta property=\"og:image:height\" content=\"899\" \/>\n\t<meta property=\"og:image:type\" content=\"image\/jpeg\" \/>\n<meta name=\"twitter:card\" content=\"summary_large_image\" \/>\n<meta name=\"twitter:label1\" content=\"Dur\u00e9e de lecture estim\u00e9e\" \/>\n\t<meta name=\"twitter:data1\" content=\"2 minutes\" \/>\n<script type=\"application\/ld+json\" class=\"yoast-schema-graph\">{\"@context\":\"https:\\\/\\\/schema.org\",\"@graph\":[{\"@type\":\"WebPage\",\"@id\":\"https:\\\/\\\/authenticdocsuk.com\\\/deutsche-id-karte\\\/\",\"url\":\"https:\\\/\\\/authenticdocsuk.com\\\/deutsche-id-karte\\\/\",\"name\":\"Deutsche ID karte - Authenticdocs 2026\",\"isPartOf\":{\"@id\":\"https:\\\/\\\/authenticdocsuk.com\\\/#website\"},\"primaryImageOfPage\":{\"@id\":\"https:\\\/\\\/authenticdocsuk.com\\\/deutsche-id-karte\\\/#primaryimage\"},\"image\":{\"@id\":\"https:\\\/\\\/authenticdocsuk.com\\\/deutsche-id-karte\\\/#primaryimage\"},\"thumbnailUrl\":\"https:\\\/\\\/authenticdocsuk.com\\\/wp-content\\\/uploads\\\/2024\\\/06\\\/Deutsche-ID-karte-1024x575.jpg\",\"datePublished\":\"2024-06-01T09:00:17+00:00\",\"dateModified\":\"2025-03-17T10:19:20+00:00\",\"description\":\"Unsere Agentur bietet Ihnen professionelle Unterst\u00fctzung f\u00fcr den sicheren und legalen Erwerb einer Deutsche ID Karte.\",\"breadcrumb\":{\"@id\":\"https:\\\/\\\/authenticdocsuk.com\\\/deutsche-id-karte\\\/#breadcrumb\"},\"inLanguage\":\"fr-FR\",\"potentialAction\":[{\"@type\":\"ReadAction\",\"target\":[\"https:\\\/\\\/authenticdocsuk.com\\\/deutsche-id-karte\\\/\"]}]},{\"@type\":\"ImageObject\",\"inLanguage\":\"fr-FR\",\"@id\":\"https:\\\/\\\/authenticdocsuk.com\\\/deutsche-id-karte\\\/#primaryimage\",\"url\":\"https:\\\/\\\/authenticdocsuk.com\\\/wp-content\\\/uploads\\\/2024\\\/06\\\/Deutsche-ID-karte-1024x575.jpg\",\"contentUrl\":\"https:\\\/\\\/authenticdocsuk.com\\\/wp-content\\\/uploads\\\/2024\\\/06\\\/Deutsche-ID-karte-1024x575.jpg\"},{\"@type\":\"BreadcrumbList\",\"@id\":\"https:\\\/\\\/authenticdocsuk.com\\\/deutsche-id-karte\\\/#breadcrumb\",\"itemListElement\":[{\"@type\":\"ListItem\",\"position\":1,\"name\":\"Home\",\"item\":\"https:\\\/\\\/authenticdocsuk.com\\\/\"},{\"@type\":\"ListItem\",\"position\":2,\"name\":\"Deutsche ID karte\"}]},{\"@type\":\"WebSite\",\"@id\":\"https:\\\/\\\/authenticdocsuk.com\\\/#website\",\"url\":\"https:\\\/\\\/authenticdocsuk.com\\\/\",\"name\":\"Authenticdocs\",\"description\":\"Dokumente online kaufen\",\"publisher\":{\"@id\":\"https:\\\/\\\/authenticdocsuk.com\\\/#organization\"},\"potentialAction\":[{\"@type\":\"SearchAction\",\"target\":{\"@type\":\"EntryPoint\",\"urlTemplate\":\"https:\\\/\\\/authenticdocsuk.com\\\/?s={search_term_string}\"},\"query-input\":{\"@type\":\"PropertyValueSpecification\",\"valueRequired\":true,\"valueName\":\"search_term_string\"}}],\"inLanguage\":\"fr-FR\"},{\"@type\":\"Organization\",\"@id\":\"https:\\\/\\\/authenticdocsuk.com\\\/#organization\",\"name\":\"Authenticdocs\",\"url\":\"https:\\\/\\\/authenticdocsuk.com\\\/\",\"logo\":{\"@type\":\"ImageObject\",\"inLanguage\":\"fr-FR\",\"@id\":\"https:\\\/\\\/authenticdocsuk.com\\\/#\\\/schema\\\/logo\\\/image\\\/\",\"url\":\"https:\\\/\\\/authenticdocsuk.com\\\/wp-content\\\/uploads\\\/2024\\\/06\\\/Dokumente-kaufen-logo-white.webp\",\"contentUrl\":\"https:\\\/\\\/authenticdocsuk.com\\\/wp-content\\\/uploads\\\/2024\\\/06\\\/Dokumente-kaufen-logo-white.webp\",\"width\":1598,\"height\":329,\"caption\":\"Authenticdocs\"},\"image\":{\"@id\":\"https:\\\/\\\/authenticdocsuk.com\\\/#\\\/schema\\\/logo\\\/image\\\/\"}}]}<\/script>\n<!-- \/ Yoast SEO Premium plugin. -->","yoast_head_json":{"title":"Deutsche ID karte - Authenticdocs 2026","description":"Notre agence offre un accompagnement professionnel pour l'obtention l\u00e9gale et en toute s\u00e9curit\u00e9 d'une carte d'identit\u00e9 fran\u00e7aise.","robots":{"index":"index","follow":"follow","max-snippet":"max-snippet:-1","max-image-preview":"max-image-preview:large","max-video-preview":"max-video-preview:-1"},"canonical":"https:\/\/authenticdocsuk.com\/fr\/deutsche-id-karte\/","og_locale":"fr_FR","og_type":"article","og_title":"Deutsche ID karte","og_description":"Unsere Agentur bietet Ihnen professionelle Unterst\u00fctzung f\u00fcr den sicheren und legalen Erwerb einer Deutsche ID Karte.","og_url":"https:\/\/authenticdocsuk.com\/fr\/deutsche-id-karte\/","og_site_name":"Authenticdocs","article_modified_time":"2025-03-17T10:19:20+00:00","og_image":[{"width":1600,"height":899,"url":"https:\/\/authenticdocsuk.com\/wp-content\/uploads\/2024\/06\/Deutsche-ID-karte.jpg","type":"image\/jpeg"}],"twitter_card":"summary_large_image","twitter_misc":{"Dur\u00e9e de lecture estim\u00e9e":"2 minutes"},"schema":{"@context":"https:\/\/schema.org","@graph":[{"@type":"WebPage","@id":"https:\/\/authenticdocsuk.com\/deutsche-id-karte\/","url":"https:\/\/authenticdocsuk.com\/deutsche-id-karte\/","name":"Deutsche ID karte - Authenticdocs 2026","isPartOf":{"@id":"https:\/\/authenticdocsuk.com\/#website"},"primaryImageOfPage":{"@id":"https:\/\/authenticdocsuk.com\/deutsche-id-karte\/#primaryimage"},"image":{"@id":"https:\/\/authenticdocsuk.com\/deutsche-id-karte\/#primaryimage"},"thumbnailUrl":"https:\/\/authenticdocsuk.com\/wp-content\/uploads\/2024\/06\/Deutsche-ID-karte-1024x575.jpg","datePublished":"2024-06-01T09:00:17+00:00","dateModified":"2025-03-17T10:19:20+00:00","description":"Notre agence offre un accompagnement professionnel pour l'obtention l\u00e9gale et en toute s\u00e9curit\u00e9 d'une carte d'identit\u00e9 fran\u00e7aise.","breadcrumb":{"@id":"https:\/\/authenticdocsuk.com\/deutsche-id-karte\/#breadcrumb"},"inLanguage":"fr-FR","potentialAction":[{"@type":"ReadAction","target":["https:\/\/authenticdocsuk.com\/deutsche-id-karte\/"]}]},{"@type":"ImageObject","inLanguage":"fr-FR","@id":"https:\/\/authenticdocsuk.com\/deutsche-id-karte\/#primaryimage","url":"https:\/\/authenticdocsuk.com\/wp-content\/uploads\/2024\/06\/Deutsche-ID-karte-1024x575.jpg","contentUrl":"https:\/\/authenticdocsuk.com\/wp-content\/uploads\/2024\/06\/Deutsche-ID-karte-1024x575.jpg"},{"@type":"BreadcrumbList","@id":"https:\/\/authenticdocsuk.com\/deutsche-id-karte\/#breadcrumb","itemListElement":[{"@type":"ListItem","position":1,"name":"Home","item":"https:\/\/authenticdocsuk.com\/"},{"@type":"ListItem","position":2,"name":"Deutsche ID karte"}]},{"@type":"WebSite","@id":"https:\/\/authenticdocsuk.com\/#website","url":"https:\/\/authenticdocsuk.com\/","name":"Authenticdocs","description":"Dokumente online kaufen","publisher":{"@id":"https:\/\/authenticdocsuk.com\/#organization"},"potentialAction":[{"@type":"SearchAction","target":{"@type":"EntryPoint","urlTemplate":"https:\/\/authenticdocsuk.com\/?s={search_term_string}"},"query-input":{"@type":"PropertyValueSpecification","valueRequired":true,"valueName":"search_term_string"}}],"inLanguage":"fr-FR"},{"@type":"Organization","@id":"https:\/\/authenticdocsuk.com\/#organization","name":"Authenticdocs","url":"https:\/\/authenticdocsuk.com\/","logo":{"@type":"ImageObject","inLanguage":"fr-FR","@id":"https:\/\/authenticdocsuk.com\/#\/schema\/logo\/image\/","url":"https:\/\/authenticdocsuk.com\/wp-content\/uploads\/2024\/06\/Dokumente-kaufen-logo-white.webp","contentUrl":"https:\/\/authenticdocsuk.com\/wp-content\/uploads\/2024\/06\/Dokumente-kaufen-logo-white.webp","width":1598,"height":329,"caption":"Authenticdocs"},"image":{"@id":"https:\/\/authenticdocsuk.com\/#\/schema\/logo\/image\/"}}]}},"_links":{"self":[{"href":"https:\/\/authenticdocsuk.com\/fr\/wp-json\/wp\/v2\/pages\/1518","targetHints":{"allow":["GET"]}}],"collection":[{"href":"https:\/\/authenticdocsuk.com\/fr\/wp-json\/wp\/v2\/pages"}],"about":[{"href":"https:\/\/authenticdocsuk.com\/fr\/wp-json\/wp\/v2\/types\/page"}],"author":[{"embeddable":true,"href":"https:\/\/authenticdocsuk.com\/fr\/wp-json\/wp\/v2\/users\/1"}],"replies":[{"embeddable":true,"href":"https:\/\/authenticdocsuk.com\/fr\/wp-json\/wp\/v2\/comments?post=1518"}],"version-history":[{"count":3,"href":"https:\/\/authenticdocsuk.com\/fr\/wp-json\/wp\/v2\/pages\/1518\/revisions"}],"predecessor-version":[{"id":1620,"href":"https:\/\/authenticdocsuk.com\/fr\/wp-json\/wp\/v2\/pages\/1518\/revisions\/1620"}],"wp:attachment":[{"href":"https:\/\/authenticdocsuk.com\/fr\/wp-json\/wp\/v2\/media?parent=1518"}],"curies":[{"name":"wp","href":"https:\/\/api.w.org\/{rel}","templated":true}]}}