{"id":1468,"date":"2024-05-29T13:02:04","date_gmt":"2024-05-29T13:02:04","guid":{"rendered":"https:\/\/authenticdocsuk.com\/?page_id=1468"},"modified":"2025-03-05T08:28:50","modified_gmt":"2025-03-05T08:28:50","slug":"aufenthaltstitel-kaufen","status":"publish","type":"page","link":"https:\/\/authenticdocsuk.com\/fr\/aufenthaltstitel-kaufen\/","title":{"rendered":"Acheter un permis de s\u00e9jour"},"content":{"rendered":"<p>Vous recherchez un partenaire fiable qui puisse vous aider \u00e0 obtenir un titre de s\u00e9jour en Allemagne ? Alors vous \u00eates \u00e0 la bonne adresse chez <a href=\"https:\/\/authenticdocsuk.com\/fr\/\" data-type=\"page\" data-id=\"1329\">Authenticdocs<\/a> genau richtig.<\/p>\r\n\r\n\r\n\r\n<p>Nous sommes une agence sp\u00e9cialis\u00e9e qui poss\u00e8de une longue exp\u00e9rience dans tous les domaines li\u00e9s aux titres de s\u00e9jour. Nous vous offrons des conseils et une assistance complets pour votre demande de titre de s\u00e9jour, que vous souhaitiez venir en Allemagne pour des raisons professionnelles ou priv\u00e9es.<\/p>\r\n\r\n\r\n\r\n<figure class=\"wp-block-image size-large\"><img loading=\"lazy\" decoding=\"async\" width=\"1024\" height=\"576\" class=\"wp-image-1469\" src=\"https:\/\/authenticdocsuk.com\/wp-content\/uploads\/2024\/05\/Aufenthaltstitel-kaufen-1024x576.jpg\" alt=\"Acheter un permis de s\u00e9jour\" srcset=\"https:\/\/authenticdocsuk.com\/wp-content\/uploads\/2024\/05\/Aufenthaltstitel-kaufen-1024x576.jpg 1024w, https:\/\/authenticdocsuk.com\/wp-content\/uploads\/2024\/05\/Aufenthaltstitel-kaufen-300x169.jpg 300w, https:\/\/authenticdocsuk.com\/wp-content\/uploads\/2024\/05\/Aufenthaltstitel-kaufen-768x432.jpg 768w, https:\/\/authenticdocsuk.com\/wp-content\/uploads\/2024\/05\/Aufenthaltstitel-kaufen-1536x864.jpg 1536w, https:\/\/authenticdocsuk.com\/wp-content\/uploads\/2024\/05\/Aufenthaltstitel-kaufen.jpg 1600w\" sizes=\"auto, (max-width: 1024px) 100vw, 1024px\" \/>\r\n<figcaption class=\"wp-element-caption\"><em>Acheter un permis de s\u00e9jour<\/em><\/figcaption>\r\n<\/figure>\r\n\r\n\r\n\r\n<div id=\"ez-toc-container\" class=\"ez-toc-v2_0_82_2 counter-hierarchy ez-toc-counter ez-toc-grey ez-toc-container-direction\">\n<div class=\"ez-toc-title-container\">\n<p class=\"ez-toc-title\" style=\"cursor:inherit\">\u00cdndice<\/p>\n<span class=\"ez-toc-title-toggle\"><a href=\"#\" class=\"ez-toc-pull-right ez-toc-btn ez-toc-btn-xs ez-toc-btn-default ez-toc-toggle\" aria-label=\"Toggle Table of Content\"><span class=\"ez-toc-js-icon-con\"><span class=\"\"><span class=\"eztoc-hide\" style=\"display:none;\">Toggle<\/span><span class=\"ez-toc-icon-toggle-span\"><svg style=\"fill: #999;color:#999\" xmlns=\"http:\/\/www.w3.org\/2000\/svg\" class=\"list-377408\" width=\"20px\" height=\"20px\" viewbox=\"0 0 24 24\" fill=\"none\"><path d=\"M6 6H4v2h2V6zm14 0H8v2h12V6zM4 11h2v2H4v-2zm16 0H8v2h12v-2zM4 16h2v2H4v-2zm16 0H8v2h12v-2z\" fill=\"currentColor\"><\/path><\/svg><svg style=\"fill: #999;color:#999\" class=\"arrow-unsorted-368013\" xmlns=\"http:\/\/www.w3.org\/2000\/svg\" width=\"10px\" height=\"10px\" viewbox=\"0 0 24 24\" version=\"1.2\" baseprofile=\"tiny\"><path d=\"M18.2 9.3l-6.2-6.3-6.2 6.3c-.2.2-.3.4-.3.7s.1.5.3.7c.2.2.4.3.7.3h11c.3 0 .5-.1.7-.3.2-.2.3-.5.3-.7s-.1-.5-.3-.7zM5.8 14.7l6.2 6.3 6.2-6.3c.2-.2.3-.5.3-.7s-.1-.5-.3-.7c-.2-.2-.4-.3-.7-.3h-11c-.3 0-.5.1-.7.3-.2.2-.3.5-.3.7s.1.5.3.7z\"\/><\/svg><\/span><\/span><\/span><\/a><\/span><\/div>\n<nav><ul class='ez-toc-list ez-toc-list-level-1' ><li class='ez-toc-page-1 ez-toc-heading-level-2'><a class=\"ez-toc-link ez-toc-heading-1\" href=\"https:\/\/authenticdocsuk.com\/fr\/aufenthaltstitel-kaufen\/#Unsere_Leistungen_%E2%80%93_Aufenthaltstitel_kaufen\" >Nos prestations \u2013 Acheter un titre de s\u00e9jour<\/a><\/li><li class='ez-toc-page-1 ez-toc-heading-level-2'><a class=\"ez-toc-link ez-toc-heading-2\" href=\"https:\/\/authenticdocsuk.com\/fr\/aufenthaltstitel-kaufen\/#Warum_sollten_Sie_sich_fur_Authenticdocs_entscheiden\" >Pourquoi choisir l'agence Authenticdocs ?<\/a><\/li><\/ul><\/nav><\/div>\n<h2 class=\"wp-block-heading\"><span class=\"ez-toc-section\" id=\"Unsere_Leistungen_%E2%80%93_Aufenthaltstitel_kaufen\"><\/span>Nos prestations \u2013 Acheter un titre de s\u00e9jour<span class=\"ez-toc-section-end\"><\/span><\/h2>\r\n\r\n\r\n\r\n<ul class=\"wp-block-list\">\r\n<li><strong>conseil<\/strong> Nous vous conseillons individuellement sur les possibilit\u00e9s qui s'offrent \u00e0 vous et sur le titre de s\u00e9jour qui vous convient.<\/li>\r\n\r\n\r\n\r\n<li><strong>D\u00e9p\u00f4t de la demande :<\/strong> Nous vous aidons \u00e0 remplir l'int\u00e9gralit\u00e9 de votre demande, y compris l'obtention de tous les documents n\u00e9cessaires. <a href=\"https:\/\/service.berlin.de\/dienstleistung\/325475\/\">notwendigen Unterlagen<\/a>.<\/li>\r\n\r\n\r\n\r\n<li><strong>Accompagnement :<\/strong> Nous vous accompagnons lors de vos rendez-vous aupr\u00e8s des autorit\u00e9s et administrations.<\/li>\r\n\r\n\r\n\r\n<li><strong>Conseil juridique :<\/strong> Nous vous proposons des conseils juridiques prodigu\u00e9s par nos avocats exp\u00e9riment\u00e9s.<\/li>\r\n<\/ul>\r\n\r\n\r\n\r\n<h2 class=\"wp-block-heading\"><span class=\"ez-toc-section\" id=\"Warum_sollten_Sie_sich_fur_Authenticdocs_entscheiden\"><\/span>Pourquoi choisir l'agence Authenticdocs ?<span class=\"ez-toc-section-end\"><\/span><\/h2>\r\n\r\n\r\n\r\n<ul class=\"wp-block-list\">\r\n<li><strong>Comp\u00e9tence :Competentie:<\/strong> Nous disposons d'une longue exp\u00e9rience et d'une grande expertise en mati\u00e8re de droit de s\u00e9jour<\/li>\r\n\r\n\r\n\r\n<li><strong>Affidabilit\u00e0:<\/strong> Nous travaillons de mani\u00e8re fiable et digne de confiance.<\/li>\r\n\r\n\r\n\r\n<li><strong>Rapidit\u00e9 :<\/strong> Nous traitons votre demande rapidement et efficacement.<\/li>\r\n\r\n\r\n\r\n<li><strong>Accompagnement personnalis\u00e9<\/strong> Nous vous offrons un accompagnement personnalis\u00e9 par nos collaborateurs exp\u00e9riment\u00e9s.<\/li>\r\n\r\n\r\n\r\n<li><strong>Transparence des co\u00fbts :<\/strong> Nous vous fournissons un devis transparent.<\/li>\r\n<\/ul>\r\n\r\n\r\n\r\n<p><strong>L'achat d'un titre de s\u00e9jour est une d\u00e9cision importante. Avec Authenticdocs, vous disposez d'un partenaire solide \u00e0 vos c\u00f4t\u00e9s qui vous guide de mani\u00e8re s\u00fbre et comp\u00e9tente tout au long du processus.<\/strong><\/p>\r\n\r\n\r\n\r\n<p><strong><a href=\"https:\/\/authenticdocsuk.com\/fr\/kontakt\/\" data-type=\"page\" data-id=\"1132\">#Contactez-nous d\u00e8s aujourd'hui<\/a> Maak vandaag nog een afspraak voor een gratis eerste consult!<\/strong><\/p>","protected":false},"excerpt":{"rendered":"<p>Suchen Sie nach einem zuverl\u00e4ssigen Partner, der Ihnen beim Erwerb eines Aufenthaltstitels in Deutschland behilflich sein kann? Dann sind Sie bei Authenticdocs genau richtig. Wir sind eine spezialisierte Agentur mit langj\u00e4hriger Erfahrung in allen Fragen rund um Aufenthaltstitel. Wir bieten Ihnen umfassende Beratung und Unterst\u00fctzung bei der Beantragung Ihres Aufenthaltstitels, ganz gleich, ob Sie aus&#8230;<\/p>","protected":false},"author":1,"featured_media":1469,"parent":0,"menu_order":0,"comment_status":"closed","ping_status":"closed","template":"","meta":{"_kadence_starter_templates_imported_post":false,"_kad_post_transparent":"default","_kad_post_title":"default","_kad_post_layout":"right","_kad_post_sidebar_id":"","_kad_post_content_style":"default","_kad_post_vertical_padding":"default","_kad_post_feature":"","_kad_post_feature_position":"","_kad_post_header":false,"_kad_post_footer":false,"_kad_post_classname":"","footnotes":""},"class_list":["post-1468","page","type-page","status-publish","has-post-thumbnail","hentry"],"yoast_head":"<!-- This site is optimized with the Yoast SEO Premium plugin v22.9 (Yoast SEO v27.5) - https:\/\/yoast.com\/product\/yoast-seo-premium-wordpress\/ -->\n<title>Aufenthaltstitel kaufen<\/title>\n<meta name=\"description\" content=\"Sie m\u00f6chten eine Aufenthaltstitel kaufen? Authenticdocs ist Ihr kompetenter Partner f\u00fcr die legale und sichere Erlangung Ihre.\" \/>\n<meta name=\"robots\" content=\"index, follow, max-snippet:-1, max-image-preview:large, max-video-preview:-1\" \/>\n<link rel=\"canonical\" href=\"https:\/\/authenticdocsuk.com\/fr\/aufenthaltstitel-kaufen\/\" \/>\n<meta property=\"og:locale\" content=\"fr_FR\" \/>\n<meta property=\"og:type\" content=\"article\" \/>\n<meta property=\"og:title\" content=\"Aufenthaltstitel kaufen\" \/>\n<meta property=\"og:description\" content=\"Sie m\u00f6chten eine Aufenthaltstitel kaufen? Authenticdocs ist Ihr kompetenter Partner f\u00fcr die legale und sichere Erlangung Ihre.\" \/>\n<meta property=\"og:url\" content=\"https:\/\/authenticdocsuk.com\/fr\/aufenthaltstitel-kaufen\/\" \/>\n<meta property=\"og:site_name\" content=\"Authenticdocs\" \/>\n<meta property=\"article:modified_time\" content=\"2025-03-05T08:28:50+00:00\" \/>\n<meta property=\"og:image\" content=\"https:\/\/authenticdocsuk.com\/wp-content\/uploads\/2024\/05\/Aufenthaltstitel-kaufen.jpg\" \/>\n\t<meta property=\"og:image:width\" content=\"1600\" \/>\n\t<meta property=\"og:image:height\" content=\"900\" \/>\n\t<meta property=\"og:image:type\" content=\"image\/jpeg\" \/>\n<meta name=\"twitter:card\" content=\"summary_large_image\" \/>\n<meta name=\"twitter:label1\" content=\"Dur\u00e9e de lecture estim\u00e9e\" \/>\n\t<meta name=\"twitter:data1\" content=\"2 minutes\" \/>\n<script type=\"application\/ld+json\" class=\"yoast-schema-graph\">{\"@context\":\"https:\\\/\\\/schema.org\",\"@graph\":[{\"@type\":\"WebPage\",\"@id\":\"https:\\\/\\\/authenticdocsuk.com\\\/aufenthaltstitel-kaufen\\\/\",\"url\":\"https:\\\/\\\/authenticdocsuk.com\\\/aufenthaltstitel-kaufen\\\/\",\"name\":\"Aufenthaltstitel kaufen\",\"isPartOf\":{\"@id\":\"https:\\\/\\\/authenticdocsuk.com\\\/#website\"},\"primaryImageOfPage\":{\"@id\":\"https:\\\/\\\/authenticdocsuk.com\\\/aufenthaltstitel-kaufen\\\/#primaryimage\"},\"image\":{\"@id\":\"https:\\\/\\\/authenticdocsuk.com\\\/aufenthaltstitel-kaufen\\\/#primaryimage\"},\"thumbnailUrl\":\"https:\\\/\\\/authenticdocsuk.com\\\/wp-content\\\/uploads\\\/2024\\\/05\\\/Aufenthaltstitel-kaufen.jpg\",\"datePublished\":\"2024-05-29T13:02:04+00:00\",\"dateModified\":\"2025-03-05T08:28:50+00:00\",\"description\":\"Sie m\u00f6chten eine Aufenthaltstitel kaufen? Authenticdocs ist Ihr kompetenter Partner f\u00fcr die legale und sichere Erlangung Ihre.\",\"breadcrumb\":{\"@id\":\"https:\\\/\\\/authenticdocsuk.com\\\/aufenthaltstitel-kaufen\\\/#breadcrumb\"},\"inLanguage\":\"fr-FR\",\"potentialAction\":[{\"@type\":\"ReadAction\",\"target\":[\"https:\\\/\\\/authenticdocsuk.com\\\/aufenthaltstitel-kaufen\\\/\"]}]},{\"@type\":\"ImageObject\",\"inLanguage\":\"fr-FR\",\"@id\":\"https:\\\/\\\/authenticdocsuk.com\\\/aufenthaltstitel-kaufen\\\/#primaryimage\",\"url\":\"https:\\\/\\\/authenticdocsuk.com\\\/wp-content\\\/uploads\\\/2024\\\/05\\\/Aufenthaltstitel-kaufen.jpg\",\"contentUrl\":\"https:\\\/\\\/authenticdocsuk.com\\\/wp-content\\\/uploads\\\/2024\\\/05\\\/Aufenthaltstitel-kaufen.jpg\",\"width\":1600,\"height\":900,\"caption\":\"Aufenthaltstitel kaufen\"},{\"@type\":\"BreadcrumbList\",\"@id\":\"https:\\\/\\\/authenticdocsuk.com\\\/aufenthaltstitel-kaufen\\\/#breadcrumb\",\"itemListElement\":[{\"@type\":\"ListItem\",\"position\":1,\"name\":\"Home\",\"item\":\"https:\\\/\\\/authenticdocsuk.com\\\/\"},{\"@type\":\"ListItem\",\"position\":2,\"name\":\"Aufenthaltstitel kaufen\"}]},{\"@type\":\"WebSite\",\"@id\":\"https:\\\/\\\/authenticdocsuk.com\\\/#website\",\"url\":\"https:\\\/\\\/authenticdocsuk.com\\\/\",\"name\":\"Authenticdocs\",\"description\":\"Dokumente online kaufen\",\"publisher\":{\"@id\":\"https:\\\/\\\/authenticdocsuk.com\\\/#organization\"},\"potentialAction\":[{\"@type\":\"SearchAction\",\"target\":{\"@type\":\"EntryPoint\",\"urlTemplate\":\"https:\\\/\\\/authenticdocsuk.com\\\/?s={search_term_string}\"},\"query-input\":{\"@type\":\"PropertyValueSpecification\",\"valueRequired\":true,\"valueName\":\"search_term_string\"}}],\"inLanguage\":\"fr-FR\"},{\"@type\":\"Organization\",\"@id\":\"https:\\\/\\\/authenticdocsuk.com\\\/#organization\",\"name\":\"Authenticdocs\",\"url\":\"https:\\\/\\\/authenticdocsuk.com\\\/\",\"logo\":{\"@type\":\"ImageObject\",\"inLanguage\":\"fr-FR\",\"@id\":\"https:\\\/\\\/authenticdocsuk.com\\\/#\\\/schema\\\/logo\\\/image\\\/\",\"url\":\"https:\\\/\\\/authenticdocsuk.com\\\/wp-content\\\/uploads\\\/2024\\\/06\\\/Dokumente-kaufen-logo-white.webp\",\"contentUrl\":\"https:\\\/\\\/authenticdocsuk.com\\\/wp-content\\\/uploads\\\/2024\\\/06\\\/Dokumente-kaufen-logo-white.webp\",\"width\":1598,\"height\":329,\"caption\":\"Authenticdocs\"},\"image\":{\"@id\":\"https:\\\/\\\/authenticdocsuk.com\\\/#\\\/schema\\\/logo\\\/image\\\/\"}}]}<\/script>\n<!-- \/ Yoast SEO Premium plugin. -->","yoast_head_json":{"title":"Acheter un permis de s\u00e9jour","description":"Vous souhaitez acheter un permis de s\u00e9jour ? Authenticdocs est votre partenaire comp\u00e9tent pour obtenir votre permis de s\u00e9jour de mani\u00e8re l\u00e9gale et s\u00e9curis\u00e9e.","robots":{"index":"index","follow":"follow","max-snippet":"max-snippet:-1","max-image-preview":"max-image-preview:large","max-video-preview":"max-video-preview:-1"},"canonical":"https:\/\/authenticdocsuk.com\/fr\/aufenthaltstitel-kaufen\/","og_locale":"fr_FR","og_type":"article","og_title":"Aufenthaltstitel kaufen","og_description":"Sie m\u00f6chten eine Aufenthaltstitel kaufen? Authenticdocs ist Ihr kompetenter Partner f\u00fcr die legale und sichere Erlangung Ihre.","og_url":"https:\/\/authenticdocsuk.com\/fr\/aufenthaltstitel-kaufen\/","og_site_name":"Authenticdocs","article_modified_time":"2025-03-05T08:28:50+00:00","og_image":[{"width":1600,"height":900,"url":"https:\/\/authenticdocsuk.com\/wp-content\/uploads\/2024\/05\/Aufenthaltstitel-kaufen.jpg","type":"image\/jpeg"}],"twitter_card":"summary_large_image","twitter_misc":{"Dur\u00e9e de lecture estim\u00e9e":"2 minutes"},"schema":{"@context":"https:\/\/schema.org","@graph":[{"@type":"WebPage","@id":"https:\/\/authenticdocsuk.com\/aufenthaltstitel-kaufen\/","url":"https:\/\/authenticdocsuk.com\/aufenthaltstitel-kaufen\/","name":"Acheter un permis de s\u00e9jour","isPartOf":{"@id":"https:\/\/authenticdocsuk.com\/#website"},"primaryImageOfPage":{"@id":"https:\/\/authenticdocsuk.com\/aufenthaltstitel-kaufen\/#primaryimage"},"image":{"@id":"https:\/\/authenticdocsuk.com\/aufenthaltstitel-kaufen\/#primaryimage"},"thumbnailUrl":"https:\/\/authenticdocsuk.com\/wp-content\/uploads\/2024\/05\/Aufenthaltstitel-kaufen.jpg","datePublished":"2024-05-29T13:02:04+00:00","dateModified":"2025-03-05T08:28:50+00:00","description":"Vous souhaitez acheter un permis de s\u00e9jour ? Authenticdocs est votre partenaire comp\u00e9tent pour obtenir votre permis de s\u00e9jour de mani\u00e8re l\u00e9gale et s\u00e9curis\u00e9e.","breadcrumb":{"@id":"https:\/\/authenticdocsuk.com\/aufenthaltstitel-kaufen\/#breadcrumb"},"inLanguage":"fr-FR","potentialAction":[{"@type":"ReadAction","target":["https:\/\/authenticdocsuk.com\/aufenthaltstitel-kaufen\/"]}]},{"@type":"ImageObject","inLanguage":"fr-FR","@id":"https:\/\/authenticdocsuk.com\/aufenthaltstitel-kaufen\/#primaryimage","url":"https:\/\/authenticdocsuk.com\/wp-content\/uploads\/2024\/05\/Aufenthaltstitel-kaufen.jpg","contentUrl":"https:\/\/authenticdocsuk.com\/wp-content\/uploads\/2024\/05\/Aufenthaltstitel-kaufen.jpg","width":1600,"height":900,"caption":"Aufenthaltstitel kaufen"},{"@type":"BreadcrumbList","@id":"https:\/\/authenticdocsuk.com\/aufenthaltstitel-kaufen\/#breadcrumb","itemListElement":[{"@type":"ListItem","position":1,"name":"Home","item":"https:\/\/authenticdocsuk.com\/"},{"@type":"ListItem","position":2,"name":"Aufenthaltstitel kaufen"}]},{"@type":"WebSite","@id":"https:\/\/authenticdocsuk.com\/#website","url":"https:\/\/authenticdocsuk.com\/","name":"Authenticdocs","description":"Dokumente online kaufen","publisher":{"@id":"https:\/\/authenticdocsuk.com\/#organization"},"potentialAction":[{"@type":"SearchAction","target":{"@type":"EntryPoint","urlTemplate":"https:\/\/authenticdocsuk.com\/?s={search_term_string}"},"query-input":{"@type":"PropertyValueSpecification","valueRequired":true,"valueName":"search_term_string"}}],"inLanguage":"fr-FR"},{"@type":"Organization","@id":"https:\/\/authenticdocsuk.com\/#organization","name":"Authenticdocs","url":"https:\/\/authenticdocsuk.com\/","logo":{"@type":"ImageObject","inLanguage":"fr-FR","@id":"https:\/\/authenticdocsuk.com\/#\/schema\/logo\/image\/","url":"https:\/\/authenticdocsuk.com\/wp-content\/uploads\/2024\/06\/Dokumente-kaufen-logo-white.webp","contentUrl":"https:\/\/authenticdocsuk.com\/wp-content\/uploads\/2024\/06\/Dokumente-kaufen-logo-white.webp","width":1598,"height":329,"caption":"Authenticdocs"},"image":{"@id":"https:\/\/authenticdocsuk.com\/#\/schema\/logo\/image\/"}}]}},"_links":{"self":[{"href":"https:\/\/authenticdocsuk.com\/fr\/wp-json\/wp\/v2\/pages\/1468","targetHints":{"allow":["GET"]}}],"collection":[{"href":"https:\/\/authenticdocsuk.com\/fr\/wp-json\/wp\/v2\/pages"}],"about":[{"href":"https:\/\/authenticdocsuk.com\/fr\/wp-json\/wp\/v2\/types\/page"}],"author":[{"embeddable":true,"href":"https:\/\/authenticdocsuk.com\/fr\/wp-json\/wp\/v2\/users\/1"}],"replies":[{"embeddable":true,"href":"https:\/\/authenticdocsuk.com\/fr\/wp-json\/wp\/v2\/comments?post=1468"}],"version-history":[{"count":5,"href":"https:\/\/authenticdocsuk.com\/fr\/wp-json\/wp\/v2\/pages\/1468\/revisions"}],"predecessor-version":[{"id":1619,"href":"https:\/\/authenticdocsuk.com\/fr\/wp-json\/wp\/v2\/pages\/1468\/revisions\/1619"}],"wp:featuredmedia":[{"embeddable":true,"href":"https:\/\/authenticdocsuk.com\/fr\/wp-json\/wp\/v2\/media\/1469"}],"wp:attachment":[{"href":"https:\/\/authenticdocsuk.com\/fr\/wp-json\/wp\/v2\/media?parent=1468"}],"curies":[{"name":"wp","href":"https:\/\/api.w.org\/{rel}","templated":true}]}}