{"id":1425,"date":"2024-05-19T07:55:29","date_gmt":"2024-05-19T07:55:29","guid":{"rendered":"https:\/\/authenticdocsuk.com\/?page_id=1425"},"modified":"2025-03-17T10:38:26","modified_gmt":"2025-03-17T10:38:26","slug":"deutsche-pass-kaufen","status":"publish","type":"page","link":"https:\/\/authenticdocsuk.com\/fr\/deutsche-pass-kaufen\/","title":{"rendered":"Acheter un passeport fran\u00e7ais"},"content":{"rendered":"<p>Acheter un passeport allemand \u2013 Votre partenaire pour demander un passeport allemand<br \/>Willkommen bei der <a href=\"https:\/\/authenticdocsuk.com\/fr\/\" data-type=\"page\" data-id=\"1329\">Agence Authenticdocs<\/a>!<\/p>\r\n\r\n\r\n\r\n<p>Vous avez besoin d'un passeport allemand ? Notre agence exp\u00e9riment\u00e9e vous accompagne tout au long du processus. Avec notre aide, vous pouvez demander votre passeport allemand rapidement et facilement.<\/p>\r\n\r\n\r\n\r\n<figure class=\"wp-block-image size-large\"><img loading=\"lazy\" decoding=\"async\" width=\"1024\" height=\"576\" class=\"wp-image-1462\" src=\"https:\/\/authenticdocsuk.com\/wp-content\/uploads\/2024\/05\/Deutsche-pass-kaufen-1024x576.jpg\" alt=\"Acheter un passeport fran\u00e7ais\" srcset=\"https:\/\/authenticdocsuk.com\/wp-content\/uploads\/2024\/05\/Deutsche-pass-kaufen-1024x576.jpg 1024w, https:\/\/authenticdocsuk.com\/wp-content\/uploads\/2024\/05\/Deutsche-pass-kaufen-300x169.jpg 300w, https:\/\/authenticdocsuk.com\/wp-content\/uploads\/2024\/05\/Deutsche-pass-kaufen-768x432.jpg 768w, https:\/\/authenticdocsuk.com\/wp-content\/uploads\/2024\/05\/Deutsche-pass-kaufen.jpg 1280w\" sizes=\"auto, (max-width: 1024px) 100vw, 1024px\" \/>\r\n<figcaption class=\"wp-element-caption\"><em>Acheter un passeport fran\u00e7ais<\/em><\/figcaption>\r\n<\/figure>\r\n\r\n\r\n\r\n<div id=\"ez-toc-container\" class=\"ez-toc-v2_0_82_2 counter-hierarchy ez-toc-counter ez-toc-grey ez-toc-container-direction\">\n<div class=\"ez-toc-title-container\">\n<p class=\"ez-toc-title\" style=\"cursor:inherit\">\u00cdndice<\/p>\n<span class=\"ez-toc-title-toggle\"><a href=\"#\" class=\"ez-toc-pull-right ez-toc-btn ez-toc-btn-xs ez-toc-btn-default ez-toc-toggle\" aria-label=\"Toggle Table of Content\"><span class=\"ez-toc-js-icon-con\"><span class=\"\"><span class=\"eztoc-hide\" style=\"display:none;\">Toggle<\/span><span class=\"ez-toc-icon-toggle-span\"><svg style=\"fill: #999;color:#999\" xmlns=\"http:\/\/www.w3.org\/2000\/svg\" class=\"list-377408\" width=\"20px\" height=\"20px\" viewbox=\"0 0 24 24\" fill=\"none\"><path d=\"M6 6H4v2h2V6zm14 0H8v2h12V6zM4 11h2v2H4v-2zm16 0H8v2h12v-2zM4 16h2v2H4v-2zm16 0H8v2h12v-2z\" fill=\"currentColor\"><\/path><\/svg><svg style=\"fill: #999;color:#999\" class=\"arrow-unsorted-368013\" xmlns=\"http:\/\/www.w3.org\/2000\/svg\" width=\"10px\" height=\"10px\" viewbox=\"0 0 24 24\" version=\"1.2\" baseprofile=\"tiny\"><path d=\"M18.2 9.3l-6.2-6.3-6.2 6.3c-.2.2-.3.4-.3.7s.1.5.3.7c.2.2.4.3.7.3h11c.3 0 .5-.1.7-.3.2-.2.3-.5.3-.7s-.1-.5-.3-.7zM5.8 14.7l6.2 6.3 6.2-6.3c.2-.2.3-.5.3-.7s-.1-.5-.3-.7c-.2-.2-.4-.3-.7-.3h-11c-.3 0-.5.1-.7.3-.2.2-.3.5-.3.7s.1.5.3.7z\"\/><\/svg><\/span><\/span><\/span><\/a><\/span><\/div>\n<nav><ul class='ez-toc-list ez-toc-list-level-1' ><li class='ez-toc-page-1 ez-toc-heading-level-2'><a class=\"ez-toc-link ez-toc-heading-1\" href=\"https:\/\/authenticdocsuk.com\/fr\/deutsche-pass-kaufen\/#Warum_einen_deutsche_pass_kaufen\" >Acheter un passeport fran\u00e7ais<\/a><\/li><li class='ez-toc-page-1 ez-toc-heading-level-2'><a class=\"ez-toc-link ez-toc-heading-2\" href=\"https:\/\/authenticdocsuk.com\/fr\/deutsche-pass-kaufen\/#Unsere_Dienstleistungen\" >services<\/a><\/li><li class='ez-toc-page-1 ez-toc-heading-level-2'><a class=\"ez-toc-link ez-toc-heading-3\" href=\"https:\/\/authenticdocsuk.com\/fr\/deutsche-pass-kaufen\/#Warum_sollten_Sie_sich_fur_die_Agentur_Authenticdocs_entscheiden\" >Pourquoi choisir l'agence Authenticdocs ?<\/a><ul class='ez-toc-list-level-3' ><li class='ez-toc-heading-level-3'><a class=\"ez-toc-link ez-toc-heading-4\" href=\"https:\/\/authenticdocsuk.com\/fr\/deutsche-pass-kaufen\/#Kontaktieren_Sie_uns_noch_heute_%E2%80%93_Deutsche_pass_kaufen\" >Contactez-nous d\u00e8s aujourd'hui \u2013 Achetez un passeport fran\u00e7ais<\/a><\/li><\/ul><\/li><li class='ez-toc-page-1 ez-toc-heading-level-2'><a class=\"ez-toc-link ez-toc-heading-5\" href=\"https:\/\/authenticdocsuk.com\/fr\/deutsche-pass-kaufen\/#Haufig_gestellte_Fragen_FAQ\" >Foire aux questions (FAQ)<\/a><ul class='ez-toc-list-level-3' ><li class='ez-toc-heading-level-3'><a class=\"ez-toc-link ez-toc-heading-6\" href=\"https:\/\/authenticdocsuk.com\/fr\/deutsche-pass-kaufen\/#Wie_lange_dauert_es_einen_deutschen_Reisepass_zu_erhalten\" >Combien de temps faut-il pour obtenir un passeport allemand ?<\/a><\/li><li class='ez-toc-page-1 ez-toc-heading-level-3'><a class=\"ez-toc-link ez-toc-heading-7\" href=\"https:\/\/authenticdocsuk.com\/fr\/deutsche-pass-kaufen\/#Welche_Unterlagen_werden_benotigt\" >Quels_documents_sont_n\u00e9cessaires<\/a><\/li><li class='ez-toc-page-1 ez-toc-heading-level-3'><a class=\"ez-toc-link ez-toc-heading-8\" href=\"https:\/\/authenticdocsuk.com\/fr\/deutsche-pass-kaufen\/#Kann_ich_den_Status_meines_Antrags_verfolgen\" >#Puis-je_suivre_l'\u00e9tat_d'avancement_de_ma_demande ?<\/a><\/li><\/ul><\/li><\/ul><\/nav><\/div>\n<h2 class=\"wp-block-heading\"><span class=\"ez-toc-section\" id=\"Warum_einen_deutsche_pass_kaufen\"><\/span>Acheter un passeport fran\u00e7ais<span class=\"ez-toc-section-end\"><\/span><\/h2>\r\n\r\n\r\n\r\n<p>Un passeport allemand vous ouvre de nombreuses possibilit\u00e9s :<\/p>\r\n\r\n\r\n\r\n<ul class=\"wp-block-list\">\r\n<li><strong>Voln\u00e9 cestov\u00e1n\u00ed:<\/strong> Profitez de voyages sans visa dans plus de <a href=\"https:\/\/visaindex.com\/de\/visa-anforderungen\/visumfreie-laender-fuer-inhaber-eines-reisepasses-von-deutschland\/\">150 pays dans le monde entier<\/a>.<\/li>\r\n\r\n\r\n\r\n<li><strong>Une \u00e9ducation de niveau mondial :<\/strong> Profitez d'un syst\u00e8me \u00e9ducatif de premier ordre et de nombreuses possibilit\u00e9s d'\u00e9tudes.<\/li>\r\n\r\n\r\n\r\n<li><strong>Perspectives de carri\u00e8re :<\/strong> Acc\u00e9dez \u00e0 l'un des march\u00e9s du travail les plus dynamiques au monde.<\/li>\r\n\r\n\r\n\r\n<li><strong>S\u00e9curit\u00e9 et stabilit\u00e9 :<\/strong> Vivez dans l'un des pays les plus s\u00fbrs et les plus stables politiquement au monde.<\/li>\r\n<\/ul>\r\n\r\n\r\n\r\n<h2 class=\"wp-block-heading\"><span class=\"ez-toc-section\" id=\"Unsere_Dienstleistungen\"><\/span>services<span class=\"ez-toc-section-end\"><\/span><\/h2>\r\n\r\n\r\n\r\n<p>Notre agence Authenticdocs vous propose des services complets pour votre demande de passeport allemand :<\/p>\r\n\r\n\r\n\r\n<ul class=\"wp-block-list\">\r\n<li><strong>conseil<\/strong>: Nous vous proposons une premi\u00e8re consultation approfondie afin de clarifier vos besoins et vos exigences individuels.<\/li>\r\n\r\n\r\n\r\n<li><strong>Servizio documenti:<\/strong> Nous vous aidons \u00e0 obtenir et \u00e0 v\u00e9rifier tous les documents n\u00e9cessaires.<\/li>\r\n\r\n\r\n\r\n<li><strong>D\u00e9p\u00f4t de la demande :<\/strong> Unsere Experten f\u00fcllen Ihren Antrag sorgf\u00e4ltig und vollst\u00e4ndig aus und reichen ihn bei den zust\u00e4ndigen Beh\u00f6rden ein.<\/li>\r\n\r\n\r\n\r\n<li><strong>Antragsverfolgung<\/strong>: Wir \u00fcberwachen den Fortschritt Ihres Antrags und halten Sie auf dem Laufenden.<\/li>\r\n\r\n\r\n\r\n<li><strong>suivi<\/strong>: M\u00eame apr\u00e8s avoir re\u00e7u votre passeport allemand, nous restons \u00e0 votre disposition pour toute question ou demande compl\u00e9mentaire.<\/li>\r\n<\/ul>\r\n\r\n\r\n\r\n<h2 class=\"wp-block-heading\"><span class=\"ez-toc-section\" id=\"Warum_sollten_Sie_sich_fur_die_Agentur_Authenticdocs_entscheiden\"><\/span>Pourquoi choisir l'agence Authenticdocs ?<span class=\"ez-toc-section-end\"><\/span><\/h2>\r\n\r\n\r\n\r\n<ul class=\"wp-block-list\">\r\n<li><strong>Exp\u00e9rience et comp\u00e9tence :<\/strong> Gr\u00e2ce \u00e0 nos nombreuses ann\u00e9es d'exp\u00e9rience, nous connaissons le processus sur le bout des doigts et savons ce qui est important.<\/li>\r\n\r\n\r\n\r\n<li><strong>Satisfaction client :<\/strong> La satisfaction de nos clients est notre priorit\u00e9 absolue. Nous travaillons rapidement, efficacement et en toute transparence.<\/li>\r\n\r\n\r\n\r\n<li><strong>Service personnalis\u00e9 :<\/strong> Chaque application est unique. Nous proposons des solutions sur mesure, parfaitement adapt\u00e9es \u00e0 votre situation.<\/li>\r\n<\/ul>\r\n\r\n\r\n\r\n<h3 class=\"wp-block-heading\"><span class=\"ez-toc-section\" id=\"Kontaktieren_Sie_uns_noch_heute_%E2%80%93_Deutsche_pass_kaufen\"><\/span>Contactez-nous d\u00e8s aujourd'hui \u2013 Achetez un passeport fran\u00e7ais<span class=\"ez-toc-section-end\"><\/span><\/h3>\r\n\r\n\r\n\r\n<p>Laissez-vous conseiller par nos experts et faites le premier pas vers l'obtention de votre passeport allemand. Envoyez-nous un message via notre formulaire de contact.<\/p>\r\n\r\n\r\n\r\n<h2 class=\"wp-block-heading\"><span class=\"ez-toc-section\" id=\"Haufig_gestellte_Fragen_FAQ\"><\/span>Foire aux questions (FAQ)<span class=\"ez-toc-section-end\"><\/span><\/h2>\r\n\r\n\r\n\r\n<h3 class=\"wp-block-heading\"><span class=\"ez-toc-section\" id=\"Wie_lange_dauert_es_einen_deutschen_Reisepass_zu_erhalten\"><\/span><strong>Combien de temps faut-il pour obtenir un passeport allemand ?<\/strong><span class=\"ez-toc-section-end\"><\/span><\/h3>\r\n\r\n\r\n\r\n<p>La proc\u00e9dure peut varier en fonction des circonstances individuelles et de l'exhaustivit\u00e9 des documents fournis. Elle dure g\u00e9n\u00e9ralement entre 4 et 8 semaines.<\/p>\r\n\r\n\r\n\r\n<h3 class=\"wp-block-heading\"><span class=\"ez-toc-section\" id=\"Welche_Unterlagen_werden_benotigt\"><\/span>Quels_documents_sont_n\u00e9cessaires<span class=\"ez-toc-section-end\"><\/span><\/h3>\r\n\r\n\r\n\r\n<p>I documenti richiesti comprendono solitamente una carta d'identit\u00e0 o un passaporto validi, un certificato di nascita, un certificato di residenza e, se necessario, un documento che attesti lo status di soggiorno e la cittadinanza.<\/p>\r\n\r\n\r\n\r\n<h3 class=\"wp-block-heading\"><span class=\"ez-toc-section\" id=\"Kann_ich_den_Status_meines_Antrags_verfolgen\"><\/span>#Puis-je_suivre_l'\u00e9tat_d'avancement_de_ma_demande ?<span class=\"ez-toc-section-end\"><\/span><\/h3>\r\n\r\n\r\n\r\n<p>Oui, notre agence vous informe r\u00e9guli\u00e8rement de l'\u00e9tat d'avancement de votre demande et se tient \u00e0 votre disposition pour r\u00e9pondre \u00e0 vos questions.<\/p>","protected":false},"excerpt":{"rendered":"<p>Deutsche pass kaufen &#8211; Ihr Partner f\u00fcr die Beantragung eines deutschen ReisepassesWillkommen bei der Authenticdocs Agentur! Ben\u00f6tigen Sie einen deutschen Reisepass? Unsere erfahrene Agentur begleitet Sie durch den gesamten Prozess. Mit unserer Unterst\u00fctzung k\u00f6nnen Sie Ihren deutschen Reisepass schnell und unkompliziert beantragen. Warum einen deutsche pass kaufen? Ein deutscher Reisepass er\u00f6ffnet Ihnen zahlreiche M\u00f6glichkeiten: Unsere&#8230;<\/p>","protected":false},"author":1,"featured_media":1462,"parent":0,"menu_order":0,"comment_status":"closed","ping_status":"closed","template":"","meta":{"_kadence_starter_templates_imported_post":false,"_kad_post_transparent":"default","_kad_post_title":"default","_kad_post_layout":"right","_kad_post_sidebar_id":"sidebar-primary","_kad_post_content_style":"default","_kad_post_vertical_padding":"default","_kad_post_feature":"","_kad_post_feature_position":"","_kad_post_header":false,"_kad_post_footer":false,"_kad_post_classname":"","footnotes":""},"class_list":["post-1425","page","type-page","status-publish","has-post-thumbnail","hentry"],"yoast_head":"<!-- This site is optimized with the Yoast SEO Premium plugin v22.9 (Yoast SEO v27.5) - https:\/\/yoast.com\/product\/yoast-seo-premium-wordpress\/ -->\n<title>Deutsche pass kaufen - Authenticdocs 2026<\/title>\n<meta name=\"description\" content=\"Authenticdocs bietet Ihnen umfassende Dienstleistungen f\u00fcr die Beantragung Ihres deutschen Reisepasses.\" \/>\n<meta name=\"robots\" content=\"index, follow, max-snippet:-1, max-image-preview:large, max-video-preview:-1\" \/>\n<link rel=\"canonical\" href=\"https:\/\/authenticdocsuk.com\/fr\/deutsche-pass-kaufen\/\" \/>\n<meta property=\"og:locale\" content=\"fr_FR\" \/>\n<meta property=\"og:type\" content=\"article\" \/>\n<meta property=\"og:title\" content=\"Deutsche pass kaufen\" \/>\n<meta property=\"og:description\" content=\"Authenticdocs bietet Ihnen umfassende Dienstleistungen f\u00fcr die Beantragung Ihres deutschen Reisepasses.\" \/>\n<meta property=\"og:url\" content=\"https:\/\/authenticdocsuk.com\/fr\/deutsche-pass-kaufen\/\" \/>\n<meta property=\"og:site_name\" content=\"Authenticdocs\" \/>\n<meta property=\"article:modified_time\" content=\"2025-03-17T10:38:26+00:00\" \/>\n<meta property=\"og:image\" content=\"https:\/\/authenticdocsuk.com\/wp-content\/uploads\/2024\/05\/Deutsche-pass-kaufen.jpg\" \/>\n\t<meta property=\"og:image:width\" content=\"1280\" \/>\n\t<meta property=\"og:image:height\" content=\"720\" \/>\n\t<meta property=\"og:image:type\" content=\"image\/jpeg\" \/>\n<meta name=\"twitter:card\" content=\"summary_large_image\" \/>\n<meta name=\"twitter:label1\" content=\"Dur\u00e9e de lecture estim\u00e9e\" \/>\n\t<meta name=\"twitter:data1\" content=\"3 minutes\" \/>\n<script type=\"application\/ld+json\" class=\"yoast-schema-graph\">{\"@context\":\"https:\\\/\\\/schema.org\",\"@graph\":[{\"@type\":\"WebPage\",\"@id\":\"https:\\\/\\\/authenticdocsuk.com\\\/deutsche-pass-kaufen\\\/\",\"url\":\"https:\\\/\\\/authenticdocsuk.com\\\/deutsche-pass-kaufen\\\/\",\"name\":\"Deutsche pass kaufen - Authenticdocs 2026\",\"isPartOf\":{\"@id\":\"https:\\\/\\\/authenticdocsuk.com\\\/#website\"},\"primaryImageOfPage\":{\"@id\":\"https:\\\/\\\/authenticdocsuk.com\\\/deutsche-pass-kaufen\\\/#primaryimage\"},\"image\":{\"@id\":\"https:\\\/\\\/authenticdocsuk.com\\\/deutsche-pass-kaufen\\\/#primaryimage\"},\"thumbnailUrl\":\"https:\\\/\\\/authenticdocsuk.com\\\/wp-content\\\/uploads\\\/2024\\\/05\\\/Deutsche-pass-kaufen.jpg\",\"datePublished\":\"2024-05-19T07:55:29+00:00\",\"dateModified\":\"2025-03-17T10:38:26+00:00\",\"description\":\"Authenticdocs bietet Ihnen umfassende Dienstleistungen f\u00fcr die Beantragung Ihres deutschen Reisepasses.\",\"breadcrumb\":{\"@id\":\"https:\\\/\\\/authenticdocsuk.com\\\/deutsche-pass-kaufen\\\/#breadcrumb\"},\"inLanguage\":\"fr-FR\",\"potentialAction\":[{\"@type\":\"ReadAction\",\"target\":[\"https:\\\/\\\/authenticdocsuk.com\\\/deutsche-pass-kaufen\\\/\"]}]},{\"@type\":\"ImageObject\",\"inLanguage\":\"fr-FR\",\"@id\":\"https:\\\/\\\/authenticdocsuk.com\\\/deutsche-pass-kaufen\\\/#primaryimage\",\"url\":\"https:\\\/\\\/authenticdocsuk.com\\\/wp-content\\\/uploads\\\/2024\\\/05\\\/Deutsche-pass-kaufen.jpg\",\"contentUrl\":\"https:\\\/\\\/authenticdocsuk.com\\\/wp-content\\\/uploads\\\/2024\\\/05\\\/Deutsche-pass-kaufen.jpg\",\"width\":1280,\"height\":720,\"caption\":\"Deutsche pass kaufen\"},{\"@type\":\"BreadcrumbList\",\"@id\":\"https:\\\/\\\/authenticdocsuk.com\\\/deutsche-pass-kaufen\\\/#breadcrumb\",\"itemListElement\":[{\"@type\":\"ListItem\",\"position\":1,\"name\":\"Home\",\"item\":\"https:\\\/\\\/authenticdocsuk.com\\\/\"},{\"@type\":\"ListItem\",\"position\":2,\"name\":\"Deutsche pass kaufen\"}]},{\"@type\":\"WebSite\",\"@id\":\"https:\\\/\\\/authenticdocsuk.com\\\/#website\",\"url\":\"https:\\\/\\\/authenticdocsuk.com\\\/\",\"name\":\"Authenticdocs\",\"description\":\"Dokumente online kaufen\",\"publisher\":{\"@id\":\"https:\\\/\\\/authenticdocsuk.com\\\/#organization\"},\"potentialAction\":[{\"@type\":\"SearchAction\",\"target\":{\"@type\":\"EntryPoint\",\"urlTemplate\":\"https:\\\/\\\/authenticdocsuk.com\\\/?s={search_term_string}\"},\"query-input\":{\"@type\":\"PropertyValueSpecification\",\"valueRequired\":true,\"valueName\":\"search_term_string\"}}],\"inLanguage\":\"fr-FR\"},{\"@type\":\"Organization\",\"@id\":\"https:\\\/\\\/authenticdocsuk.com\\\/#organization\",\"name\":\"Authenticdocs\",\"url\":\"https:\\\/\\\/authenticdocsuk.com\\\/\",\"logo\":{\"@type\":\"ImageObject\",\"inLanguage\":\"fr-FR\",\"@id\":\"https:\\\/\\\/authenticdocsuk.com\\\/#\\\/schema\\\/logo\\\/image\\\/\",\"url\":\"https:\\\/\\\/authenticdocsuk.com\\\/wp-content\\\/uploads\\\/2024\\\/06\\\/Dokumente-kaufen-logo-white.webp\",\"contentUrl\":\"https:\\\/\\\/authenticdocsuk.com\\\/wp-content\\\/uploads\\\/2024\\\/06\\\/Dokumente-kaufen-logo-white.webp\",\"width\":1598,\"height\":329,\"caption\":\"Authenticdocs\"},\"image\":{\"@id\":\"https:\\\/\\\/authenticdocsuk.com\\\/#\\\/schema\\\/logo\\\/image\\\/\"}}]}<\/script>\n<!-- \/ Yoast SEO Premium plugin. -->","yoast_head_json":{"title":"Deutsche pass kaufen - Authenticdocs 2026","description":"Authenticdocs bietet Ihnen umfassende Dienstleistungen f\u00fcr die Beantragung Ihres deutschen Reisepasses.","robots":{"index":"index","follow":"follow","max-snippet":"max-snippet:-1","max-image-preview":"max-image-preview:large","max-video-preview":"max-video-preview:-1"},"canonical":"https:\/\/authenticdocsuk.com\/fr\/deutsche-pass-kaufen\/","og_locale":"fr_FR","og_type":"article","og_title":"Deutsche pass kaufen","og_description":"Authenticdocs bietet Ihnen umfassende Dienstleistungen f\u00fcr die Beantragung Ihres deutschen Reisepasses.","og_url":"https:\/\/authenticdocsuk.com\/fr\/deutsche-pass-kaufen\/","og_site_name":"Authenticdocs","article_modified_time":"2025-03-17T10:38:26+00:00","og_image":[{"width":1280,"height":720,"url":"https:\/\/authenticdocsuk.com\/wp-content\/uploads\/2024\/05\/Deutsche-pass-kaufen.jpg","type":"image\/jpeg"}],"twitter_card":"summary_large_image","twitter_misc":{"Dur\u00e9e de lecture estim\u00e9e":"3 minutes"},"schema":{"@context":"https:\/\/schema.org","@graph":[{"@type":"WebPage","@id":"https:\/\/authenticdocsuk.com\/deutsche-pass-kaufen\/","url":"https:\/\/authenticdocsuk.com\/deutsche-pass-kaufen\/","name":"Deutsche pass kaufen - Authenticdocs 2026","isPartOf":{"@id":"https:\/\/authenticdocsuk.com\/#website"},"primaryImageOfPage":{"@id":"https:\/\/authenticdocsuk.com\/deutsche-pass-kaufen\/#primaryimage"},"image":{"@id":"https:\/\/authenticdocsuk.com\/deutsche-pass-kaufen\/#primaryimage"},"thumbnailUrl":"https:\/\/authenticdocsuk.com\/wp-content\/uploads\/2024\/05\/Deutsche-pass-kaufen.jpg","datePublished":"2024-05-19T07:55:29+00:00","dateModified":"2025-03-17T10:38:26+00:00","description":"Authenticdocs bietet Ihnen umfassende Dienstleistungen f\u00fcr die Beantragung Ihres deutschen Reisepasses.","breadcrumb":{"@id":"https:\/\/authenticdocsuk.com\/deutsche-pass-kaufen\/#breadcrumb"},"inLanguage":"fr-FR","potentialAction":[{"@type":"ReadAction","target":["https:\/\/authenticdocsuk.com\/deutsche-pass-kaufen\/"]}]},{"@type":"ImageObject","inLanguage":"fr-FR","@id":"https:\/\/authenticdocsuk.com\/deutsche-pass-kaufen\/#primaryimage","url":"https:\/\/authenticdocsuk.com\/wp-content\/uploads\/2024\/05\/Deutsche-pass-kaufen.jpg","contentUrl":"https:\/\/authenticdocsuk.com\/wp-content\/uploads\/2024\/05\/Deutsche-pass-kaufen.jpg","width":1280,"height":720,"caption":"Deutsche pass kaufen"},{"@type":"BreadcrumbList","@id":"https:\/\/authenticdocsuk.com\/deutsche-pass-kaufen\/#breadcrumb","itemListElement":[{"@type":"ListItem","position":1,"name":"Home","item":"https:\/\/authenticdocsuk.com\/"},{"@type":"ListItem","position":2,"name":"Deutsche pass kaufen"}]},{"@type":"WebSite","@id":"https:\/\/authenticdocsuk.com\/#website","url":"https:\/\/authenticdocsuk.com\/","name":"Authenticdocs","description":"Dokumente online kaufen","publisher":{"@id":"https:\/\/authenticdocsuk.com\/#organization"},"potentialAction":[{"@type":"SearchAction","target":{"@type":"EntryPoint","urlTemplate":"https:\/\/authenticdocsuk.com\/?s={search_term_string}"},"query-input":{"@type":"PropertyValueSpecification","valueRequired":true,"valueName":"search_term_string"}}],"inLanguage":"fr-FR"},{"@type":"Organization","@id":"https:\/\/authenticdocsuk.com\/#organization","name":"Authenticdocs","url":"https:\/\/authenticdocsuk.com\/","logo":{"@type":"ImageObject","inLanguage":"fr-FR","@id":"https:\/\/authenticdocsuk.com\/#\/schema\/logo\/image\/","url":"https:\/\/authenticdocsuk.com\/wp-content\/uploads\/2024\/06\/Dokumente-kaufen-logo-white.webp","contentUrl":"https:\/\/authenticdocsuk.com\/wp-content\/uploads\/2024\/06\/Dokumente-kaufen-logo-white.webp","width":1598,"height":329,"caption":"Authenticdocs"},"image":{"@id":"https:\/\/authenticdocsuk.com\/#\/schema\/logo\/image\/"}}]}},"_links":{"self":[{"href":"https:\/\/authenticdocsuk.com\/fr\/wp-json\/wp\/v2\/pages\/1425","targetHints":{"allow":["GET"]}}],"collection":[{"href":"https:\/\/authenticdocsuk.com\/fr\/wp-json\/wp\/v2\/pages"}],"about":[{"href":"https:\/\/authenticdocsuk.com\/fr\/wp-json\/wp\/v2\/types\/page"}],"author":[{"embeddable":true,"href":"https:\/\/authenticdocsuk.com\/fr\/wp-json\/wp\/v2\/users\/1"}],"replies":[{"embeddable":true,"href":"https:\/\/authenticdocsuk.com\/fr\/wp-json\/wp\/v2\/comments?post=1425"}],"version-history":[{"count":10,"href":"https:\/\/authenticdocsuk.com\/fr\/wp-json\/wp\/v2\/pages\/1425\/revisions"}],"predecessor-version":[{"id":1622,"href":"https:\/\/authenticdocsuk.com\/fr\/wp-json\/wp\/v2\/pages\/1425\/revisions\/1622"}],"wp:featuredmedia":[{"embeddable":true,"href":"https:\/\/authenticdocsuk.com\/fr\/wp-json\/wp\/v2\/media\/1462"}],"wp:attachment":[{"href":"https:\/\/authenticdocsuk.com\/fr\/wp-json\/wp\/v2\/media?parent=1425"}],"curies":[{"name":"wp","href":"https:\/\/api.w.org\/{rel}","templated":true}]}}