{"id":1477,"date":"2024-05-29T19:19:03","date_gmt":"2024-05-29T19:19:03","guid":{"rendered":"https:\/\/authenticdocsuk.com\/?page_id=1477"},"modified":"2025-03-17T10:40:50","modified_gmt":"2025-03-17T10:40:50","slug":"eu-fuhrerschein-kaufen","status":"publish","type":"page","link":"https:\/\/authenticdocsuk.com\/es\/eu-fuhrerschein-kaufen\/","title":{"rendered":"Comprar permiso de conducir"},"content":{"rendered":"<p>Comprar carn\u00e9 de conducir de la UE: seguro y r\u00e1pido Comprar carn\u00e9 de conducir de la UE<br \/>Willkommen bei Ihrer <a href=\"https:\/\/authenticdocsuk.com\/es\/\" data-type=\"page\" data-id=\"1329\">Authenticdocs<\/a> Agentur!<\/p>\r\n\r\n\r\n\r\n<p>\u00bfDesea obtener un permiso de conducir de la UE? Nuestra agencia le ofrece asistencia profesional para adquirir de forma segura y legal un permiso de conducir de la UE. Conf\u00ede en nuestra experiencia y en nuestros muchos a\u00f1os de trayectoria para que el proceso se desarrolle sin complicaciones.<\/p>\r\n\r\n\r\n\r\n<figure class=\"wp-block-image size-large\"><img loading=\"lazy\" decoding=\"async\" width=\"1024\" height=\"576\" class=\"wp-image-1478\" src=\"Comprar carn\u00e9 de conducir de la UE\" alt=\"Comprar permiso de conducir\" srcset=\"\" sizes=\"auto, (max-width: 1024px) 100vw, 1024px\" data-srcset=\"\" \/>\r\n<figcaption class=\"wp-element-caption\"><em>Comprar permiso de conducir<\/em><\/figcaption>\r\n<\/figure>\r\n\r\n\r\n\r\n<div id=\"ez-toc-container\" class=\"ez-toc-v2_0_82_2 counter-hierarchy ez-toc-counter ez-toc-grey ez-toc-container-direction\">\n<div class=\"ez-toc-title-container\">\n<p class=\"ez-toc-title\" style=\"cursor:inherit\">\u00cdndice<\/p>\n<span class=\"ez-toc-title-toggle\"><a href=\"#\" class=\"ez-toc-pull-right ez-toc-btn ez-toc-btn-xs ez-toc-btn-default ez-toc-toggle\" aria-label=\"Alternar tabla de contenidos\"><span class=\"ez-toc-js-icon-con\"><span class=\"\"><span class=\"eztoc-hide\" style=\"display:none;\">Toggle<\/span><span class=\"ez-toc-icon-toggle-span\"><svg style=\"fill: #999;color:#999\" xmlns=\"http:\/\/www.w3.org\/2000\/svg\" class=\"list-377408\" width=\"20px\" height=\"20px\" viewbox=\"0 0 24 24\" fill=\"none\"><path d=\"M6 6H4v2h2V6zm14 0H8v2h12V6zM4 11h2v2H4v-2zm16 0H8v2h12v-2zM4 16h2v2H4v-2zm16 0H8v2h12v-2z\" fill=\"currentColor\"><\/path><\/svg><svg style=\"fill: #999;color:#999\" class=\"arrow-unsorted-368013\" xmlns=\"http:\/\/www.w3.org\/2000\/svg\" width=\"10px\" height=\"10px\" viewbox=\"0 0 24 24\" version=\"1.2\" baseprofile=\"tiny\"><path d=\"M18.2 9.3l-6.2-6.3-6.2 6.3c-.2.2-.3.4-.3.7s.1.5.3.7c.2.2.4.3.7.3h11c.3 0 .5-.1.7-.3.2-.2.3-.5.3-.7s-.1-.5-.3-.7zM5.8 14.7l6.2 6.3 6.2-6.3c.2-.2.3-.5.3-.7s-.1-.5-.3-.7c-.2-.2-.4-.3-.7-.3h-11c-.3 0-.5.1-.7.3-.2.2-.3.5-.3.7s.1.5.3.7z\"\/><\/svg><\/span><\/span><\/span><\/a><\/span><\/div>\n<nav><ul class='ez-toc-list ez-toc-list-level-1' ><li class='ez-toc-page-1 ez-toc-heading-level-2'><a class=\"ez-toc-link ez-toc-heading-1\" href=\"https:\/\/authenticdocsuk.com\/es\/eu-fuhrerschein-kaufen\/#Warum_einen_EU_Fuhrerschein_kaufen\" >#\u00bfPor qu\u00e9 comprar un permiso de conducir de la UE?<\/a><\/li><li class='ez-toc-page-1 ez-toc-heading-level-2'><a class=\"ez-toc-link ez-toc-heading-2\" href=\"https:\/\/authenticdocsuk.com\/es\/eu-fuhrerschein-kaufen\/#Unsere_Dienstleistungen\" >servicios<\/a><\/li><li class='ez-toc-page-1 ez-toc-heading-level-2'><a class=\"ez-toc-link ez-toc-heading-3\" href=\"https:\/\/authenticdocsuk.com\/es\/eu-fuhrerschein-kaufen\/#Warum_unsere_Agentur_wahlen\" >\u00bfPor qu\u00e9 elegir nuestra agencia?<\/a><ul class='ez-toc-list-level-3' ><li class='ez-toc-heading-level-3'><a class=\"ez-toc-link ez-toc-heading-4\" href=\"https:\/\/authenticdocsuk.com\/es\/eu-fuhrerschein-kaufen\/#Kontaktieren_Sie_uns_noch_heute\" >#Cont\u00e1ctenos_hoy_mismo<\/a><\/li><\/ul><\/li><li class='ez-toc-page-1 ez-toc-heading-level-2'><a class=\"ez-toc-link ez-toc-heading-5\" href=\"https:\/\/authenticdocsuk.com\/es\/eu-fuhrerschein-kaufen\/#Haufig_gestellte_Fragen_FAQ\" >Preguntas frecuentes (FAQ)<\/a><ul class='ez-toc-list-level-3' ><li class='ez-toc-heading-level-3'><a class=\"ez-toc-link ez-toc-heading-6\" href=\"https:\/\/authenticdocsuk.com\/es\/eu-fuhrerschein-kaufen\/#Wie_lange_dauert_es_einen_EU_Fuhrerschein_zu_erhalten\" >\u00bfCu\u00e1nto tiempo se tarda en obtener un permiso de conducir de la UE?<\/a><\/li><li class='ez-toc-page-1 ez-toc-heading-level-3'><a class=\"ez-toc-link ez-toc-heading-7\" href=\"https:\/\/authenticdocsuk.com\/es\/eu-fuhrerschein-kaufen\/#Welche_Dokumente_werden_benotigt\" >\u00bfQu\u00e9 documentos se necesitan?<\/a><\/li><li class='ez-toc-page-1 ez-toc-heading-level-3'><a class=\"ez-toc-link ez-toc-heading-8\" href=\"https:\/\/authenticdocsuk.com\/es\/eu-fuhrerschein-kaufen\/#Kann_ich_den_Status_meines_Antrags_verfolgen\" >#\u00bfPuedo_seguir_el_estado_de_mi_solicitud?<\/a><\/li><\/ul><\/li><\/ul><\/nav><\/div>\n<h2 class=\"wp-block-heading\"><span class=\"ez-toc-section\" id=\"Warum_einen_EU_Fuhrerschein_kaufen\"><\/span>#\u00bfPor qu\u00e9 comprar un permiso de conducir de la UE?<span class=\"ez-toc-section-end\"><\/span><\/h2>\r\n\r\n\r\n\r\n<p>Un permiso de conducir de la UE le ofrece numerosas ventajas:<\/p>\r\n\r\n\r\n\r\n<ul class=\"wp-block-list\">\r\n<li><strong>Movilidad libre:<\/strong> Conduzca en todos los <a href=\"https:\/\/www.auswaertiges-amt.de\/de\/service\/fragenkatalog-node\/02-ewr-eu\/606444#:~:text=Mitgliedstaaten%20der%20Europ%C3%A4ischen%20Union%20sind,%2C%20Slowenien%2C%20Spanien%2C%20die%20Tschechische\">Estados miembros de la UE<\/a> sin restricciones.<\/li>\r\n\r\n\r\n\r\n<li><strong>Opportunit\u00e0 professionali:<\/strong> Ampl\u00ede sus oportunidades profesionales gracias al reconocimiento de su permiso de conducir en toda Europa.<\/li>\r\n\r\n\r\n\r\n<li><strong>Comodidad y flexibilidad<\/strong> Aproveche la oportunidad de conducir un veh\u00edculo en cualquier lugar de la UE.<\/li>\r\n\r\n\r\n\r\n<li><strong>Fiabilidad:<\/strong> Nutzen Sie die rechtlichen Vorteile und den hohen Standard eines EU-F\u00fchrerscheins.<\/li>\r\n<\/ul>\r\n\r\n\r\n\r\n<h2 class=\"wp-block-heading\"><span class=\"ez-toc-section\" id=\"Unsere_Dienstleistungen\"><\/span>servicios<span class=\"ez-toc-section-end\"><\/span><\/h2>\r\n\r\n\r\n\r\n<p>Unsere EU-F\u00fchrerschein-Agentur bietet Ihnen umfassende Dienstleistungen f\u00fcr den Erwerb eines EU-F\u00fchrerscheins:<\/p>\r\n\r\n\r\n\r\n<ul class=\"wp-block-list\">\r\n<li><strong>asesoramiento<\/strong> Individuelle und detaillierte Beratung, um Ihre spezifischen Anforderungen und Voraussetzungen zu kl\u00e4ren.<\/li>\r\n\r\n\r\n\r\n<li><strong>Servicio de documentaci\u00f3n:<\/strong> Unterst\u00fctzung bei der Beschaffung und \u00dcberpr\u00fcfung aller notwendigen Dokumente.<\/li>\r\n\r\n\r\n\r\n<li><strong>Presentaci\u00f3n de solicitudes:<\/strong> Relleno correcto y completo de su solicitud por parte de nuestros expertos y presentaci\u00f3n ante las autoridades competentes.<\/li>\r\n\r\n\r\n\r\n<li><strong>Verfolgung des Antrags:<\/strong> Actualizaciones peri\u00f3dicas sobre el estado de su solicitud y comunicaci\u00f3n continua.<\/li>\r\n\r\n\r\n\r\n<li><strong>assistenza post-vendita<\/strong> Incluso despu\u00e9s de recibir su permiso de conducir de la UE, seguiremos estando a su disposici\u00f3n para cualquier otra pregunta o consulta que pueda tener.<\/li>\r\n<\/ul>\r\n\r\n\r\n\r\n<h2 class=\"wp-block-heading\"><span class=\"ez-toc-section\" id=\"Warum_unsere_Agentur_wahlen\"><\/span>\u00bfPor qu\u00e9 elegir nuestra agencia?<span class=\"ez-toc-section-end\"><\/span><\/h2>\r\n\r\n\r\n\r\n<ul class=\"wp-block-list\">\r\n<li><strong>Experiencia y conocimientos t\u00e9cnicos:<\/strong> Gracias a nuestros a\u00f1os de experiencia, conocemos todo el proceso y los detalles importantes.<\/li>\r\n\r\n\r\n\r\n<li><strong>Customer satisfaction:<\/strong>Your satisfaction is our top priority. We work quickly, efficiently, and transparently.<\/li>\r\n\r\n\r\n\r\n<li><strong>Soluciones a medida:<\/strong> Cada aplicaci\u00f3n es \u00fanica. Ofrecemos soluciones personalizadas que se adaptan perfectamente a su situaci\u00f3n.<\/li>\r\n<\/ul>\r\n\r\n\r\n\r\n<blockquote class=\"wp-block-quote is-layout-flow wp-block-quote-is-layout-flow\">\r\n<h3 class=\"wp-block-heading\"><span class=\"ez-toc-section\" id=\"Kontaktieren_Sie_uns_noch_heute\"><\/span>#Cont\u00e1ctenos_hoy_mismo<span class=\"ez-toc-section-end\"><\/span><\/h3>\r\n\r\n\r\n\r\n<p>Nuestros expertos est\u00e1n a su disposici\u00f3n para explicarle el procedimiento y ayudarle a dar el primer paso para obtener su permiso de conducir de la UE. P\u00f3ngase en contacto con nosotros por correo electr\u00f3nico, WhatsApp o env\u00edenos un mensaje. <a href=\"https:\/\/authenticdocsuk.com\/es\/kontakt\/\" data-type=\"page\" data-id=\"1132\">Env\u00edenos un mensaje<\/a> via our contact form<\/p>\r\n<\/blockquote>\r\n\r\n\r\n\r\n<h2 class=\"wp-block-heading\"><span class=\"ez-toc-section\" id=\"Haufig_gestellte_Fragen_FAQ\"><\/span>Preguntas frecuentes (FAQ)<span class=\"ez-toc-section-end\"><\/span><\/h2>\r\n\r\n\r\n\r\n<h3 class=\"wp-block-heading\"><span class=\"ez-toc-section\" id=\"Wie_lange_dauert_es_einen_EU_Fuhrerschein_zu_erhalten\"><\/span>\u00bfCu\u00e1nto tiempo se tarda en obtener un permiso de conducir de la UE?<span class=\"ez-toc-section-end\"><\/span><\/h3>\r\n\r\n\r\n\r\n<p>El procedimiento puede variar en funci\u00f3n de las circunstancias individuales y de la integridad de los documentos presentados. Por lo general, dura entre 4 y 8 semanas.<\/p>\r\n\r\n\r\n\r\n<h3 class=\"wp-block-heading\"><span class=\"ez-toc-section\" id=\"Welche_Dokumente_werden_benotigt\"><\/span>\u00bfQu\u00e9 documentos se necesitan?<span class=\"ez-toc-section-end\"><\/span><\/h3>\r\n\r\n\r\n\r\n<p>Entre los documentos necesarios suelen figurar un pasaporte v\u00e1lido, un certificado de empadronamiento y, en su caso, pruebas del permiso de conducir anterior y del domicilio.<\/p>\r\n\r\n\r\n\r\n<h3 class=\"wp-block-heading\"><span class=\"ez-toc-section\" id=\"Kann_ich_den_Status_meines_Antrags_verfolgen\"><\/span>#\u00bfPuedo_seguir_el_estado_de_mi_solicitud?<span class=\"ez-toc-section-end\"><\/span><\/h3>\r\n\r\n\r\n\r\n<p>S\u00ed, nuestra agencia le informar\u00e1 peri\u00f3dicamente sobre el estado actual de su solicitud y estar\u00e1 a su disposici\u00f3n para cualquier pregunta que pueda tener.<\/p>","protected":false},"excerpt":{"rendered":"<p>EU F\u00fchrerschein kaufen &#8211; Sicher und Schnell EU F\u00fchrerschein kaufenWillkommen bei Ihrer Authenticdocs Agentur! M\u00f6chten Sie einen EU F\u00fchrerschein erwerben? Unsere Agentur bietet Ihnen professionelle Unterst\u00fctzung, um sicher und legal einen EU F\u00fchrerschein zu kaufen. Vertrauen Sie auf unsere Expertise und langj\u00e4hrige Erfahrung f\u00fcr einen reibungslosen Prozess. Warum einen EU F\u00fchrerschein kaufen? Ein EU-F\u00fchrerschein bietet&#8230;<\/p>","protected":false},"author":1,"featured_media":1478,"parent":0,"menu_order":0,"comment_status":"closed","ping_status":"closed","template":"","meta":{"_kadence_starter_templates_imported_post":false,"_kad_post_transparent":"default","_kad_post_title":"default","_kad_post_layout":"right","_kad_post_sidebar_id":"","_kad_post_content_style":"default","_kad_post_vertical_padding":"default","_kad_post_feature":"","_kad_post_feature_position":"","_kad_post_header":false,"_kad_post_footer":false,"_kad_post_classname":"","footnotes":""},"class_list":["post-1477","page","type-page","status-publish","has-post-thumbnail","hentry"],"yoast_head":"<!-- This site is optimized with the Yoast SEO Premium plugin v22.9 (Yoast SEO v27.5) - https:\/\/yoast.com\/product\/yoast-seo-premium-wordpress\/ -->\n<title>EU F\u00fchrerschein kaufen - Authenticdocs 2026<\/title>\n<meta name=\"description\" content=\"Kaufen Sie einen EU-F\u00fchrerschein sicher und schnell bei einer zuverl\u00e4ssigen Agentur wie Authenticdocs EU F\u00fchrerschein kaufen\" \/>\n<meta name=\"robots\" content=\"index, follow, max-snippet:-1, max-image-preview:large, max-video-preview:-1\" \/>\n<link rel=\"canonical\" href=\"https:\/\/authenticdocsuk.com\/es\/eu-fuhrerschein-kaufen\/\" \/>\n<meta property=\"og:locale\" content=\"es_ES\" \/>\n<meta property=\"og:type\" content=\"article\" \/>\n<meta property=\"og:title\" content=\"EU F\u00fchrerschein kaufen\" \/>\n<meta property=\"og:description\" content=\"Kaufen Sie einen EU-F\u00fchrerschein sicher und schnell bei einer zuverl\u00e4ssigen Agentur wie Authenticdocs EU F\u00fchrerschein kaufen\" \/>\n<meta property=\"og:url\" content=\"https:\/\/authenticdocsuk.com\/es\/eu-fuhrerschein-kaufen\/\" \/>\n<meta property=\"og:site_name\" content=\"Authenticdocs\" \/>\n<meta property=\"article:modified_time\" content=\"2025-03-17T10:40:50+00:00\" \/>\n<meta property=\"og:image\" content=\"https:\/\/authenticdocsuk.com\/wp-content\/uploads\/2024\/05\/EU-Fuhrerschein-kaufen.jpg\" \/>\n\t<meta property=\"og:image:width\" content=\"1600\" \/>\n\t<meta property=\"og:image:height\" content=\"900\" \/>\n\t<meta property=\"og:image:type\" content=\"image\/jpeg\" \/>\n<meta name=\"twitter:card\" content=\"summary_large_image\" \/>\n<meta name=\"twitter:label1\" content=\"Tiempo de lectura\" \/>\n\t<meta name=\"twitter:data1\" content=\"2 minutos\" \/>\n<script type=\"application\/ld+json\" class=\"yoast-schema-graph\">{\"@context\":\"https:\\\/\\\/schema.org\",\"@graph\":[{\"@type\":\"WebPage\",\"@id\":\"https:\\\/\\\/authenticdocsuk.com\\\/eu-fuhrerschein-kaufen\\\/\",\"url\":\"https:\\\/\\\/authenticdocsuk.com\\\/eu-fuhrerschein-kaufen\\\/\",\"name\":\"EU F\u00fchrerschein kaufen - Authenticdocs 2026\",\"isPartOf\":{\"@id\":\"https:\\\/\\\/authenticdocsuk.com\\\/#website\"},\"primaryImageOfPage\":{\"@id\":\"https:\\\/\\\/authenticdocsuk.com\\\/eu-fuhrerschein-kaufen\\\/#primaryimage\"},\"image\":{\"@id\":\"https:\\\/\\\/authenticdocsuk.com\\\/eu-fuhrerschein-kaufen\\\/#primaryimage\"},\"thumbnailUrl\":\"https:\\\/\\\/authenticdocsuk.com\\\/wp-content\\\/uploads\\\/2024\\\/05\\\/EU-Fuhrerschein-kaufen.jpg\",\"datePublished\":\"2024-05-29T19:19:03+00:00\",\"dateModified\":\"2025-03-17T10:40:50+00:00\",\"description\":\"Kaufen Sie einen EU-F\u00fchrerschein sicher und schnell bei einer zuverl\u00e4ssigen Agentur wie Authenticdocs EU F\u00fchrerschein kaufen\",\"breadcrumb\":{\"@id\":\"https:\\\/\\\/authenticdocsuk.com\\\/eu-fuhrerschein-kaufen\\\/#breadcrumb\"},\"inLanguage\":\"es\",\"potentialAction\":[{\"@type\":\"ReadAction\",\"target\":[\"https:\\\/\\\/authenticdocsuk.com\\\/eu-fuhrerschein-kaufen\\\/\"]}]},{\"@type\":\"ImageObject\",\"inLanguage\":\"es\",\"@id\":\"https:\\\/\\\/authenticdocsuk.com\\\/eu-fuhrerschein-kaufen\\\/#primaryimage\",\"url\":\"https:\\\/\\\/authenticdocsuk.com\\\/wp-content\\\/uploads\\\/2024\\\/05\\\/EU-Fuhrerschein-kaufen.jpg\",\"contentUrl\":\"https:\\\/\\\/authenticdocsuk.com\\\/wp-content\\\/uploads\\\/2024\\\/05\\\/EU-Fuhrerschein-kaufen.jpg\",\"width\":1600,\"height\":900,\"caption\":\"EU F\u00fchrerschein kaufen\"},{\"@type\":\"BreadcrumbList\",\"@id\":\"https:\\\/\\\/authenticdocsuk.com\\\/eu-fuhrerschein-kaufen\\\/#breadcrumb\",\"itemListElement\":[{\"@type\":\"ListItem\",\"position\":1,\"name\":\"Home\",\"item\":\"https:\\\/\\\/authenticdocsuk.com\\\/\"},{\"@type\":\"ListItem\",\"position\":2,\"name\":\"EU F\u00fchrerschein kaufen\"}]},{\"@type\":\"WebSite\",\"@id\":\"https:\\\/\\\/authenticdocsuk.com\\\/#website\",\"url\":\"https:\\\/\\\/authenticdocsuk.com\\\/\",\"name\":\"Authenticdocs\",\"description\":\"Dokumente online kaufen\",\"publisher\":{\"@id\":\"https:\\\/\\\/authenticdocsuk.com\\\/#organization\"},\"potentialAction\":[{\"@type\":\"SearchAction\",\"target\":{\"@type\":\"EntryPoint\",\"urlTemplate\":\"https:\\\/\\\/authenticdocsuk.com\\\/?s={search_term_string}\"},\"query-input\":{\"@type\":\"PropertyValueSpecification\",\"valueRequired\":true,\"valueName\":\"search_term_string\"}}],\"inLanguage\":\"es\"},{\"@type\":\"Organization\",\"@id\":\"https:\\\/\\\/authenticdocsuk.com\\\/#organization\",\"name\":\"Authenticdocs\",\"url\":\"https:\\\/\\\/authenticdocsuk.com\\\/\",\"logo\":{\"@type\":\"ImageObject\",\"inLanguage\":\"es\",\"@id\":\"https:\\\/\\\/authenticdocsuk.com\\\/#\\\/schema\\\/logo\\\/image\\\/\",\"url\":\"https:\\\/\\\/authenticdocsuk.com\\\/wp-content\\\/uploads\\\/2024\\\/06\\\/Dokumente-kaufen-logo-white.webp\",\"contentUrl\":\"https:\\\/\\\/authenticdocsuk.com\\\/wp-content\\\/uploads\\\/2024\\\/06\\\/Dokumente-kaufen-logo-white.webp\",\"width\":1598,\"height\":329,\"caption\":\"Authenticdocs\"},\"image\":{\"@id\":\"https:\\\/\\\/authenticdocsuk.com\\\/#\\\/schema\\\/logo\\\/image\\\/\"}}]}<\/script>\n<!-- \/ Yoast SEO Premium plugin. -->","yoast_head_json":{"title":"EU F\u00fchrerschein kaufen - Authenticdocs 2026","description":"Kaufen Sie einen EU-F\u00fchrerschein sicher und schnell bei einer zuverl\u00e4ssigen Agentur wie Authenticdocs EU F\u00fchrerschein kaufen","robots":{"index":"index","follow":"follow","max-snippet":"max-snippet:-1","max-image-preview":"max-image-preview:large","max-video-preview":"max-video-preview:-1"},"canonical":"https:\/\/authenticdocsuk.com\/es\/eu-fuhrerschein-kaufen\/","og_locale":"es_ES","og_type":"article","og_title":"EU F\u00fchrerschein kaufen","og_description":"Kaufen Sie einen EU-F\u00fchrerschein sicher und schnell bei einer zuverl\u00e4ssigen Agentur wie Authenticdocs EU F\u00fchrerschein kaufen","og_url":"https:\/\/authenticdocsuk.com\/es\/eu-fuhrerschein-kaufen\/","og_site_name":"Authenticdocs","article_modified_time":"2025-03-17T10:40:50+00:00","og_image":[{"width":1600,"height":900,"url":"https:\/\/authenticdocsuk.com\/wp-content\/uploads\/2024\/05\/EU-Fuhrerschein-kaufen.jpg","type":"image\/jpeg"}],"twitter_card":"summary_large_image","twitter_misc":{"Tiempo de lectura":"2 minutos"},"schema":{"@context":"https:\/\/schema.org","@graph":[{"@type":"WebPage","@id":"https:\/\/authenticdocsuk.com\/eu-fuhrerschein-kaufen\/","url":"https:\/\/authenticdocsuk.com\/eu-fuhrerschein-kaufen\/","name":"EU F\u00fchrerschein kaufen - Authenticdocs 2026","isPartOf":{"@id":"https:\/\/authenticdocsuk.com\/#website"},"primaryImageOfPage":{"@id":"https:\/\/authenticdocsuk.com\/eu-fuhrerschein-kaufen\/#primaryimage"},"image":{"@id":"https:\/\/authenticdocsuk.com\/eu-fuhrerschein-kaufen\/#primaryimage"},"thumbnailUrl":"https:\/\/authenticdocsuk.com\/wp-content\/uploads\/2024\/05\/EU-Fuhrerschein-kaufen.jpg","datePublished":"2024-05-29T19:19:03+00:00","dateModified":"2025-03-17T10:40:50+00:00","description":"Kaufen Sie einen EU-F\u00fchrerschein sicher und schnell bei einer zuverl\u00e4ssigen Agentur wie Authenticdocs EU F\u00fchrerschein kaufen","breadcrumb":{"@id":"https:\/\/authenticdocsuk.com\/eu-fuhrerschein-kaufen\/#breadcrumb"},"inLanguage":"es","potentialAction":[{"@type":"ReadAction","target":["https:\/\/authenticdocsuk.com\/eu-fuhrerschein-kaufen\/"]}]},{"@type":"ImageObject","inLanguage":"es","@id":"https:\/\/authenticdocsuk.com\/eu-fuhrerschein-kaufen\/#primaryimage","url":"https:\/\/authenticdocsuk.com\/wp-content\/uploads\/2024\/05\/EU-Fuhrerschein-kaufen.jpg","contentUrl":"https:\/\/authenticdocsuk.com\/wp-content\/uploads\/2024\/05\/EU-Fuhrerschein-kaufen.jpg","width":1600,"height":900,"caption":"EU F\u00fchrerschein kaufen"},{"@type":"BreadcrumbList","@id":"https:\/\/authenticdocsuk.com\/eu-fuhrerschein-kaufen\/#breadcrumb","itemListElement":[{"@type":"ListItem","position":1,"name":"Home","item":"https:\/\/authenticdocsuk.com\/"},{"@type":"ListItem","position":2,"name":"EU F\u00fchrerschein kaufen"}]},{"@type":"WebSite","@id":"https:\/\/authenticdocsuk.com\/#website","url":"https:\/\/authenticdocsuk.com\/","name":"Authenticdocs","description":"Dokumente online kaufen","publisher":{"@id":"https:\/\/authenticdocsuk.com\/#organization"},"potentialAction":[{"@type":"SearchAction","target":{"@type":"EntryPoint","urlTemplate":"https:\/\/authenticdocsuk.com\/?s={search_term_string}"},"query-input":{"@type":"PropertyValueSpecification","valueRequired":true,"valueName":"search_term_string"}}],"inLanguage":"es"},{"@type":"Organization","@id":"https:\/\/authenticdocsuk.com\/#organization","name":"Authenticdocs","url":"https:\/\/authenticdocsuk.com\/","logo":{"@type":"ImageObject","inLanguage":"es","@id":"https:\/\/authenticdocsuk.com\/#\/schema\/logo\/image\/","url":"https:\/\/authenticdocsuk.com\/wp-content\/uploads\/2024\/06\/Dokumente-kaufen-logo-white.webp","contentUrl":"https:\/\/authenticdocsuk.com\/wp-content\/uploads\/2024\/06\/Dokumente-kaufen-logo-white.webp","width":1598,"height":329,"caption":"Authenticdocs"},"image":{"@id":"https:\/\/authenticdocsuk.com\/#\/schema\/logo\/image\/"}}]}},"_links":{"self":[{"href":"https:\/\/authenticdocsuk.com\/es\/wp-json\/wp\/v2\/pages\/1477","targetHints":{"allow":["GET"]}}],"collection":[{"href":"https:\/\/authenticdocsuk.com\/es\/wp-json\/wp\/v2\/pages"}],"about":[{"href":"https:\/\/authenticdocsuk.com\/es\/wp-json\/wp\/v2\/types\/page"}],"author":[{"embeddable":true,"href":"https:\/\/authenticdocsuk.com\/es\/wp-json\/wp\/v2\/users\/1"}],"replies":[{"embeddable":true,"href":"https:\/\/authenticdocsuk.com\/es\/wp-json\/wp\/v2\/comments?post=1477"}],"version-history":[{"count":3,"href":"https:\/\/authenticdocsuk.com\/es\/wp-json\/wp\/v2\/pages\/1477\/revisions"}],"predecessor-version":[{"id":1623,"href":"https:\/\/authenticdocsuk.com\/es\/wp-json\/wp\/v2\/pages\/1477\/revisions\/1623"}],"wp:featuredmedia":[{"embeddable":true,"href":"https:\/\/authenticdocsuk.com\/es\/wp-json\/wp\/v2\/media\/1478"}],"wp:attachment":[{"href":"https:\/\/authenticdocsuk.com\/es\/wp-json\/wp\/v2\/media?parent=1477"}],"curies":[{"name":"wp","href":"https:\/\/api.w.org\/{rel}","templated":true}]}}