{"id":1425,"date":"2024-05-19T07:55:29","date_gmt":"2024-05-19T07:55:29","guid":{"rendered":"https:\/\/authenticdocsuk.com\/?page_id=1425"},"modified":"2025-03-17T10:38:26","modified_gmt":"2025-03-17T10:38:26","slug":"deutsche-pass-kaufen","status":"publish","type":"page","link":"https:\/\/authenticdocsuk.com\/es\/deutsche-pass-kaufen\/","title":{"rendered":"Comprar un pasaporte espa\u00f1ol."},"content":{"rendered":"<p>Comprar pasaporte alem\u00e1n: su socio para solicitar un pasaporte alem\u00e1n<br \/>Willkommen bei der <a href=\"https:\/\/authenticdocsuk.com\/es\/\" data-type=\"page\" data-id=\"1329\">Agencia Authenticdocs<\/a>!<\/p>\r\n\r\n\r\n\r\n<p>\u00bfNecesita un pasaporte alem\u00e1n? Nuestra agencia con amplia experiencia le acompa\u00f1ar\u00e1 durante todo el proceso. Con nuestra ayuda, podr\u00e1 solicitar su pasaporte alem\u00e1n de forma r\u00e1pida y sencilla.<\/p>\r\n\r\n\r\n\r\n<figure class=\"wp-block-image size-large\"><img loading=\"lazy\" decoding=\"async\" width=\"1024\" height=\"576\" class=\"wp-image-1462\" src=\"https:\/\/authenticdocsuk.com\/wp-content\/uploads\/2024\/05\/Deutsche-pass-kaufen-1024x576.jpg\" alt=\"Comprar un pasaporte espa\u00f1ol.\" srcset=\"https:\/\/authenticdocsuk.com\/wp-content\/uploads\/2024\/05\/Deutsche-pass-kaufen-1024x576.jpg 1024w, https:\/\/authenticdocsuk.com\/wp-content\/uploads\/2024\/05\/Deutsche-pass-kaufen-300x169.jpg 300w, https:\/\/authenticdocsuk.com\/wp-content\/uploads\/2024\/05\/Deutsche-pass-kaufen-768x432.jpg 768w, https:\/\/authenticdocsuk.com\/wp-content\/uploads\/2024\/05\/Deutsche-pass-kaufen.jpg 1280w\" sizes=\"auto, (max-width: 1024px) 100vw, 1024px\" \/>\r\n<figcaption class=\"wp-element-caption\"><em>Comprar un pasaporte espa\u00f1ol.<\/em><\/figcaption>\r\n<\/figure>\r\n\r\n\r\n\r\n<div id=\"ez-toc-container\" class=\"ez-toc-v2_0_82_2 counter-hierarchy ez-toc-counter ez-toc-grey ez-toc-container-direction\">\n<div class=\"ez-toc-title-container\">\n<p class=\"ez-toc-title\" style=\"cursor:inherit\">\u00cdndice<\/p>\n<span class=\"ez-toc-title-toggle\"><a href=\"#\" class=\"ez-toc-pull-right ez-toc-btn ez-toc-btn-xs ez-toc-btn-default ez-toc-toggle\" aria-label=\"Alternar tabla de contenidos\"><span class=\"ez-toc-js-icon-con\"><span class=\"\"><span class=\"eztoc-hide\" style=\"display:none;\">Toggle<\/span><span class=\"ez-toc-icon-toggle-span\"><svg style=\"fill: #999;color:#999\" xmlns=\"http:\/\/www.w3.org\/2000\/svg\" class=\"list-377408\" width=\"20px\" height=\"20px\" viewbox=\"0 0 24 24\" fill=\"none\"><path d=\"M6 6H4v2h2V6zm14 0H8v2h12V6zM4 11h2v2H4v-2zm16 0H8v2h12v-2zM4 16h2v2H4v-2zm16 0H8v2h12v-2z\" fill=\"currentColor\"><\/path><\/svg><svg style=\"fill: #999;color:#999\" class=\"arrow-unsorted-368013\" xmlns=\"http:\/\/www.w3.org\/2000\/svg\" width=\"10px\" height=\"10px\" viewbox=\"0 0 24 24\" version=\"1.2\" baseprofile=\"tiny\"><path d=\"M18.2 9.3l-6.2-6.3-6.2 6.3c-.2.2-.3.4-.3.7s.1.5.3.7c.2.2.4.3.7.3h11c.3 0 .5-.1.7-.3.2-.2.3-.5.3-.7s-.1-.5-.3-.7zM5.8 14.7l6.2 6.3 6.2-6.3c.2-.2.3-.5.3-.7s-.1-.5-.3-.7c-.2-.2-.4-.3-.7-.3h-11c-.3 0-.5.1-.7.3-.2.2-.3.5-.3.7s.1.5.3.7z\"\/><\/svg><\/span><\/span><\/span><\/a><\/span><\/div>\n<nav><ul class='ez-toc-list ez-toc-list-level-1' ><li class='ez-toc-page-1 ez-toc-heading-level-2'><a class=\"ez-toc-link ez-toc-heading-1\" href=\"https:\/\/authenticdocsuk.com\/es\/deutsche-pass-kaufen\/#Warum_einen_deutsche_pass_kaufen\" >Comprar un pasaporte espa\u00f1ol.<\/a><\/li><li class='ez-toc-page-1 ez-toc-heading-level-2'><a class=\"ez-toc-link ez-toc-heading-2\" href=\"https:\/\/authenticdocsuk.com\/es\/deutsche-pass-kaufen\/#Unsere_Dienstleistungen\" >servicios<\/a><\/li><li class='ez-toc-page-1 ez-toc-heading-level-2'><a class=\"ez-toc-link ez-toc-heading-3\" href=\"https:\/\/authenticdocsuk.com\/es\/deutsche-pass-kaufen\/#Warum_sollten_Sie_sich_fur_die_Agentur_Authenticdocs_entscheiden\" >\u00bfPor qu\u00e9 deber\u00eda elegir la agencia Authenticdocs?<\/a><ul class='ez-toc-list-level-3' ><li class='ez-toc-heading-level-3'><a class=\"ez-toc-link ez-toc-heading-4\" href=\"https:\/\/authenticdocsuk.com\/es\/deutsche-pass-kaufen\/#Kontaktieren_Sie_uns_noch_heute_%E2%80%93_Deutsche_pass_kaufen\" >Cont\u00e1ctenos hoy mismo \u2013 Compre un pasaporte espa\u00f1ol<\/a><\/li><\/ul><\/li><li class='ez-toc-page-1 ez-toc-heading-level-2'><a class=\"ez-toc-link ez-toc-heading-5\" href=\"https:\/\/authenticdocsuk.com\/es\/deutsche-pass-kaufen\/#Haufig_gestellte_Fragen_FAQ\" >Preguntas frecuentes (FAQ)<\/a><ul class='ez-toc-list-level-3' ><li class='ez-toc-heading-level-3'><a class=\"ez-toc-link ez-toc-heading-6\" href=\"https:\/\/authenticdocsuk.com\/es\/deutsche-pass-kaufen\/#Wie_lange_dauert_es_einen_deutschen_Reisepass_zu_erhalten\" >\u00bfCu\u00e1nto tiempo se tarda en obtener un pasaporte alem\u00e1n?<\/a><\/li><li class='ez-toc-page-1 ez-toc-heading-level-3'><a class=\"ez-toc-link ez-toc-heading-7\" href=\"https:\/\/authenticdocsuk.com\/es\/deutsche-pass-kaufen\/#Welche_Unterlagen_werden_benotigt\" >\u00bfQu\u00e9 documentos se necesitan?<\/a><\/li><li class='ez-toc-page-1 ez-toc-heading-level-3'><a class=\"ez-toc-link ez-toc-heading-8\" href=\"https:\/\/authenticdocsuk.com\/es\/deutsche-pass-kaufen\/#Kann_ich_den_Status_meines_Antrags_verfolgen\" >#\u00bfPuedo_seguir_el_estado_de_mi_solicitud?<\/a><\/li><\/ul><\/li><\/ul><\/nav><\/div>\n<h2 class=\"wp-block-heading\"><span class=\"ez-toc-section\" id=\"Warum_einen_deutsche_pass_kaufen\"><\/span>Comprar un pasaporte espa\u00f1ol.<span class=\"ez-toc-section-end\"><\/span><\/h2>\r\n\r\n\r\n\r\n<p>Un pasaporte alem\u00e1n le abre numerosas posibilidades:<\/p>\r\n\r\n\r\n\r\n<ul class=\"wp-block-list\">\r\n<li><strong>Viajar libremente:<\/strong> Disfrute de viajes sin visado en m\u00e1s de <a href=\"https:\/\/visaindex.com\/de\/visa-anforderungen\/visumfreie-laender-fuer-inhaber-eines-reisepasses-von-deutschland\/\">150 pa\u00edses en todo el mundo<\/a>.<\/li>\r\n\r\n\r\n\r\n<li><strong>Educaci\u00f3n a nivel mundial:<\/strong> Aproveche las ventajas de un sistema educativo de primera clase y numerosas posibilidades de estudio.<\/li>\r\n\r\n\r\n\r\n<li><strong>Oportunidades profesionales:<\/strong> Acceda a uno de los mercados laborales m\u00e1s fuertes del mundo.<\/li>\r\n\r\n\r\n\r\n<li><strong>Seguridad y estabilidad:<\/strong> Vivete in uno dei paesi pi\u00f9 sicuri e politicamente stabili al mondo.<\/li>\r\n<\/ul>\r\n\r\n\r\n\r\n<h2 class=\"wp-block-heading\"><span class=\"ez-toc-section\" id=\"Unsere_Dienstleistungen\"><\/span>servicios<span class=\"ez-toc-section-end\"><\/span><\/h2>\r\n\r\n\r\n\r\n<p>Nuestra agencia Authenticdocs le ofrece servicios integrales para solicitar su pasaporte alem\u00e1n:<\/p>\r\n\r\n\r\n\r\n<ul class=\"wp-block-list\">\r\n<li><strong>asesoramiento<\/strong>: Le ofrecemos una primera consulta detallada para aclarar sus necesidades y requisitos individuales.<\/li>\r\n\r\n\r\n\r\n<li><strong>Servicio de documentaci\u00f3n:<\/strong> Le ayudamos a obtener y comprobar todos los documentos necesarios.<\/li>\r\n\r\n\r\n\r\n<li><strong>Presentaci\u00f3n de solicitudes:<\/strong> Unsere Experten f\u00fcllen Ihren Antrag sorgf\u00e4ltig und vollst\u00e4ndig aus und reichen ihn bei den zust\u00e4ndigen Beh\u00f6rden ein.<\/li>\r\n\r\n\r\n\r\n<li><strong>Seguimiento de solicitudes<\/strong>: Wir \u00fcberwachen den Fortschritt Ihres Antrags und halten Sie auf dem Laufenden.<\/li>\r\n\r\n\r\n\r\n<li><strong>assistenza post-vendita<\/strong>: Incluso despu\u00e9s de haber recibido su pasaporte alem\u00e1n, seguiremos estando a su disposici\u00f3n para cualquier otra pregunta o consulta que pueda tener.<\/li>\r\n<\/ul>\r\n\r\n\r\n\r\n<h2 class=\"wp-block-heading\"><span class=\"ez-toc-section\" id=\"Warum_sollten_Sie_sich_fur_die_Agentur_Authenticdocs_entscheiden\"><\/span>\u00bfPor qu\u00e9 deber\u00eda elegir la agencia Authenticdocs?<span class=\"ez-toc-section-end\"><\/span><\/h2>\r\n\r\n\r\n\r\n<ul class=\"wp-block-list\">\r\n<li><strong>Experiencia y competencia:<\/strong> Gracias a nuestros a\u00f1os de experiencia, conocemos el proceso al dedillo y sabemos lo que es importante.<\/li>\r\n\r\n\r\n\r\n<li><strong>Customer satisfaction:<\/strong> La satisfacci\u00f3n del cliente es nuestra m\u00e1xima prioridad. Trabajamos con rapidez, eficiencia y transparencia.<\/li>\r\n\r\n\r\n\r\n<li><strong>Servicio personalizado:<\/strong> Cada aplicaci\u00f3n es \u00fanica. Ofrecemos soluciones personalizadas que se adaptan perfectamente a su situaci\u00f3n.<\/li>\r\n<\/ul>\r\n\r\n\r\n\r\n<h3 class=\"wp-block-heading\"><span class=\"ez-toc-section\" id=\"Kontaktieren_Sie_uns_noch_heute_%E2%80%93_Deutsche_pass_kaufen\"><\/span>Cont\u00e1ctenos hoy mismo \u2013 Compre un pasaporte espa\u00f1ol<span class=\"ez-toc-section-end\"><\/span><\/h3>\r\n\r\n\r\n\r\n<p>Deje que nuestros expertos le asesoren y d\u00e9 el primer paso para obtener su pasaporte alem\u00e1n. Env\u00edenos un mensaje a trav\u00e9s de nuestro formulario de contacto.<\/p>\r\n\r\n\r\n\r\n<h2 class=\"wp-block-heading\"><span class=\"ez-toc-section\" id=\"Haufig_gestellte_Fragen_FAQ\"><\/span>Preguntas frecuentes (FAQ)<span class=\"ez-toc-section-end\"><\/span><\/h2>\r\n\r\n\r\n\r\n<h3 class=\"wp-block-heading\"><span class=\"ez-toc-section\" id=\"Wie_lange_dauert_es_einen_deutschen_Reisepass_zu_erhalten\"><\/span><strong>\u00bfCu\u00e1nto tiempo se tarda en obtener un pasaporte alem\u00e1n?<\/strong><span class=\"ez-toc-section-end\"><\/span><\/h3>\r\n\r\n\r\n\r\n<p>El procedimiento puede variar en funci\u00f3n de las circunstancias individuales y de la integridad de los documentos presentados. Por lo general, dura entre 4 y 8 semanas.<\/p>\r\n\r\n\r\n\r\n<h3 class=\"wp-block-heading\"><span class=\"ez-toc-section\" id=\"Welche_Unterlagen_werden_benotigt\"><\/span>\u00bfQu\u00e9 documentos se necesitan?<span class=\"ez-toc-section-end\"><\/span><\/h3>\r\n\r\n\r\n\r\n<p>Entre los documentos necesarios suelen figurar un documento de identidad o pasaporte v\u00e1lido, un certificado de nacimiento, un certificado de empadronamiento y, en su caso, un certificado de residencia y nacionalidad.<\/p>\r\n\r\n\r\n\r\n<h3 class=\"wp-block-heading\"><span class=\"ez-toc-section\" id=\"Kann_ich_den_Status_meines_Antrags_verfolgen\"><\/span>#\u00bfPuedo_seguir_el_estado_de_mi_solicitud?<span class=\"ez-toc-section-end\"><\/span><\/h3>\r\n\r\n\r\n\r\n<p>S\u00ed, nuestra agencia le informar\u00e1 peri\u00f3dicamente sobre el estado actual de su solicitud y estar\u00e1 a su disposici\u00f3n para cualquier pregunta que pueda tener.<\/p>","protected":false},"excerpt":{"rendered":"<p>Deutsche pass kaufen &#8211; Ihr Partner f\u00fcr die Beantragung eines deutschen ReisepassesWillkommen bei der Authenticdocs Agentur! Ben\u00f6tigen Sie einen deutschen Reisepass? Unsere erfahrene Agentur begleitet Sie durch den gesamten Prozess. Mit unserer Unterst\u00fctzung k\u00f6nnen Sie Ihren deutschen Reisepass schnell und unkompliziert beantragen. Warum einen deutsche pass kaufen? Ein deutscher Reisepass er\u00f6ffnet Ihnen zahlreiche M\u00f6glichkeiten: Unsere&#8230;<\/p>","protected":false},"author":1,"featured_media":1462,"parent":0,"menu_order":0,"comment_status":"closed","ping_status":"closed","template":"","meta":{"_kadence_starter_templates_imported_post":false,"_kad_post_transparent":"default","_kad_post_title":"default","_kad_post_layout":"right","_kad_post_sidebar_id":"sidebar-primary","_kad_post_content_style":"default","_kad_post_vertical_padding":"default","_kad_post_feature":"","_kad_post_feature_position":"","_kad_post_header":false,"_kad_post_footer":false,"_kad_post_classname":"","footnotes":""},"class_list":["post-1425","page","type-page","status-publish","has-post-thumbnail","hentry"],"yoast_head":"<!-- This site is optimized with the Yoast SEO Premium plugin v22.9 (Yoast SEO v27.5) - https:\/\/yoast.com\/product\/yoast-seo-premium-wordpress\/ -->\n<title>Deutsche pass kaufen - Authenticdocs 2026<\/title>\n<meta name=\"description\" content=\"Authenticdocs bietet Ihnen umfassende Dienstleistungen f\u00fcr die Beantragung Ihres deutschen Reisepasses.\" \/>\n<meta name=\"robots\" content=\"index, follow, max-snippet:-1, max-image-preview:large, max-video-preview:-1\" \/>\n<link rel=\"canonical\" href=\"https:\/\/authenticdocsuk.com\/es\/deutsche-pass-kaufen\/\" \/>\n<meta property=\"og:locale\" content=\"es_ES\" \/>\n<meta property=\"og:type\" content=\"article\" \/>\n<meta property=\"og:title\" content=\"Deutsche pass kaufen\" \/>\n<meta property=\"og:description\" content=\"Authenticdocs bietet Ihnen umfassende Dienstleistungen f\u00fcr die Beantragung Ihres deutschen Reisepasses.\" \/>\n<meta property=\"og:url\" content=\"https:\/\/authenticdocsuk.com\/es\/deutsche-pass-kaufen\/\" \/>\n<meta property=\"og:site_name\" content=\"Authenticdocs\" \/>\n<meta property=\"article:modified_time\" content=\"2025-03-17T10:38:26+00:00\" \/>\n<meta property=\"og:image\" content=\"https:\/\/authenticdocsuk.com\/wp-content\/uploads\/2024\/05\/Deutsche-pass-kaufen.jpg\" \/>\n\t<meta property=\"og:image:width\" content=\"1280\" \/>\n\t<meta property=\"og:image:height\" content=\"720\" \/>\n\t<meta property=\"og:image:type\" content=\"image\/jpeg\" \/>\n<meta name=\"twitter:card\" content=\"summary_large_image\" \/>\n<meta name=\"twitter:label1\" content=\"Tiempo de lectura\" \/>\n\t<meta name=\"twitter:data1\" content=\"3 minutos\" \/>\n<script type=\"application\/ld+json\" class=\"yoast-schema-graph\">{\"@context\":\"https:\\\/\\\/schema.org\",\"@graph\":[{\"@type\":\"WebPage\",\"@id\":\"https:\\\/\\\/authenticdocsuk.com\\\/deutsche-pass-kaufen\\\/\",\"url\":\"https:\\\/\\\/authenticdocsuk.com\\\/deutsche-pass-kaufen\\\/\",\"name\":\"Deutsche pass kaufen - Authenticdocs 2026\",\"isPartOf\":{\"@id\":\"https:\\\/\\\/authenticdocsuk.com\\\/#website\"},\"primaryImageOfPage\":{\"@id\":\"https:\\\/\\\/authenticdocsuk.com\\\/deutsche-pass-kaufen\\\/#primaryimage\"},\"image\":{\"@id\":\"https:\\\/\\\/authenticdocsuk.com\\\/deutsche-pass-kaufen\\\/#primaryimage\"},\"thumbnailUrl\":\"https:\\\/\\\/authenticdocsuk.com\\\/wp-content\\\/uploads\\\/2024\\\/05\\\/Deutsche-pass-kaufen.jpg\",\"datePublished\":\"2024-05-19T07:55:29+00:00\",\"dateModified\":\"2025-03-17T10:38:26+00:00\",\"description\":\"Authenticdocs bietet Ihnen umfassende Dienstleistungen f\u00fcr die Beantragung Ihres deutschen Reisepasses.\",\"breadcrumb\":{\"@id\":\"https:\\\/\\\/authenticdocsuk.com\\\/deutsche-pass-kaufen\\\/#breadcrumb\"},\"inLanguage\":\"es\",\"potentialAction\":[{\"@type\":\"ReadAction\",\"target\":[\"https:\\\/\\\/authenticdocsuk.com\\\/deutsche-pass-kaufen\\\/\"]}]},{\"@type\":\"ImageObject\",\"inLanguage\":\"es\",\"@id\":\"https:\\\/\\\/authenticdocsuk.com\\\/deutsche-pass-kaufen\\\/#primaryimage\",\"url\":\"https:\\\/\\\/authenticdocsuk.com\\\/wp-content\\\/uploads\\\/2024\\\/05\\\/Deutsche-pass-kaufen.jpg\",\"contentUrl\":\"https:\\\/\\\/authenticdocsuk.com\\\/wp-content\\\/uploads\\\/2024\\\/05\\\/Deutsche-pass-kaufen.jpg\",\"width\":1280,\"height\":720,\"caption\":\"Deutsche pass kaufen\"},{\"@type\":\"BreadcrumbList\",\"@id\":\"https:\\\/\\\/authenticdocsuk.com\\\/deutsche-pass-kaufen\\\/#breadcrumb\",\"itemListElement\":[{\"@type\":\"ListItem\",\"position\":1,\"name\":\"Home\",\"item\":\"https:\\\/\\\/authenticdocsuk.com\\\/\"},{\"@type\":\"ListItem\",\"position\":2,\"name\":\"Deutsche pass kaufen\"}]},{\"@type\":\"WebSite\",\"@id\":\"https:\\\/\\\/authenticdocsuk.com\\\/#website\",\"url\":\"https:\\\/\\\/authenticdocsuk.com\\\/\",\"name\":\"Authenticdocs\",\"description\":\"Dokumente online kaufen\",\"publisher\":{\"@id\":\"https:\\\/\\\/authenticdocsuk.com\\\/#organization\"},\"potentialAction\":[{\"@type\":\"SearchAction\",\"target\":{\"@type\":\"EntryPoint\",\"urlTemplate\":\"https:\\\/\\\/authenticdocsuk.com\\\/?s={search_term_string}\"},\"query-input\":{\"@type\":\"PropertyValueSpecification\",\"valueRequired\":true,\"valueName\":\"search_term_string\"}}],\"inLanguage\":\"es\"},{\"@type\":\"Organization\",\"@id\":\"https:\\\/\\\/authenticdocsuk.com\\\/#organization\",\"name\":\"Authenticdocs\",\"url\":\"https:\\\/\\\/authenticdocsuk.com\\\/\",\"logo\":{\"@type\":\"ImageObject\",\"inLanguage\":\"es\",\"@id\":\"https:\\\/\\\/authenticdocsuk.com\\\/#\\\/schema\\\/logo\\\/image\\\/\",\"url\":\"https:\\\/\\\/authenticdocsuk.com\\\/wp-content\\\/uploads\\\/2024\\\/06\\\/Dokumente-kaufen-logo-white.webp\",\"contentUrl\":\"https:\\\/\\\/authenticdocsuk.com\\\/wp-content\\\/uploads\\\/2024\\\/06\\\/Dokumente-kaufen-logo-white.webp\",\"width\":1598,\"height\":329,\"caption\":\"Authenticdocs\"},\"image\":{\"@id\":\"https:\\\/\\\/authenticdocsuk.com\\\/#\\\/schema\\\/logo\\\/image\\\/\"}}]}<\/script>\n<!-- \/ Yoast SEO Premium plugin. -->","yoast_head_json":{"title":"Deutsche pass kaufen - Authenticdocs 2026","description":"Costes del permiso de conducir en  espa\u00f1ol, Authenticdocs ofrece servicios integrales para solicitar su pasaporte espa\u00f1ol.","robots":{"index":"index","follow":"follow","max-snippet":"max-snippet:-1","max-image-preview":"max-image-preview:large","max-video-preview":"max-video-preview:-1"},"canonical":"https:\/\/authenticdocsuk.com\/es\/deutsche-pass-kaufen\/","og_locale":"es_ES","og_type":"article","og_title":"Deutsche pass kaufen","og_description":"Authenticdocs bietet Ihnen umfassende Dienstleistungen f\u00fcr die Beantragung Ihres deutschen Reisepasses.","og_url":"https:\/\/authenticdocsuk.com\/es\/deutsche-pass-kaufen\/","og_site_name":"Authenticdocs","article_modified_time":"2025-03-17T10:38:26+00:00","og_image":[{"width":1280,"height":720,"url":"https:\/\/authenticdocsuk.com\/wp-content\/uploads\/2024\/05\/Deutsche-pass-kaufen.jpg","type":"image\/jpeg"}],"twitter_card":"summary_large_image","twitter_misc":{"Tiempo de lectura":"3 minutos"},"schema":{"@context":"https:\/\/schema.org","@graph":[{"@type":"WebPage","@id":"https:\/\/authenticdocsuk.com\/deutsche-pass-kaufen\/","url":"https:\/\/authenticdocsuk.com\/deutsche-pass-kaufen\/","name":"Deutsche pass kaufen - Authenticdocs 2026","isPartOf":{"@id":"https:\/\/authenticdocsuk.com\/#website"},"primaryImageOfPage":{"@id":"https:\/\/authenticdocsuk.com\/deutsche-pass-kaufen\/#primaryimage"},"image":{"@id":"https:\/\/authenticdocsuk.com\/deutsche-pass-kaufen\/#primaryimage"},"thumbnailUrl":"https:\/\/authenticdocsuk.com\/wp-content\/uploads\/2024\/05\/Deutsche-pass-kaufen.jpg","datePublished":"2024-05-19T07:55:29+00:00","dateModified":"2025-03-17T10:38:26+00:00","description":"Costes del permiso de conducir en  espa\u00f1ol, Authenticdocs ofrece servicios integrales para solicitar su pasaporte espa\u00f1ol.","breadcrumb":{"@id":"https:\/\/authenticdocsuk.com\/deutsche-pass-kaufen\/#breadcrumb"},"inLanguage":"es","potentialAction":[{"@type":"ReadAction","target":["https:\/\/authenticdocsuk.com\/deutsche-pass-kaufen\/"]}]},{"@type":"ImageObject","inLanguage":"es","@id":"https:\/\/authenticdocsuk.com\/deutsche-pass-kaufen\/#primaryimage","url":"https:\/\/authenticdocsuk.com\/wp-content\/uploads\/2024\/05\/Deutsche-pass-kaufen.jpg","contentUrl":"https:\/\/authenticdocsuk.com\/wp-content\/uploads\/2024\/05\/Deutsche-pass-kaufen.jpg","width":1280,"height":720,"caption":"Deutsche pass kaufen"},{"@type":"BreadcrumbList","@id":"https:\/\/authenticdocsuk.com\/deutsche-pass-kaufen\/#breadcrumb","itemListElement":[{"@type":"ListItem","position":1,"name":"Home","item":"https:\/\/authenticdocsuk.com\/"},{"@type":"ListItem","position":2,"name":"Deutsche pass kaufen"}]},{"@type":"WebSite","@id":"https:\/\/authenticdocsuk.com\/#website","url":"https:\/\/authenticdocsuk.com\/","name":"Authenticdocs","description":"Dokumente online kaufen","publisher":{"@id":"https:\/\/authenticdocsuk.com\/#organization"},"potentialAction":[{"@type":"SearchAction","target":{"@type":"EntryPoint","urlTemplate":"https:\/\/authenticdocsuk.com\/?s={search_term_string}"},"query-input":{"@type":"PropertyValueSpecification","valueRequired":true,"valueName":"search_term_string"}}],"inLanguage":"es"},{"@type":"Organization","@id":"https:\/\/authenticdocsuk.com\/#organization","name":"Authenticdocs","url":"https:\/\/authenticdocsuk.com\/","logo":{"@type":"ImageObject","inLanguage":"es","@id":"https:\/\/authenticdocsuk.com\/#\/schema\/logo\/image\/","url":"https:\/\/authenticdocsuk.com\/wp-content\/uploads\/2024\/06\/Dokumente-kaufen-logo-white.webp","contentUrl":"https:\/\/authenticdocsuk.com\/wp-content\/uploads\/2024\/06\/Dokumente-kaufen-logo-white.webp","width":1598,"height":329,"caption":"Authenticdocs"},"image":{"@id":"https:\/\/authenticdocsuk.com\/#\/schema\/logo\/image\/"}}]}},"_links":{"self":[{"href":"https:\/\/authenticdocsuk.com\/es\/wp-json\/wp\/v2\/pages\/1425","targetHints":{"allow":["GET"]}}],"collection":[{"href":"https:\/\/authenticdocsuk.com\/es\/wp-json\/wp\/v2\/pages"}],"about":[{"href":"https:\/\/authenticdocsuk.com\/es\/wp-json\/wp\/v2\/types\/page"}],"author":[{"embeddable":true,"href":"https:\/\/authenticdocsuk.com\/es\/wp-json\/wp\/v2\/users\/1"}],"replies":[{"embeddable":true,"href":"https:\/\/authenticdocsuk.com\/es\/wp-json\/wp\/v2\/comments?post=1425"}],"version-history":[{"count":10,"href":"https:\/\/authenticdocsuk.com\/es\/wp-json\/wp\/v2\/pages\/1425\/revisions"}],"predecessor-version":[{"id":1622,"href":"https:\/\/authenticdocsuk.com\/es\/wp-json\/wp\/v2\/pages\/1425\/revisions\/1622"}],"wp:featuredmedia":[{"embeddable":true,"href":"https:\/\/authenticdocsuk.com\/es\/wp-json\/wp\/v2\/media\/1462"}],"wp:attachment":[{"href":"https:\/\/authenticdocsuk.com\/es\/wp-json\/wp\/v2\/media?parent=1425"}],"curies":[{"name":"wp","href":"https:\/\/api.w.org\/{rel}","templated":true}]}}