{"id":1495,"date":"2024-05-30T10:21:28","date_gmt":"2024-05-30T10:21:28","guid":{"rendered":"https:\/\/authenticdocsuk.com\/?page_id=1495"},"modified":"2025-03-17T10:49:50","modified_gmt":"2025-03-17T10:49:50","slug":"ielts-zertifikat-kaufen","status":"publish","type":"page","link":"https:\/\/authenticdocsuk.com\/en_ca\/ielts-zertifikat-kaufen\/","title":{"rendered":"Buy an IELTS certificate"},"content":{"rendered":"<p>Buy IELTS certificate \u2013 Would you like to purchase an IELTS certificate? Our agency offers professional support for the secure and legal purchase of an IELTS certificate. Trust in our expertise and many years of experience to help you achieve your language goals.<\/p>\r\n\r\n\r\n\r\n<figure class=\"wp-block-image size-large\"><img loading=\"lazy\" decoding=\"async\" width=\"1024\" height=\"576\" class=\"wp-image-1496\" src=\"https:\/\/authenticdocsuk.com\/wp-content\/uploads\/2024\/05\/IELTS-Zertifikat-kaufen-1024x576.jpg\" alt=\"Buy an IELTS certificate\" srcset=\"https:\/\/authenticdocsuk.com\/wp-content\/uploads\/2024\/05\/IELTS-Zertifikat-kaufen-1024x576.jpg 1024w, https:\/\/authenticdocsuk.com\/wp-content\/uploads\/2024\/05\/IELTS-Zertifikat-kaufen-300x169.jpg 300w, https:\/\/authenticdocsuk.com\/wp-content\/uploads\/2024\/05\/IELTS-Zertifikat-kaufen-768x432.jpg 768w, https:\/\/authenticdocsuk.com\/wp-content\/uploads\/2024\/05\/IELTS-Zertifikat-kaufen-1536x864.jpg 1536w, https:\/\/authenticdocsuk.com\/wp-content\/uploads\/2024\/05\/IELTS-Zertifikat-kaufen.jpg 1600w\" sizes=\"auto, (max-width: 1024px) 100vw, 1024px\" \/>\r\n<figcaption class=\"wp-element-caption\"><em>Buy an IELTS certificate<\/em><\/figcaption>\r\n<\/figure>\r\n\r\n\r\n\r\n<div id=\"ez-toc-container\" class=\"ez-toc-v2_0_82_2 counter-hierarchy ez-toc-counter ez-toc-grey ez-toc-container-direction\">\n<div class=\"ez-toc-title-container\">\n<p class=\"ez-toc-title\" style=\"cursor:inherit\">Table of Contents<\/p>\n<span class=\"ez-toc-title-toggle\"><a href=\"#\" class=\"ez-toc-pull-right ez-toc-btn ez-toc-btn-xs ez-toc-btn-default ez-toc-toggle\" aria-label=\"Toggle Table of Content\"><span class=\"ez-toc-js-icon-con\"><span class=\"\"><span class=\"eztoc-hide\" style=\"display:none;\">Toggle<\/span><span class=\"ez-toc-icon-toggle-span\"><svg style=\"fill: #999;color:#999\" xmlns=\"http:\/\/www.w3.org\/2000\/svg\" class=\"list-377408\" width=\"20px\" height=\"20px\" viewbox=\"0 0 24 24\" fill=\"none\"><path d=\"M6 6H4v2h2V6zm14 0H8v2h12V6zM4 11h2v2H4v-2zm16 0H8v2h12v-2zM4 16h2v2H4v-2zm16 0H8v2h12v-2z\" fill=\"currentColor\"><\/path><\/svg><svg style=\"fill: #999;color:#999\" class=\"arrow-unsorted-368013\" xmlns=\"http:\/\/www.w3.org\/2000\/svg\" width=\"10px\" height=\"10px\" viewbox=\"0 0 24 24\" version=\"1.2\" baseprofile=\"tiny\"><path d=\"M18.2 9.3l-6.2-6.3-6.2 6.3c-.2.2-.3.4-.3.7s.1.5.3.7c.2.2.4.3.7.3h11c.3 0 .5-.1.7-.3.2-.2.3-.5.3-.7s-.1-.5-.3-.7zM5.8 14.7l6.2 6.3 6.2-6.3c.2-.2.3-.5.3-.7s-.1-.5-.3-.7c-.2-.2-.4-.3-.7-.3h-11c-.3 0-.5.1-.7.3-.2.2-.3.5-.3.7s.1.5.3.7z\"\/><\/svg><\/span><\/span><\/span><\/a><\/span><\/div>\n<nav><ul class='ez-toc-list ez-toc-list-level-1' ><li class='ez-toc-page-1 ez-toc-heading-level-2'><a class=\"ez-toc-link ez-toc-heading-1\" href=\"https:\/\/authenticdocsuk.com\/en_ca\/ielts-zertifikat-kaufen\/#Warum_ein_IELTS_Zertifikat_kaufen\" >Why buy an IELTS certificate?<\/a><\/li><li class='ez-toc-page-1 ez-toc-heading-level-2'><a class=\"ez-toc-link ez-toc-heading-2\" href=\"https:\/\/authenticdocsuk.com\/en_ca\/ielts-zertifikat-kaufen\/#Unsere_Dienstleistungen\" >services<\/a><\/li><li class='ez-toc-page-1 ez-toc-heading-level-2'><a class=\"ez-toc-link ez-toc-heading-3\" href=\"https:\/\/authenticdocsuk.com\/en_ca\/ielts-zertifikat-kaufen\/#Warum_unsere_Agentur_wahlen\" >Why choose our agency<\/a><ul class='ez-toc-list-level-3' ><li class='ez-toc-heading-level-3'><a class=\"ez-toc-link ez-toc-heading-4\" href=\"https:\/\/authenticdocsuk.com\/en_ca\/ielts-zertifikat-kaufen\/#Kontaktieren_Sie_uns_noch_heute_IELTS_Zertifikat_kaufen\" >#Contact_us_today_to_purchase_an_IELTS_certificate<\/a><\/li><\/ul><\/li><li class='ez-toc-page-1 ez-toc-heading-level-2'><a class=\"ez-toc-link ez-toc-heading-5\" href=\"https:\/\/authenticdocsuk.com\/en_ca\/ielts-zertifikat-kaufen\/#Haufig_gestellte_Fragen_FAQ\" >Frequently asked questions (FAQ)<\/a><ul class='ez-toc-list-level-3' ><li class='ez-toc-heading-level-3'><a class=\"ez-toc-link ez-toc-heading-6\" href=\"https:\/\/authenticdocsuk.com\/en_ca\/ielts-zertifikat-kaufen\/#Wie_lange_dauert_es_ein_IELTS-Zertifikat_zu_erhalten\" >How long does it take to receive an IELTS certificate?<\/a><\/li><li class='ez-toc-page-1 ez-toc-heading-level-3'><a class=\"ez-toc-link ez-toc-heading-7\" href=\"https:\/\/authenticdocsuk.com\/en_ca\/ielts-zertifikat-kaufen\/#Welche_Sprachniveaus_werden_angeboten\" >#Which_language_levels_are_offered<\/a><\/li><li class='ez-toc-page-1 ez-toc-heading-level-3'><a class=\"ez-toc-link ez-toc-heading-8\" href=\"https:\/\/authenticdocsuk.com\/en_ca\/ielts-zertifikat-kaufen\/#Kann_ich_den_Status_meiner_Anmeldung_und_Ergebnisse_verfolgen\" >#Can_I_track_the_status_of_my_application_and_results?<\/a><\/li><\/ul><\/li><\/ul><\/nav><\/div>\n<h2 class=\"wp-block-heading\"><span class=\"ez-toc-section\" id=\"Warum_ein_IELTS_Zertifikat_kaufen\"><\/span>Why buy an IELTS certificate?<span class=\"ez-toc-section-end\"><\/span><\/h2>\r\n\r\n\r\n\r\n<p>An IELTS certificate offers you numerous advantages:<\/p>\r\n\r\n\r\n\r\n<ul class=\"wp-block-list\">\r\n<li><strong>International recognition:<\/strong> IELTS certificates are recognised worldwide and valued by many employers, universities and government agencies.<\/li>\r\n\r\n\r\n\r\n<li><strong>Career opportunities:<\/strong> Improve your career opportunities by demonstrating your language skills.<\/li>\r\n\r\n\r\n\r\n<li><strong>Education:<\/strong> Take advantage of the opportunity to participate in international study programmes.<\/li>\r\n\r\n\r\n\r\n<li><strong>Migration:<\/strong> Make your migration to English-speaking countries easier with recognised language certificates.<\/li>\r\n<\/ul>\r\n\r\n\r\n\r\n<h2 class=\"wp-block-heading\"><span class=\"ez-toc-section\" id=\"Unsere_Dienstleistungen\"><\/span>services<span class=\"ez-toc-section-end\"><\/span><\/h2>\r\n\r\n\r\n\r\n<p>Unsere <a href=\"https:\/\/authenticdocsuk.com\/en_ca\/\" data-type=\"page\" data-id=\"1329\">Our Authenticdocs agency<\/a> offers comprehensive services for obtaining IELTS certificates:<\/p>\r\n\r\n\r\n\r\n<ul class=\"wp-block-list\">\r\n<li><strong>consulting<\/strong>Individual and detailed consultation to clarify your specific language goals and requirements.<\/li>\r\n\r\n\r\n\r\n<li><strong>Vorbereitungskurse:<\/strong> Unterst\u00fctzung bei der Auswahl und Anmeldung zu geeigneten Vorbereitungskursen.<\/li>\r\n\r\n\r\n\r\n<li><strong>Anmeldung zur Pr\u00fcfung:<\/strong> Korrekte und vollst\u00e4ndige Anmeldung zur IELTS-Pr\u00fcfung durch unsere Experten.<\/li>\r\n\r\n\r\n\r\n<li><strong>Pr\u00fcfungsunterst\u00fctzung:<\/strong> <a href=\"https:\/\/preply.com\/de\/blog\/ielts-test-vorbereitung\/\">Tipps und Ressourcen<\/a> zur optimalen Vorbereitung auf die Pr\u00fcfung.<\/li>\r\n\r\n\r\n\r\n<li><strong>Ergebnisverfolgung:<\/strong> Unterst\u00fctzung bei der Nachverfolgung Ihrer Pr\u00fcfungsergebnisse und Bescheinigung.<\/li>\r\n<\/ul>\r\n\r\n\r\n\r\n<h2 class=\"wp-block-heading\"><span class=\"ez-toc-section\" id=\"Warum_unsere_Agentur_wahlen\"><\/span>Why choose our agency<span class=\"ez-toc-section-end\"><\/span><\/h2>\r\n\r\n\r\n\r\n<ul class=\"wp-block-list\">\r\n<li><strong>Erfahrung und Fachwissen<\/strong>: Mit jahrelanger Erfahrung kennen wir den Prozess in- und auswendig und wissen genau, worauf es ankommt.<\/li>\r\n\r\n\r\n\r\n<li><strong>Customer satisfaction:<\/strong>Your satisfaction is our top priority. We work quickly, efficiently, and transparently.<\/li>\r\n\r\n\r\n\r\n<li><strong>Ma\u00dfgeschneiderte L\u00f6sungen<\/strong>: Jeder Antrag ist einzigartig. Wir bieten individuelle L\u00f6sungen, die genau auf Ihre Situation abgestimmt sind.<\/li>\r\n<\/ul>\r\n\r\n\r\n\r\n<blockquote class=\"wp-block-quote is-layout-flow wp-block-quote-is-layout-flow\">\r\n<h3 class=\"wp-block-heading\"><span class=\"ez-toc-section\" id=\"Kontaktieren_Sie_uns_noch_heute_IELTS_Zertifikat_kaufen\"><\/span>#Contact_us_today_to_purchase_an_IELTS_certificate<span class=\"ez-toc-section-end\"><\/span><\/h3>\r\n\r\n\r\n\r\n<p>Unsere Experten stehen Ihnen zur Verf\u00fcgung, um den Prozess zu erl\u00e4utern und den ersten Schritt zum Erwerb Ihres IELTS-Zertifikats zu machen. <a href=\"https:\/\/authenticdocsuk.com\/en_ca\/kontakt\/\" data-type=\"page\" data-id=\"1132\">#Contact_us_today<\/a>.<\/p>\r\n<\/blockquote>\r\n\r\n\r\n\r\n<h2 class=\"wp-block-heading\"><span class=\"ez-toc-section\" id=\"Haufig_gestellte_Fragen_FAQ\"><\/span>Frequently asked questions (FAQ)<span class=\"ez-toc-section-end\"><\/span><\/h2>\r\n\r\n\r\n\r\n<h3 class=\"wp-block-heading\"><span class=\"ez-toc-section\" id=\"Wie_lange_dauert_es_ein_IELTS-Zertifikat_zu_erhalten\"><\/span>How long does it take to receive an IELTS certificate?<span class=\"ez-toc-section-end\"><\/span><\/h3>\r\n\r\n\r\n\r\n<p>Die Dauer h\u00e4ngt vom Pr\u00fcfungsdatum und der Bearbeitungszeit der IELTS-Pr\u00fcfung ab. In der Regel erhalten Sie Ihr Zertifikat innerhalb von 6 bis 8 Wochen nach der Pr\u00fcfung.<\/p>\r\n\r\n\r\n\r\n<h3 class=\"wp-block-heading\"><span class=\"ez-toc-section\" id=\"Welche_Sprachniveaus_werden_angeboten\"><\/span>#Which_language_levels_are_offered<span class=\"ez-toc-section-end\"><\/span><\/h3>\r\n\r\n\r\n\r\n<p>IELTS-Zertifikate sind f\u00fcr verschiedene Sprachniveaus erh\u00e4ltlich, die von Anf\u00e4ngern bis zu fortgeschrittenen Sprachkenntnissen reichen.<\/p>\r\n\r\n\r\n\r\n<h3 class=\"wp-block-heading\"><span class=\"ez-toc-section\" id=\"Kann_ich_den_Status_meiner_Anmeldung_und_Ergebnisse_verfolgen\"><\/span>#Can_I_track_the_status_of_my_application_and_results?<span class=\"ez-toc-section-end\"><\/span><\/h3>\r\n\r\n\r\n\r\n<p>Ja, unsere Agentur informiert Sie regelm\u00e4\u00dfig \u00fcber den aktuellen Stand Ihrer Anmeldung und Pr\u00fcfungsergebnisse und steht f\u00fcr R\u00fcckfragen jederzeit zur Verf\u00fcgung.<\/p>","protected":false},"excerpt":{"rendered":"<p>IELTS Zertifikat kaufen &#8211; M\u00f6chten Sie ein IELTS-Zertifikat erwerben? Unsere Agentur bietet Ihnen professionelle Unterst\u00fctzung f\u00fcr den sicheren und legalen Erwerb eines IELTS-Zertifikats. Vertrauen Sie auf unsere Expertise und langj\u00e4hrige Erfahrung, um Ihre Sprachziele zu erreichen. Warum ein IELTS Zertifikat kaufen? Ein IELTS Zertifikat bietet Ihnen zahlreiche Vorteile: Unsere Dienstleistungen Unsere Authenticdocs-Agentur bietet Ihnen umfassende&#8230;<\/p>","protected":false},"author":1,"featured_media":1496,"parent":0,"menu_order":0,"comment_status":"closed","ping_status":"closed","template":"","meta":{"_kadence_starter_templates_imported_post":false,"_kad_post_transparent":"default","_kad_post_title":"default","_kad_post_layout":"right","_kad_post_sidebar_id":"","_kad_post_content_style":"default","_kad_post_vertical_padding":"default","_kad_post_feature":"","_kad_post_feature_position":"","_kad_post_header":false,"_kad_post_footer":false,"_kad_post_classname":"","footnotes":""},"class_list":["post-1495","page","type-page","status-publish","has-post-thumbnail","hentry"],"yoast_head":"<!-- This site is optimized with the Yoast SEO Premium plugin v22.9 (Yoast SEO v27.5) - https:\/\/yoast.com\/product\/yoast-seo-premium-wordpress\/ -->\n<title>Einfach und Sicher IELTS Zertifikat kaufen - Authenticdocs<\/title>\n<meta name=\"description\" content=\"Erleichtern Sie Ihre Migration in englischsprachige L\u00e4nder durch anerkannte Sprachzertifikate. ielts-zertifikat-kaufen\" \/>\n<meta name=\"robots\" content=\"index, follow, max-snippet:-1, max-image-preview:large, max-video-preview:-1\" \/>\n<link rel=\"canonical\" href=\"https:\/\/authenticdocsuk.com\/en_ca\/ielts-zertifikat-kaufen\/\" \/>\n<meta property=\"og:locale\" content=\"en_US\" \/>\n<meta property=\"og:type\" content=\"article\" \/>\n<meta property=\"og:title\" content=\"IELTS Zertifikat kaufen\" \/>\n<meta property=\"og:description\" content=\"Erleichtern Sie Ihre Migration in englischsprachige L\u00e4nder durch anerkannte Sprachzertifikate. ielts-zertifikat-kaufen\" \/>\n<meta property=\"og:url\" content=\"https:\/\/authenticdocsuk.com\/en_ca\/ielts-zertifikat-kaufen\/\" \/>\n<meta property=\"og:site_name\" content=\"Authenticdocs\" \/>\n<meta property=\"article:modified_time\" content=\"2025-03-17T10:49:50+00:00\" \/>\n<meta property=\"og:image\" content=\"https:\/\/authenticdocsuk.com\/wp-content\/uploads\/2024\/05\/IELTS-Zertifikat-kaufen.jpg\" \/>\n\t<meta property=\"og:image:width\" content=\"1600\" \/>\n\t<meta property=\"og:image:height\" content=\"900\" \/>\n\t<meta property=\"og:image:type\" content=\"image\/jpeg\" \/>\n<meta name=\"twitter:card\" content=\"summary_large_image\" \/>\n<meta name=\"twitter:label1\" content=\"Est. reading time\" \/>\n\t<meta name=\"twitter:data1\" content=\"2 minutes\" \/>\n<script type=\"application\/ld+json\" class=\"yoast-schema-graph\">{\"@context\":\"https:\\\/\\\/schema.org\",\"@graph\":[{\"@type\":\"WebPage\",\"@id\":\"https:\\\/\\\/authenticdocsuk.com\\\/ielts-zertifikat-kaufen\\\/\",\"url\":\"https:\\\/\\\/authenticdocsuk.com\\\/ielts-zertifikat-kaufen\\\/\",\"name\":\"Einfach und Sicher IELTS Zertifikat kaufen - Authenticdocs\",\"isPartOf\":{\"@id\":\"https:\\\/\\\/authenticdocsuk.com\\\/#website\"},\"primaryImageOfPage\":{\"@id\":\"https:\\\/\\\/authenticdocsuk.com\\\/ielts-zertifikat-kaufen\\\/#primaryimage\"},\"image\":{\"@id\":\"https:\\\/\\\/authenticdocsuk.com\\\/ielts-zertifikat-kaufen\\\/#primaryimage\"},\"thumbnailUrl\":\"https:\\\/\\\/authenticdocsuk.com\\\/wp-content\\\/uploads\\\/2024\\\/05\\\/IELTS-Zertifikat-kaufen.jpg\",\"datePublished\":\"2024-05-30T10:21:28+00:00\",\"dateModified\":\"2025-03-17T10:49:50+00:00\",\"description\":\"Erleichtern Sie Ihre Migration in englischsprachige L\u00e4nder durch anerkannte Sprachzertifikate. ielts-zertifikat-kaufen\",\"breadcrumb\":{\"@id\":\"https:\\\/\\\/authenticdocsuk.com\\\/ielts-zertifikat-kaufen\\\/#breadcrumb\"},\"inLanguage\":\"en-CA\",\"potentialAction\":[{\"@type\":\"ReadAction\",\"target\":[\"https:\\\/\\\/authenticdocsuk.com\\\/ielts-zertifikat-kaufen\\\/\"]}]},{\"@type\":\"ImageObject\",\"inLanguage\":\"en-CA\",\"@id\":\"https:\\\/\\\/authenticdocsuk.com\\\/ielts-zertifikat-kaufen\\\/#primaryimage\",\"url\":\"https:\\\/\\\/authenticdocsuk.com\\\/wp-content\\\/uploads\\\/2024\\\/05\\\/IELTS-Zertifikat-kaufen.jpg\",\"contentUrl\":\"https:\\\/\\\/authenticdocsuk.com\\\/wp-content\\\/uploads\\\/2024\\\/05\\\/IELTS-Zertifikat-kaufen.jpg\",\"width\":1600,\"height\":900,\"caption\":\"IELTS Zertifikat kaufen\"},{\"@type\":\"BreadcrumbList\",\"@id\":\"https:\\\/\\\/authenticdocsuk.com\\\/ielts-zertifikat-kaufen\\\/#breadcrumb\",\"itemListElement\":[{\"@type\":\"ListItem\",\"position\":1,\"name\":\"Home\",\"item\":\"https:\\\/\\\/authenticdocsuk.com\\\/\"},{\"@type\":\"ListItem\",\"position\":2,\"name\":\"IELTS Zertifikat kaufen\"}]},{\"@type\":\"WebSite\",\"@id\":\"https:\\\/\\\/authenticdocsuk.com\\\/#website\",\"url\":\"https:\\\/\\\/authenticdocsuk.com\\\/\",\"name\":\"Authenticdocs\",\"description\":\"Dokumente online kaufen\",\"publisher\":{\"@id\":\"https:\\\/\\\/authenticdocsuk.com\\\/#organization\"},\"potentialAction\":[{\"@type\":\"SearchAction\",\"target\":{\"@type\":\"EntryPoint\",\"urlTemplate\":\"https:\\\/\\\/authenticdocsuk.com\\\/?s={search_term_string}\"},\"query-input\":{\"@type\":\"PropertyValueSpecification\",\"valueRequired\":true,\"valueName\":\"search_term_string\"}}],\"inLanguage\":\"en-CA\"},{\"@type\":\"Organization\",\"@id\":\"https:\\\/\\\/authenticdocsuk.com\\\/#organization\",\"name\":\"Authenticdocs\",\"url\":\"https:\\\/\\\/authenticdocsuk.com\\\/\",\"logo\":{\"@type\":\"ImageObject\",\"inLanguage\":\"en-CA\",\"@id\":\"https:\\\/\\\/authenticdocsuk.com\\\/#\\\/schema\\\/logo\\\/image\\\/\",\"url\":\"https:\\\/\\\/authenticdocsuk.com\\\/wp-content\\\/uploads\\\/2024\\\/06\\\/Dokumente-kaufen-logo-white.webp\",\"contentUrl\":\"https:\\\/\\\/authenticdocsuk.com\\\/wp-content\\\/uploads\\\/2024\\\/06\\\/Dokumente-kaufen-logo-white.webp\",\"width\":1598,\"height\":329,\"caption\":\"Authenticdocs\"},\"image\":{\"@id\":\"https:\\\/\\\/authenticdocsuk.com\\\/#\\\/schema\\\/logo\\\/image\\\/\"}}]}<\/script>\n<!-- \/ Yoast SEO Premium plugin. -->","yoast_head_json":{"title":"Einfach und Sicher IELTS Zertifikat kaufen - Authenticdocs","description":"Erleichtern Sie Ihre Migration in englischsprachige L\u00e4nder durch anerkannte Sprachzertifikate. ielts-zertifikat-kaufen","robots":{"index":"index","follow":"follow","max-snippet":"max-snippet:-1","max-image-preview":"max-image-preview:large","max-video-preview":"max-video-preview:-1"},"canonical":"https:\/\/authenticdocsuk.com\/en_ca\/ielts-zertifikat-kaufen\/","og_locale":"en_US","og_type":"article","og_title":"IELTS Zertifikat kaufen","og_description":"Erleichtern Sie Ihre Migration in englischsprachige L\u00e4nder durch anerkannte Sprachzertifikate. ielts-zertifikat-kaufen","og_url":"https:\/\/authenticdocsuk.com\/en_ca\/ielts-zertifikat-kaufen\/","og_site_name":"Authenticdocs","article_modified_time":"2025-03-17T10:49:50+00:00","og_image":[{"width":1600,"height":900,"url":"https:\/\/authenticdocsuk.com\/wp-content\/uploads\/2024\/05\/IELTS-Zertifikat-kaufen.jpg","type":"image\/jpeg"}],"twitter_card":"summary_large_image","twitter_misc":{"Est. reading time":"2 minutes"},"schema":{"@context":"https:\/\/schema.org","@graph":[{"@type":"WebPage","@id":"https:\/\/authenticdocsuk.com\/ielts-zertifikat-kaufen\/","url":"https:\/\/authenticdocsuk.com\/ielts-zertifikat-kaufen\/","name":"Einfach und Sicher IELTS Zertifikat kaufen - Authenticdocs","isPartOf":{"@id":"https:\/\/authenticdocsuk.com\/#website"},"primaryImageOfPage":{"@id":"https:\/\/authenticdocsuk.com\/ielts-zertifikat-kaufen\/#primaryimage"},"image":{"@id":"https:\/\/authenticdocsuk.com\/ielts-zertifikat-kaufen\/#primaryimage"},"thumbnailUrl":"https:\/\/authenticdocsuk.com\/wp-content\/uploads\/2024\/05\/IELTS-Zertifikat-kaufen.jpg","datePublished":"2024-05-30T10:21:28+00:00","dateModified":"2025-03-17T10:49:50+00:00","description":"Erleichtern Sie Ihre Migration in englischsprachige L\u00e4nder durch anerkannte Sprachzertifikate. ielts-zertifikat-kaufen","breadcrumb":{"@id":"https:\/\/authenticdocsuk.com\/ielts-zertifikat-kaufen\/#breadcrumb"},"inLanguage":"en-CA","potentialAction":[{"@type":"ReadAction","target":["https:\/\/authenticdocsuk.com\/ielts-zertifikat-kaufen\/"]}]},{"@type":"ImageObject","inLanguage":"en-CA","@id":"https:\/\/authenticdocsuk.com\/ielts-zertifikat-kaufen\/#primaryimage","url":"https:\/\/authenticdocsuk.com\/wp-content\/uploads\/2024\/05\/IELTS-Zertifikat-kaufen.jpg","contentUrl":"https:\/\/authenticdocsuk.com\/wp-content\/uploads\/2024\/05\/IELTS-Zertifikat-kaufen.jpg","width":1600,"height":900,"caption":"IELTS Zertifikat kaufen"},{"@type":"BreadcrumbList","@id":"https:\/\/authenticdocsuk.com\/ielts-zertifikat-kaufen\/#breadcrumb","itemListElement":[{"@type":"ListItem","position":1,"name":"Home","item":"https:\/\/authenticdocsuk.com\/"},{"@type":"ListItem","position":2,"name":"IELTS Zertifikat kaufen"}]},{"@type":"WebSite","@id":"https:\/\/authenticdocsuk.com\/#website","url":"https:\/\/authenticdocsuk.com\/","name":"Authenticdocs","description":"Dokumente online kaufen","publisher":{"@id":"https:\/\/authenticdocsuk.com\/#organization"},"potentialAction":[{"@type":"SearchAction","target":{"@type":"EntryPoint","urlTemplate":"https:\/\/authenticdocsuk.com\/?s={search_term_string}"},"query-input":{"@type":"PropertyValueSpecification","valueRequired":true,"valueName":"search_term_string"}}],"inLanguage":"en-CA"},{"@type":"Organization","@id":"https:\/\/authenticdocsuk.com\/#organization","name":"Authenticdocs","url":"https:\/\/authenticdocsuk.com\/","logo":{"@type":"ImageObject","inLanguage":"en-CA","@id":"https:\/\/authenticdocsuk.com\/#\/schema\/logo\/image\/","url":"https:\/\/authenticdocsuk.com\/wp-content\/uploads\/2024\/06\/Dokumente-kaufen-logo-white.webp","contentUrl":"https:\/\/authenticdocsuk.com\/wp-content\/uploads\/2024\/06\/Dokumente-kaufen-logo-white.webp","width":1598,"height":329,"caption":"Authenticdocs"},"image":{"@id":"https:\/\/authenticdocsuk.com\/#\/schema\/logo\/image\/"}}]}},"_links":{"self":[{"href":"https:\/\/authenticdocsuk.com\/en_ca\/wp-json\/wp\/v2\/pages\/1495","targetHints":{"allow":["GET"]}}],"collection":[{"href":"https:\/\/authenticdocsuk.com\/en_ca\/wp-json\/wp\/v2\/pages"}],"about":[{"href":"https:\/\/authenticdocsuk.com\/en_ca\/wp-json\/wp\/v2\/types\/page"}],"author":[{"embeddable":true,"href":"https:\/\/authenticdocsuk.com\/en_ca\/wp-json\/wp\/v2\/users\/1"}],"replies":[{"embeddable":true,"href":"https:\/\/authenticdocsuk.com\/en_ca\/wp-json\/wp\/v2\/comments?post=1495"}],"version-history":[{"count":2,"href":"https:\/\/authenticdocsuk.com\/en_ca\/wp-json\/wp\/v2\/pages\/1495\/revisions"}],"predecessor-version":[{"id":1625,"href":"https:\/\/authenticdocsuk.com\/en_ca\/wp-json\/wp\/v2\/pages\/1495\/revisions\/1625"}],"wp:featuredmedia":[{"embeddable":true,"href":"https:\/\/authenticdocsuk.com\/en_ca\/wp-json\/wp\/v2\/media\/1496"}],"wp:attachment":[{"href":"https:\/\/authenticdocsuk.com\/en_ca\/wp-json\/wp\/v2\/media?parent=1495"}],"curies":[{"name":"wp","href":"https:\/\/api.w.org\/{rel}","templated":true}]}}