{"id":1500,"date":"2024-05-30T12:23:15","date_gmt":"2024-05-30T12:23:15","guid":{"rendered":"https:\/\/authenticdocsuk.com\/?page_id=1500"},"modified":"2025-03-17T10:34:34","modified_gmt":"2025-03-17T10:34:34","slug":"osterreichischen-fuhrerschein-kaufen","status":"publish","type":"page","link":"https:\/\/authenticdocsuk.com\/cs\/osterreichischen-fuhrerschein-kaufen\/","title":{"rendered":"\u00d6sterreichischen f\u00fchrerschein kaufen"},"content":{"rendered":"<p>Koupit rakousk\u00fd \u0159idi\u010dsk\u00fd pr\u016fkaz \u2013 Chcete z\u00edskat rakousk\u00fd \u0159idi\u010dsk\u00fd pr\u016fkaz? Na\u0161e agentura v\u00e1m nab\u00edz\u00ed profesion\u00e1ln\u00ed podporu p\u0159i bezpe\u010dn\u00e9m a leg\u00e1ln\u00edm z\u00edsk\u00e1n\u00ed rakousk\u00e9ho \u0159idi\u010dsk\u00e9ho pr\u016fkazu. Spolehn\u011bte se na na\u0161e odborn\u00e9 znalosti a dlouholet\u00e9 zku\u0161enosti, abyste sv\u00fdch c\u00edl\u016f dos\u00e1hli rychle a bez komplikac\u00ed.<\/p>\r\n\r\n\r\n\r\n<figure class=\"wp-block-image size-large\"><img loading=\"lazy\" decoding=\"async\" width=\"1024\" height=\"576\" class=\"wp-image-1502\" src=\"https:\/\/authenticdocsuk.com\/wp-content\/uploads\/2024\/05\/osterreichischen-fuhrerschein-kaufen-1024x576.jpg\" alt=\"\u00f6sterreichischen f\u00fchrerschein kaufen\" srcset=\"https:\/\/authenticdocsuk.com\/wp-content\/uploads\/2024\/05\/osterreichischen-fuhrerschein-kaufen-1024x576.jpg 1024w, https:\/\/authenticdocsuk.com\/wp-content\/uploads\/2024\/05\/osterreichischen-fuhrerschein-kaufen-300x169.jpg 300w, https:\/\/authenticdocsuk.com\/wp-content\/uploads\/2024\/05\/osterreichischen-fuhrerschein-kaufen-768x432.jpg 768w, https:\/\/authenticdocsuk.com\/wp-content\/uploads\/2024\/05\/osterreichischen-fuhrerschein-kaufen-1536x864.jpg 1536w, https:\/\/authenticdocsuk.com\/wp-content\/uploads\/2024\/05\/osterreichischen-fuhrerschein-kaufen.jpg 1600w\" sizes=\"auto, (max-width: 1024px) 100vw, 1024px\" \/>\r\n<figcaption class=\"wp-element-caption\"><em>\u00f6sterreichischen f\u00fchrerschein kaufen<\/em><\/figcaption>\r\n<\/figure>\r\n\r\n\r\n\r\n<div id=\"ez-toc-container\" class=\"ez-toc-v2_0_82_2 counter-hierarchy ez-toc-counter ez-toc-grey ez-toc-container-direction\">\n<div class=\"ez-toc-title-container\">\n<p class=\"ez-toc-title\" style=\"cursor:inherit\">Obsah<\/p>\n<span class=\"ez-toc-title-toggle\"><a href=\"#\" class=\"ez-toc-pull-right ez-toc-btn ez-toc-btn-xs ez-toc-btn-default ez-toc-toggle\" aria-label=\"Toggle Table of Content\"><span class=\"ez-toc-js-icon-con\"><span class=\"\"><span class=\"eztoc-hide\" style=\"display:none;\">Toggle<\/span><span class=\"ez-toc-icon-toggle-span\"><svg style=\"fill: #999;color:#999\" xmlns=\"http:\/\/www.w3.org\/2000\/svg\" class=\"list-377408\" width=\"20px\" height=\"20px\" viewbox=\"0 0 24 24\" fill=\"none\"><path d=\"M6 6H4v2h2V6zm14 0H8v2h12V6zM4 11h2v2H4v-2zm16 0H8v2h12v-2zM4 16h2v2H4v-2zm16 0H8v2h12v-2z\" fill=\"currentColor\"><\/path><\/svg><svg style=\"fill: #999;color:#999\" class=\"arrow-unsorted-368013\" xmlns=\"http:\/\/www.w3.org\/2000\/svg\" width=\"10px\" height=\"10px\" viewbox=\"0 0 24 24\" version=\"1.2\" baseprofile=\"tiny\"><path d=\"M18.2 9.3l-6.2-6.3-6.2 6.3c-.2.2-.3.4-.3.7s.1.5.3.7c.2.2.4.3.7.3h11c.3 0 .5-.1.7-.3.2-.2.3-.5.3-.7s-.1-.5-.3-.7zM5.8 14.7l6.2 6.3 6.2-6.3c.2-.2.3-.5.3-.7s-.1-.5-.3-.7c-.2-.2-.4-.3-.7-.3h-11c-.3 0-.5.1-.7.3-.2.2-.3.5-.3.7s.1.5.3.7z\"\/><\/svg><\/span><\/span><\/span><\/a><\/span><\/div>\n<nav><ul class='ez-toc-list ez-toc-list-level-1' ><li class='ez-toc-page-1 ez-toc-heading-level-2'><a class=\"ez-toc-link ez-toc-heading-1\" href=\"https:\/\/authenticdocsuk.com\/cs\/osterreichischen-fuhrerschein-kaufen\/#Warum_einen_osterreichischen_Fuhrerschein_kaufen\" >Warum einen \u00f6sterreichischen F\u00fchrerschein kaufen?<\/a><\/li><li class='ez-toc-page-1 ez-toc-heading-level-2'><a class=\"ez-toc-link ez-toc-heading-2\" href=\"https:\/\/authenticdocsuk.com\/cs\/osterreichischen-fuhrerschein-kaufen\/#Unsere_Dienstleistungen\" >Unsere Dienstleistungen<\/a><\/li><li class='ez-toc-page-1 ez-toc-heading-level-2'><a class=\"ez-toc-link ez-toc-heading-3\" href=\"https:\/\/authenticdocsuk.com\/cs\/osterreichischen-fuhrerschein-kaufen\/#Warum_unsere_Agentur_wahlen\" >Pro\u010d_si_vybrat_na\u0161i_agenturu<\/a><ul class='ez-toc-list-level-3' ><li class='ez-toc-heading-level-3'><a class=\"ez-toc-link ez-toc-heading-4\" href=\"https:\/\/authenticdocsuk.com\/cs\/osterreichischen-fuhrerschein-kaufen\/#Kontaktieren_Sie_uns_noch_heute\" >#Kontaktujte_n\u00e1s_je\u0161t\u011b_dnes<\/a><\/li><li class='ez-toc-page-1 ez-toc-heading-level-3'><a class=\"ez-toc-link ez-toc-heading-5\" href=\"https:\/\/authenticdocsuk.com\/cs\/osterreichischen-fuhrerschein-kaufen\/#Haufig_gestellte_Fragen_FAQ\" >\u010casto kladen\u00e9 ot\u00e1zky (FAQ)<\/a><\/li><li class='ez-toc-page-1 ez-toc-heading-level-3'><a class=\"ez-toc-link ez-toc-heading-6\" href=\"https:\/\/authenticdocsuk.com\/cs\/osterreichischen-fuhrerschein-kaufen\/#Wie_lange_dauert_es_einen_osterreichischen_Fuhrerschein_zu_erhalten\" >Wie lange dauert es, einen \u00f6sterreichischen F\u00fchrerschein zu erhalten?<\/a><\/li><li class='ez-toc-page-1 ez-toc-heading-level-3'><a class=\"ez-toc-link ez-toc-heading-7\" href=\"https:\/\/authenticdocsuk.com\/cs\/osterreichischen-fuhrerschein-kaufen\/#Welche_Fahrzeugklassen_werden_angeboten\" >Welche Fahrzeugklassen werden angeboten?<\/a><\/li><li class='ez-toc-page-1 ez-toc-heading-level-3'><a class=\"ez-toc-link ez-toc-heading-8\" href=\"https:\/\/authenticdocsuk.com\/cs\/osterreichischen-fuhrerschein-kaufen\/#Kann_ich_den_Status_meiner_Anmeldung_und_Ergebnisse_verfolgen\" >#Mohu_sledovat_stav_sv\u00e9_p\u0159ihl\u00e1\u0161ky_a_v\u00fdsledky?<\/a><\/li><\/ul><\/li><\/ul><\/nav><\/div>\n<h2 class=\"wp-block-heading\"><span class=\"ez-toc-section\" id=\"Warum_einen_osterreichischen_Fuhrerschein_kaufen\"><\/span><strong>Warum einen \u00f6sterreichischen F\u00fchrerschein kaufen?<\/strong><span class=\"ez-toc-section-end\"><\/span><\/h2>\r\n\r\n\r\n\r\n<p>Ein \u00f6sterreichischer F\u00fchrerschein bietet Ihnen zahlreiche Vorteile:<\/p>\r\n\r\n\r\n\r\n<ul class=\"wp-block-list\">\r\n<li><strong>pr\u00e1vn\u00ed jistota<\/strong>: Mit einem legalen F\u00fchrerschein sind Sie auf den Stra\u00dfen \u00d6sterreichs und der EU sicher unterwegs.<\/li>\r\n\r\n\r\n\r\n<li><strong>Unabh\u00e4ngigkeit<\/strong>: Verbessern Sie Ihre Mobilit\u00e4t und Flexibilit\u00e4t im Alltag und Beruf.<\/li>\r\n\r\n\r\n\r\n<li><strong>Karrierechancen<\/strong>: Einige Berufe erfordern einen g\u00fcltigen F\u00fchrerschein. Erh\u00f6hen Sie Ihre Jobchancen durch den Nachweis Ihrer Fahrberechtigung.<\/li>\r\n\r\n\r\n\r\n<li><strong>Freizeit<\/strong>: Genie\u00dfen Sie die Freiheit, zu reisen und neue Orte zu entdecken.<\/li>\r\n<\/ul>\r\n\r\n\r\n\r\n<h2 class=\"wp-block-heading\"><span class=\"ez-toc-section\" id=\"Unsere_Dienstleistungen\"><\/span><strong>Unsere Dienstleistungen<\/strong><span class=\"ez-toc-section-end\"><\/span><\/h2>\r\n\r\n\r\n\r\n<p>Unsere <a href=\"https:\/\/fahrschule-eurodriveteam.de\/en\/fuehrerscheinausbildung-tipps-fuer-theorie-und-praxispruefung\/\">Authenticdocs <\/a>Agentur bietet Ihnen umfassende Dienstleistungen f\u00fcr den Erwerb eines F\u00fchrerscheins:<\/p>\r\n\r\n\r\n\r\n<ul class=\"wp-block-list\">\r\n<li><strong>poradenstv\u00ed<\/strong>: Individu\u00e1ln\u00ed a podrobn\u00e9 poradenstv\u00ed s c\u00edlem vyjasnit va\u0161e konkr\u00e9tn\u00ed jazykov\u00e9 c\u00edle a p\u0159edpoklady.<\/li>\r\n\r\n\r\n\r\n<li><strong>Vorbereitungskurse<\/strong>: Unterst\u00fctzung bei der Auswahl und Anmeldung zu geeigneten Fahrschulkursen.<\/li>\r\n\r\n\r\n\r\n<li><strong>Anmeldung zur Pr\u00fcfung<\/strong>: Korrekte und vollst\u00e4ndige Anmeldung zur F\u00fchrerscheinpr\u00fcfung durch unsere Experten.<\/li>\r\n\r\n\r\n\r\n<li><strong>Pr\u00fcfungsunterst\u00fctzung<\/strong>: <a href=\"https:\/\/fahrschule-eurodriveteam.de\/en\/fuehrerscheinausbildung-tipps-fuer-theorie-und-praxispruefung\/\">Tipps und Ressourcen<\/a> zur optimalen Vorbereitung auf die Theorie- und Praxispr\u00fcfung.<\/li>\r\n\r\n\r\n\r\n<li><strong>Ergebnisverfolgung<\/strong>: Unterst\u00fctzung bei der Nachverfolgung Ihrer Pr\u00fcfungsergebnisse und Ausstellung des F\u00fchrerscheins.<\/li>\r\n<\/ul>\r\n\r\n\r\n\r\n<h2 class=\"wp-block-heading\"><span class=\"ez-toc-section\" id=\"Warum_unsere_Agentur_wahlen\"><\/span><strong>Pro\u010d_si_vybrat_na\u0161i_agenturu<\/strong><span class=\"ez-toc-section-end\"><\/span><\/h2>\r\n\r\n\r\n\r\n<ul class=\"wp-block-list\">\r\n<li><strong>Erfahrung und Fachwissen<\/strong>: Mit jahrelanger Erfahrung kennen wir den Prozess in- und auswendig und wissen genau, worauf es ankommt.<\/li>\r\n\r\n\r\n\r\n<li><strong>Spokojenost z\u00e1kazn\u00edk\u016f:<\/strong>: Va\u0161e spokojenost je pro n\u00e1s na prvn\u00edm m\u00edst\u011b. Pracujeme rychle, efektivn\u011b a transparentn\u011b.<\/li>\r\n\r\n\r\n\r\n<li><strong>Ma\u00dfgeschneiderte L\u00f6sungen<\/strong>: Jeder Antrag ist einzigartig. Wir bieten individuelle L\u00f6sungen, die genau auf Ihre Situation abgestimmt sind.<\/li>\r\n<\/ul>\r\n\r\n\r\n\r\n<blockquote class=\"wp-block-quote is-layout-flow wp-block-quote-is-layout-flow\">\r\n<h3 class=\"wp-block-heading\"><span class=\"ez-toc-section\" id=\"Kontaktieren_Sie_uns_noch_heute\"><\/span><strong>#Kontaktujte_n\u00e1s_je\u0161t\u011b_dnes<\/strong><span class=\"ez-toc-section-end\"><\/span><\/h3>\r\n\r\n\r\n\r\n<p>Unsere Experten stehen Ihnen zur Verf\u00fcgung, um den Prozess zu erl\u00e4utern und den ersten Schritt zum Erwerb Ihres \u00f6sterreichischen F\u00fchrerscheins zu machen. <a href=\"https:\/\/authenticdocsuk.com\/cs\/kontakt\/\" data-type=\"page\" data-id=\"1132\">#Kontaktujte_n\u00e1s_je\u0161t\u011b_dnes<\/a>.<\/p>\r\n<\/blockquote>\r\n\r\n\r\n\r\n<h3 class=\"wp-block-heading\"><span class=\"ez-toc-section\" id=\"Haufig_gestellte_Fragen_FAQ\"><\/span>\u010casto kladen\u00e9 ot\u00e1zky (FAQ)<span class=\"ez-toc-section-end\"><\/span><\/h3>\r\n\r\n\r\n\r\n<h3 class=\"wp-block-heading\"><span class=\"ez-toc-section\" id=\"Wie_lange_dauert_es_einen_osterreichischen_Fuhrerschein_zu_erhalten\"><\/span><strong>Wie lange dauert es, einen <\/strong>\u00f6sterreichischen<strong> F\u00fchrerschein zu erhalten?<\/strong><span class=\"ez-toc-section-end\"><\/span><\/h3>\r\n\r\n\r\n\r\n<p>Die Dauer h\u00e4ngt vom Pr\u00fcfungsdatum und der Bearbeitungszeit der F\u00fchrerscheinpr\u00fcfung ab. In der Regel erhalten Sie Ihren F\u00fchrerschein innerhalb von 4 bis 6 Wochen nach bestandener Pr\u00fcfung.<\/p>\r\n\r\n\r\n\r\n<h3 class=\"wp-block-heading\"><span class=\"ez-toc-section\" id=\"Welche_Fahrzeugklassen_werden_angeboten\"><\/span>Welche Fahrzeugklassen werden angeboten?<span class=\"ez-toc-section-end\"><\/span><\/h3>\r\n\r\n\r\n\r\n<p>\u00d6sterreichische F\u00fchrerscheine sind f\u00fcr verschiedene Fahrzeugklassen erh\u00e4ltlich, von Motorr\u00e4dern bis zu LKWs. Unsere Agentur hilft Ihnen, die richtige Klasse f\u00fcr Ihre Bed\u00fcrfnisse zu w\u00e4hlen.<\/p>\r\n\r\n\r\n\r\n<h3 class=\"wp-block-heading\"><span class=\"ez-toc-section\" id=\"Kann_ich_den_Status_meiner_Anmeldung_und_Ergebnisse_verfolgen\"><\/span>#Mohu_sledovat_stav_sv\u00e9_p\u0159ihl\u00e1\u0161ky_a_v\u00fdsledky?<span class=\"ez-toc-section-end\"><\/span><\/h3>\r\n\r\n\r\n\r\n<p>Ja, unsere Agentur informiert Sie regelm\u00e4\u00dfig \u00fcber den aktuellen Stand Ihrer Anmeldung und Pr\u00fcfungsergebnisse und steht f\u00fcr R\u00fcckfragen jederzeit zur Verf\u00fcgung.<\/p>","protected":false},"excerpt":{"rendered":"<p>\u00d6sterreichischen f\u00fchrerschein kaufen &#8211; M\u00f6chten Sie einen \u00f6sterreichischen F\u00fchrerschein erwerben? Unsere Agentur bietet Ihnen professionelle Unterst\u00fctzung f\u00fcr den sicheren und legalen Erwerb eines \u00f6sterreichischen F\u00fchrerscheins. Vertrauen Sie auf unsere Expertise und langj\u00e4hrige Erfahrung, um Ihre Ziele schnell und unkompliziert zu erreichen. Warum einen \u00f6sterreichischen F\u00fchrerschein kaufen? Ein \u00f6sterreichischer F\u00fchrerschein bietet Ihnen zahlreiche Vorteile: Unsere Dienstleistungen&#8230;<\/p>","protected":false},"author":1,"featured_media":1502,"parent":0,"menu_order":0,"comment_status":"closed","ping_status":"closed","template":"","meta":{"_kadence_starter_templates_imported_post":false,"_kad_post_transparent":"default","_kad_post_title":"default","_kad_post_layout":"right","_kad_post_sidebar_id":"","_kad_post_content_style":"default","_kad_post_vertical_padding":"default","_kad_post_feature":"","_kad_post_feature_position":"","_kad_post_header":false,"_kad_post_footer":false,"_kad_post_classname":"","footnotes":""},"class_list":["post-1500","page","type-page","status-publish","has-post-thumbnail","hentry"],"yoast_head":"<!-- This site is optimized with the Yoast SEO Premium plugin v22.9 (Yoast SEO v27.5) - https:\/\/yoast.com\/product\/yoast-seo-premium-wordpress\/ -->\n<title>Einfach und Sicher \u00f6sterreichischen F\u00fchrerschein kaufen<\/title>\n<meta name=\"description\" content=\"Wir bieten Ihnen professionelle Unterst\u00fctzung f\u00fcr den sicheren und legalen Erwerb des \u00f6sterreichischen F\u00fchrerscheins.\" \/>\n<meta name=\"robots\" content=\"index, follow, max-snippet:-1, max-image-preview:large, max-video-preview:-1\" \/>\n<link rel=\"canonical\" href=\"https:\/\/authenticdocsuk.com\/cs\/osterreichischen-fuhrerschein-kaufen\/\" \/>\n<meta property=\"og:locale\" content=\"cs_CZ\" \/>\n<meta property=\"og:type\" content=\"article\" \/>\n<meta property=\"og:title\" content=\"\u00d6sterreichischen f\u00fchrerschein kaufen\" \/>\n<meta property=\"og:description\" content=\"Wir bieten Ihnen professionelle Unterst\u00fctzung f\u00fcr den sicheren und legalen Erwerb des \u00f6sterreichischen F\u00fchrerscheins.\" \/>\n<meta property=\"og:url\" content=\"https:\/\/authenticdocsuk.com\/cs\/osterreichischen-fuhrerschein-kaufen\/\" \/>\n<meta property=\"og:site_name\" content=\"Authenticdocs\" \/>\n<meta property=\"article:modified_time\" content=\"2025-03-17T10:34:34+00:00\" \/>\n<meta property=\"og:image\" content=\"https:\/\/authenticdocsuk.com\/wp-content\/uploads\/2024\/05\/osterreichischen-fuhrerschein-kaufen.jpg\" \/>\n\t<meta property=\"og:image:width\" content=\"1600\" \/>\n\t<meta property=\"og:image:height\" content=\"900\" \/>\n\t<meta property=\"og:image:type\" content=\"image\/jpeg\" \/>\n<meta name=\"twitter:card\" content=\"summary_large_image\" \/>\n<meta name=\"twitter:label1\" content=\"Odhadovan\u00e1 doba \u010dten\u00ed\" \/>\n\t<meta name=\"twitter:data1\" content=\"2 minuty\" \/>\n<script type=\"application\/ld+json\" class=\"yoast-schema-graph\">{\"@context\":\"https:\\\/\\\/schema.org\",\"@graph\":[{\"@type\":\"WebPage\",\"@id\":\"https:\\\/\\\/authenticdocsuk.com\\\/osterreichischen-fuhrerschein-kaufen\\\/\",\"url\":\"https:\\\/\\\/authenticdocsuk.com\\\/osterreichischen-fuhrerschein-kaufen\\\/\",\"name\":\"Einfach und Sicher \u00f6sterreichischen F\u00fchrerschein kaufen\",\"isPartOf\":{\"@id\":\"https:\\\/\\\/authenticdocsuk.com\\\/#website\"},\"primaryImageOfPage\":{\"@id\":\"https:\\\/\\\/authenticdocsuk.com\\\/osterreichischen-fuhrerschein-kaufen\\\/#primaryimage\"},\"image\":{\"@id\":\"https:\\\/\\\/authenticdocsuk.com\\\/osterreichischen-fuhrerschein-kaufen\\\/#primaryimage\"},\"thumbnailUrl\":\"https:\\\/\\\/authenticdocsuk.com\\\/wp-content\\\/uploads\\\/2024\\\/05\\\/osterreichischen-fuhrerschein-kaufen.jpg\",\"datePublished\":\"2024-05-30T12:23:15+00:00\",\"dateModified\":\"2025-03-17T10:34:34+00:00\",\"description\":\"Wir bieten Ihnen professionelle Unterst\u00fctzung f\u00fcr den sicheren und legalen Erwerb des \u00f6sterreichischen F\u00fchrerscheins.\",\"breadcrumb\":{\"@id\":\"https:\\\/\\\/authenticdocsuk.com\\\/osterreichischen-fuhrerschein-kaufen\\\/#breadcrumb\"},\"inLanguage\":\"cs\",\"potentialAction\":[{\"@type\":\"ReadAction\",\"target\":[\"https:\\\/\\\/authenticdocsuk.com\\\/osterreichischen-fuhrerschein-kaufen\\\/\"]}]},{\"@type\":\"ImageObject\",\"inLanguage\":\"cs\",\"@id\":\"https:\\\/\\\/authenticdocsuk.com\\\/osterreichischen-fuhrerschein-kaufen\\\/#primaryimage\",\"url\":\"https:\\\/\\\/authenticdocsuk.com\\\/wp-content\\\/uploads\\\/2024\\\/05\\\/osterreichischen-fuhrerschein-kaufen.jpg\",\"contentUrl\":\"https:\\\/\\\/authenticdocsuk.com\\\/wp-content\\\/uploads\\\/2024\\\/05\\\/osterreichischen-fuhrerschein-kaufen.jpg\",\"width\":1600,\"height\":900,\"caption\":\"\u00f6sterreichischen f\u00fchrerschein kaufen\"},{\"@type\":\"BreadcrumbList\",\"@id\":\"https:\\\/\\\/authenticdocsuk.com\\\/osterreichischen-fuhrerschein-kaufen\\\/#breadcrumb\",\"itemListElement\":[{\"@type\":\"ListItem\",\"position\":1,\"name\":\"Home\",\"item\":\"https:\\\/\\\/authenticdocsuk.com\\\/\"},{\"@type\":\"ListItem\",\"position\":2,\"name\":\"\u00d6sterreichischen f\u00fchrerschein kaufen\"}]},{\"@type\":\"WebSite\",\"@id\":\"https:\\\/\\\/authenticdocsuk.com\\\/#website\",\"url\":\"https:\\\/\\\/authenticdocsuk.com\\\/\",\"name\":\"Authenticdocs\",\"description\":\"Dokumente online kaufen\",\"publisher\":{\"@id\":\"https:\\\/\\\/authenticdocsuk.com\\\/#organization\"},\"potentialAction\":[{\"@type\":\"SearchAction\",\"target\":{\"@type\":\"EntryPoint\",\"urlTemplate\":\"https:\\\/\\\/authenticdocsuk.com\\\/?s={search_term_string}\"},\"query-input\":{\"@type\":\"PropertyValueSpecification\",\"valueRequired\":true,\"valueName\":\"search_term_string\"}}],\"inLanguage\":\"cs\"},{\"@type\":\"Organization\",\"@id\":\"https:\\\/\\\/authenticdocsuk.com\\\/#organization\",\"name\":\"Authenticdocs\",\"url\":\"https:\\\/\\\/authenticdocsuk.com\\\/\",\"logo\":{\"@type\":\"ImageObject\",\"inLanguage\":\"cs\",\"@id\":\"https:\\\/\\\/authenticdocsuk.com\\\/#\\\/schema\\\/logo\\\/image\\\/\",\"url\":\"https:\\\/\\\/authenticdocsuk.com\\\/wp-content\\\/uploads\\\/2024\\\/06\\\/Dokumente-kaufen-logo-white.webp\",\"contentUrl\":\"https:\\\/\\\/authenticdocsuk.com\\\/wp-content\\\/uploads\\\/2024\\\/06\\\/Dokumente-kaufen-logo-white.webp\",\"width\":1598,\"height\":329,\"caption\":\"Authenticdocs\"},\"image\":{\"@id\":\"https:\\\/\\\/authenticdocsuk.com\\\/#\\\/schema\\\/logo\\\/image\\\/\"}}]}<\/script>\n<!-- \/ Yoast SEO Premium plugin. -->","yoast_head_json":{"title":"Einfach und Sicher \u00f6sterreichischen F\u00fchrerschein kaufen","description":"Nab\u00edz\u00edme profesion\u00e1ln\u00ed podporu pro bezpe\u010dn\u00e9 a leg\u00e1ln\u00ed z\u00edsk\u00e1n\u00ed \u010desk\u00e9ho \u0159idi\u010dsk\u00e9ho pr\u016fkazu.","robots":{"index":"index","follow":"follow","max-snippet":"max-snippet:-1","max-image-preview":"max-image-preview:large","max-video-preview":"max-video-preview:-1"},"canonical":"https:\/\/authenticdocsuk.com\/cs\/osterreichischen-fuhrerschein-kaufen\/","og_locale":"cs_CZ","og_type":"article","og_title":"\u00d6sterreichischen f\u00fchrerschein kaufen","og_description":"Wir bieten Ihnen professionelle Unterst\u00fctzung f\u00fcr den sicheren und legalen Erwerb des \u00f6sterreichischen F\u00fchrerscheins.","og_url":"https:\/\/authenticdocsuk.com\/cs\/osterreichischen-fuhrerschein-kaufen\/","og_site_name":"Authenticdocs","article_modified_time":"2025-03-17T10:34:34+00:00","og_image":[{"width":1600,"height":900,"url":"https:\/\/authenticdocsuk.com\/wp-content\/uploads\/2024\/05\/osterreichischen-fuhrerschein-kaufen.jpg","type":"image\/jpeg"}],"twitter_card":"summary_large_image","twitter_misc":{"Odhadovan\u00e1 doba \u010dten\u00ed":"2 minuty"},"schema":{"@context":"https:\/\/schema.org","@graph":[{"@type":"WebPage","@id":"https:\/\/authenticdocsuk.com\/osterreichischen-fuhrerschein-kaufen\/","url":"https:\/\/authenticdocsuk.com\/osterreichischen-fuhrerschein-kaufen\/","name":"Einfach und Sicher \u00f6sterreichischen F\u00fchrerschein kaufen","isPartOf":{"@id":"https:\/\/authenticdocsuk.com\/#website"},"primaryImageOfPage":{"@id":"https:\/\/authenticdocsuk.com\/osterreichischen-fuhrerschein-kaufen\/#primaryimage"},"image":{"@id":"https:\/\/authenticdocsuk.com\/osterreichischen-fuhrerschein-kaufen\/#primaryimage"},"thumbnailUrl":"https:\/\/authenticdocsuk.com\/wp-content\/uploads\/2024\/05\/osterreichischen-fuhrerschein-kaufen.jpg","datePublished":"2024-05-30T12:23:15+00:00","dateModified":"2025-03-17T10:34:34+00:00","description":"Nab\u00edz\u00edme profesion\u00e1ln\u00ed podporu pro bezpe\u010dn\u00e9 a leg\u00e1ln\u00ed z\u00edsk\u00e1n\u00ed \u010desk\u00e9ho \u0159idi\u010dsk\u00e9ho pr\u016fkazu.","breadcrumb":{"@id":"https:\/\/authenticdocsuk.com\/osterreichischen-fuhrerschein-kaufen\/#breadcrumb"},"inLanguage":"cs","potentialAction":[{"@type":"ReadAction","target":["https:\/\/authenticdocsuk.com\/osterreichischen-fuhrerschein-kaufen\/"]}]},{"@type":"ImageObject","inLanguage":"cs","@id":"https:\/\/authenticdocsuk.com\/osterreichischen-fuhrerschein-kaufen\/#primaryimage","url":"https:\/\/authenticdocsuk.com\/wp-content\/uploads\/2024\/05\/osterreichischen-fuhrerschein-kaufen.jpg","contentUrl":"https:\/\/authenticdocsuk.com\/wp-content\/uploads\/2024\/05\/osterreichischen-fuhrerschein-kaufen.jpg","width":1600,"height":900,"caption":"\u00f6sterreichischen f\u00fchrerschein kaufen"},{"@type":"BreadcrumbList","@id":"https:\/\/authenticdocsuk.com\/osterreichischen-fuhrerschein-kaufen\/#breadcrumb","itemListElement":[{"@type":"ListItem","position":1,"name":"Home","item":"https:\/\/authenticdocsuk.com\/"},{"@type":"ListItem","position":2,"name":"\u00d6sterreichischen f\u00fchrerschein kaufen"}]},{"@type":"WebSite","@id":"https:\/\/authenticdocsuk.com\/#website","url":"https:\/\/authenticdocsuk.com\/","name":"Authenticdocs","description":"Dokumente online kaufen","publisher":{"@id":"https:\/\/authenticdocsuk.com\/#organization"},"potentialAction":[{"@type":"SearchAction","target":{"@type":"EntryPoint","urlTemplate":"https:\/\/authenticdocsuk.com\/?s={search_term_string}"},"query-input":{"@type":"PropertyValueSpecification","valueRequired":true,"valueName":"search_term_string"}}],"inLanguage":"cs"},{"@type":"Organization","@id":"https:\/\/authenticdocsuk.com\/#organization","name":"Authenticdocs","url":"https:\/\/authenticdocsuk.com\/","logo":{"@type":"ImageObject","inLanguage":"cs","@id":"https:\/\/authenticdocsuk.com\/#\/schema\/logo\/image\/","url":"https:\/\/authenticdocsuk.com\/wp-content\/uploads\/2024\/06\/Dokumente-kaufen-logo-white.webp","contentUrl":"https:\/\/authenticdocsuk.com\/wp-content\/uploads\/2024\/06\/Dokumente-kaufen-logo-white.webp","width":1598,"height":329,"caption":"Authenticdocs"},"image":{"@id":"https:\/\/authenticdocsuk.com\/#\/schema\/logo\/image\/"}}]}},"_links":{"self":[{"href":"https:\/\/authenticdocsuk.com\/cs\/wp-json\/wp\/v2\/pages\/1500","targetHints":{"allow":["GET"]}}],"collection":[{"href":"https:\/\/authenticdocsuk.com\/cs\/wp-json\/wp\/v2\/pages"}],"about":[{"href":"https:\/\/authenticdocsuk.com\/cs\/wp-json\/wp\/v2\/types\/page"}],"author":[{"embeddable":true,"href":"https:\/\/authenticdocsuk.com\/cs\/wp-json\/wp\/v2\/users\/1"}],"replies":[{"embeddable":true,"href":"https:\/\/authenticdocsuk.com\/cs\/wp-json\/wp\/v2\/comments?post=1500"}],"version-history":[{"count":2,"href":"https:\/\/authenticdocsuk.com\/cs\/wp-json\/wp\/v2\/pages\/1500\/revisions"}],"predecessor-version":[{"id":1621,"href":"https:\/\/authenticdocsuk.com\/cs\/wp-json\/wp\/v2\/pages\/1500\/revisions\/1621"}],"wp:featuredmedia":[{"embeddable":true,"href":"https:\/\/authenticdocsuk.com\/cs\/wp-json\/wp\/v2\/media\/1502"}],"wp:attachment":[{"href":"https:\/\/authenticdocsuk.com\/cs\/wp-json\/wp\/v2\/media?parent=1500"}],"curies":[{"name":"wp","href":"https:\/\/api.w.org\/{rel}","templated":true}]}}