{"id":1425,"date":"2024-05-19T07:55:29","date_gmt":"2024-05-19T07:55:29","guid":{"rendered":"https:\/\/authenticdocsuk.com\/?page_id=1425"},"modified":"2025-03-17T10:38:26","modified_gmt":"2025-03-17T10:38:26","slug":"deutsche-pass-kaufen","status":"publish","type":"page","link":"https:\/\/authenticdocsuk.com\/cs\/deutsche-pass-kaufen\/","title":{"rendered":"Koupit \u010desk\u00fd pas"},"content":{"rendered":"<p>Koupit n\u011bmeck\u00fd pas \u2013 v\u00e1\u0161 partner pro pod\u00e1n\u00ed \u017e\u00e1dosti o n\u011bmeck\u00fd cestovn\u00ed pas<br \/>Willkommen bei der <a href=\"https:\/\/authenticdocsuk.com\/cs\/\" data-type=\"page\" data-id=\"1329\">Authenticdocs-agentschap<\/a>!<\/p>\r\n\r\n\r\n\r\n<p>Pot\u0159ebujete n\u011bmeck\u00fd cestovn\u00ed pas? Na\u0161e zku\u0161en\u00e1 agentura v\u00e1s provede cel\u00fdm procesem. S na\u0161\u00ed podporou m\u016f\u017eete rychle a snadno po\u017e\u00e1dat o n\u011bmeck\u00fd cestovn\u00ed pas.<\/p>\r\n\r\n\r\n\r\n<figure class=\"wp-block-image size-large\"><img loading=\"lazy\" decoding=\"async\" width=\"1024\" height=\"576\" class=\"wp-image-1462\" src=\"https:\/\/authenticdocsuk.com\/wp-content\/uploads\/2024\/05\/Deutsche-pass-kaufen-1024x576.jpg\" alt=\"Koupit \u010desk\u00fd pas\" srcset=\"https:\/\/authenticdocsuk.com\/wp-content\/uploads\/2024\/05\/Deutsche-pass-kaufen-1024x576.jpg 1024w, https:\/\/authenticdocsuk.com\/wp-content\/uploads\/2024\/05\/Deutsche-pass-kaufen-300x169.jpg 300w, https:\/\/authenticdocsuk.com\/wp-content\/uploads\/2024\/05\/Deutsche-pass-kaufen-768x432.jpg 768w, https:\/\/authenticdocsuk.com\/wp-content\/uploads\/2024\/05\/Deutsche-pass-kaufen.jpg 1280w\" sizes=\"auto, (max-width: 1024px) 100vw, 1024px\" \/>\r\n<figcaption class=\"wp-element-caption\"><em>Koupit \u010desk\u00fd pas<\/em><\/figcaption>\r\n<\/figure>\r\n\r\n\r\n\r\n<div id=\"ez-toc-container\" class=\"ez-toc-v2_0_82_2 counter-hierarchy ez-toc-counter ez-toc-grey ez-toc-container-direction\">\n<div class=\"ez-toc-title-container\">\n<p class=\"ez-toc-title\" style=\"cursor:inherit\">Obsah<\/p>\n<span class=\"ez-toc-title-toggle\"><a href=\"#\" class=\"ez-toc-pull-right ez-toc-btn ez-toc-btn-xs ez-toc-btn-default ez-toc-toggle\" aria-label=\"Toggle Table of Content\"><span class=\"ez-toc-js-icon-con\"><span class=\"\"><span class=\"eztoc-hide\" style=\"display:none;\">Toggle<\/span><span class=\"ez-toc-icon-toggle-span\"><svg style=\"fill: #999;color:#999\" xmlns=\"http:\/\/www.w3.org\/2000\/svg\" class=\"list-377408\" width=\"20px\" height=\"20px\" viewbox=\"0 0 24 24\" fill=\"none\"><path d=\"M6 6H4v2h2V6zm14 0H8v2h12V6zM4 11h2v2H4v-2zm16 0H8v2h12v-2zM4 16h2v2H4v-2zm16 0H8v2h12v-2z\" fill=\"currentColor\"><\/path><\/svg><svg style=\"fill: #999;color:#999\" class=\"arrow-unsorted-368013\" xmlns=\"http:\/\/www.w3.org\/2000\/svg\" width=\"10px\" height=\"10px\" viewbox=\"0 0 24 24\" version=\"1.2\" baseprofile=\"tiny\"><path d=\"M18.2 9.3l-6.2-6.3-6.2 6.3c-.2.2-.3.4-.3.7s.1.5.3.7c.2.2.4.3.7.3h11c.3 0 .5-.1.7-.3.2-.2.3-.5.3-.7s-.1-.5-.3-.7zM5.8 14.7l6.2 6.3 6.2-6.3c.2-.2.3-.5.3-.7s-.1-.5-.3-.7c-.2-.2-.4-.3-.7-.3h-11c-.3 0-.5.1-.7.3-.2.2-.3.5-.3.7s.1.5.3.7z\"\/><\/svg><\/span><\/span><\/span><\/a><\/span><\/div>\n<nav><ul class='ez-toc-list ez-toc-list-level-1' ><li class='ez-toc-page-1 ez-toc-heading-level-2'><a class=\"ez-toc-link ez-toc-heading-1\" href=\"https:\/\/authenticdocsuk.com\/cs\/deutsche-pass-kaufen\/#Warum_einen_deutsche_pass_kaufen\" >Koupit \u010desk\u00fd pas<\/a><\/li><li class='ez-toc-page-1 ez-toc-heading-level-2'><a class=\"ez-toc-link ez-toc-heading-2\" href=\"https:\/\/authenticdocsuk.com\/cs\/deutsche-pass-kaufen\/#Unsere_Dienstleistungen\" >Unsere Dienstleistungen<\/a><\/li><li class='ez-toc-page-1 ez-toc-heading-level-2'><a class=\"ez-toc-link ez-toc-heading-3\" href=\"https:\/\/authenticdocsuk.com\/cs\/deutsche-pass-kaufen\/#Warum_sollten_Sie_sich_fur_die_Agentur_Authenticdocs_entscheiden\" >Pro\u010d byste se m\u011bli rozhodnout pro agenturu Authenticdocs?<\/a><ul class='ez-toc-list-level-3' ><li class='ez-toc-heading-level-3'><a class=\"ez-toc-link ez-toc-heading-4\" href=\"https:\/\/authenticdocsuk.com\/cs\/deutsche-pass-kaufen\/#Kontaktieren_Sie_uns_noch_heute_%E2%80%93_Deutsche_pass_kaufen\" >Kontaktujte n\u00e1s je\u0161t\u011b dnes \u2013 Kupte si polsk\u00fd pas<\/a><\/li><\/ul><\/li><li class='ez-toc-page-1 ez-toc-heading-level-2'><a class=\"ez-toc-link ez-toc-heading-5\" href=\"https:\/\/authenticdocsuk.com\/cs\/deutsche-pass-kaufen\/#Haufig_gestellte_Fragen_FAQ\" >\u010casto kladen\u00e9 ot\u00e1zky (FAQ)<\/a><ul class='ez-toc-list-level-3' ><li class='ez-toc-heading-level-3'><a class=\"ez-toc-link ez-toc-heading-6\" href=\"https:\/\/authenticdocsuk.com\/cs\/deutsche-pass-kaufen\/#Wie_lange_dauert_es_einen_deutschen_Reisepass_zu_erhalten\" >Jak dlouho trv\u00e1 z\u00edsk\u00e1n\u00ed n\u011bmeck\u00e9ho pasu?<\/a><\/li><li class='ez-toc-page-1 ez-toc-heading-level-3'><a class=\"ez-toc-link ez-toc-heading-7\" href=\"https:\/\/authenticdocsuk.com\/cs\/deutsche-pass-kaufen\/#Welche_Unterlagen_werden_benotigt\" >Jak\u00e9 dokumenty jsou pot\u0159ebn\u00e9<\/a><\/li><li class='ez-toc-page-1 ez-toc-heading-level-3'><a class=\"ez-toc-link ez-toc-heading-8\" href=\"https:\/\/authenticdocsuk.com\/cs\/deutsche-pass-kaufen\/#Kann_ich_den_Status_meines_Antrags_verfolgen\" >Kann ich den Status meines Antrags verfolgen?<\/a><\/li><\/ul><\/li><\/ul><\/nav><\/div>\n<h2 class=\"wp-block-heading\"><span class=\"ez-toc-section\" id=\"Warum_einen_deutsche_pass_kaufen\"><\/span>Koupit \u010desk\u00fd pas<span class=\"ez-toc-section-end\"><\/span><\/h2>\r\n\r\n\r\n\r\n<p>N\u011bmeck\u00fd cestovn\u00ed pas v\u00e1m otev\u00edr\u00e1 \u0159adu mo\u017enost\u00ed:<\/p>\r\n\r\n\r\n\r\n<ul class=\"wp-block-list\">\r\n<li><strong>Szabad utaz\u00e1s:<\/strong> Genie\u00dfen Sie visumfreies Reisen in \u00fcber <a href=\"https:\/\/visaindex.com\/de\/visa-anforderungen\/visumfreie-laender-fuer-inhaber-eines-reisepasses-von-deutschland\/\">150 zem\u00ed po cel\u00e9m sv\u011bt\u011b<\/a>.<\/li>\r\n\r\n\r\n\r\n<li><strong>Vzd\u011bl\u00e1n\u00ed na sv\u011btov\u00e9 \u00farovni:<\/strong> Vyu\u017eijte prvot\u0159\u00eddn\u00ed vzd\u011bl\u00e1vac\u00ed syst\u00e9m a \u010detn\u00e9 mo\u017enosti studia.<\/li>\r\n\r\n\r\n\r\n<li><strong>Kari\u00e9rn\u00ed p\u0159\u00edle\u017eitosti:<\/strong> Z\u00edskejte p\u0159\u00edstup k jednomu z nejsiln\u011bj\u0161\u00edch pracovn\u00edch trh\u016f na sv\u011bt\u011b.<\/li>\r\n\r\n\r\n\r\n<li><strong>Bezpe\u010dnost a stabilita:<\/strong> \u00c9ljen a vil\u00e1g egyik legbiztons\u00e1gosabb \u00e9s politikailag legstabilabb orsz\u00e1g\u00e1ban.<\/li>\r\n<\/ul>\r\n\r\n\r\n\r\n<h2 class=\"wp-block-heading\"><span class=\"ez-toc-section\" id=\"Unsere_Dienstleistungen\"><\/span>Unsere Dienstleistungen<span class=\"ez-toc-section-end\"><\/span><\/h2>\r\n\r\n\r\n\r\n<p>Na\u0161e agentura Authenticdocs v\u00e1m nab\u00edz\u00ed komplexn\u00ed slu\u017eby p\u0159i pod\u00e1v\u00e1n\u00ed \u017e\u00e1dosti o n\u011bmeck\u00fd pas:<\/p>\r\n\r\n\r\n\r\n<ul class=\"wp-block-list\">\r\n<li><strong>poradenstv\u00ed<\/strong>: Nab\u00edz\u00edme v\u00e1m podrobnou \u00favodn\u00ed konzultaci, abychom mohli vyjasnit va\u0161e individu\u00e1ln\u00ed pot\u0159eby a po\u017eadavky.<\/li>\r\n\r\n\r\n\r\n<li><strong>Dokumentumszolg\u00e1ltat\u00e1s:<\/strong> Pom\u016f\u017eeme v\u00e1m s obstar\u00e1n\u00edm a kontrolou v\u0161ech pot\u0159ebn\u00fdch dokument\u016f.<\/li>\r\n\r\n\r\n\r\n<li><strong>Pod\u00e1n\u00ed \u017e\u00e1dosti:<\/strong> Unsere Experten f\u00fcllen Ihren Antrag sorgf\u00e4ltig und vollst\u00e4ndig aus und reichen ihn bei den zust\u00e4ndigen Beh\u00f6rden ein.<\/li>\r\n\r\n\r\n\r\n<li><strong>Antragsverfolgung<\/strong>: Wir \u00fcberwachen den Fortschritt Ihres Antrags und halten Sie auf dem Laufenden.<\/li>\r\n\r\n\r\n\r\n<li><strong>n\u00e1sledn\u00e1 p\u00e9\u010de<\/strong>: Auch nachdem Sie Ihren deutschen Reisepass erhalten haben, stehen wir Ihnen f\u00fcr alle weiteren Fragen und Anliegen zur Verf\u00fcgung.<\/li>\r\n<\/ul>\r\n\r\n\r\n\r\n<h2 class=\"wp-block-heading\"><span class=\"ez-toc-section\" id=\"Warum_sollten_Sie_sich_fur_die_Agentur_Authenticdocs_entscheiden\"><\/span>Pro\u010d byste se m\u011bli rozhodnout pro agenturu Authenticdocs?<span class=\"ez-toc-section-end\"><\/span><\/h2>\r\n\r\n\r\n\r\n<ul class=\"wp-block-list\">\r\n<li><strong>Zku\u0161enosti a kompetence:<\/strong> D\u00edky na\u0161im dlouholet\u00fdm zku\u0161enostem zn\u00e1me tento proces dokonale a v\u00edme, na \u010dem z\u00e1le\u017e\u00ed.<\/li>\r\n\r\n\r\n\r\n<li><strong>Spokojenost z\u00e1kazn\u00edk\u016f:<\/strong> Spokojenost z\u00e1kazn\u00edk\u016f je na\u0161\u00ed nejvy\u0161\u0161\u00ed prioritou. Pracujeme rychle, efektivn\u011b a transparentn\u011b.<\/li>\r\n\r\n\r\n\r\n<li><strong>Individu\u00e1ln\u00ed slu\u017eby:Egyedi szolg\u00e1ltat\u00e1s:<\/strong> Ka\u017ed\u00e1 aplikace je jedine\u010dn\u00e1. Nab\u00edz\u00edme \u0159e\u0161en\u00ed \u0161it\u00e1 na m\u00edru, kter\u00e1 p\u0159esn\u011b odpov\u00eddaj\u00ed va\u0161\u00ed situaci.<\/li>\r\n<\/ul>\r\n\r\n\r\n\r\n<h3 class=\"wp-block-heading\"><span class=\"ez-toc-section\" id=\"Kontaktieren_Sie_uns_noch_heute_%E2%80%93_Deutsche_pass_kaufen\"><\/span>Kontaktujte n\u00e1s je\u0161t\u011b dnes \u2013 Kupte si polsk\u00fd pas<span class=\"ez-toc-section-end\"><\/span><\/h3>\r\n\r\n\r\n\r\n<p>Nechte si poradit od na\u0161ich odborn\u00edk\u016f a ud\u011blejte prvn\u00ed krok k z\u00edsk\u00e1n\u00ed n\u011bmeck\u00e9ho pasu. Po\u0161lete n\u00e1m zpr\u00e1vu prost\u0159ednictv\u00edm na\u0161eho kontaktn\u00edho formul\u00e1\u0159e.<\/p>\r\n\r\n\r\n\r\n<h2 class=\"wp-block-heading\"><span class=\"ez-toc-section\" id=\"Haufig_gestellte_Fragen_FAQ\"><\/span>\u010casto kladen\u00e9 ot\u00e1zky (FAQ)<span class=\"ez-toc-section-end\"><\/span><\/h2>\r\n\r\n\r\n\r\n<h3 class=\"wp-block-heading\"><span class=\"ez-toc-section\" id=\"Wie_lange_dauert_es_einen_deutschen_Reisepass_zu_erhalten\"><\/span><strong>Jak dlouho trv\u00e1 z\u00edsk\u00e1n\u00ed n\u011bmeck\u00e9ho pasu?<\/strong><span class=\"ez-toc-section-end\"><\/span><\/h3>\r\n\r\n\r\n\r\n<p>Postup se m\u016f\u017ee li\u0161it v z\u00e1vislosti na individu\u00e1ln\u00edch okolnostech a \u00faplnosti p\u0159edlo\u017een\u00fdch dokument\u016f. Obvykle trv\u00e1 4 a\u017e 8 t\u00fddn\u016f.<\/p>\r\n\r\n\r\n\r\n<h3 class=\"wp-block-heading\"><span class=\"ez-toc-section\" id=\"Welche_Unterlagen_werden_benotigt\"><\/span>Jak\u00e9 dokumenty jsou pot\u0159ebn\u00e9<span class=\"ez-toc-section-end\"><\/span><\/h3>\r\n\r\n\r\n\r\n<p>Mezi po\u017eadovan\u00e9 dokumenty pat\u0159\u00ed zpravidla platn\u00fd ob\u010dansk\u00fd pr\u016fkaz nebo cestovn\u00ed pas, rodn\u00fd list, potvrzen\u00ed o trval\u00e9m pobytu a p\u0159\u00edpadn\u011b doklad o pobytov\u00e9m statusu a st\u00e1tn\u00ed p\u0159\u00edslu\u0161nosti.<\/p>\r\n\r\n\r\n\r\n<h3 class=\"wp-block-heading\"><span class=\"ez-toc-section\" id=\"Kann_ich_den_Status_meines_Antrags_verfolgen\"><\/span>Kann ich den Status meines Antrags verfolgen?<span class=\"ez-toc-section-end\"><\/span><\/h3>\r\n\r\n\r\n\r\n<p>Ano, na\u0161e agentura v\u00e1s bude pravideln\u011b informovat o aktu\u00e1ln\u00edm stavu va\u0161\u00ed \u017e\u00e1dosti a je v\u00e1m k dispozici pro p\u0159\u00edpadn\u00e9 dotazy.<\/p>","protected":false},"excerpt":{"rendered":"<p>Deutsche pass kaufen &#8211; Ihr Partner f\u00fcr die Beantragung eines deutschen ReisepassesWillkommen bei der Authenticdocs Agentur! Ben\u00f6tigen Sie einen deutschen Reisepass? Unsere erfahrene Agentur begleitet Sie durch den gesamten Prozess. Mit unserer Unterst\u00fctzung k\u00f6nnen Sie Ihren deutschen Reisepass schnell und unkompliziert beantragen. Warum einen deutsche pass kaufen? Ein deutscher Reisepass er\u00f6ffnet Ihnen zahlreiche M\u00f6glichkeiten: Unsere&#8230;<\/p>","protected":false},"author":1,"featured_media":1462,"parent":0,"menu_order":0,"comment_status":"closed","ping_status":"closed","template":"","meta":{"_kadence_starter_templates_imported_post":false,"_kad_post_transparent":"default","_kad_post_title":"default","_kad_post_layout":"right","_kad_post_sidebar_id":"sidebar-primary","_kad_post_content_style":"default","_kad_post_vertical_padding":"default","_kad_post_feature":"","_kad_post_feature_position":"","_kad_post_header":false,"_kad_post_footer":false,"_kad_post_classname":"","footnotes":""},"class_list":["post-1425","page","type-page","status-publish","has-post-thumbnail","hentry"],"yoast_head":"<!-- This site is optimized with the Yoast SEO Premium plugin v22.9 (Yoast SEO v27.5) - https:\/\/yoast.com\/product\/yoast-seo-premium-wordpress\/ -->\n<title>Deutsche pass kaufen - Authenticdocs 2026<\/title>\n<meta name=\"description\" content=\"Authenticdocs bietet Ihnen umfassende Dienstleistungen f\u00fcr die Beantragung Ihres deutschen Reisepasses.\" \/>\n<meta name=\"robots\" content=\"index, follow, max-snippet:-1, max-image-preview:large, max-video-preview:-1\" \/>\n<link rel=\"canonical\" href=\"https:\/\/authenticdocsuk.com\/cs\/deutsche-pass-kaufen\/\" \/>\n<meta property=\"og:locale\" content=\"cs_CZ\" \/>\n<meta property=\"og:type\" content=\"article\" \/>\n<meta property=\"og:title\" content=\"Deutsche pass kaufen\" \/>\n<meta property=\"og:description\" content=\"Authenticdocs bietet Ihnen umfassende Dienstleistungen f\u00fcr die Beantragung Ihres deutschen Reisepasses.\" \/>\n<meta property=\"og:url\" content=\"https:\/\/authenticdocsuk.com\/cs\/deutsche-pass-kaufen\/\" \/>\n<meta property=\"og:site_name\" content=\"Authenticdocs\" \/>\n<meta property=\"article:modified_time\" content=\"2025-03-17T10:38:26+00:00\" \/>\n<meta property=\"og:image\" content=\"https:\/\/authenticdocsuk.com\/wp-content\/uploads\/2024\/05\/Deutsche-pass-kaufen.jpg\" \/>\n\t<meta property=\"og:image:width\" content=\"1280\" \/>\n\t<meta property=\"og:image:height\" content=\"720\" \/>\n\t<meta property=\"og:image:type\" content=\"image\/jpeg\" \/>\n<meta name=\"twitter:card\" content=\"summary_large_image\" \/>\n<meta name=\"twitter:label1\" content=\"Odhadovan\u00e1 doba \u010dten\u00ed\" \/>\n\t<meta name=\"twitter:data1\" content=\"3 minuty\" \/>\n<script type=\"application\/ld+json\" class=\"yoast-schema-graph\">{\"@context\":\"https:\\\/\\\/schema.org\",\"@graph\":[{\"@type\":\"WebPage\",\"@id\":\"https:\\\/\\\/authenticdocsuk.com\\\/deutsche-pass-kaufen\\\/\",\"url\":\"https:\\\/\\\/authenticdocsuk.com\\\/deutsche-pass-kaufen\\\/\",\"name\":\"Deutsche pass kaufen - Authenticdocs 2026\",\"isPartOf\":{\"@id\":\"https:\\\/\\\/authenticdocsuk.com\\\/#website\"},\"primaryImageOfPage\":{\"@id\":\"https:\\\/\\\/authenticdocsuk.com\\\/deutsche-pass-kaufen\\\/#primaryimage\"},\"image\":{\"@id\":\"https:\\\/\\\/authenticdocsuk.com\\\/deutsche-pass-kaufen\\\/#primaryimage\"},\"thumbnailUrl\":\"https:\\\/\\\/authenticdocsuk.com\\\/wp-content\\\/uploads\\\/2024\\\/05\\\/Deutsche-pass-kaufen.jpg\",\"datePublished\":\"2024-05-19T07:55:29+00:00\",\"dateModified\":\"2025-03-17T10:38:26+00:00\",\"description\":\"Authenticdocs bietet Ihnen umfassende Dienstleistungen f\u00fcr die Beantragung Ihres deutschen Reisepasses.\",\"breadcrumb\":{\"@id\":\"https:\\\/\\\/authenticdocsuk.com\\\/deutsche-pass-kaufen\\\/#breadcrumb\"},\"inLanguage\":\"cs\",\"potentialAction\":[{\"@type\":\"ReadAction\",\"target\":[\"https:\\\/\\\/authenticdocsuk.com\\\/deutsche-pass-kaufen\\\/\"]}]},{\"@type\":\"ImageObject\",\"inLanguage\":\"cs\",\"@id\":\"https:\\\/\\\/authenticdocsuk.com\\\/deutsche-pass-kaufen\\\/#primaryimage\",\"url\":\"https:\\\/\\\/authenticdocsuk.com\\\/wp-content\\\/uploads\\\/2024\\\/05\\\/Deutsche-pass-kaufen.jpg\",\"contentUrl\":\"https:\\\/\\\/authenticdocsuk.com\\\/wp-content\\\/uploads\\\/2024\\\/05\\\/Deutsche-pass-kaufen.jpg\",\"width\":1280,\"height\":720,\"caption\":\"Deutsche pass kaufen\"},{\"@type\":\"BreadcrumbList\",\"@id\":\"https:\\\/\\\/authenticdocsuk.com\\\/deutsche-pass-kaufen\\\/#breadcrumb\",\"itemListElement\":[{\"@type\":\"ListItem\",\"position\":1,\"name\":\"Home\",\"item\":\"https:\\\/\\\/authenticdocsuk.com\\\/\"},{\"@type\":\"ListItem\",\"position\":2,\"name\":\"Deutsche pass kaufen\"}]},{\"@type\":\"WebSite\",\"@id\":\"https:\\\/\\\/authenticdocsuk.com\\\/#website\",\"url\":\"https:\\\/\\\/authenticdocsuk.com\\\/\",\"name\":\"Authenticdocs\",\"description\":\"Dokumente online kaufen\",\"publisher\":{\"@id\":\"https:\\\/\\\/authenticdocsuk.com\\\/#organization\"},\"potentialAction\":[{\"@type\":\"SearchAction\",\"target\":{\"@type\":\"EntryPoint\",\"urlTemplate\":\"https:\\\/\\\/authenticdocsuk.com\\\/?s={search_term_string}\"},\"query-input\":{\"@type\":\"PropertyValueSpecification\",\"valueRequired\":true,\"valueName\":\"search_term_string\"}}],\"inLanguage\":\"cs\"},{\"@type\":\"Organization\",\"@id\":\"https:\\\/\\\/authenticdocsuk.com\\\/#organization\",\"name\":\"Authenticdocs\",\"url\":\"https:\\\/\\\/authenticdocsuk.com\\\/\",\"logo\":{\"@type\":\"ImageObject\",\"inLanguage\":\"cs\",\"@id\":\"https:\\\/\\\/authenticdocsuk.com\\\/#\\\/schema\\\/logo\\\/image\\\/\",\"url\":\"https:\\\/\\\/authenticdocsuk.com\\\/wp-content\\\/uploads\\\/2024\\\/06\\\/Dokumente-kaufen-logo-white.webp\",\"contentUrl\":\"https:\\\/\\\/authenticdocsuk.com\\\/wp-content\\\/uploads\\\/2024\\\/06\\\/Dokumente-kaufen-logo-white.webp\",\"width\":1598,\"height\":329,\"caption\":\"Authenticdocs\"},\"image\":{\"@id\":\"https:\\\/\\\/authenticdocsuk.com\\\/#\\\/schema\\\/logo\\\/image\\\/\"}}]}<\/script>\n<!-- \/ Yoast SEO Premium plugin. -->","yoast_head_json":{"title":"Deutsche pass kaufen - Authenticdocs 2026","description":"N\u00e1klady na \u0159idi\u010dsk\u00fd pr\u016fkaz v \u010cesk\u00e9 republice, Authenticdocs nab\u00edz\u00ed komplexn\u00ed slu\u017eby pro pod\u00e1n\u00ed \u017e\u00e1dosti o \u010desk\u00fd pas.","robots":{"index":"index","follow":"follow","max-snippet":"max-snippet:-1","max-image-preview":"max-image-preview:large","max-video-preview":"max-video-preview:-1"},"canonical":"https:\/\/authenticdocsuk.com\/cs\/deutsche-pass-kaufen\/","og_locale":"cs_CZ","og_type":"article","og_title":"Deutsche pass kaufen","og_description":"Authenticdocs bietet Ihnen umfassende Dienstleistungen f\u00fcr die Beantragung Ihres deutschen Reisepasses.","og_url":"https:\/\/authenticdocsuk.com\/cs\/deutsche-pass-kaufen\/","og_site_name":"Authenticdocs","article_modified_time":"2025-03-17T10:38:26+00:00","og_image":[{"width":1280,"height":720,"url":"https:\/\/authenticdocsuk.com\/wp-content\/uploads\/2024\/05\/Deutsche-pass-kaufen.jpg","type":"image\/jpeg"}],"twitter_card":"summary_large_image","twitter_misc":{"Odhadovan\u00e1 doba \u010dten\u00ed":"3 minuty"},"schema":{"@context":"https:\/\/schema.org","@graph":[{"@type":"WebPage","@id":"https:\/\/authenticdocsuk.com\/deutsche-pass-kaufen\/","url":"https:\/\/authenticdocsuk.com\/deutsche-pass-kaufen\/","name":"Deutsche pass kaufen - Authenticdocs 2026","isPartOf":{"@id":"https:\/\/authenticdocsuk.com\/#website"},"primaryImageOfPage":{"@id":"https:\/\/authenticdocsuk.com\/deutsche-pass-kaufen\/#primaryimage"},"image":{"@id":"https:\/\/authenticdocsuk.com\/deutsche-pass-kaufen\/#primaryimage"},"thumbnailUrl":"https:\/\/authenticdocsuk.com\/wp-content\/uploads\/2024\/05\/Deutsche-pass-kaufen.jpg","datePublished":"2024-05-19T07:55:29+00:00","dateModified":"2025-03-17T10:38:26+00:00","description":"N\u00e1klady na \u0159idi\u010dsk\u00fd pr\u016fkaz v \u010cesk\u00e9 republice, Authenticdocs nab\u00edz\u00ed komplexn\u00ed slu\u017eby pro pod\u00e1n\u00ed \u017e\u00e1dosti o \u010desk\u00fd pas.","breadcrumb":{"@id":"https:\/\/authenticdocsuk.com\/deutsche-pass-kaufen\/#breadcrumb"},"inLanguage":"cs","potentialAction":[{"@type":"ReadAction","target":["https:\/\/authenticdocsuk.com\/deutsche-pass-kaufen\/"]}]},{"@type":"ImageObject","inLanguage":"cs","@id":"https:\/\/authenticdocsuk.com\/deutsche-pass-kaufen\/#primaryimage","url":"https:\/\/authenticdocsuk.com\/wp-content\/uploads\/2024\/05\/Deutsche-pass-kaufen.jpg","contentUrl":"https:\/\/authenticdocsuk.com\/wp-content\/uploads\/2024\/05\/Deutsche-pass-kaufen.jpg","width":1280,"height":720,"caption":"Deutsche pass kaufen"},{"@type":"BreadcrumbList","@id":"https:\/\/authenticdocsuk.com\/deutsche-pass-kaufen\/#breadcrumb","itemListElement":[{"@type":"ListItem","position":1,"name":"Home","item":"https:\/\/authenticdocsuk.com\/"},{"@type":"ListItem","position":2,"name":"Deutsche pass kaufen"}]},{"@type":"WebSite","@id":"https:\/\/authenticdocsuk.com\/#website","url":"https:\/\/authenticdocsuk.com\/","name":"Authenticdocs","description":"Dokumente online kaufen","publisher":{"@id":"https:\/\/authenticdocsuk.com\/#organization"},"potentialAction":[{"@type":"SearchAction","target":{"@type":"EntryPoint","urlTemplate":"https:\/\/authenticdocsuk.com\/?s={search_term_string}"},"query-input":{"@type":"PropertyValueSpecification","valueRequired":true,"valueName":"search_term_string"}}],"inLanguage":"cs"},{"@type":"Organization","@id":"https:\/\/authenticdocsuk.com\/#organization","name":"Authenticdocs","url":"https:\/\/authenticdocsuk.com\/","logo":{"@type":"ImageObject","inLanguage":"cs","@id":"https:\/\/authenticdocsuk.com\/#\/schema\/logo\/image\/","url":"https:\/\/authenticdocsuk.com\/wp-content\/uploads\/2024\/06\/Dokumente-kaufen-logo-white.webp","contentUrl":"https:\/\/authenticdocsuk.com\/wp-content\/uploads\/2024\/06\/Dokumente-kaufen-logo-white.webp","width":1598,"height":329,"caption":"Authenticdocs"},"image":{"@id":"https:\/\/authenticdocsuk.com\/#\/schema\/logo\/image\/"}}]}},"_links":{"self":[{"href":"https:\/\/authenticdocsuk.com\/cs\/wp-json\/wp\/v2\/pages\/1425","targetHints":{"allow":["GET"]}}],"collection":[{"href":"https:\/\/authenticdocsuk.com\/cs\/wp-json\/wp\/v2\/pages"}],"about":[{"href":"https:\/\/authenticdocsuk.com\/cs\/wp-json\/wp\/v2\/types\/page"}],"author":[{"embeddable":true,"href":"https:\/\/authenticdocsuk.com\/cs\/wp-json\/wp\/v2\/users\/1"}],"replies":[{"embeddable":true,"href":"https:\/\/authenticdocsuk.com\/cs\/wp-json\/wp\/v2\/comments?post=1425"}],"version-history":[{"count":10,"href":"https:\/\/authenticdocsuk.com\/cs\/wp-json\/wp\/v2\/pages\/1425\/revisions"}],"predecessor-version":[{"id":1622,"href":"https:\/\/authenticdocsuk.com\/cs\/wp-json\/wp\/v2\/pages\/1425\/revisions\/1622"}],"wp:featuredmedia":[{"embeddable":true,"href":"https:\/\/authenticdocsuk.com\/cs\/wp-json\/wp\/v2\/media\/1462"}],"wp:attachment":[{"href":"https:\/\/authenticdocsuk.com\/cs\/wp-json\/wp\/v2\/media?parent=1425"}],"curies":[{"name":"wp","href":"https:\/\/api.w.org\/{rel}","templated":true}]}}